{"id":26046,"date":"2026-05-02T18:49:26","date_gmt":"2026-05-02T16:49:26","guid":{"rendered":"https:\/\/capovape.shop\/?post_type=product&#038;p=26046"},"modified":"2026-05-02T18:50:23","modified_gmt":"2026-05-02T16:50:23","slug":"elf-bar-gh33000-pro-banana-milk-5-nic","status":"publish","type":"product","link":"https:\/\/capovape.shop\/pl\/produkt\/elf-bar-gh33000-pro-banana-milk-5-nic\/","title":{"rendered":"Elf Bar GH33000 Pro &#8212; Banana Milk (5% nic)"},"content":{"rendered":"<p>Elf Bar GH33000 Pro &#8212; Banana Milk (\u0411\u0430\u043d\u0430\u043d\u043e\u0432\u043e\u0435 \u041c\u043e\u043b\u043e\u043a\u043e).<\/p>\n<h2>\u041a\u0443\u043f\u0438\u0442\u044c Elf Bar GH33000 Pro Banana Milk \u0432 \u041f\u043e\u043b\u044c\u0448\u0435<\/h2>\n<p><strong>Elf Bar GH33000 Pro &#8212; Banana Milk <\/strong>- to jednorazowy system POD nowej generacji, kt\u00f3ry \u0142\u0105czy w sobie kompaktowy rozmiar, nowoczesny design i imponuj\u0105c\u0105 pojemno\u015b\u0107 33 000 zaci\u0105gni\u0119\u0107. Urz\u0105dzenie zosta\u0142o zaprojektowane z my\u015bl\u0105 o osobach ceni\u0105cych sobie autonomi\u0119 i wygod\u0119, oferuj\u0105c bogaty smak i g\u0119st\u0105 par\u0119 bez zb\u0119dnego wysi\u0142ku. Ergonomiczny kszta\u0142t sprawia, \u017ce waporyzator jest wygodny w u\u017cyciu, a stylowa obudowa podkre\u015bla wysokiej klasy charakter modelu.<\/p>\n<p data-start=\"397\" data-end=\"907\" data-is-last-node=\"\" data-is-only-node=\"\">Model ten wyposa\u017cony jest w wy\u015bwietlacz OLED, kt\u00f3ry pokazuje poziom na\u0142adowania, ilo\u015b\u0107 p\u0142ynu i wybrany tryb pracy. Waper mo\u017ce wybiera\u0107 pomi\u0119dzy trzema trybami - <strong>Soft, Standard i Turbo<\/strong>Intensywno\u015b\u0107 waporyzacji mo\u017cna dostosowa\u0107 do w\u0142asnych upodoba\u0144. Dzi\u0119ki baterii o pojemno\u015bci 850 mAh i 23 ml p\u0142ynu urz\u0105dzenie jest trwa\u0142e i stabilne, a waporyzator z cewk\u0105 siatkow\u0105 zapewnia \u017cywy smak do ostatniego zaci\u0105gni\u0119cia. ElfBar GH 33000 Pro to po\u0142\u0105czenie niezawodno\u015bci, stylu i technologii, stworzone z my\u015bl\u0105 o najbardziej komfortowym wapowaniu. Mo\u017cesz zam\u00f3wi\u0107 ElfBar GH33000 Pro z <strong data-entity-type=\"MessageEntityBold\">darmowa dostawa od 200 z\u0142<\/strong>\u00a0do dowolnego miasta w Polsce.<\/p>\n<h2>Smaki Elf Bar GH33000 Pro:<\/h2>\n<ul>\n<li>Malina Grejpfrut Cytryna - Malina Grejpfrut Cytryna<\/li>\n<li>Grapefruit Passion Guava - Grejpfrut z marakuj\u0105 Guava<\/li>\n<li>Cherry Pomegranate Pineapple - Ananas z wi\u015bniowym granatem<\/li>\n<li>Apple Kiwi Ice - Apple Kiwi Ice<\/li>\n<li>Sosnowe ig\u0142y<\/li>\n<li>Kiwi Pineapple Peach - Kiwi Pineapple Peach<\/li>\n<li>Lemon Lime<\/li>\n<li>Mi\u0119ta g\u00f3rska<\/li>\n<li>Arbuzowy l\u00f3d.<\/li>\n<li>L\u00f3d winogronowy<\/li>\n<li>Kwa\u015bna truskawka Dragonfruit - Kwa\u015bna truskawka Pitahaya<\/li>\n<li>Pomegranate Burst.<\/li>\n<li>Soda gruszkowa<\/li>\n<li>Blue Razz Ice - Blue Raspberry Ice<\/li>\n<li>Granny Cherry<\/li>\n<li>Truskawka Kiwi.<\/li>\n<li>Banana Milk \u2013 \u0411\u0430\u043d\u0430\u043d\u043e\u0432\u043e\u0435 \u041c\u043e\u043b\u043e\u043a\u043e<\/li>\n<li>Juice Peach \u2013 \u0421\u043e\u0447\u043d\u044b\u0439 \u041f\u0435\u0440\u0441\u0438\u043a<\/li>\n<li>L\u00f3d truskawkowy<\/li>\n<\/ul>\n<h2>DOSTAWA NA TERENIE POLSKI I EUROPY<\/h2>\n<p>Zakup Elf Bar GH33000 Pro i <a href=\"https:\/\/capovape.shop\/pl\/\">inne papierosy jednorazowe<\/a>\u00a0mo\u017cna znale\u017a\u0107 w naszym sklepie internetowym. Wsp\u00f3\u0142pracujemy bezpo\u015brednio z producentem, co pozwala nam zagwarantowa\u0107 wysok\u0105 jako\u015b\u0107 i najbardziej przyst\u0119pne ceny.\u00a0<strong>Dostawa jest dost\u0119pna na terenie ca\u0142ej Polski i Europy.<\/strong><\/p>\n<p>Szeroki wyb\u00f3r e-papieros\u00f3w, liquid\u00f3w i akcesori\u00f3w czeka na Ciebie w naszym sklepie internetowym! Jeste\u015bmy dumni z tego, \u017ce oferujemy najlepsze produkty na rynku. Zapewni\u0105 ci one wszystko, czego potrzebujesz do przyjemnego wapowania. Mamy ponad trzy dekady do\u015bwiadczenia i ponad 5000 zadowolonych klient\u00f3w. Stali\u015bmy si\u0119 jednym z lider\u00f3w na rynku papieros\u00f3w elektronicznych. Nasz sklep oferuje szerok\u0105 gam\u0119 jednorazowych produkt\u00f3w premium, w tym ponad 100 smak\u00f3w. Dost\u0119pno\u015b\u0107 jest stale aktualizowana, aby zadowoli\u0107 nawet najbardziej wyrafinowanych vaper\u00f3w.<\/p>\n<h4>Charakterystyka:<\/h4>\n<p><strong>Smak:<\/strong>\u043d\u0435\u0432\u0435\u0440\u043e\u044f\u0442\u043d\u043e \u043d\u0435\u0436\u043d\u044b\u0439, \u0434\u0435\u0441\u0435\u0440\u0442\u043d\u044b\u0439 \u0432\u043a\u0443\u0441, \u043d\u0430\u043f\u043e\u043c\u0438\u043d\u0430\u044e\u0449\u0438\u0439 \u0433\u0443\u0441\u0442\u043e\u0439 \u0431\u0430\u043d\u0430\u043d\u043e\u0432\u044b\u0439 \u0448\u0435\u0439\u043a. \u041c\u044f\u0433\u043a\u0430\u044f \u0441\u043b\u0430\u0434\u043e\u0441\u0442\u044c \u0441\u043f\u0435\u043b\u043e\u0433\u043e \u0431\u0430\u043d\u0430\u043d\u0430 \u0438\u0434\u0435\u0430\u043b\u044c\u043d\u043e \u0441\u043e\u0447\u0435\u0442\u0430\u0435\u0442\u0441\u044f \u0441 \u0431\u0430\u0440\u0445\u0430\u0442\u0438\u0441\u0442\u044b\u043c\u0438 \u0441\u043b\u0438\u0432\u043e\u0447\u043d\u044b\u043c\u0438 \u043d\u043e\u0442\u043a\u0430\u043c\u0438, \u0441\u043e\u0437\u0434\u0430\u0432\u0430\u044f \u043e\u0449\u0443\u0449\u0435\u043d\u0438\u0435 \u0442\u0430\u044e\u0449\u0435\u0433\u043e \u0432\u043e \u0440\u0442\u0443 \u043b\u0430\u043a\u043e\u043c\u0441\u0442\u0432\u0430. \u042d\u0442\u043e\u0442 \u0432\u043a\u0443\u0441 \u043e\u0431\u0432\u043e\u043b\u0430\u043a\u0438\u0432\u0430\u0435\u0442 \u0441\u0432\u043e\u0435\u0439 \u043c\u044f\u0433\u043a\u043e\u0441\u0442\u044c\u044e \u0438 \u043e\u0441\u0442\u0430\u0432\u043b\u044f\u0435\u0442 \u0434\u043e\u043b\u0433\u043e\u0435, \u043a\u0440\u0435\u043c\u043e\u0432\u043e\u0435 \u043f\u043e\u0441\u043b\u0435\u0432\u043a\u0443\u0441\u0438\u0435.<\/p>\n<p><strong>Zakres:<\/strong> 23 ml<\/p>\n<p><strong>Si\u0142a nikotyny:<\/strong>\u00a050 mg (5%)<\/p>\n<p><strong>\u0415<\/strong><strong>pojemno\u015b\u0107 akumulatora:<\/strong> 850 mAh<\/p>\n<p><strong>Op\u0142ata:<\/strong>\u00a0Typ-C<\/p>","protected":false},"excerpt":{"rendered":"<p>Elf Bar GH33000 Pro &#8212; Banana Milk (\u0411\u0430\u043d\u0430\u043d\u043e\u0432\u043e\u0435 \u041c\u043e\u043b\u043e\u043a\u043e). \u041a\u0443\u043f\u0438\u0442\u044c Elf Bar GH33000 Pro Banana Milk \u0432 \u041f\u043e\u043b\u044c\u0448\u0435 Elf Bar<\/p>","protected":false},"featured_media":26051,"template":"","meta":{"om_disable_all_campaigns":false,"_monsterinsights_skip_tracking":false,"_monsterinsights_sitenote_active":false,"_monsterinsights_sitenote_note":"","_monsterinsights_sitenote_category":0,"_uf_show_specific_survey":0,"_uf_disable_surveys":false},"product_brand":[],"product_cat":[144],"product_tag":[],"class_list":{"0":"post-26046","1":"product","2":"type-product","3":"status-publish","4":"has-post-thumbnail","6":"product_cat-gh33000-pro","8":"first","9":"instock","10":"sale","11":"shipping-taxable","12":"purchasable","13":"product-type-simple"},"aioseo_notices":[],"jetpack_sharing_enabled":true,"_links":{"self":[{"href":"https:\/\/capovape.shop\/pl\/wp-json\/wp\/v2\/product\/26046","targetHints":{"allow":["GET"]}}],"collection":[{"href":"https:\/\/capovape.shop\/pl\/wp-json\/wp\/v2\/product"}],"about":[{"href":"https:\/\/capovape.shop\/pl\/wp-json\/wp\/v2\/types\/product"}],"version-history":[{"count":1,"href":"https:\/\/capovape.shop\/pl\/wp-json\/wp\/v2\/product\/26046\/revisions"}],"predecessor-version":[{"id":26055,"href":"https:\/\/capovape.shop\/pl\/wp-json\/wp\/v2\/product\/26046\/revisions\/26055"}],"wp:featuredmedia":[{"embeddable":true,"href":"https:\/\/capovape.shop\/pl\/wp-json\/wp\/v2\/media\/26051"}],"wp:attachment":[{"href":"https:\/\/capovape.shop\/pl\/wp-json\/wp\/v2\/media?parent=26046"}],"wp:term":[{"taxonomy":"product_brand","embeddable":true,"href":"https:\/\/capovape.shop\/pl\/wp-json\/wp\/v2\/product_brand?post=26046"},{"taxonomy":"product_cat","embeddable":true,"href":"https:\/\/capovape.shop\/pl\/wp-json\/wp\/v2\/product_cat?post=26046"},{"taxonomy":"product_tag","embeddable":true,"href":"https:\/\/capovape.shop\/pl\/wp-json\/wp\/v2\/product_tag?post=26046"}],"curies":[{"name":"wp","href":"https:\/\/api.w.org\/{rel}","templated":true}]}}