{"id":24310,"date":"2025-08-27T14:38:11","date_gmt":"2025-08-27T12:38:11","guid":{"rendered":"https:\/\/capovape.shop\/?post_type=product&#038;p=24310"},"modified":"2026-04-02T16:01:42","modified_gmt":"2026-04-02T14:01:42","slug":"elf-bar-1500-ultra-watermelon-5-nic","status":"publish","type":"product","link":"https:\/\/capovape.shop\/pl\/produkt\/elf-bar-1500-ultra-watermelon-5-nic\/","title":{"rendered":"Elf Bar 1500 Ultra - Arbuz (5% nic)"},"content":{"rendered":"<p>Elf Bar 1500 Ultra - Arbuz.<\/p>\n<h2>KUP ELF BAR 1500 Ultra Watermelon w POLSCE<\/h2>\n<p>Elf Bar 1500 Ultra to doskona\u0142e rozwi\u0105zanie do wapowania. Charakteryzuje si\u0119 wygod\u0105 i bezpiecze\u0144stwem u\u017cytkowania, staj\u0105c si\u0119 wyborem nowoczesnego konsumenta. Dzi\u0119ki szerokiej gamie smak\u00f3w, Elf Bar 1500 zyska\u0142 popularno\u015b\u0107 na rynku papieros\u00f3w elektronicznych. W naszym sklepie znajdziesz ponad dwadzie\u015bcia r\u00f3\u017cnych wariant\u00f3w Elf Bar 1500.<\/p>\n<p><strong>Elf Bar 1500 Ultra - Arbuz <\/strong>- to kompaktowe urz\u0105dzenie z pot\u0119\u017cn\u0105 bateri\u0105 850 mAh. Zapewnia d\u0142ugi czas pracy dzi\u0119ki innowacyjnej technologii podgrzewania i wk\u0142adowi o pojemno\u015bci 5 ml. Elf Bar 1500 gwarantuje bogaty smak i wygodne u\u017cytkowanie.<\/p>\n<p>Elf Bar 1500 Ultra to idealne rozwi\u0105zanie dla os\u00f3b ceni\u0105cych wygod\u0119 i jako\u015b\u0107. Dzi\u0119ki wygodnemu kszta\u0142towi i miniaturowym wymiarom z \u0142atwo\u015bci\u0105 mie\u015bci si\u0119 w kieszeni lub torbie. Pozwala to zabra\u0107 go ze sob\u0105 wsz\u0119dzie. Elf Bar 1500 mo\u017cna zam\u00f3wi\u0107 z <strong data-entity-type=\"MessageEntityBold\">darmowa dostawa od 200z\u0142<\/strong>\u00a0do dowolnego miasta w Polsce.<\/p>\n<h2>DOSTAWA NA TERENIE POLSKI I EUROPY<\/h2>\n<p>Jeste\u015bmy dumni z dostarczania us\u0142ug <strong>dostawa na terenie Polski i wszystkich kraj\u00f3w europejskich<\/strong>. Bez wzgl\u0119du na to, gdzie si\u0119 znajdujesz, zapewnimy terminow\u0105 i niezawodn\u0105 dostaw\u0119 Twojego zam\u00f3wienia. Nasz zesp\u00f3\u0142 jest zawsze gotowy odpowiedzie\u0107 na wszystkie pytania. Udzielimy r\u00f3wnie\u017c dodatkowych informacji na temat naszych produkt\u00f3w i us\u0142ug. Cenimy ka\u017cdego klienta i staramy si\u0119 zapewni\u0107 satysfakcj\u0119 i pewno\u015b\u0107 zakupu. Zam\u00f3w ju\u017c dzi\u015b i przekonaj si\u0119 o jako\u015bci naszych us\u0142ug!<\/p>\n<p>Szeroki wyb\u00f3r e-papieros\u00f3w, liquid\u00f3w i akcesori\u00f3w czeka na Ciebie w naszym sklepie internetowym! Jeste\u015bmy dumni z tego, \u017ce oferujemy najlepsze produkty na rynku. Zapewni\u0105 ci one wszystko, czego potrzebujesz do przyjemnego wapowania. Mamy ponad trzy dekady do\u015bwiadczenia i ponad 5000 zadowolonych klient\u00f3w. Stali\u015bmy si\u0119 jednym z lider\u00f3w na rynku e-papieros\u00f3w. Nasz sklep oferuje szerok\u0105 gam\u0119 jednorazowych produkt\u00f3w premium, w tym ponad 100 smak\u00f3w. Dost\u0119pno\u015b\u0107 jest stale aktualizowana, aby zadowoli\u0107 nawet najbardziej wyrafinowanych vaper\u00f3w. Dodaj produkt do koszyka ju\u017c teraz, aby zanurzy\u0107 si\u0119 w \u015bwiecie wy\u015bmienitych smak\u00f3w i wysokiej jako\u015bci urz\u0105dze\u0144!<\/p>\n<h4>Charakterystyka:<\/h4>\n<p><strong>Smak:<\/strong><\/p>\n<p><strong>Zakres:<\/strong> 5 ml<\/p>\n<p><strong>Si\u0142a nikotyny:<\/strong> 50 mg (5%)<\/p>\n<p><strong>Pojemno\u015b\u0107 akumulatora:<\/strong> 850 mAh<\/p>","protected":false},"excerpt":{"rendered":"<p>Elf Bar 1500 Ultra &#8212; Watermelon (\u0410\u0440\u0431\u0443\u0437). \u041a\u0423\u041f\u0418\u0422\u042c ELF BAR 1500 Ultra Watermelon \u0412 \u041f\u041e\u041b\u042c\u0428\u0415 Elf Bar 1500 Ultra &#8212;<\/p>","protected":false},"featured_media":24318,"template":"","meta":{"om_disable_all_campaigns":false,"_monsterinsights_skip_tracking":false,"_monsterinsights_sitenote_active":false,"_monsterinsights_sitenote_note":"","_monsterinsights_sitenote_category":0,"_uf_show_specific_survey":0,"_uf_disable_surveys":false},"product_brand":[],"product_cat":[141,142],"product_tag":[],"class_list":{"0":"post-24310","1":"product","2":"type-product","3":"status-publish","4":"has-post-thumbnail","6":"product_cat-1500-puffs","7":"product_cat-1500-ultra","9":"first","10":"instock","11":"shipping-taxable","12":"purchasable","13":"product-type-simple"},"aioseo_notices":[],"jetpack_sharing_enabled":true,"_links":{"self":[{"href":"https:\/\/capovape.shop\/pl\/wp-json\/wp\/v2\/product\/24310","targetHints":{"allow":["GET"]}}],"collection":[{"href":"https:\/\/capovape.shop\/pl\/wp-json\/wp\/v2\/product"}],"about":[{"href":"https:\/\/capovape.shop\/pl\/wp-json\/wp\/v2\/types\/product"}],"version-history":[{"count":3,"href":"https:\/\/capovape.shop\/pl\/wp-json\/wp\/v2\/product\/24310\/revisions"}],"predecessor-version":[{"id":24352,"href":"https:\/\/capovape.shop\/pl\/wp-json\/wp\/v2\/product\/24310\/revisions\/24352"}],"wp:featuredmedia":[{"embeddable":true,"href":"https:\/\/capovape.shop\/pl\/wp-json\/wp\/v2\/media\/24318"}],"wp:attachment":[{"href":"https:\/\/capovape.shop\/pl\/wp-json\/wp\/v2\/media?parent=24310"}],"wp:term":[{"taxonomy":"product_brand","embeddable":true,"href":"https:\/\/capovape.shop\/pl\/wp-json\/wp\/v2\/product_brand?post=24310"},{"taxonomy":"product_cat","embeddable":true,"href":"https:\/\/capovape.shop\/pl\/wp-json\/wp\/v2\/product_cat?post=24310"},{"taxonomy":"product_tag","embeddable":true,"href":"https:\/\/capovape.shop\/pl\/wp-json\/wp\/v2\/product_tag?post=24310"}],"curies":[{"name":"wp","href":"https:\/\/api.w.org\/{rel}","templated":true}]}}