{"id":24185,"date":"2025-08-19T23:01:28","date_gmt":"2025-08-19T21:01:28","guid":{"rendered":"https:\/\/capovape.shop\/?post_type=product&#038;p=24185"},"modified":"2026-01-08T20:16:02","modified_gmt":"2026-01-08T18:16:02","slug":"elf-bar-combo-pro-30000-sour-watermelon-pineapple-5-nic","status":"publish","type":"product","link":"https:\/\/capovape.shop\/pl\/produkt\/elf-bar-combo-pro-30000-sour-watermelon-pineapple-5-nic\/","title":{"rendered":"Elf Bar COMBO Pro 30000 - kwa\u015bny arbuz \/ ananas (5% nic)"},"content":{"rendered":"<p>Elf Bar COMBO Pro 30000 - kwa\u015bny arbuz \/ ananas.<\/p>\n<h2>Kup baton Elf COMBO Pro 30000 - kwa\u015bny arbuz \/ ananas w Polsce<\/h2>\n<p><strong>Elf Bar COMBO Pro 30000 - kwa\u015bny arbuz \/ ananas <\/strong>- to nowoczesny waporyzator o ogromnej \u017cywotno\u015bci i stylowym wygl\u0105dzie, kt\u00f3ry \u0142\u0105czy w sobie wygod\u0119, moc i innowacyjn\u0105 technologi\u0119.<\/p>\n<p>Elf Bar COMBO Pro 30000 to najnowocze\u015bniejsze urz\u0105dzenie z unikaln\u0105 mo\u017cliwo\u015bci\u0105 prze\u0142\u0105czania lub \u0142\u0105czenia dw\u00f3ch r\u00f3\u017cnych smak\u00f3w. Zapewnia to elastyczno\u015b\u0107 i r\u00f3\u017cnorodno\u015b\u0107 waporyzacji, umo\u017cliwiaj\u0105c u\u017cytkownikowi wyb\u00f3r mi\u0119dzy smakiem A, smakiem B lub mieszank\u0105 obu. Du\u017ca pojemno\u015b\u0107 baterii i ilo\u015b\u0107 p\u0142ynu zapewniaj\u0105 d\u0142ugotrwa\u0142e u\u017cytkowanie bez konieczno\u015bci cz\u0119stego \u0142adowania. Wy\u015bwietlacz OLED\/LED informuje o stanie na\u0142adowania i trybie, a podw\u00f3jny system przep\u0142ywu powietrza i waporyzator siatkowy zapewniaj\u0105 czyste i sp\u00f3jne dostarczanie smaku. Linia zosta\u0142a zaprojektowana z my\u015bl\u0105 o u\u017cytkownikach, kt\u00f3rzy ceni\u0105 sobie jako\u015b\u0107, wygod\u0119 i r\u00f3\u017cnorodno\u015b\u0107 smak\u00f3w.<\/p>\n<h2>Dostawa na terenie Polski i Europy<\/h2>\n<p>Zakup Elf Bar COMBO Pro 30000 i <a href=\"https:\/\/capovape.shop\/pl\/\">inne papierosy jednorazowe<\/a>\u00a0mo\u017cna znale\u017a\u0107 w naszym sklepie internetowym. Wsp\u00f3\u0142pracujemy bezpo\u015brednio z producentem, co pozwala nam zagwarantowa\u0107 wysok\u0105 jako\u015b\u0107 i najbardziej przyst\u0119pne ceny.\u00a0<strong>Dostawa jest dost\u0119pna na terenie ca\u0142ej Polski i Europy.<\/strong><\/p>\n<p>Szeroki wyb\u00f3r e-papieros\u00f3w, liquid\u00f3w i akcesori\u00f3w czeka na Ciebie w naszym sklepie internetowym! Jeste\u015bmy dumni z tego, \u017ce oferujemy najlepsze produkty na rynku. Zapewni\u0105 ci one wszystko, czego potrzebujesz do przyjemnego wapowania. Mamy ponad trzy dekady do\u015bwiadczenia i ponad 5000 zadowolonych klient\u00f3w. Stali\u015bmy si\u0119 jednym z lider\u00f3w na rynku e-papieros\u00f3w. Nasz sklep oferuje szerok\u0105 gam\u0119 jednorazowych produkt\u00f3w premium, w tym ponad 100 smak\u00f3w. Dost\u0119pno\u015b\u0107 jest stale aktualizowana, aby zadowoli\u0107 nawet najbardziej wyrafinowanych vaper\u00f3w.<\/p>\n<h2>Elf Bar COMBO Pro 30000 smak\u00f3w:<\/h2>\n<ul>\n<li>Je\u017cyna \/ marakuja - Je\u017cyna \/ marakuja<\/li>\n<li>Lemoniada wi\u015bniowa \/ brzoskwiniowa - Lemoniada wi\u015bniowa \/ brzoskwiniowa<\/li>\n<li>Elfbull \/ Lime Cola - Energiser \/ Lime Cola<\/li>\n<li>Jasmine Raspberry \/ Blueberry Ice - Jasmine Raspberry \/ Blueberry Ice<\/li>\n<li>Lime \/ Blue Razz - limonka \/ niebieska malina<\/li>\n<li>Brzoskwinia \/ potr\u00f3jne mango - Brzoskwinia \/ potr\u00f3jne mango<\/li>\n<li>Kwa\u015bny arbuz \/ ananas - Kwa\u015bny arbuz \/ ananas<\/li>\n<li>Truskawka \/ Banan - Truskawka \/ Banan<\/li>\n<li>Truskawka \/ winogrono - Truskawka \/ winogrono<\/li>\n<li>Arbuz\/Bor\u00f3wka - Arbuz\/Bor\u00f3wka<\/li>\n<\/ul>\n<h2>DOSTAWA NA TERENIE POLSKI I EUROPY<\/h2>\n<p>Zakup Elf Bar COMBO Pro 30000 i <a href=\"https:\/\/capovape.shop\/pl\/\">inne papierosy jednorazowe<\/a>\u00a0mo\u017cna znale\u017a\u0107 w naszym sklepie internetowym. Wsp\u00f3\u0142pracujemy bezpo\u015brednio z producentem, co pozwala nam zagwarantowa\u0107 wysok\u0105 jako\u015b\u0107 i najbardziej przyst\u0119pne ceny.\u00a0<strong>Dostawa jest dost\u0119pna na terenie ca\u0142ej Polski i Europy.<\/strong><\/p>\n<p>Szeroki wyb\u00f3r e-papieros\u00f3w, liquid\u00f3w i akcesori\u00f3w czeka na Ciebie w naszym sklepie internetowym! Jeste\u015bmy dumni z tego, \u017ce oferujemy najlepsze produkty na rynku. Zapewni\u0105 ci one wszystko, czego potrzebujesz do przyjemnego wapowania. Mamy ponad trzy dekady do\u015bwiadczenia i ponad 5000 zadowolonych klient\u00f3w. Stali\u015bmy si\u0119 jednym z lider\u00f3w na rynku papieros\u00f3w elektronicznych. Nasz sklep oferuje szerok\u0105 gam\u0119 jednorazowych produkt\u00f3w premium, w tym ponad 100 smak\u00f3w. Dost\u0119pno\u015b\u0107 jest stale aktualizowana, aby zadowoli\u0107 nawet najbardziej wyrafinowanych vaper\u00f3w.<\/p>\n<h4>Charakterystyka:<\/h4>\n<p><b>Op\u0142ata:<\/b>\u00a0typ-C<\/p>\n<p><strong>Smak:<\/strong><\/p>\n<p data-start=\"1503\" data-end=\"1613\">Sour Watermelon - jasny smak arbuza z lekk\u0105 kwaskowato\u015bci\u0105. Orze\u017awiaj\u0105cy i soczysty, z niezwyk\u0142ym owocowym akcentem.<\/p>\n<p data-start=\"1615\" data-end=\"1722\">Ananas - s\u0142odki i tropikalny smak \u015bwie\u017cego ananasa. Lekka kwaskowato\u015b\u0107 podkre\u015bla jego soczysty charakter.<\/p>\n<p><strong>Zakres:<\/strong> 17 ml<\/p>\n<p><strong>Si\u0142a nikotyny:<\/strong>\u00a050 mg (5%)<\/p>\n<p><strong>Pojemno\u015b\u0107 akumulatora:<\/strong> 700 mAh<\/p>","protected":false},"excerpt":{"rendered":"<p>Elf Bar COMBO Pro 30000 \u2013 Sour Watermelon \/ Pineapple (\u041a\u0438\u0441\u043b\u044b\u0439 \u0410\u0440\u0431\u0443\u0437 \/ \u0410\u043d\u0430\u043d\u0430\u0441). \u041a\u0443\u043f\u0438\u0442\u044c Elf Bar COMBO Pro 30000<\/p>","protected":false},"featured_media":24165,"template":"","meta":{"om_disable_all_campaigns":false,"_monsterinsights_skip_tracking":false,"_monsterinsights_sitenote_active":false,"_monsterinsights_sitenote_note":"","_monsterinsights_sitenote_category":0,"_uf_show_specific_survey":0,"_uf_disable_surveys":false},"product_brand":[],"product_cat":[140],"product_tag":[],"class_list":{"0":"post-24185","1":"product","2":"type-product","3":"status-publish","4":"has-post-thumbnail","6":"product_cat-elf-bar-combo-pro-30000","8":"first","9":"outofstock","10":"sale","11":"shipping-taxable","12":"purchasable","13":"product-type-simple"},"aioseo_notices":[],"jetpack_sharing_enabled":true,"_links":{"self":[{"href":"https:\/\/capovape.shop\/pl\/wp-json\/wp\/v2\/product\/24185","targetHints":{"allow":["GET"]}}],"collection":[{"href":"https:\/\/capovape.shop\/pl\/wp-json\/wp\/v2\/product"}],"about":[{"href":"https:\/\/capovape.shop\/pl\/wp-json\/wp\/v2\/types\/product"}],"version-history":[{"count":1,"href":"https:\/\/capovape.shop\/pl\/wp-json\/wp\/v2\/product\/24185\/revisions"}],"predecessor-version":[{"id":24189,"href":"https:\/\/capovape.shop\/pl\/wp-json\/wp\/v2\/product\/24185\/revisions\/24189"}],"wp:featuredmedia":[{"embeddable":true,"href":"https:\/\/capovape.shop\/pl\/wp-json\/wp\/v2\/media\/24165"}],"wp:attachment":[{"href":"https:\/\/capovape.shop\/pl\/wp-json\/wp\/v2\/media?parent=24185"}],"wp:term":[{"taxonomy":"product_brand","embeddable":true,"href":"https:\/\/capovape.shop\/pl\/wp-json\/wp\/v2\/product_brand?post=24185"},{"taxonomy":"product_cat","embeddable":true,"href":"https:\/\/capovape.shop\/pl\/wp-json\/wp\/v2\/product_cat?post=24185"},{"taxonomy":"product_tag","embeddable":true,"href":"https:\/\/capovape.shop\/pl\/wp-json\/wp\/v2\/product_tag?post=24185"}],"curies":[{"name":"wp","href":"https:\/\/api.w.org\/{rel}","templated":true}]}}