{"id":24127,"date":"2025-08-17T14:57:06","date_gmt":"2025-08-17T12:57:06","guid":{"rendered":"https:\/\/capovape.shop\/?post_type=product&#038;p=24127"},"modified":"2026-05-01T15:28:49","modified_gmt":"2026-05-01T13:28:49","slug":"vozol-rave-40000-strawmelon-peach-5-nic","status":"publish","type":"product","link":"https:\/\/capovape.shop\/pl\/produkt\/vozol-rave-40000-strawmelon-peach-5-nic\/","title":{"rendered":"Vozol Rave 40000 - Strawmelon Peach (5% nic)"},"content":{"rendered":"<p>Vozol Rave 40000 - Strawmelon Peach.<\/p>\n<h2>Kup Vozol Rave 40000 Strawmelon Peach w Polsce<\/h2>\n<p><strong>Vozol Rave 40000 - Strawmelon Peach <\/strong>- to zaawansowane urz\u0105dzenie jednorazowego u\u017cytku o niesamowitych zasobach i spektakularnym wygl\u0105dzie. Vozol Rave 40000 oferuje do <strong data-start=\"240\" data-end=\"258\">40 000 zaci\u0105gni\u0119\u0107<\/strong> w trybie standardowym i do <strong data-start=\"285\" data-end=\"310\">25 000 w trybie Surge<\/strong>Dzi\u0119ki wbudowanemu akumulatorowi o pojemno\u015bci 1000 mAh. Urz\u0105dzenie jest wyposa\u017cone w <strong data-start=\"463\" data-end=\"498\">Podw\u00f3jna cewka siatkowa<\/strong> dla stabilnego, pe\u0142nego smaku i kontroli przep\u0142ywu powietrza dla indywidualnej waporyzacji. To, co wyr\u00f3\u017cnia Rave, to obecno\u015b\u0107 <strong data-start=\"664\" data-end=\"684\">Wy\u015bwietlacz LED 270<\/strong>Urz\u0105dzenie obs\u0142uguje r\u00f3wnie\u017c szybkie \u0142adowanie przez USB Type-C, maksymalizuj\u0105c komfort i minimalizuj\u0105c przerwy w u\u017cytkowaniu. Urz\u0105dzenie obs\u0142uguje r\u00f3wnie\u017c szybkie \u0142adowanie przez USB Type-C, maksymalizuj\u0105c komfort i minimalizuj\u0105c przerwy w u\u017cytkowaniu.<\/p>\n<h2>Vozol Rave 40000 smak\u00f3w:<\/h2>\n<ul>\n<li>Blue Razz Ice - Blue Raspberry Ice<\/li>\n<li>L\u00f3d jagodowy<\/li>\n<li>Arbuz jagodowy - Arbuz jagodowy<\/li>\n<li>Cherry Cola.<\/li>\n<li>Cherry Strawberry.<\/li>\n<li>Cool Mint.<\/li>\n<li>Podw\u00f3jne jab\u0142ko<\/li>\n<li>Banan smoczy owoc - Pitahaya Banana<\/li>\n<li>L\u00f3d winogronowy<\/li>\n<li>Love 777 - Maracuja Melon Mint<\/li>\n<li>L\u00f3d brzoskwiniowy<\/li>\n<li>Lemoniada brzoskwiniowo-malinowa - Lemoniada brzoskwiniowo-malinowa<\/li>\n<li>L\u00f3d truskawkowy<\/li>\n<li>Truskawka Kiwi.<\/li>\n<li>Arbuz truskawkowy - Arbuz truskawkowy<\/li>\n<li>Strawmelon Peach - Truskawka Arbuz Brzoskwinia<\/li>\n<li>Watermelon Bubblegum - Arbuzowa guma balonowa<\/li>\n<li>Arbuzowy l\u00f3d.<\/li>\n<\/ul>\n<h2>Dostawa na terenie Polski i Europy<\/h2>\n<p>Aby kupi\u0107 Vozol Rave 40000 i <a href=\"https:\/\/capovape.shop\/pl\/\">inne papierosy jednorazowe<\/a> mo\u017cna znale\u017a\u0107 w naszym sklepie internetowym. Wsp\u00f3\u0142pracujemy bezpo\u015brednio z producentem, co pozwala nam zagwarantowa\u0107 wysok\u0105 jako\u015b\u0107 i najbardziej przyst\u0119pne ceny. <strong>Dostawa jest dost\u0119pna na terenie ca\u0142ej Polski i Europy.<\/strong><\/p>\n<p>Szeroki wyb\u00f3r e-papieros\u00f3w, liquid\u00f3w i akcesori\u00f3w czeka na Ciebie w naszym sklepie internetowym! Jeste\u015bmy dumni z tego, \u017ce oferujemy najlepsze produkty na rynku. Zapewni\u0105 ci one wszystko, czego potrzebujesz do przyjemnego wapowania. Mamy ponad trzy dekady do\u015bwiadczenia i ponad 5000 zadowolonych klient\u00f3w. Stali\u015bmy si\u0119 jednym z lider\u00f3w na rynku e-papieros\u00f3w. Nasz sklep oferuje szerok\u0105 gam\u0119 jednorazowych produkt\u00f3w premium, w tym ponad 100 smak\u00f3w. Dost\u0119pno\u015b\u0107 jest stale aktualizowana, aby zadowoli\u0107 nawet najbardziej wyrafinowanych vaper\u00f3w.<\/p>\n<h4>Charakterystyka:<\/h4>\n<p><strong>Smak:<\/strong> Owocowa mieszanka truskawki, arbuza i dojrza\u0142ej brzoskwini jest bogata i s\u0142odka.<\/p>\n<p><strong>Si\u0142a nikotyny:<\/strong> 50 mg (5%)<\/p>\n<p><strong>Pojemno\u015b\u0107 akumulatora:<\/strong> 1000 mAh<\/p>\n<p><strong>Op\u0142ata:<\/strong> Typ-C<\/p>","protected":false},"excerpt":{"rendered":"<p>Vozol Rave 40000 &#8212; Strawmelon Peach (\u041a\u043b\u0443\u0431\u043d\u0438\u043a\u0430 \u0410\u0440\u0431\u0443\u0437 \u041f\u0435\u0440\u0441\u0438\u043a). \u041a\u0443\u043f\u0438\u0442\u044c Vozol Rave 40000 Strawmelon Peach \u0432 \u041f\u043e\u043b\u044c\u0448\u0435 Vozol Rave 40000<\/p>","protected":false},"featured_media":24084,"template":"","meta":{"om_disable_all_campaigns":false,"_monsterinsights_skip_tracking":false,"_monsterinsights_sitenote_active":false,"_monsterinsights_sitenote_note":"","_monsterinsights_sitenote_category":0,"_uf_show_specific_survey":0,"_uf_disable_surveys":false},"product_brand":[],"product_cat":[139],"product_tag":[],"class_list":{"0":"post-24127","1":"product","2":"type-product","3":"status-publish","4":"has-post-thumbnail","6":"product_cat-vozol-rave-40000","8":"first","9":"instock","10":"sale","11":"shipping-taxable","12":"purchasable","13":"product-type-simple"},"aioseo_notices":[],"jetpack_sharing_enabled":true,"_links":{"self":[{"href":"https:\/\/capovape.shop\/pl\/wp-json\/wp\/v2\/product\/24127","targetHints":{"allow":["GET"]}}],"collection":[{"href":"https:\/\/capovape.shop\/pl\/wp-json\/wp\/v2\/product"}],"about":[{"href":"https:\/\/capovape.shop\/pl\/wp-json\/wp\/v2\/types\/product"}],"version-history":[{"count":1,"href":"https:\/\/capovape.shop\/pl\/wp-json\/wp\/v2\/product\/24127\/revisions"}],"predecessor-version":[{"id":24133,"href":"https:\/\/capovape.shop\/pl\/wp-json\/wp\/v2\/product\/24127\/revisions\/24133"}],"wp:featuredmedia":[{"embeddable":true,"href":"https:\/\/capovape.shop\/pl\/wp-json\/wp\/v2\/media\/24084"}],"wp:attachment":[{"href":"https:\/\/capovape.shop\/pl\/wp-json\/wp\/v2\/media?parent=24127"}],"wp:term":[{"taxonomy":"product_brand","embeddable":true,"href":"https:\/\/capovape.shop\/pl\/wp-json\/wp\/v2\/product_brand?post=24127"},{"taxonomy":"product_cat","embeddable":true,"href":"https:\/\/capovape.shop\/pl\/wp-json\/wp\/v2\/product_cat?post=24127"},{"taxonomy":"product_tag","embeddable":true,"href":"https:\/\/capovape.shop\/pl\/wp-json\/wp\/v2\/product_tag?post=24127"}],"curies":[{"name":"wp","href":"https:\/\/api.w.org\/{rel}","templated":true}]}}