{"id":24063,"date":"2025-08-17T11:23:49","date_gmt":"2025-08-17T09:23:49","guid":{"rendered":"https:\/\/capovape.shop\/?post_type=product&#038;p=24063"},"modified":"2026-05-01T12:00:26","modified_gmt":"2026-05-01T10:00:26","slug":"elf-bar-moon-night-40000-peach-ice-5-nic","status":"publish","type":"product","link":"https:\/\/capovape.shop\/pl\/produkt\/elf-bar-moon-night-40000-peach-ice-5-nic\/","title":{"rendered":"Elf Bar Moon Night 40000 - Peach Ice (5% nic)"},"content":{"rendered":"<p>Elf Bar Moon Night 40000 - Peach Ice.<\/p>\n<h2>Kup Elf Bar Moon Night 40000 Peach Ice w Polsce<\/h2>\n<p><strong>Elf Bar Moon Night 40000 - Peach Ice <\/strong>- to nowoczesny waporyzator o ogromnej \u017cywotno\u015bci i stylowym wygl\u0105dzie, kt\u00f3ry \u0142\u0105czy w sobie wygod\u0119, moc i innowacyjn\u0105 technologi\u0119.<\/p>\n<p>Elf Bar Moon Night 40000 to innowacyjne urz\u0105dzenie zaprojektowane z my\u015bl\u0105 o maksymalnym komforcie i d\u0142ugotrwa\u0142ym u\u017cytkowaniu. Urz\u0105dzenie zosta\u0142o zaprojektowane tak, aby wytrzyma\u0107 do 40000 zaci\u0105gni\u0119\u0107 z mo\u017cliwo\u015bci\u0105 wyboru trybu ECO, Normal lub Boost. Moc nikotyny - 5% (50 mg) zapewnia szybkie nasycenie i komfortowe wapowanie bez nadmiernej ci\u0119\u017cko\u015bci. Inteligentny wy\u015bwietlacz LED pokazuje poziom na\u0142adowania, ilo\u015b\u0107 p\u0142ynu i aktywny tryb - wszystko jest pod kontrol\u0105. 3 tryby mocy: ECO - do 40 000 zaci\u0105gni\u0119\u0107, Normal - do 30 000, Boost - do 20 000. Dostosuj smak i intensywno\u015b\u0107 do swoich potrzeb. Waporyzator z podw\u00f3jn\u0105 siatk\u0105 zapewnia jasny smak i g\u0119st\u0105 par\u0119 od pierwszego do ostatniego zaci\u0105gni\u0119cia. Bateria o pojemno\u015bci 850 mAh \u0142aduje si\u0119 szybko przez USB Type-C i zapewnia stabiln\u0105 wydajno\u015b\u0107 przez ca\u0142y dzie\u0144. Wytrzyma\u0142a obudowa chroni przed zalaniem i upadkami, dzi\u0119ki czemu urz\u0105dzenie jest niezawodne i wygodne w codziennym u\u017cytkowaniu. Elfbar Moon Night 40000 to po\u0142\u0105czenie maksymalnej mocy, intensywnego smaku i stylu premium dla tych, kt\u00f3rzy zawsze wybieraj\u0105 to, co najlepsze.<\/p>\n<h2>Dostawa na terenie Polski i Europy<\/h2>\n<p>Aby kupi\u0107 Elf Bar Moon Night 40000 i <a href=\"https:\/\/capovape.shop\/pl\/\">inne papierosy jednorazowe<\/a>\u00a0mo\u017cna znale\u017a\u0107 w naszym sklepie internetowym. Wsp\u00f3\u0142pracujemy bezpo\u015brednio z producentem, co pozwala nam zagwarantowa\u0107 wysok\u0105 jako\u015b\u0107 i najbardziej przyst\u0119pne ceny.\u00a0<strong>Dostawa jest dost\u0119pna na terenie ca\u0142ej Polski i Europy.<\/strong><\/p>\n<p>Szeroki wyb\u00f3r e-papieros\u00f3w, liquid\u00f3w i akcesori\u00f3w czeka na Ciebie w naszym sklepie internetowym! Jeste\u015bmy dumni z tego, \u017ce oferujemy najlepsze produkty na rynku. Zapewni\u0105 ci one wszystko, czego potrzebujesz do przyjemnego wapowania. Mamy ponad trzy dekady do\u015bwiadczenia i ponad 5000 zadowolonych klient\u00f3w. Stali\u015bmy si\u0119 jednym z lider\u00f3w na rynku e-papieros\u00f3w. Nasz sklep oferuje szerok\u0105 gam\u0119 jednorazowych produkt\u00f3w premium, w tym ponad 100 smak\u00f3w. Dost\u0119pno\u015b\u0107 jest stale aktualizowana, aby zadowoli\u0107 nawet najbardziej wyrafinowanych vaper\u00f3w.<\/p>\n<h2>Elf Bar Moon Night 40000 smak\u00f3w:<\/h2>\n<ul>\n<li>Blue Razz Ice - Blue Raspberry Ice<\/li>\n<li>Arbuz wi\u015bniowy - Arbuz wi\u015bniowy<\/li>\n<li>L\u00f3d winogronowy<\/li>\n<li>Malina winogronowa - Malina winogronowa<\/li>\n<li>Kiwi Passion Fruit Guava - Kiwi Passion Fruit Guava<\/li>\n<li>Lemon Lime<\/li>\n<li>Lime Cola<\/li>\n<li>Arbuz brzoskwiniowy z mango - Arbuz brzoskwiniowy z mango<\/li>\n<li>Miami Mint<\/li>\n<li>L\u00f3d brzoskwiniowy<\/li>\n<li>Pomegranate Burst.<\/li>\n<li>Arbuzowy l\u00f3d.<\/li>\n<\/ul>\n<h2>DOSTAWA NA TERENIE POLSKI I EUROPY<\/h2>\n<p>Aby kupi\u0107 Elf Bar Moon Night 40000 i <a href=\"https:\/\/capovape.shop\/pl\/\">inne papierosy jednorazowe<\/a>\u00a0mo\u017cna znale\u017a\u0107 w naszym sklepie internetowym. Wsp\u00f3\u0142pracujemy bezpo\u015brednio z producentem, co pozwala nam zagwarantowa\u0107 wysok\u0105 jako\u015b\u0107 i najbardziej przyst\u0119pne ceny.\u00a0<strong>Dostawa jest dost\u0119pna na terenie ca\u0142ej Polski i Europy.<\/strong><\/p>\n<p>Szeroki wyb\u00f3r e-papieros\u00f3w, liquid\u00f3w i akcesori\u00f3w czeka na Ciebie w naszym sklepie internetowym! Jeste\u015bmy dumni z tego, \u017ce oferujemy najlepsze produkty na rynku. Zapewni\u0105 ci one wszystko, czego potrzebujesz do przyjemnego wapowania. Mamy ponad trzy dekady do\u015bwiadczenia i ponad 5000 zadowolonych klient\u00f3w. Stali\u015bmy si\u0119 jednym z lider\u00f3w na rynku papieros\u00f3w elektronicznych. Nasz sklep oferuje szerok\u0105 gam\u0119 jednorazowych produkt\u00f3w premium, w tym ponad 100 smak\u00f3w. Dost\u0119pno\u015b\u0107 jest stale aktualizowana, aby zadowoli\u0107 nawet najbardziej wyrafinowanych vaper\u00f3w.<\/p>\n<h4>Charakterystyka:<\/h4>\n<p><b>Op\u0142ata:<\/b>\u00a0typ-C<\/p>\n<p><strong>Smak:<\/strong> Dojrza\u0142a, soczysta brzoskwinia z lekkim efektem ch\u0142odz\u0105cym. S\u0142odki, owocowy i orze\u017awiaj\u0105cy smak, idealny na gor\u0105ce dni.<\/p>\n<p><strong>Zakres:<\/strong>\u00a020 ml<\/p>\n<p><strong>Si\u0142a nikotyny:<\/strong>\u00a050 mg (5%)<\/p>\n<p><strong>Pojemno\u015b\u0107 akumulatora:<\/strong>\u00a0850 mAh<\/p>","protected":false},"excerpt":{"rendered":"<p>Elf Bar Moon Night 40000 \u2014 Peach Ice (\u041f\u0435\u0440\u0441\u0438\u043a \u041b\u0451\u0434). \u041a\u0443\u043f\u0438\u0442\u044c Elf Bar Moon Night 40000 Peach Ice \u0432 \u041f\u043e\u043b\u044c\u0448\u0435<\/p>","protected":false},"featured_media":24039,"template":"","meta":{"om_disable_all_campaigns":false,"_monsterinsights_skip_tracking":false,"_monsterinsights_sitenote_active":false,"_monsterinsights_sitenote_note":"","_monsterinsights_sitenote_category":0,"_uf_show_specific_survey":0,"_uf_disable_surveys":false},"product_brand":[],"product_cat":[138],"product_tag":[],"class_list":{"0":"post-24063","1":"product","2":"type-product","3":"status-publish","4":"has-post-thumbnail","6":"product_cat-elf-bar-moon-night-40000","8":"first","9":"instock","10":"sale","11":"shipping-taxable","12":"purchasable","13":"product-type-simple"},"aioseo_notices":[],"jetpack_sharing_enabled":true,"_links":{"self":[{"href":"https:\/\/capovape.shop\/pl\/wp-json\/wp\/v2\/product\/24063","targetHints":{"allow":["GET"]}}],"collection":[{"href":"https:\/\/capovape.shop\/pl\/wp-json\/wp\/v2\/product"}],"about":[{"href":"https:\/\/capovape.shop\/pl\/wp-json\/wp\/v2\/types\/product"}],"version-history":[{"count":1,"href":"https:\/\/capovape.shop\/pl\/wp-json\/wp\/v2\/product\/24063\/revisions"}],"predecessor-version":[{"id":24068,"href":"https:\/\/capovape.shop\/pl\/wp-json\/wp\/v2\/product\/24063\/revisions\/24068"}],"wp:featuredmedia":[{"embeddable":true,"href":"https:\/\/capovape.shop\/pl\/wp-json\/wp\/v2\/media\/24039"}],"wp:attachment":[{"href":"https:\/\/capovape.shop\/pl\/wp-json\/wp\/v2\/media?parent=24063"}],"wp:term":[{"taxonomy":"product_brand","embeddable":true,"href":"https:\/\/capovape.shop\/pl\/wp-json\/wp\/v2\/product_brand?post=24063"},{"taxonomy":"product_cat","embeddable":true,"href":"https:\/\/capovape.shop\/pl\/wp-json\/wp\/v2\/product_cat?post=24063"},{"taxonomy":"product_tag","embeddable":true,"href":"https:\/\/capovape.shop\/pl\/wp-json\/wp\/v2\/product_tag?post=24063"}],"curies":[{"name":"wp","href":"https:\/\/api.w.org\/{rel}","templated":true}]}}