{"id":23596,"date":"2025-05-26T14:55:45","date_gmt":"2025-05-26T12:55:45","guid":{"rendered":"https:\/\/capovape.shop\/?post_type=product&#038;p=23596"},"modified":"2026-05-16T13:35:09","modified_gmt":"2026-05-16T11:35:09","slug":"elf-bar-gh23000-blueberry-ice-5-nic","status":"publish","type":"product","link":"https:\/\/capovape.shop\/pl\/produkt\/elf-bar-gh23000-blueberry-ice-5-nic\/","title":{"rendered":"Elf Bar GH23000 - Blueberry Ice (5% nic)"},"content":{"rendered":"<p>Elf Bar GH23000 - Blueberry Ice.<\/p>\n<h2>Kup Elf Bar GH23000 Blueberry Ice w Polsce<\/h2>\n<p><strong>Elf Bar GH23000 - L\u00f3d jagodowy <\/strong>- to innowacyjne jednorazowe urz\u0105dzenie vape, kt\u00f3re oferuje wyj\u0105tkowe wra\u017cenia z waporyzacji dzi\u0119ki imponuj\u0105cym 23 000 zaci\u0105gni\u0119\u0107. Urz\u0105dzenie posiada zintegrowany system kontroli przep\u0142ywu powietrza i ci\u015bnienia, a tak\u017ce du\u017cy cyfrowy wy\u015bwietlacz u\u0142atwiaj\u0105cy \u015bledzenie. Elf Bar GH23000 charakteryzuje si\u0119 stylowym wygl\u0105dem z monochromatycznym niebieskim pier\u015bcieniem \u015bwietlnym, wyznaczaj\u0105c nowe standardy w jednorazowych urz\u0105dzeniach vape.<\/p>\n<p>Urz\u0105dzenie posiada znaczn\u0105 pojemno\u015b\u0107 23 ml p\u0142ynu vape i potr\u00f3jny system waporyzatora siatkowego zapewniaj\u0105cy doskona\u0142y smak i produkcj\u0119 pary. Ponadto, jego bateria o pojemno\u015bci 850 mAh jest wyposa\u017cona w szybkie \u0142adowanie typu C. Elf Bar GH23000 oferuje wyb\u00f3r 15 ekskluzywnych smak\u00f3w, co czyni go idealnym wyborem dla koneser\u00f3w wysokiej jako\u015bci waporyzacji. Mo\u017cesz zam\u00f3wi\u0107 Elf Bar GH23000 z\u00a0<strong data-entity-type=\"MessageEntityBold\">darmowa dostawa od 200 z\u0142<\/strong>\u00a0do dowolnego miasta w Polsce.<\/p>\n<h2>Flavours Elf Bar GH23000:<\/h2>\n<ul>\n<li><strong>L\u00f3d winogronowy<\/strong>\u00a0- Winogrona lodu<\/li>\n<li><strong>Polar Mint<\/strong>\u00a0- Mi\u0119ta<\/li>\n<li><strong>Jab\u0142ko Gruszka<\/strong>\u00a0- Jab\u0142ko Gruszka<\/li>\n<li><strong>Purple Min<\/strong>t - Purple Mint<\/li>\n<li><strong>Cherry Cola<\/strong>\u00a0- Cherry Cola<\/li>\n<li><strong>Blue Razz Ice<\/strong>\u00a0- Jagody mieszane z lodem<\/li>\n<li><strong>Green Apple Ice<\/strong>\u00a0- Green Apple Ice<\/li>\n<li><strong>Arbuzowy l\u00f3d<\/strong>\u00a0- Arbuzowy l\u00f3d<\/li>\n<li><strong>Jasmine Raspberry<\/strong>\u00a0- Jasmine Raspberry<\/li>\n<li><strong>Banan truskawkowy<\/strong>\u00a0- Banan truskawkowy<\/li>\n<li><strong>Arbuz Wi\u015bnia<\/strong>\u00a0- Arbuz Wi\u015bnia<\/li>\n<li><strong>Green Plum Sour Lime<\/strong>\u00a0- Green Plum Sour Lime<\/li>\n<li><strong>Kwa\u015bne cukierki arbuzowe<\/strong>\u00a0- Kwa\u015bna guma arbuzowa.<\/li>\n<li><strong>Malina Arbuz Cytryna<\/strong>\u00a0- Malina Arbuz Cytryna<\/li>\n<li><strong>Guma balonowa truskawkowo-arbuzowa<\/strong>\u00a0 - Guma arbuzowa truskawkowa<\/li>\n<li><strong>Arbuz Cytryna<\/strong>\u00a0- Arbuz Cytryna<\/li>\n<li><strong>Mango Brzoskwinia<\/strong>\u00a0- Mango Brzoskwinia<\/li>\n<li><strong>Mango Brzoskwinia Arbuz<\/strong>\u00a0- Mango Brzoskwinia Arbuz<\/li>\n<li><strong>Peach Berry<\/strong>\u00a0- Jagody brzoskwiniowe<\/li>\n<li><strong>Kiwi Passion Fruit Guava<\/strong>\u00a0- Kiwi, marakuja, guawa<\/li>\n<li><strong>Podw\u00f3jne mango<\/strong>\u00a0- Podw\u00f3jne mango<\/li>\n<li><strong>L\u00f3d brzoskwiniowy<\/strong>\u00a0- L\u00f3d brzoskwiniowy<\/li>\n<li><strong>Grape Cherry<\/strong>\u00a0- Winogrona Wi\u015bnia<\/li>\n<li><strong>Podw\u00f3jne jab\u0142ko<\/strong>\u00a0- Podw\u00f3jne jab\u0142ko<\/li>\n<li><strong>Kiwi Pineapple Ice<\/strong>\u00a0- Kiwi Pineapple Ice<\/li>\n<li><strong>Bor\u00f3wka Malina<\/strong>\u00a0- Bor\u00f3wka Malina<\/li>\n<li><strong>Winogrono truskawkowe<\/strong>\u00a0- Truskawki Winogrona<\/li>\n<li><strong>L\u00f3d jagodowy<\/strong> - L\u00f3d jagodowy<\/li>\n<\/ul>\n<h2>DOSTAWA NA TERENIE POLSKI I EUROPY<\/h2>\n<p>Zakup Elf Bar GH23000 i\u00a0<a href=\"https:\/\/capovape.shop\/pl\/\">inne papierosy jednorazowe<\/a>\u00a0mo\u017cna znale\u017a\u0107 w naszym sklepie internetowym. Wsp\u00f3\u0142pracujemy bezpo\u015brednio z producentem, co pozwala nam zagwarantowa\u0107 wysok\u0105 jako\u015b\u0107 i najbardziej przyst\u0119pne ceny.\u00a0<strong>Dostawa jest dost\u0119pna na terenie ca\u0142ej Polski i Europy.<\/strong><\/p>\n<p>Szeroki wyb\u00f3r e-papieros\u00f3w, liquid\u00f3w i akcesori\u00f3w czeka na Ciebie w naszym sklepie internetowym! Jeste\u015bmy dumni z tego, \u017ce oferujemy najlepsze produkty na rynku. Zapewni\u0105 ci one wszystko, czego potrzebujesz do przyjemnego wapowania. Mamy ponad trzy dekady do\u015bwiadczenia i ponad 5000 zadowolonych klient\u00f3w. Stali\u015bmy si\u0119 jednym z lider\u00f3w na rynku papieros\u00f3w elektronicznych. Nasz sklep oferuje szerok\u0105 gam\u0119 jednorazowych produkt\u00f3w premium, w tym ponad 100 smak\u00f3w. Dost\u0119pno\u015b\u0107 jest stale aktualizowana, aby zadowoli\u0107 nawet najbardziej wyrafinowanych vaper\u00f3w.<\/p>\n<h4>Charakterystyka:<\/h4>\n<p><strong>Smak:<\/strong>S\u0142odki i intensywny smak dojrza\u0142ych jag\u00f3d z orze\u017awiaj\u0105cym efektem lodowym. Idealny smak dla tych, kt\u00f3rzy lubi\u0105 jagodow\u0105 \u015bwie\u017co\u015b\u0107 z ch\u0142odnym posmakiem.<\/p>\n<p><strong>Zakres:<\/strong>\u00a023 ml<\/p>\n<p><strong>Si\u0142a nikotyny:<\/strong>\u00a050 mg (5%)<\/p>\n<p><strong>\u0415<\/strong><strong>pojemno\u015b\u0107 akumulatora:<\/strong>\u00a0850 mAh<\/p>\n<p><strong>Op\u0142ata:<\/strong>\u00a0Typ-C<\/p>","protected":false},"excerpt":{"rendered":"<div class=\"woocommerce-product-details__short-description\">\n<p>Elf Bar GH23000 to imponuj\u0105ce jednorazowe urz\u0105dzenie vape z unikalnym systemem kontroli przep\u0142ywu powietrza i 23-mililitrow\u0105 pojemno\u015bci\u0105 na p\u0142yn vape. Jego stylowy wygl\u0105d, du\u017cy wy\u015bwietlacz cyfrowy i 15 r\u00f3\u017cnych smak\u00f3w sprawiaj\u0105, \u017ce jest to idealny wyb\u00f3r dla koneser\u00f3w wysokiej jako\u015bci waporyzacji.<\/p>\n<\/div>\n<div class=\"wd-shipping-progress-bar wd-style-bordered\">\n<div class=\"wd-progress-bar wd-free-progress-bar\">\n<div class=\"progress-msg\"><\/div>\n<div class=\"progress-area\"><\/div>\n<\/div>\n<\/div>","protected":false},"featured_media":23597,"template":"","meta":{"om_disable_all_campaigns":false,"_monsterinsights_skip_tracking":false,"_monsterinsights_sitenote_active":false,"_monsterinsights_sitenote_note":"","_monsterinsights_sitenote_category":0,"_uf_show_specific_survey":0,"_uf_disable_surveys":false},"product_brand":[],"product_cat":[101],"product_tag":[],"class_list":{"0":"post-23596","1":"product","2":"type-product","3":"status-publish","4":"has-post-thumbnail","6":"product_cat-elf-bar-gh23000","8":"first","9":"instock","10":"sale","11":"shipping-taxable","12":"purchasable","13":"product-type-simple"},"aioseo_notices":[],"jetpack_sharing_enabled":true,"_links":{"self":[{"href":"https:\/\/capovape.shop\/pl\/wp-json\/wp\/v2\/product\/23596","targetHints":{"allow":["GET"]}}],"collection":[{"href":"https:\/\/capovape.shop\/pl\/wp-json\/wp\/v2\/product"}],"about":[{"href":"https:\/\/capovape.shop\/pl\/wp-json\/wp\/v2\/types\/product"}],"version-history":[{"count":1,"href":"https:\/\/capovape.shop\/pl\/wp-json\/wp\/v2\/product\/23596\/revisions"}],"predecessor-version":[{"id":23598,"href":"https:\/\/capovape.shop\/pl\/wp-json\/wp\/v2\/product\/23596\/revisions\/23598"}],"wp:featuredmedia":[{"embeddable":true,"href":"https:\/\/capovape.shop\/pl\/wp-json\/wp\/v2\/media\/23597"}],"wp:attachment":[{"href":"https:\/\/capovape.shop\/pl\/wp-json\/wp\/v2\/media?parent=23596"}],"wp:term":[{"taxonomy":"product_brand","embeddable":true,"href":"https:\/\/capovape.shop\/pl\/wp-json\/wp\/v2\/product_brand?post=23596"},{"taxonomy":"product_cat","embeddable":true,"href":"https:\/\/capovape.shop\/pl\/wp-json\/wp\/v2\/product_cat?post=23596"},{"taxonomy":"product_tag","embeddable":true,"href":"https:\/\/capovape.shop\/pl\/wp-json\/wp\/v2\/product_tag?post=23596"}],"curies":[{"name":"wp","href":"https:\/\/api.w.org\/{rel}","templated":true}]}}