{"id":23453,"date":"2025-05-07T15:01:56","date_gmt":"2025-05-07T13:01:56","guid":{"rendered":"https:\/\/capovape.shop\/?post_type=product&#038;p=23453"},"modified":"2026-04-26T17:44:20","modified_gmt":"2026-04-26T15:44:20","slug":"elf-bar-sweet-king-30000-watermelon-5-nic","status":"publish","type":"product","link":"https:\/\/capovape.shop\/pl\/produkt\/elf-bar-sweet-king-30000-watermelon-5-nic\/","title":{"rendered":"Elf Bar Sweet King 30000 - Kiwi Pineapple Peach (5% nic)"},"content":{"rendered":"<p>Elf Bar Sweet King 30000 - Kiwi Pineapple Peach.<\/p>\n<h2>Kup ELF BAR Sweet King 30000 Kiwi Pineapple Peach w Polsce<\/h2>\n<p><strong data-start=\"189\" data-end=\"216\">Elf Bar Sweet King 30000 Kiwi Ananas Brzoskwinia <\/strong>- to innowacyjne urz\u0105dzenie akumulatorowe stworzone specjalnie dla mi\u0142o\u015bnik\u00f3w jasnych, kwa\u015bnych smak\u00f3w. G\u0142\u00f3wna cecha <em>4 poziomy spersonalizowanej s\u0142odyczy<\/em>co pozwala wybra\u0107 optymaln\u0105 intensywno\u015b\u0107 smaku: od lekkiej owocowej s\u0142odyczy po pot\u0119\u017cn\u0105 \"s\u0142odk\u0105 eksplozj\u0119\".<\/p>\n<p class=\"\" data-start=\"519\" data-end=\"883\">Urz\u0105dzenie zapewnia do 30 000 zaci\u0105gni\u0119\u0107, dzi\u0119ki obj\u0119to\u015bci p\u0142ynu i regulowanej mocy. Elf Bar Sour King oferuje kontrol\u0119 przep\u0142ywu powietrza i smaku, umo\u017cliwiaj\u0105c dostosowanie ka\u017cdego zaci\u0105gni\u0119cia do nastroju. Kompaktowa obudowa, stylowy wygl\u0105d i szybkie \u0142adowanie przez USB Type-C sprawiaj\u0105, \u017ce jest to idealne urz\u0105dzenie do codziennego u\u017cytku.<\/p>\n<h2>Dostawa na terenie Polski i Europy<\/h2>\n<p>Aby kupi\u0107 Elf Bar Sweet King 30000 i <a href=\"https:\/\/capovape.shop\/pl\/\">inne papierosy jednorazowe<\/a>\u00a0mo\u017cna znale\u017a\u0107 w naszym sklepie internetowym. Wsp\u00f3\u0142pracujemy bezpo\u015brednio z producentem, co pozwala nam zagwarantowa\u0107 wysok\u0105 jako\u015b\u0107 i najbardziej przyst\u0119pne ceny.\u00a0<strong>Dostawa jest dost\u0119pna na terenie ca\u0142ej Polski i Europy.<\/strong><\/p>\n<p>Szeroki wyb\u00f3r e-papieros\u00f3w, liquid\u00f3w i akcesori\u00f3w czeka na Ciebie w naszym sklepie internetowym! Jeste\u015bmy dumni z tego, \u017ce oferujemy najlepsze produkty na rynku. Zapewni\u0105 ci one wszystko, czego potrzebujesz do przyjemnego wapowania. Mamy ponad trzy dekady do\u015bwiadczenia i ponad 5000 zadowolonych klient\u00f3w. Stali\u015bmy si\u0119 jednym z lider\u00f3w na rynku e-papieros\u00f3w. Nasz sklep oferuje szerok\u0105 gam\u0119 jednorazowych produkt\u00f3w premium, w tym ponad 100 smak\u00f3w. Dost\u0119pno\u015b\u0107 jest stale aktualizowana, aby zadowoli\u0107 nawet najbardziej wyrafinowanych vaper\u00f3w.<\/p>\n<h2>Elf Bar Sweet King 30000 smak\u00f3w:<\/h2>\n<ul>\n<li>Arbuz jab\u0142kowy - Arbuz jab\u0142kowy<\/li>\n<li>L\u00f3d winogronowy<\/li>\n<li>Jasmine Raspberry - ja\u015bminowa malina<\/li>\n<li>Kiwi Pineapple Peach - Kiwi Pineapple Peach<\/li>\n<li>Soda gruszkowa<\/li>\n<li>Pine Needle Mint - mi\u0119ta sosnowa<\/li>\n<li>Strawberry Banana.<\/li>\n<li>Arbuzowa Wi\u015bnia - Arbuzowa Wi\u015bnia<\/li>\n<\/ul>\n<h4>Charakterystyka:<\/h4>\n<p><b>Op\u0142ata:<\/b>\u00a0typ-C<\/p>\n<p><strong>Smak:<\/strong> Tropikalne trio kwa\u015bnego kiwi, soczystego ananasa i aksamitnej brzoskwini. Jasny i intensywny smak owoc\u00f3w z lekk\u0105 kwasowo\u015bci\u0105.<\/p>\n<p><strong>Zakres:<\/strong>\u00a020 ml<\/p>\n<p><strong>Si\u0142a nikotyny:<\/strong>\u00a050 mg (5%)<\/p>\n<p><strong>Pojemno\u015b\u0107 akumulatora:<\/strong>\u00a0850 mAh<\/p>","protected":false},"excerpt":{"rendered":"<p>Elf Bar Sweet King 30000 \u2014 Kiwi Pineapple Peach (\u041a\u0438\u0432\u0438 \u0410\u043d\u0430\u043d\u0430\u0441 \u041f\u0435\u0440\u0441\u0438\u043a). \u041a\u0443\u043f\u0438\u0442\u044c ELF BAR Sweet King 30000 Kiwi Pineapple<\/p>","protected":false},"featured_media":23446,"template":"","meta":{"om_disable_all_campaigns":false,"_monsterinsights_skip_tracking":false,"_monsterinsights_sitenote_active":false,"_monsterinsights_sitenote_note":"","_monsterinsights_sitenote_category":0,"_uf_show_specific_survey":0,"_uf_disable_surveys":false},"product_brand":[],"product_cat":[137],"product_tag":[],"class_list":{"0":"post-23453","1":"product","2":"type-product","3":"status-publish","4":"has-post-thumbnail","6":"product_cat-elf-bar-sweet-king-30000","8":"first","9":"instock","10":"shipping-taxable","11":"purchasable","12":"product-type-simple"},"aioseo_notices":[],"jetpack_sharing_enabled":true,"_links":{"self":[{"href":"https:\/\/capovape.shop\/pl\/wp-json\/wp\/v2\/product\/23453","targetHints":{"allow":["GET"]}}],"collection":[{"href":"https:\/\/capovape.shop\/pl\/wp-json\/wp\/v2\/product"}],"about":[{"href":"https:\/\/capovape.shop\/pl\/wp-json\/wp\/v2\/types\/product"}],"version-history":[{"count":3,"href":"https:\/\/capovape.shop\/pl\/wp-json\/wp\/v2\/product\/23453\/revisions"}],"predecessor-version":[{"id":23460,"href":"https:\/\/capovape.shop\/pl\/wp-json\/wp\/v2\/product\/23453\/revisions\/23460"}],"wp:featuredmedia":[{"embeddable":true,"href":"https:\/\/capovape.shop\/pl\/wp-json\/wp\/v2\/media\/23446"}],"wp:attachment":[{"href":"https:\/\/capovape.shop\/pl\/wp-json\/wp\/v2\/media?parent=23453"}],"wp:term":[{"taxonomy":"product_brand","embeddable":true,"href":"https:\/\/capovape.shop\/pl\/wp-json\/wp\/v2\/product_brand?post=23453"},{"taxonomy":"product_cat","embeddable":true,"href":"https:\/\/capovape.shop\/pl\/wp-json\/wp\/v2\/product_cat?post=23453"},{"taxonomy":"product_tag","embeddable":true,"href":"https:\/\/capovape.shop\/pl\/wp-json\/wp\/v2\/product_tag?post=23453"}],"curies":[{"name":"wp","href":"https:\/\/api.w.org\/{rel}","templated":true}]}}