{"id":23427,"date":"2025-05-07T14:26:17","date_gmt":"2025-05-07T12:26:17","guid":{"rendered":"https:\/\/capovape.shop\/?post_type=product&#038;p=23427"},"modified":"2025-08-13T13:24:51","modified_gmt":"2025-08-13T11:24:51","slug":"elf-bar-sour-king-30000-sour-apple-candy-5-nic","status":"publish","type":"product","link":"https:\/\/capovape.shop\/pl\/produkt\/elf-bar-sour-king-30000-sour-apple-candy-5-nic\/","title":{"rendered":"Elf Bar Sour King 30000 - Cukierki Kwa\u015bne Jab\u0142ko (5% nic)"},"content":{"rendered":"<p>Elf Bar Sour King 30000 - Cukierki z kwa\u015bnym jab\u0142kiem.<\/p>\n<h2>Kup ELF BAR Sour King 30000 Cukierki z kwa\u015bnym jab\u0142kiem w Polsce<\/h2>\n<p><strong data-start=\"189\" data-end=\"216\">Cukierki Elf Bar Sour King 30000 Kwa\u015bne Jab\u0142ko <\/strong>- to innowacyjne urz\u0105dzenie akumulatorowe stworzone specjalnie dla mi\u0142o\u015bnik\u00f3w jasnych, kwa\u015bnych smak\u00f3w. G\u0142\u00f3wna cecha <em>4 poziomy spersonalizowanej kwasowo\u015bci<\/em>co pozwala wybra\u0107 optymaln\u0105 intensywno\u015b\u0107 smaku: od lekkiej owocowej kwaskowato\u015bci po pot\u0119\u017cn\u0105 \"eksplozj\u0119 kwasu\".<\/p>\n<p class=\"\" data-start=\"519\" data-end=\"883\">Urz\u0105dzenie zapewnia do 30 000 zaci\u0105gni\u0119\u0107, dzi\u0119ki obj\u0119to\u015bci p\u0142ynu i regulowanej mocy. Elf Bar Sour King oferuje kontrol\u0119 przep\u0142ywu powietrza i smaku, umo\u017cliwiaj\u0105c dostosowanie ka\u017cdego zaci\u0105gni\u0119cia do nastroju. Kompaktowa obudowa, stylowy wygl\u0105d i szybkie \u0142adowanie przez USB Type-C sprawiaj\u0105, \u017ce jest to idealne urz\u0105dzenie do codziennego u\u017cytku.<\/p>\n<h2>Dostawa na terenie Polski i Europy<\/h2>\n<p>Zakup Elf Bar Sour King 30000 i <a href=\"https:\/\/capovape.shop\/pl\/\">inne papierosy jednorazowe<\/a>\u00a0mo\u017cna znale\u017a\u0107 w naszym sklepie internetowym. Wsp\u00f3\u0142pracujemy bezpo\u015brednio z producentem, co pozwala nam zagwarantowa\u0107 wysok\u0105 jako\u015b\u0107 i najbardziej przyst\u0119pne ceny.\u00a0<strong>Dostawa jest dost\u0119pna na terenie ca\u0142ej Polski i Europy.<\/strong><\/p>\n<p>Szeroki wyb\u00f3r e-papieros\u00f3w, liquid\u00f3w i akcesori\u00f3w czeka na Ciebie w naszym sklepie internetowym! Jeste\u015bmy dumni z tego, \u017ce oferujemy najlepsze produkty na rynku. Zapewni\u0105 ci one wszystko, czego potrzebujesz do przyjemnego wapowania. Mamy ponad trzy dekady do\u015bwiadczenia i ponad 5000 zadowolonych klient\u00f3w. Stali\u015bmy si\u0119 jednym z lider\u00f3w na rynku e-papieros\u00f3w. Nasz sklep oferuje szerok\u0105 gam\u0119 jednorazowych produkt\u00f3w premium, w tym ponad 100 smak\u00f3w. Dost\u0119pno\u015b\u0107 jest stale aktualizowana, aby zadowoli\u0107 nawet najbardziej wyrafinowanych vaper\u00f3w.<\/p>\n<h2>Elf Bar SourKing 30000 smak\u00f3w:<\/h2>\n<ul>\n<li>Lemon Lime Ice Tea - Herbata mro\u017cona z limonk\u0105 cytrynow\u0105<\/li>\n<li>Red Raspberry Strawberry - Truskawka z czerwon\u0105 malin\u0105<\/li>\n<li>Sour Apple Candy.<\/li>\n<li>Gruszka z kwa\u015bnym jab\u0142kiem - Gruszka z kwa\u015bnym jab\u0142kiem<\/li>\n<li>Kwa\u015bny arbuz jagodowy - Kwa\u015bny arbuz jagodowy<\/li>\n<li>Kwa\u015bna Lemoniada Kiwi - Kwa\u015bna Lemoniada Kiwi<\/li>\n<li>Kwa\u015bna Truskawka Kiwi - Kwa\u015bna Truskawka Kiwi<\/li>\n<li>Sour Triple Berry - Kwa\u015bna potr\u00f3jna jagoda<\/li>\n<\/ul>\n<h4>Charakterystyka:<\/h4>\n<p><b>Op\u0142ata:<\/b>\u00a0typ-C<\/p>\n<p><strong>Smak:<\/strong> Jasny, bogaty smak zielonego jab\u0142ka z cukierkow\u0105 s\u0142odycz\u0105 i wyra\u017an\u0105 kwaskowato\u015bci\u0105. Smak, kt\u00f3ry przywo\u0142uje nostalgi\u0119 za s\u0142odyczami z dzieci\u0144stwa.<\/p>\n<p><strong>Zakres:<\/strong>\u00a020 ml<\/p>\n<p><strong>Si\u0142a nikotyny:<\/strong>\u00a050 mg (5%)<\/p>\n<p><strong>Pojemno\u015b\u0107 akumulatora:<\/strong>\u00a0850 mAh<\/p>","protected":false},"excerpt":{"rendered":"<p>Elf Bar Sour King 30000 \u2014 Sour Apple Candy (\u041a\u0438\u0441\u043b\u0430\u044f \u042f\u0431\u043b\u043e\u0447\u043d\u0430\u044f \u041a\u043e\u043d\u0444\u0435\u0442\u0430). \u041a\u0443\u043f\u0438\u0442\u044c ELF BAR Sour King 30000 Sour Apple<\/p>","protected":false},"featured_media":23419,"template":"","meta":{"om_disable_all_campaigns":false,"_monsterinsights_skip_tracking":false,"_monsterinsights_sitenote_active":false,"_monsterinsights_sitenote_note":"","_monsterinsights_sitenote_category":0,"_uf_show_specific_survey":0,"_uf_disable_surveys":false},"product_brand":[],"product_cat":[136],"product_tag":[],"class_list":{"0":"post-23427","1":"product","2":"type-product","3":"status-publish","4":"has-post-thumbnail","6":"product_cat-elf-bar-sour-king-30000","8":"first","9":"instock","10":"shipping-taxable","11":"purchasable","12":"product-type-simple"},"aioseo_notices":[],"jetpack_sharing_enabled":true,"_links":{"self":[{"href":"https:\/\/capovape.shop\/pl\/wp-json\/wp\/v2\/product\/23427","targetHints":{"allow":["GET"]}}],"collection":[{"href":"https:\/\/capovape.shop\/pl\/wp-json\/wp\/v2\/product"}],"about":[{"href":"https:\/\/capovape.shop\/pl\/wp-json\/wp\/v2\/types\/product"}],"version-history":[{"count":1,"href":"https:\/\/capovape.shop\/pl\/wp-json\/wp\/v2\/product\/23427\/revisions"}],"predecessor-version":[{"id":23432,"href":"https:\/\/capovape.shop\/pl\/wp-json\/wp\/v2\/product\/23427\/revisions\/23432"}],"wp:featuredmedia":[{"embeddable":true,"href":"https:\/\/capovape.shop\/pl\/wp-json\/wp\/v2\/media\/23419"}],"wp:attachment":[{"href":"https:\/\/capovape.shop\/pl\/wp-json\/wp\/v2\/media?parent=23427"}],"wp:term":[{"taxonomy":"product_brand","embeddable":true,"href":"https:\/\/capovape.shop\/pl\/wp-json\/wp\/v2\/product_brand?post=23427"},{"taxonomy":"product_cat","embeddable":true,"href":"https:\/\/capovape.shop\/pl\/wp-json\/wp\/v2\/product_cat?post=23427"},{"taxonomy":"product_tag","embeddable":true,"href":"https:\/\/capovape.shop\/pl\/wp-json\/wp\/v2\/product_tag?post=23427"}],"curies":[{"name":"wp","href":"https:\/\/api.w.org\/{rel}","templated":true}]}}