{"id":23143,"date":"2025-03-18T19:34:48","date_gmt":"2025-03-18T17:34:48","guid":{"rendered":"https:\/\/capovape.shop\/?post_type=product&#038;p=23143"},"modified":"2026-02-16T14:24:09","modified_gmt":"2026-02-16T12:24:09","slug":"elf-bar-raya-d3-apple-peach-5-nic","status":"publish","type":"product","link":"https:\/\/capovape.shop\/pl\/produkt\/elf-bar-raya-d3-apple-peach-5-nic\/","title":{"rendered":"Elf Bar RAYA D3 - Apple Peach (5% nic)"},"content":{"rendered":"<p>Elf Bar RAYA D3 - Apple Peach.<\/p>\n<h2>Kup Elf Bar RAYA D3 Apple Peach w Polsce<\/h2>\n<p><strong>Elf Bar RAYA D3 Apple Peach <\/strong>- to kompaktowe i stylowe urz\u0105dzenie, kt\u00f3re \u0142\u0105czy w sobie najnowsz\u0105 technologi\u0119 i przyjazn\u0105 dla u\u017cytkownika konstrukcj\u0119, aby zapewni\u0107 nieskazitelne wra\u017cenia z waporyzacji. Wyposa\u017cony w pot\u0119\u017cn\u0105 bateri\u0119, kt\u00f3ra utrzymuje urz\u0105dzenie przez d\u0142ugi czas i du\u017c\u0105 obj\u0119to\u015b\u0107 p\u0142ynu, pozwalaj\u0105c cieszy\u0107 si\u0119 ulubionymi smakami bez cz\u0119stego \u0142adowania lub wymiany wk\u0142adu. Wygodna obudowa i niewielka waga sprawiaj\u0105, \u017ce Elf Bar RAYA D3 jest idealnym towarzyszem do codziennego u\u017cytku, zapewniaj\u0105c komfort i \u0142atwo\u015b\u0107 u\u017cytkowania.<\/p>\n<p>To urz\u0105dzenie zosta\u0142o stworzone dla tych, kt\u00f3rzy ceni\u0105 sobie r\u00f3\u017cnorodno\u015b\u0107 i czysto\u015b\u0107 smak\u00f3w. Elf Bar RAYA D3 \u0142\u0105czy w sobie bogate smaki, kt\u00f3re podkre\u015blaj\u0105 ka\u017cdy wdech, tworz\u0105c wyj\u0105tkowe doznania smakowe. Dzi\u0119ki kompaktowemu formatowi i wysokiej wydajno\u015bci, to jednorazowe urz\u0105dzenie jest idealne zar\u00f3wno dla pocz\u0105tkuj\u0105cych, jak i zaawansowanych u\u017cytkownik\u00f3w poszukuj\u0105cych stylowego i wydajnego rozwi\u0105zania do codziennego wapowania. Elf Bar RAYA D3 mo\u017cna zam\u00f3wi\u0107 w nast\u0119puj\u0105cych zestawach <strong data-entity-type=\"MessageEntityBold\">darmowa dostawa od 200 z\u0142<\/strong>\u00a0do dowolnego miasta w Polsce.<\/p>\n<h2>Elf Bar RAYA D3 smaki:<\/h2>\n<ul>\n<li><strong>Alpine Mint<\/strong> - Alpine Mint<\/li>\n<li><strong>L\u00f3d jagodowy<\/strong> - L\u00f3d jagodowy<\/li>\n<li><strong>Bor\u00f3wka Malina<\/strong> - Bor\u00f3wka Malina<\/li>\n<li><strong>Podw\u00f3jne jab\u0142ko<\/strong> - Podw\u00f3jne jab\u0142ko<\/li>\n<li><strong>Grape Cherry<\/strong> - Winogrona Wi\u015bnia<\/li>\n<li><strong>L\u00f3d winogronowy<\/strong> - Winogrona lodu<\/li>\n<li><strong>Kiwi Passion Fruit Guava<\/strong> - Kiwi, marakuja, guawa<\/li>\n<li><strong>Kiwi Ananas<\/strong> - Kiwi Ananas<\/li>\n<li><strong>Mango Brzoskwinia Arbuz<\/strong> - Mango Brzoskwinia Arbuz<\/li>\n<li><strong>Mango Brzoskwinia<\/strong> - Mango Brzoskwinia<\/li>\n<li><strong>Mango<\/strong>\u00a0- Mango<\/li>\n<li><strong>Peach Berry<\/strong> - Jagody brzoskwiniowe<\/li>\n<li><strong>L\u00f3d brzoskwiniowy<\/strong> - L\u00f3d brzoskwiniowy<\/li>\n<li><strong>Winogrono truskawkowe<\/strong> - Truskawki Winogrona<\/li>\n<li><strong>VMT<\/strong> - Lemoniada jagodowa<\/li>\n<li><strong>Arbuzowa guma balonowa<\/strong> - Guma arbuzowa<\/li>\n<li><strong>Arbuzowy l\u00f3d<\/strong> - Arbuzowy l\u00f3d<\/li>\n<li><strong>Arbuz Cytryna<\/strong> - Arbuz Cytryna<\/li>\n<li><strong>Je\u017cyna \u017burawina<\/strong> - Je\u017cyna \u017burawina<\/li>\n<li><strong>Je\u017cyna Granat Wi\u015bnia<\/strong> - Je\u017cyna Granat Wi\u015bnia<\/li>\n<li><strong>Blue Razz Ice<\/strong> - Blue Raspberry Ice<\/li>\n<li><strong>Mi\u0119ta winogronowa<\/strong> - Winogrona Mi\u0119ta<\/li>\n<li><strong>L\u00f3d cytrynowo-limonkowy<\/strong> - L\u00f3d cytrynowo-limonkowy<\/li>\n<li><strong>L\u00f3d ananasowo-mango<\/strong> - L\u00f3d ananasowo-mango<\/li>\n<li><strong>L\u00f3d truskawkowy<\/strong> - L\u00f3d truskawkowy<\/li>\n<li><strong>Truskawka Malina Wi\u015bnia<\/strong> - Truskawka Malina Wi\u015bnia<\/li>\n<li><strong>Arbuz truskawkowy<\/strong> - Arbuz truskawkowy<\/li>\n<li><strong>Jab\u0142ko Brzoskwinia<\/strong> - Jab\u0142ko Brzoskwinia<\/li>\n<\/ul>\n<h2>DOSTAWA NA TERENIE POLSKI I EUROPY<\/h2>\n<p>Zakup Elf Bar RAYA D3 i <a href=\"https:\/\/capovape.shop\/pl\/\">inne papierosy jednorazowe<\/a>\u00a0mo\u017cna znale\u017a\u0107 w naszym sklepie internetowym. Wsp\u00f3\u0142pracujemy bezpo\u015brednio z producentem, co pozwala nam zagwarantowa\u0107 wysok\u0105 jako\u015b\u0107 i najbardziej przyst\u0119pne ceny.\u00a0<strong>Dostawa jest dost\u0119pna na terenie ca\u0142ej Polski i Europy.<\/strong><\/p>\n<p>Szeroki wyb\u00f3r e-papieros\u00f3w, liquid\u00f3w i akcesori\u00f3w czeka na Ciebie w naszym sklepie internetowym! Jeste\u015bmy dumni z tego, \u017ce oferujemy najlepsze produkty na rynku. Zapewni\u0105 ci one wszystko, czego potrzebujesz do przyjemnego wapowania. Mamy ponad trzy dekady do\u015bwiadczenia i ponad 5000 zadowolonych klient\u00f3w. Stali\u015bmy si\u0119 jednym z lider\u00f3w na rynku papieros\u00f3w elektronicznych. Nasz sklep oferuje szerok\u0105 gam\u0119 jednorazowych produkt\u00f3w premium, w tym ponad 100 smak\u00f3w. Dost\u0119pno\u015b\u0107 jest stale aktualizowana, aby zadowoli\u0107 nawet najbardziej wyrafinowanych vaper\u00f3w.<\/p>\n<h4>Charakterystyka:<\/h4>\n<p><strong>Smak:\u00a0<\/strong>Orze\u017awiaj\u0105cy smak dojrza\u0142ego, soczystego jab\u0142ka harmonijnie \u0142\u0105czy si\u0119 z delikatn\u0105 s\u0142odycz\u0105 brzoskwini. Owocowy duet tworzy mi\u0119kki, zr\u00f3wnowa\u017cony smak z lekkimi s\u0142odko-kwa\u015bnymi nutami, daj\u0105c uczucie \u015bwie\u017co\u015bci i naturalnej s\u0142odyczy.<\/p>\n<p><strong>Zakres:<\/strong>\u00a023 ml<\/p>\n<p><strong>Si\u0142a nikotyny:<\/strong>\u00a050 mg (5%)<\/p>\n<p><strong>\u0415<\/strong><strong>pojemno\u015b\u0107 akumulatora:<\/strong>\u00a0850 mAh<\/p>\n<p><strong>Op\u0142ata:<\/strong>\u00a0Typ-C<\/p>","protected":false},"excerpt":{"rendered":"<p>Elf Bar RAYA D3 \u2014 Apple Peach (\u042f\u0431\u043b\u043e\u043a\u043e \u041f\u0435\u0440\u0441\u0438\u043a). \u041a\u0443\u043f\u0438\u0442\u044c Elf Bar RAYA D3 Apple Peach \u0432 \u041f\u043e\u043b\u044c\u0448\u0435 Elf Bar<\/p>","protected":false},"featured_media":23147,"template":"","meta":{"om_disable_all_campaigns":false,"_monsterinsights_skip_tracking":false,"_monsterinsights_sitenote_active":false,"_monsterinsights_sitenote_note":"","_monsterinsights_sitenote_category":0,"_uf_show_specific_survey":0,"_uf_disable_surveys":false},"product_brand":[],"product_cat":[130],"product_tag":[],"class_list":{"0":"post-23143","1":"product","2":"type-product","3":"status-publish","4":"has-post-thumbnail","6":"product_cat-elf-bar-raya-d3","8":"first","9":"instock","10":"shipping-taxable","11":"purchasable","12":"product-type-simple"},"aioseo_notices":[],"jetpack_sharing_enabled":true,"_links":{"self":[{"href":"https:\/\/capovape.shop\/pl\/wp-json\/wp\/v2\/product\/23143","targetHints":{"allow":["GET"]}}],"collection":[{"href":"https:\/\/capovape.shop\/pl\/wp-json\/wp\/v2\/product"}],"about":[{"href":"https:\/\/capovape.shop\/pl\/wp-json\/wp\/v2\/types\/product"}],"version-history":[{"count":1,"href":"https:\/\/capovape.shop\/pl\/wp-json\/wp\/v2\/product\/23143\/revisions"}],"predecessor-version":[{"id":23148,"href":"https:\/\/capovape.shop\/pl\/wp-json\/wp\/v2\/product\/23143\/revisions\/23148"}],"wp:featuredmedia":[{"embeddable":true,"href":"https:\/\/capovape.shop\/pl\/wp-json\/wp\/v2\/media\/23147"}],"wp:attachment":[{"href":"https:\/\/capovape.shop\/pl\/wp-json\/wp\/v2\/media?parent=23143"}],"wp:term":[{"taxonomy":"product_brand","embeddable":true,"href":"https:\/\/capovape.shop\/pl\/wp-json\/wp\/v2\/product_brand?post=23143"},{"taxonomy":"product_cat","embeddable":true,"href":"https:\/\/capovape.shop\/pl\/wp-json\/wp\/v2\/product_cat?post=23143"},{"taxonomy":"product_tag","embeddable":true,"href":"https:\/\/capovape.shop\/pl\/wp-json\/wp\/v2\/product_tag?post=23143"}],"curies":[{"name":"wp","href":"https:\/\/api.w.org\/{rel}","templated":true}]}}