{"id":23077,"date":"2025-03-17T22:10:53","date_gmt":"2025-03-17T20:10:53","guid":{"rendered":"https:\/\/capovape.shop\/?post_type=product&#038;p=23077"},"modified":"2026-03-10T12:37:26","modified_gmt":"2026-03-10T10:37:26","slug":"elf-bar-ice-king-30000-blackberry-cranberry-5-nic","status":"publish","type":"product","link":"https:\/\/capovape.shop\/pl\/produkt\/elf-bar-ice-king-30000-blackberry-cranberry-5-nic\/","title":{"rendered":"Elf Bar Ice King 30000 - Blackberry Cranberry (5% nic)"},"content":{"rendered":"<p>Elf Bar Ice King 30000 - Blackberry Cranberry.<\/p>\n<h2>KUP ELF BAR Ice King 30000 Blackberry Cranberry w POLSCE<\/h2>\n<p><strong>Elf Bar Ice King 30000 - Blackberry Cranberry <\/strong>- to innowacyjne urz\u0105dzenie stworzone dla tych, kt\u00f3rzy chc\u0105 po\u0142\u0105czy\u0107 styl, wygod\u0119 i technologiczn\u0105 perfekcj\u0119 w ka\u017cdym zaci\u0105gni\u0119ciu. Dzi\u0119ki unikalnemu wzornictwu, spersonalizowanym ustawieniom i wyj\u0105tkowo d\u0142ugiej \u017cywotno\u015bci, ten waporyzator przenosi wra\u017cenia z waporyzacji na wy\u017cszy poziom. Elf Bar TE6000 mo\u017cna zam\u00f3wi\u0107 w nast\u0119puj\u0105cych zestawach\u00a0<strong data-entity-type=\"MessageEntityBold\">darmowa dostawa od 200 z\u0142<\/strong>\u00a0do dowolnego miasta w Polsce.<\/p>\n<p>Elf Bar Ice King 30000 to innowacyjne urz\u0105dzenie zaprojektowane z my\u015bl\u0105 o maksymalnym komforcie i d\u0142ugotrwa\u0142ym u\u017cytkowaniu. Zapewnia do 30 000 zaci\u0105gni\u0119\u0107 dzi\u0119ki du\u017cej obj\u0119to\u015bci p\u0142ynu (20 ml) i pot\u0119\u017cnej baterii 850 mAh z wygodnym \u0142adowaniem przez USB-C. G\u0142\u00f3wn\u0105 cech\u0105 jest mo\u017cliwo\u015b\u0107 indywidualnego dostosowania ch\u0142odzenia za pomoc\u0105 pi\u0119ciu poziom\u00f3w ch\u0142odzenia, co pozwala dostosowa\u0107 smak od \u0142agodnego smaku do orze\u017awiaj\u0105cego lodowatego efektu. Kompaktowa i stylowa konstrukcja sprawia, \u017ce urz\u0105dzenie jest \u0142atwe w u\u017cyciu w ka\u017cdym \u015brodowisku, a r\u00f3\u017cnorodno\u015b\u0107 kombinacji smakowych zaspokoi wszelkie preferencje. Ju\u017c teraz mo\u017cesz zam\u00f3wi\u0107 Elf Bar Ice King 30000 z dostaw\u0105 na terenie ca\u0142ej Polski i Europy!<\/p>\n<h2>DOSTAWA NA TERENIE POLSKI I EUROPY<\/h2>\n<p>Zakup Elf Bar Ice King 30000 i <a href=\"https:\/\/capovape.shop\/pl\/\">inne papierosy jednorazowe<\/a>\u00a0mo\u017cna znale\u017a\u0107 w naszym sklepie internetowym. Wsp\u00f3\u0142pracujemy bezpo\u015brednio z producentem, co pozwala nam zagwarantowa\u0107 wysok\u0105 jako\u015b\u0107 i najbardziej przyst\u0119pne ceny.\u00a0<strong>Dostawa jest dost\u0119pna na terenie ca\u0142ej Polski i Europy.<\/strong><\/p>\n<p>Szeroki wyb\u00f3r e-papieros\u00f3w, liquid\u00f3w i akcesori\u00f3w czeka na Ciebie w naszym sklepie internetowym! Jeste\u015bmy dumni z tego, \u017ce oferujemy najlepsze produkty na rynku. Zapewni\u0105 ci one wszystko, czego potrzebujesz do przyjemnego wapowania. Mamy ponad trzy dekady do\u015bwiadczenia i ponad 5000 zadowolonych klient\u00f3w. Stali\u015bmy si\u0119 jednym z lider\u00f3w na rynku e-papieros\u00f3w. Nasz sklep oferuje szerok\u0105 gam\u0119 jednorazowych produkt\u00f3w premium, w tym ponad 100 smak\u00f3w. Dost\u0119pno\u015b\u0107 jest stale aktualizowana, aby zadowoli\u0107 nawet najbardziej wyrafinowanych vaper\u00f3w.<\/p>\n<h2>Elf Bar Ice King 30000 smak\u00f3w:<\/h2>\n<ul>\n<li>Ciasto bananowe.<\/li>\n<li>\u017burawina je\u017cynowa - \u017burawina je\u017cynowa.<\/li>\n<li>Blue Razz Ice - Blue Raspberry Ice<\/li>\n<li>Cherry Pomegranate Cranberry - Wi\u015bniowy granat z \u017curawin\u0105<\/li>\n<li>Elfbull - Energiczny<\/li>\n<li>L\u00f3d winogronowy<\/li>\n<li>Kiwi Passion Fruit Guava - Kiwi Passion Fruit Guava<\/li>\n<li>Lime Cola<\/li>\n<li>Miami Mint<\/li>\n<li>L\u00f3d brzoskwiniowy<\/li>\n<li>Pink Lemonade.<\/li>\n<li>Ribena Lychee - Liczi z czarn\u0105 porzeczk\u0105<\/li>\n<li>Strawberry Kiwi Ice - L\u00f3d truskawkowy z kiwi<\/li>\n<li>Arbuz truskawkowy - Arbuz truskawkowy<\/li>\n<li>Arbuzowy l\u00f3d.<\/li>\n<\/ul>\n<h2>DOSTAWA NA TERENIE POLSKI I EUROPY<\/h2>\n<p>Zakup Elf Bar Ice King 30000 i <a href=\"https:\/\/capovape.shop\/pl\/\">inne papierosy jednorazowe<\/a>\u00a0mo\u017cna znale\u017a\u0107 w naszym sklepie internetowym. Wsp\u00f3\u0142pracujemy bezpo\u015brednio z producentem, co pozwala nam zagwarantowa\u0107 wysok\u0105 jako\u015b\u0107 i najbardziej przyst\u0119pne ceny.\u00a0<strong>Dostawa jest dost\u0119pna na terenie ca\u0142ej Polski i Europy.<\/strong><\/p>\n<p>Szeroki wyb\u00f3r e-papieros\u00f3w, liquid\u00f3w i akcesori\u00f3w czeka na Ciebie w naszym sklepie internetowym! Jeste\u015bmy dumni z tego, \u017ce oferujemy najlepsze produkty na rynku. Zapewni\u0105 ci one wszystko, czego potrzebujesz do przyjemnego wapowania. Mamy ponad trzy dekady do\u015bwiadczenia i ponad 5000 zadowolonych klient\u00f3w. Stali\u015bmy si\u0119 jednym z lider\u00f3w na rynku papieros\u00f3w elektronicznych. Nasz sklep oferuje szerok\u0105 gam\u0119 jednorazowych produkt\u00f3w premium, w tym ponad 100 smak\u00f3w. Dost\u0119pno\u015b\u0107 jest stale aktualizowana, aby zadowoli\u0107 nawet najbardziej wyrafinowanych vaper\u00f3w.<\/p>\n<h4>Charakterystyka:<\/h4>\n<p><b>Op\u0142ata:<\/b>\u00a0typ-C<\/p>\n<p><strong>Smak:<\/strong> Jasne po\u0142\u0105czenie s\u0142odkich je\u017cyn i cierpkiej \u017curawiny tworzy bogaty jagodowy smak z przyjemn\u0105 kwasowo\u015bci\u0105. Orze\u017awiaj\u0105cy i zr\u00f3wnowa\u017cony smak dla mi\u0142o\u015bnik\u00f3w dzikich jag\u00f3d.<\/p>\n<p><strong>Zakres:<\/strong> 20 ml<\/p>\n<p><strong>Si\u0142a nikotyny:<\/strong>\u00a050 mg (5%)<\/p>\n<p><strong>Pojemno\u015b\u0107 akumulatora:<\/strong> 850 mAh<\/p>","protected":false},"excerpt":{"rendered":"<p>Elf Bar Ice King 30000 \u2014 Blackberry Cranberry (\u0415\u0436\u0435\u0432\u0438\u043a\u0430 \u041a\u043b\u044e\u043a\u0432\u0430). \u041a\u0423\u041f\u0418\u0422\u042c ELF BAR Ice King 30000 Blackberry Cranberry \u0412 \u041f\u041e\u041b\u042c\u0428\u0415<\/p>","protected":false},"featured_media":23061,"template":"","meta":{"om_disable_all_campaigns":false,"_monsterinsights_skip_tracking":false,"_monsterinsights_sitenote_active":false,"_monsterinsights_sitenote_note":"","_monsterinsights_sitenote_category":0,"_uf_show_specific_survey":0,"_uf_disable_surveys":false},"product_brand":[],"product_cat":[135],"product_tag":[],"class_list":{"0":"post-23077","1":"product","2":"type-product","3":"status-publish","4":"has-post-thumbnail","6":"product_cat-elf-bar-ice-king-30000","8":"first","9":"outofstock","10":"shipping-taxable","11":"purchasable","12":"product-type-simple"},"aioseo_notices":[],"jetpack_sharing_enabled":true,"_links":{"self":[{"href":"https:\/\/capovape.shop\/pl\/wp-json\/wp\/v2\/product\/23077","targetHints":{"allow":["GET"]}}],"collection":[{"href":"https:\/\/capovape.shop\/pl\/wp-json\/wp\/v2\/product"}],"about":[{"href":"https:\/\/capovape.shop\/pl\/wp-json\/wp\/v2\/types\/product"}],"version-history":[{"count":1,"href":"https:\/\/capovape.shop\/pl\/wp-json\/wp\/v2\/product\/23077\/revisions"}],"predecessor-version":[{"id":23083,"href":"https:\/\/capovape.shop\/pl\/wp-json\/wp\/v2\/product\/23077\/revisions\/23083"}],"wp:featuredmedia":[{"embeddable":true,"href":"https:\/\/capovape.shop\/pl\/wp-json\/wp\/v2\/media\/23061"}],"wp:attachment":[{"href":"https:\/\/capovape.shop\/pl\/wp-json\/wp\/v2\/media?parent=23077"}],"wp:term":[{"taxonomy":"product_brand","embeddable":true,"href":"https:\/\/capovape.shop\/pl\/wp-json\/wp\/v2\/product_brand?post=23077"},{"taxonomy":"product_cat","embeddable":true,"href":"https:\/\/capovape.shop\/pl\/wp-json\/wp\/v2\/product_cat?post=23077"},{"taxonomy":"product_tag","embeddable":true,"href":"https:\/\/capovape.shop\/pl\/wp-json\/wp\/v2\/product_tag?post=23077"}],"curies":[{"name":"wp","href":"https:\/\/api.w.org\/{rel}","templated":true}]}}