{"id":22950,"date":"2025-03-07T19:11:36","date_gmt":"2025-03-07T17:11:36","guid":{"rendered":"https:\/\/capovape.shop\/?post_type=product&#038;p=22950"},"modified":"2025-05-05T21:05:50","modified_gmt":"2025-05-05T19:05:50","slug":"elf-bar-cr8000-cherry-lime-5-nic","status":"publish","type":"product","link":"https:\/\/capovape.shop\/pl\/produkt\/elf-bar-cr8000-cherry-lime-5-nic\/","title":{"rendered":"Elf Bar CR8000 - Cherry Lime (5% nic)"},"content":{"rendered":"<p>Elf Bar CR8000 - Cherry Lime.<\/p>\n<h2>Kup Elf Bar CR8000 Cherry Lime w Polsce<\/h2>\n<p><strong>Elf Bar CR8000 - Cherry Lime <\/strong>- to stylowe i nowoczesne urz\u0105dzenie jednorazowego u\u017cytku zaprojektowane dla tych, kt\u00f3rzy ceni\u0105 sobie wygod\u0119, jako\u015b\u0107 i intensywne smaki. Dzi\u0119ki baterii o du\u017cej pojemno\u015bci i wst\u0119pnie nape\u0142nionemu wk\u0142adowi urz\u0105dzenie zapewnia do 8000 zaci\u0105gni\u0119\u0107, co czyni go idealnym do d\u0142ugotrwa\u0142ego u\u017cytkowania. Kompaktowa i ergonomiczna konstrukcja pozwala na wygodne przenoszenie urz\u0105dzenia, a innowacyjny system dostarczania smaku zapewnia czysto\u015b\u0107 i g\u0142\u0119bi\u0119 smaku w ka\u017cdym zaci\u0105gni\u0119ciu.<\/p>\n<p><strong data-start=\"616\" data-end=\"634\">Elf Bar CR8000<\/strong> charakteryzuje si\u0119 p\u0142ynnym zaci\u0105ganiem i bogatym smakiem, co czyni go jedn\u0105 z najlepszych opcji w\u015br\u00f3d jednorazowych e-papieros\u00f3w. Du\u017ca pojemno\u015b\u0107 liquidu pozwala cieszy\u0107 si\u0119 wapowaniem bez konieczno\u015bci cz\u0119stej wymiany urz\u0105dzenia. Dodatkowo, urz\u0105dzenie jest wyposa\u017cone w port typu C, zapewniaj\u0105cy wygodne \u0142adowanie dla maksymalnego komfortu. Ju\u017c teraz mo\u017cesz zam\u00f3wi\u0107 Elf Bar CR8000 z dostaw\u0105 na terenie ca\u0142ej Polski i Europy!<\/p>\n<h2>Elf Bar CR8000 smaki:<\/h2>\n<ul>\n<li>Cherry Lime.<\/li>\n<li>Podw\u00f3jne jab\u0142ko<\/li>\n<li>L\u00f3d winogronowy<\/li>\n<li>Green Apple Passion Fruit Kiwi - Zielone jab\u0142ko Passion Fruit Kiwi<\/li>\n<li>Lemoniada<\/li>\n<li>Lemon Lime<\/li>\n<li>Mango Green Grape - Mango Green Grape<\/li>\n<li>Sea Breeze Mint - Mi\u0119ta Morska Bryza<\/li>\n<li>Kwa\u015bna jagoda je\u017cynowa - Kwa\u015bna jagoda je\u017cynowa<\/li>\n<\/ul>\n<h2>DOSTAWA NA TERENIE POLSKI I EUROPY<\/h2>\n<p>Zakup Elf BarCR8000 i <a href=\"https:\/\/capovape.shop\/pl\/\">inne papierosy jednorazowe<\/a>\u00a0mo\u017cna znale\u017a\u0107 w naszym sklepie internetowym. Wsp\u00f3\u0142pracujemy bezpo\u015brednio z producentem, co pozwala nam zagwarantowa\u0107 wysok\u0105 jako\u015b\u0107 i najbardziej przyst\u0119pne ceny.\u00a0<strong>Dostawa jest dost\u0119pna na terenie ca\u0142ej Polski i Europy.<\/strong><\/p>\n<p>Szeroki wyb\u00f3r e-papieros\u00f3w, liquid\u00f3w i akcesori\u00f3w czeka na Ciebie w naszym sklepie internetowym! Jeste\u015bmy dumni z tego, \u017ce oferujemy najlepsze produkty na rynku. Zapewni\u0105 ci one wszystko, czego potrzebujesz do przyjemnego wapowania. Mamy ponad trzy dekady do\u015bwiadczenia i ponad 5000 zadowolonych klient\u00f3w. Stali\u015bmy si\u0119 jednym z lider\u00f3w na rynku papieros\u00f3w elektronicznych. Nasz sklep oferuje szerok\u0105 gam\u0119 jednorazowych produkt\u00f3w premium, w tym ponad 100 smak\u00f3w. Dost\u0119pno\u015b\u0107 jest stale aktualizowana, aby zadowoli\u0107 nawet najbardziej wyrafinowanych vaper\u00f3w.<\/p>\n<h4>Charakterystyka:<\/h4>\n<p><strong>Smak:\u00a0<\/strong>Jasne po\u0142\u0105czenie s\u0142odkiej wi\u015bni i orze\u017awiaj\u0105cej limonki z lekk\u0105 kwasowo\u015bci\u0105. Ten smak zapewnia orze\u017awiaj\u0105cy efekt i bogaty owocowy posmak.<\/p>\n<p><strong>Zakres:<\/strong> 10 ml<\/p>\n<p><strong>Si\u0142a nikotyny:<\/strong>\u00a050 mg (5%)<\/p>\n<p><strong>\u0415<\/strong><strong>pojemno\u015b\u0107 akumulatora:<\/strong> 650 mAh<\/p>\n<p><strong>Op\u0142ata:<\/strong>\u00a0Typ-C<\/p>","protected":false},"excerpt":{"rendered":"<p>Elf Bar CR8000 &#8212; Cherry Lime (\u0412\u0438\u0448\u043d\u044f \u041b\u0430\u0439\u043c). \u041a\u0443\u043f\u0438\u0442\u044c Elf Bar CR8000 Cherry Lime \u0432 \u041f\u043e\u043b\u044c\u0448\u0435 Elf Bar CR8000 &#8212;<\/p>","protected":false},"featured_media":22941,"template":"","meta":{"om_disable_all_campaigns":false,"_monsterinsights_skip_tracking":false,"_monsterinsights_sitenote_active":false,"_monsterinsights_sitenote_note":"","_monsterinsights_sitenote_category":0,"_uf_show_specific_survey":0,"_uf_disable_surveys":false},"product_brand":[],"product_cat":[134],"product_tag":[],"class_list":{"0":"post-22950","1":"product","2":"type-product","3":"status-publish","4":"has-post-thumbnail","6":"product_cat-elf-bar-cr8000","8":"first","9":"outofstock","10":"shipping-taxable","11":"purchasable","12":"product-type-simple"},"aioseo_notices":[],"jetpack_sharing_enabled":true,"_links":{"self":[{"href":"https:\/\/capovape.shop\/pl\/wp-json\/wp\/v2\/product\/22950","targetHints":{"allow":["GET"]}}],"collection":[{"href":"https:\/\/capovape.shop\/pl\/wp-json\/wp\/v2\/product"}],"about":[{"href":"https:\/\/capovape.shop\/pl\/wp-json\/wp\/v2\/types\/product"}],"version-history":[{"count":2,"href":"https:\/\/capovape.shop\/pl\/wp-json\/wp\/v2\/product\/22950\/revisions"}],"predecessor-version":[{"id":23011,"href":"https:\/\/capovape.shop\/pl\/wp-json\/wp\/v2\/product\/22950\/revisions\/23011"}],"wp:featuredmedia":[{"embeddable":true,"href":"https:\/\/capovape.shop\/pl\/wp-json\/wp\/v2\/media\/22941"}],"wp:attachment":[{"href":"https:\/\/capovape.shop\/pl\/wp-json\/wp\/v2\/media?parent=22950"}],"wp:term":[{"taxonomy":"product_brand","embeddable":true,"href":"https:\/\/capovape.shop\/pl\/wp-json\/wp\/v2\/product_brand?post=22950"},{"taxonomy":"product_cat","embeddable":true,"href":"https:\/\/capovape.shop\/pl\/wp-json\/wp\/v2\/product_cat?post=22950"},{"taxonomy":"product_tag","embeddable":true,"href":"https:\/\/capovape.shop\/pl\/wp-json\/wp\/v2\/product_tag?post=22950"}],"curies":[{"name":"wp","href":"https:\/\/api.w.org\/{rel}","templated":true}]}}