{"id":22111,"date":"2024-11-27T19:26:18","date_gmt":"2024-11-27T17:26:18","guid":{"rendered":"https:\/\/capovape.shop\/?post_type=product&#038;p=22111"},"modified":"2025-06-14T19:25:35","modified_gmt":"2025-06-14T17:25:35","slug":"hqd-glaze-12000-lush-ice-5-nic","status":"publish","type":"product","link":"https:\/\/capovape.shop\/pl\/produkt\/hqd-glaze-12000-lush-ice-5-nic\/","title":{"rendered":"HQD Glaze 12000 - Lush Ice (5% nic)"},"content":{"rendered":"<p>HQD Glaze 12000 - Lush Ice (Watermelon Ice).<\/p>\n<h2>Kup HQD Glaze 12000 - Lush Ice w Polsce<\/h2>\n<p><strong>HQD Glaze 12000 - Lush Ice <\/strong>- to stylowe i nowoczesne urz\u0105dzenie jednorazowego u\u017cytku zaprojektowane z my\u015bl\u0105 o prawdziwej przyjemno\u015bci z waporyzacji. Jest ono zaprojektowane na 12 000 zaci\u0105gni\u0119\u0107 i posiada mocn\u0105 bateri\u0119, kt\u00f3ra zapewnia d\u0142ugotrwa\u0142e u\u017cytkowanie bez konieczno\u015bci \u0142adowania. Du\u017ca obj\u0119to\u015b\u0107 p\u0142ynu i innowacyjny system dostarczania smaku zapewniaj\u0105 bogate smaki i g\u0142adk\u0105 par\u0119 przy ka\u017cdym wdechu.<\/p>\n<p>Ergonomiczna konstrukcja i kompaktowe wymiary sprawiaj\u0105, \u017ce <a href=\"https:\/\/capovape.shop\/pl\/product-category\/hqd\/hqd-glaze-12000\/\"><strong>HQD Glaze 12000<\/strong><\/a> wygodny w u\u017cyciu w ka\u017cdym \u015brodowisku. R\u00f3\u017cnorodno\u015b\u0107 smak\u00f3w pozwala dobra\u0107 idealny aromat do ka\u017cdego nastroju, a jako\u015b\u0107 wykonania urz\u0105dzenia spe\u0142nia najwy\u017csze standardy. To \u015bwietne rozwi\u0105zanie zar\u00f3wno dla pocz\u0105tkuj\u0105cych, jak i do\u015bwiadczonych waper\u00f3w, kt\u00f3rzy ceni\u0105 sobie wygod\u0119 i wyraziste wra\u017cenia smakowe. HQD Glaze 12000 mo\u017cna zam\u00f3wi\u0107 w zestawie z <strong data-entity-type=\"MessageEntityBold\">darmowa dostawa od 200 z\u0142<\/strong>\u00a0do dowolnego miasta w Polsce.<\/p>\n<h2>FlavoursHQD Glaze 12000:<\/h2>\n<ul>\n<li><strong>Arbuz truskawkowy<\/strong> - Arbuz truskawkowy<\/li>\n<li><strong>Czarny l\u00f3d<\/strong> - Blackberry Ice<\/li>\n<li><strong>Ice Mint<\/strong> - Ice Mint<\/li>\n<li><strong>Arbuz Bubblegum<\/strong> - Guma arbuzowa<\/li>\n<li><strong>Winogrono<\/strong> - Winogrona<\/li>\n<li><strong>Czarny Smok<\/strong> - Bor\u00f3wka Pitahaya<\/li>\n<li><strong>Lush Ice<\/strong> - Arbuzowy l\u00f3d<\/li>\n<li><strong>Blue Razz Ice<\/strong> - Blue Raspberry Ice<\/li>\n<li><strong>Jagoda<\/strong> - Jagody<\/li>\n<li><strong>Malina z cytryn\u0105<\/strong> - Malina z cytryn\u0105<\/li>\n<li><strong>Truskawka Kiwi<\/strong> - Truskawka Kiwi<\/li>\n<li><strong>L\u00f3d brzoskwiniowy<\/strong> - L\u00f3d brzoskwiniowy<\/li>\n<li><strong>Banan truskawkowy<\/strong> - Banan truskawkowy<\/li>\n<li><strong>Mi\u0119ta cytrynowa<\/strong> - Mi\u0119ta cytrynowa<\/li>\n<li><strong>Tripple Berry<\/strong> - Potr\u00f3jne jagody<\/li>\n<\/ul>\n<h2>DOSTAWA NA TERENIE POLSKI I EUROPY<\/h2>\n<p>Zakup HQD Glaze 12000 i <a href=\"https:\/\/capovape.shop\/pl\/\">inne papierosy jednorazowe<\/a>\u00a0mo\u017cna znale\u017a\u0107 w naszym sklepie internetowym. Wsp\u00f3\u0142pracujemy bezpo\u015brednio z producentem, co pozwala nam zagwarantowa\u0107 wysok\u0105 jako\u015b\u0107 i najbardziej przyst\u0119pne ceny.\u00a0<strong>Dostawa jest dost\u0119pna na terenie ca\u0142ej Polski i Europy.<\/strong><\/p>\n<p>Szeroki wyb\u00f3r e-papieros\u00f3w, liquid\u00f3w i akcesori\u00f3w czeka na Ciebie w naszym sklepie internetowym! Jeste\u015bmy dumni z tego, \u017ce oferujemy najlepsze produkty na rynku. Zapewni\u0105 ci one wszystko, czego potrzebujesz do przyjemnego wapowania. Mamy ponad trzy dekady do\u015bwiadczenia i ponad 5000 zadowolonych klient\u00f3w. Stali\u015bmy si\u0119 jednym z lider\u00f3w na rynku papieros\u00f3w elektronicznych. Nasz sklep oferuje szerok\u0105 gam\u0119 jednorazowych produkt\u00f3w premium, w tym ponad 100 smak\u00f3w. Dost\u0119pno\u015b\u0107 jest stale aktualizowana, aby zadowoli\u0107 nawet najbardziej wyrafinowanych vaper\u00f3w.<\/p>\n<h4>Charakterystyka:<\/h4>\n<p><strong>Smak:\u00a0<\/strong>S\u0142odki i soczysty arbuz w po\u0142\u0105czeniu z lodowatym ch\u0142odem. Ta mieszanka jest orze\u017awiaj\u0105ca i pe\u0142na energii.<\/p>\n<p><strong>Zakres:<\/strong> 20 ml<\/p>\n<p><strong>Si\u0142a nikotyny:<\/strong>\u00a050 mg (5%)<\/p>\n<p><strong>\u0415<\/strong><strong>pojemno\u015b\u0107 akumulatora:<\/strong> 650 mAh<\/p>\n<p><strong>Op\u0142ata:<\/strong>\u00a0Typ-C<\/p>","protected":false},"excerpt":{"rendered":"<p><strong>HQD Glaze 12000<\/strong> - Nowoczesne urz\u0105dzenie jednorazowego u\u017cytku z bateri\u0105 o du\u017cej pojemno\u015bci i bogatymi smakami do 12 000 zaci\u0105gni\u0119\u0107. Kompaktowa i stylowa konstrukcja w po\u0142\u0105czeniu z \u0142atwo\u015bci\u0105 u\u017cytkowania sprawia, \u017ce jest to idealny wyb\u00f3r dla kolorowych i wygodnych wra\u017ce\u0144 z waporyzacji.<\/p>","protected":false},"featured_media":22095,"template":"","meta":{"om_disable_all_campaigns":false,"_monsterinsights_skip_tracking":false,"_monsterinsights_sitenote_active":false,"_monsterinsights_sitenote_note":"","_monsterinsights_sitenote_category":0,"_uf_show_specific_survey":0,"_uf_disable_surveys":false},"product_brand":[],"product_cat":[133],"product_tag":[],"class_list":{"0":"post-22111","1":"product","2":"type-product","3":"status-publish","4":"has-post-thumbnail","6":"product_cat-hqd-glaze-12000","8":"first","9":"outofstock","10":"shipping-taxable","11":"purchasable","12":"product-type-simple"},"aioseo_notices":[],"jetpack_sharing_enabled":true,"_links":{"self":[{"href":"https:\/\/capovape.shop\/pl\/wp-json\/wp\/v2\/product\/22111","targetHints":{"allow":["GET"]}}],"collection":[{"href":"https:\/\/capovape.shop\/pl\/wp-json\/wp\/v2\/product"}],"about":[{"href":"https:\/\/capovape.shop\/pl\/wp-json\/wp\/v2\/types\/product"}],"version-history":[{"count":1,"href":"https:\/\/capovape.shop\/pl\/wp-json\/wp\/v2\/product\/22111\/revisions"}],"predecessor-version":[{"id":22121,"href":"https:\/\/capovape.shop\/pl\/wp-json\/wp\/v2\/product\/22111\/revisions\/22121"}],"wp:featuredmedia":[{"embeddable":true,"href":"https:\/\/capovape.shop\/pl\/wp-json\/wp\/v2\/media\/22095"}],"wp:attachment":[{"href":"https:\/\/capovape.shop\/pl\/wp-json\/wp\/v2\/media?parent=22111"}],"wp:term":[{"taxonomy":"product_brand","embeddable":true,"href":"https:\/\/capovape.shop\/pl\/wp-json\/wp\/v2\/product_brand?post=22111"},{"taxonomy":"product_cat","embeddable":true,"href":"https:\/\/capovape.shop\/pl\/wp-json\/wp\/v2\/product_cat?post=22111"},{"taxonomy":"product_tag","embeddable":true,"href":"https:\/\/capovape.shop\/pl\/wp-json\/wp\/v2\/product_tag?post=22111"}],"curies":[{"name":"wp","href":"https:\/\/api.w.org\/{rel}","templated":true}]}}