{"id":21819,"date":"2024-11-02T22:46:39","date_gmt":"2024-11-02T20:46:39","guid":{"rendered":"https:\/\/capovape.shop\/?post_type=product&#038;p=21819"},"modified":"2025-01-09T14:27:01","modified_gmt":"2025-01-09T12:27:01","slug":"vozol-vista-20000-sour-apple-ice-5-nic","status":"publish","type":"product","link":"https:\/\/capovape.shop\/pl\/produkt\/vozol-vista-20000-sour-apple-ice-5-nic\/","title":{"rendered":"Vozol Vista 20000 - Sour Apple Ice (5% nic)"},"content":{"rendered":"<p>Vozol Vista 20000 - Sour Apple Ice.<\/p>\n<h2>Kup Vozol Vista 20000 - L\u00f3d z kwa\u015bnego jab\u0142ka w Polsce<\/h2>\n<p><strong>Vozol Vista 20000 Sour Apple Ice<\/strong> - to innowacyjne urz\u0105dzenie jednorazowego u\u017cytku z zaawansowanym systemem dostarczania smaku, zaprojektowane z my\u015bl\u0105 o d\u0142ugotrwa\u0142ym u\u017cytkowaniu i bogatym do\u015bwiadczeniu waporyzacji. \u0141\u0105cz\u0105c kompaktow\u0105 konstrukcj\u0119 z bateri\u0105 i wk\u0142adem o du\u017cej pojemno\u015bci, Vozol Vista 20000 zapewnia do 20 000 zaci\u0105gni\u0119\u0107 bez konieczno\u015bci \u0142adowania. Urz\u0105dzenie to gwarantuje czysty i jasny smak dzi\u0119ki najnowszej technologii, pozwalaj\u0105c cieszy\u0107 si\u0119 ulubionymi smakami tak d\u0142ugo, jak to mo\u017cliwe.<\/p>\n<p>Elegancka i wygodna obudowa <strong>Vozol Vista 20000<\/strong> sprawia, \u017ce jest to idealny wyb\u00f3r dla os\u00f3b ceni\u0105cych wygod\u0119 i styl. Dzi\u0119ki r\u00f3\u017cnorodno\u015bci smak\u00f3w, ka\u017cdy u\u017cytkownik b\u0119dzie w stanie znale\u017a\u0107 smak odpowiadaj\u0105cy jego nastrojowi i preferencjom, a wysoka moc urz\u0105dzenia gwarantuje obfite zaci\u0105gni\u0119cia z g\u0142\u0119bokim transferem smaku. Niezast\u0105piony wyb\u00f3r zar\u00f3wno dla pocz\u0105tkuj\u0105cych, jak i do\u015bwiadczonych vaper\u00f3w, kt\u00f3rzy pragn\u0105 pierwszorz\u0119dnych wra\u017ce\u0144 w kompaktowym formacie. Vozol Vista 20000 mo\u017cna zam\u00f3wi\u0107 z <strong data-entity-type=\"MessageEntityBold\">darmowa dostawa od 200 z\u0142<\/strong>\u00a0do dowolnego miasta w Polsce.<\/p>\n<h2>Vozol Vista 20000 smak\u00f3w:<\/h2>\n<ul>\n<li><strong>L\u00f3d z kwa\u015bnego jab\u0142ka<\/strong> - L\u00f3d z kwa\u015bnego jab\u0142ka<\/li>\n<li><strong>Miami Mint<\/strong> - Mi\u0119ta<\/li>\n<li><strong>Arbuzowa guma balonowa<\/strong> - Guma arbuzowa<\/li>\n<li><strong>Mango truskawkowe<\/strong> - Mango truskawkowe<\/li>\n<li><strong>Arbuz malinowy<\/strong> - Arbuz malinowy<\/li>\n<li><strong>Mango Ice<\/strong> - Mango Ice<\/li>\n<li><strong>Lavafire<\/strong> - Truskawka Ananas Kokos<\/li>\n<li><strong>Blue Razz Ice<\/strong> - Blue Raspberry Ice<\/li>\n<li><strong>Jagody mieszane<\/strong> - Mieszanka jag\u00f3d<\/li>\n<li><strong>Truskawka Malina Wi\u015bnia<\/strong> - Truskawka Malina Wi\u015bnia<\/li>\n<li><strong>Smoczy owoc Banan Wi\u015bnia<\/strong> - Pitahaya Banana Cherry<\/li>\n<\/ul>\n<h2>DOSTAWA NA TERENIE POLSKI I EUROPY<\/h2>\n<p>Zakup Vozol Vista 20000 i <a href=\"https:\/\/capovape.shop\/pl\/\">inne papierosy jednorazowe<\/a>\u00a0mo\u017cna znale\u017a\u0107 w naszym sklepie internetowym. Wsp\u00f3\u0142pracujemy bezpo\u015brednio z producentem, co pozwala nam zagwarantowa\u0107 wysok\u0105 jako\u015b\u0107 i najbardziej przyst\u0119pne ceny.\u00a0<strong>Dostawa jest dost\u0119pna na terenie ca\u0142ej Polski i Europy.<\/strong><\/p>\n<p>Szeroki wyb\u00f3r e-papieros\u00f3w, liquid\u00f3w i akcesori\u00f3w czeka na Ciebie w naszym sklepie internetowym! Jeste\u015bmy dumni z tego, \u017ce oferujemy najlepsze produkty na rynku. Zapewni\u0105 ci one wszystko, czego potrzebujesz do przyjemnego wapowania. Mamy ponad trzy dekady do\u015bwiadczenia i ponad 5000 zadowolonych klient\u00f3w. Stali\u015bmy si\u0119 jednym z lider\u00f3w na rynku e-papieros\u00f3w. Nasz sklep oferuje szerok\u0105 gam\u0119 jednorazowych produkt\u00f3w premium, w tym ponad 100 smak\u00f3w. Dost\u0119pno\u015b\u0107 jest stale aktualizowana, aby zadowoli\u0107 nawet najbardziej wyrafinowanych vaper\u00f3w.<\/p>\n<h4>Charakterystyka:<\/h4>\n<p><strong>Smak:<\/strong> Jasny smak kwa\u015bnego zielonego jab\u0142ka z orze\u017awiaj\u0105cym lodowatym posmakiem. Ta mieszanka zapewnia orze\u017awiaj\u0105ce po\u0142\u0105czenie kwaskowato\u015bci i ch\u0142odu.<\/p>\n<p><strong>Zakres:<\/strong>\u00a020 ml<\/p>\n<p><strong>Si\u0142a nikotyny:<\/strong>\u00a050 mg (5%)<\/p>\n<p><strong>Pojemno\u015b\u0107 akumulatora:<\/strong> 650 mAh<\/p>\n<p><strong>Op\u0142ata:<\/strong>\u00a0Typ-C<\/p>","protected":false},"excerpt":{"rendered":"<p><strong>Vozol Vista 20000<\/strong> - Stylowe i wytrzyma\u0142e urz\u0105dzenie jednorazowego u\u017cytku z 20 000 zaci\u0105gni\u0119\u0107, bogatymi smakami i mocn\u0105 bateri\u0105 zapewniaj\u0105c\u0105 d\u0142ugotrwa\u0142e u\u017cytkowanie. Kompaktowy i wygodny, Vozol Vista 20000 zapewnia czysty smak i komfortowe doznania podczas waporyzacji ka\u017cdego dnia.<\/p>","protected":false},"featured_media":21827,"template":"","meta":{"om_disable_all_campaigns":false,"_monsterinsights_skip_tracking":false,"_monsterinsights_sitenote_active":false,"_monsterinsights_sitenote_note":"","_monsterinsights_sitenote_category":0,"_uf_show_specific_survey":0,"_uf_disable_surveys":false},"product_brand":[],"product_cat":[131],"product_tag":[],"class_list":{"0":"post-21819","1":"product","2":"type-product","3":"status-publish","4":"has-post-thumbnail","6":"product_cat-vozol-vista-20000","8":"first","9":"outofstock","10":"shipping-taxable","11":"purchasable","12":"product-type-simple"},"aioseo_notices":[],"jetpack_sharing_enabled":true,"_links":{"self":[{"href":"https:\/\/capovape.shop\/pl\/wp-json\/wp\/v2\/product\/21819","targetHints":{"allow":["GET"]}}],"collection":[{"href":"https:\/\/capovape.shop\/pl\/wp-json\/wp\/v2\/product"}],"about":[{"href":"https:\/\/capovape.shop\/pl\/wp-json\/wp\/v2\/types\/product"}],"version-history":[{"count":2,"href":"https:\/\/capovape.shop\/pl\/wp-json\/wp\/v2\/product\/21819\/revisions"}],"predecessor-version":[{"id":21836,"href":"https:\/\/capovape.shop\/pl\/wp-json\/wp\/v2\/product\/21819\/revisions\/21836"}],"wp:featuredmedia":[{"embeddable":true,"href":"https:\/\/capovape.shop\/pl\/wp-json\/wp\/v2\/media\/21827"}],"wp:attachment":[{"href":"https:\/\/capovape.shop\/pl\/wp-json\/wp\/v2\/media?parent=21819"}],"wp:term":[{"taxonomy":"product_brand","embeddable":true,"href":"https:\/\/capovape.shop\/pl\/wp-json\/wp\/v2\/product_brand?post=21819"},{"taxonomy":"product_cat","embeddable":true,"href":"https:\/\/capovape.shop\/pl\/wp-json\/wp\/v2\/product_cat?post=21819"},{"taxonomy":"product_tag","embeddable":true,"href":"https:\/\/capovape.shop\/pl\/wp-json\/wp\/v2\/product_tag?post=21819"}],"curies":[{"name":"wp","href":"https:\/\/api.w.org\/{rel}","templated":true}]}}