{"id":21759,"date":"2024-11-02T21:00:52","date_gmt":"2024-11-02T19:00:52","guid":{"rendered":"https:\/\/capovape.shop\/?post_type=product&#038;p=21759"},"modified":"2026-03-22T16:29:56","modified_gmt":"2026-03-22T14:29:56","slug":"elf-bar-raya-d1-grape-ice-5-nic-2","status":"publish","type":"product","link":"https:\/\/capovape.shop\/pl\/produkt\/elf-bar-raya-d1-grape-ice-5-nic-2\/","title":{"rendered":"Elf Bar RAYA D3 - Grape Ice (5% nic)"},"content":{"rendered":"<p>Elf Bar RAYA D3 - Grape Ice.<\/p>\n<h2>Kup Elf Bar RAYA D3 Grape Ice w Polsce<\/h2>\n<p><strong>Elf Bar RAYA D3 Grape Ice<\/strong>\u00a0- to kompaktowe i stylowe urz\u0105dzenie, kt\u00f3re \u0142\u0105czy w sobie najnowsz\u0105 technologi\u0119 i przyjazn\u0105 dla u\u017cytkownika konstrukcj\u0119, aby zapewni\u0107 nieskazitelne wra\u017cenia z waporyzacji. Wyposa\u017cony w pot\u0119\u017cn\u0105 bateri\u0119, kt\u00f3ra utrzymuje urz\u0105dzenie przez d\u0142ugi czas i du\u017c\u0105 obj\u0119to\u015b\u0107 p\u0142ynu, pozwalaj\u0105c cieszy\u0107 si\u0119 ulubionymi smakami bez cz\u0119stego \u0142adowania lub wymiany wk\u0142adu. Wygodna obudowa i niewielka waga sprawiaj\u0105, \u017ce Elf Bar RAYA D3 jest idealnym towarzyszem do codziennego u\u017cytku, zapewniaj\u0105c komfort i \u0142atwo\u015b\u0107 u\u017cytkowania.<\/p>\n<p>To urz\u0105dzenie zosta\u0142o stworzone dla tych, kt\u00f3rzy ceni\u0105 sobie r\u00f3\u017cnorodno\u015b\u0107 i czysto\u015b\u0107 smak\u00f3w. Elf Bar RAYA D3 \u0142\u0105czy w sobie bogate smaki, kt\u00f3re podkre\u015blaj\u0105 ka\u017cdy wdech, tworz\u0105c wyj\u0105tkowe doznania smakowe. Dzi\u0119ki kompaktowemu formatowi i wysokiej wydajno\u015bci, to jednorazowe urz\u0105dzenie jest idealne zar\u00f3wno dla pocz\u0105tkuj\u0105cych, jak i zaawansowanych u\u017cytkownik\u00f3w poszukuj\u0105cych stylowego i wydajnego rozwi\u0105zania do codziennego wapowania. Mo\u017cesz zam\u00f3wi\u0107 Elf Bar GH23000 od <strong data-entity-type=\"MessageEntityBold\">darmowa dostawa od 200 z\u0142<\/strong>\u00a0do dowolnego miasta w Polsce.<\/p>\n<h2>Elf Bar RAYA D3 smaki:<\/h2>\n<ul>\n<li><strong>Alpine Mint<\/strong> - Alpine Mint<\/li>\n<li><strong>L\u00f3d jagodowy<\/strong> - L\u00f3d jagodowy<\/li>\n<li><strong>Bor\u00f3wka Malina<\/strong> - Bor\u00f3wka Malina<\/li>\n<li><strong>Podw\u00f3jne jab\u0142ko<\/strong> - Podw\u00f3jne jab\u0142ko<\/li>\n<li><strong>Grape Cherry<\/strong> - Winogrona Wi\u015bnia<\/li>\n<li><strong>L\u00f3d winogronowy<\/strong> - Winogrona lodu<\/li>\n<li><strong>Kiwi Passion Fruit Guava<\/strong> - Kiwi, marakuja, guawa<\/li>\n<li><strong>Kiwi Ananas<\/strong> - Kiwi Ananas<\/li>\n<li><strong>Mango Brzoskwinia Arbuz<\/strong> - Mango Brzoskwinia Arbuz<\/li>\n<li><strong>Mango Brzoskwinia<\/strong> - Mango Brzoskwinia<\/li>\n<li><strong>Peach Berry<\/strong> - Jagody brzoskwiniowe<\/li>\n<li><strong>L\u00f3d brzoskwiniowy<\/strong> - L\u00f3d brzoskwiniowy<\/li>\n<li><strong>Winogrono truskawkowe<\/strong> - Truskawki Winogrona<\/li>\n<li><strong>VMT<\/strong> - Malinowe winogrona Tutti Frutti<\/li>\n<li><strong>Arbuzowa guma balonowa<\/strong> - Guma arbuzowa<\/li>\n<li><strong>Arbuzowy l\u00f3d<\/strong> - Arbuzowy l\u00f3d<\/li>\n<li><strong>Arbuz Cytryna<\/strong> - Arbuz Cytryna<\/li>\n<\/ul>\n<h2>DOSTAWA NA TERENIE POLSKI I EUROPY<\/h2>\n<p>Zakup Elf Bar RAYA D3 i <a href=\"https:\/\/capovape.shop\/pl\/\">inne papierosy jednorazowe<\/a>\u00a0mo\u017cna znale\u017a\u0107 w naszym sklepie internetowym. Wsp\u00f3\u0142pracujemy bezpo\u015brednio z producentem, co pozwala nam zagwarantowa\u0107 wysok\u0105 jako\u015b\u0107 i najbardziej przyst\u0119pne ceny.\u00a0<strong>Dostawa jest dost\u0119pna na terenie ca\u0142ej Polski i Europy.<\/strong><\/p>\n<p>Szeroki wyb\u00f3r e-papieros\u00f3w, liquid\u00f3w i akcesori\u00f3w czeka na Ciebie w naszym sklepie internetowym! Jeste\u015bmy dumni z tego, \u017ce oferujemy najlepsze produkty na rynku. Zapewni\u0105 ci one wszystko, czego potrzebujesz do przyjemnego wapowania. Mamy ponad trzy dekady do\u015bwiadczenia i ponad 5000 zadowolonych klient\u00f3w. Stali\u015bmy si\u0119 jednym z lider\u00f3w na rynku papieros\u00f3w elektronicznych. Nasz sklep oferuje szerok\u0105 gam\u0119 jednorazowych produkt\u00f3w premium, w tym ponad 100 smak\u00f3w. Dost\u0119pno\u015b\u0107 jest stale aktualizowana, aby zadowoli\u0107 nawet najbardziej wyrafinowanych vaper\u00f3w.<\/p>\n<h4>Charakterystyka:<\/h4>\n<p><strong>Smak:\u00a0<\/strong>Bogaty smak s\u0142odkich winogron z lodowatym efektem, kt\u00f3ry zapewnia orze\u017awiaj\u0105cy i orze\u017awiaj\u0105cy zastrzyk przy ka\u017cdym wdechu.<\/p>\n<p><strong>Zakres:<\/strong>\u00a023 ml<\/p>\n<p><strong>Si\u0142a nikotyny:<\/strong>\u00a050 mg (5%)<\/p>\n<p><strong>\u0415<\/strong><strong>pojemno\u015b\u0107 akumulatora:<\/strong>\u00a0850 mAh<\/p>\n<p><strong>Op\u0142ata:<\/strong>\u00a0Typ-C<\/p>","protected":false},"excerpt":{"rendered":"<p><strong>Elf Bar RAYA D3<\/strong> - kompaktowe urz\u0105dzenie, kt\u00f3re \u0142\u0105czy w sobie \u0142atwo\u015b\u0107 obs\u0142ugi i intensywne smaki. Dzi\u0119ki mo\u017cliwo\u015bci wyboru i \u0142\u0105czenia smak\u00f3w zapewnia wyj\u0105tkowe doznania podczas waporyzacji. Odpowiedni dla tych, kt\u00f3rzy ceni\u0105 sobie jasne kombinacje smakowe i nowoczesny design w jednym urz\u0105dzeniu.<\/p>","protected":false},"featured_media":21739,"template":"","meta":{"om_disable_all_campaigns":false,"_monsterinsights_skip_tracking":false,"_monsterinsights_sitenote_active":false,"_monsterinsights_sitenote_note":"","_monsterinsights_sitenote_category":0,"_uf_show_specific_survey":0,"_uf_disable_surveys":false},"product_brand":[],"product_cat":[130],"product_tag":[],"class_list":{"0":"post-21759","1":"product","2":"type-product","3":"status-publish","4":"has-post-thumbnail","6":"product_cat-elf-bar-raya-d3","8":"first","9":"outofstock","10":"sale","11":"shipping-taxable","12":"purchasable","13":"product-type-simple"},"aioseo_notices":[],"jetpack_sharing_enabled":true,"_links":{"self":[{"href":"https:\/\/capovape.shop\/pl\/wp-json\/wp\/v2\/product\/21759","targetHints":{"allow":["GET"]}}],"collection":[{"href":"https:\/\/capovape.shop\/pl\/wp-json\/wp\/v2\/product"}],"about":[{"href":"https:\/\/capovape.shop\/pl\/wp-json\/wp\/v2\/types\/product"}],"version-history":[{"count":2,"href":"https:\/\/capovape.shop\/pl\/wp-json\/wp\/v2\/product\/21759\/revisions"}],"predecessor-version":[{"id":21813,"href":"https:\/\/capovape.shop\/pl\/wp-json\/wp\/v2\/product\/21759\/revisions\/21813"}],"wp:featuredmedia":[{"embeddable":true,"href":"https:\/\/capovape.shop\/pl\/wp-json\/wp\/v2\/media\/21739"}],"wp:attachment":[{"href":"https:\/\/capovape.shop\/pl\/wp-json\/wp\/v2\/media?parent=21759"}],"wp:term":[{"taxonomy":"product_brand","embeddable":true,"href":"https:\/\/capovape.shop\/pl\/wp-json\/wp\/v2\/product_brand?post=21759"},{"taxonomy":"product_cat","embeddable":true,"href":"https:\/\/capovape.shop\/pl\/wp-json\/wp\/v2\/product_cat?post=21759"},{"taxonomy":"product_tag","embeddable":true,"href":"https:\/\/capovape.shop\/pl\/wp-json\/wp\/v2\/product_tag?post=21759"}],"curies":[{"name":"wp","href":"https:\/\/api.w.org\/{rel}","templated":true}]}}