{"id":21726,"date":"2024-11-02T19:20:56","date_gmt":"2024-11-02T17:20:56","guid":{"rendered":"https:\/\/capovape.shop\/?post_type=product&#038;p=21726"},"modified":"2025-01-10T12:29:15","modified_gmt":"2025-01-10T10:29:15","slug":"elf-bar-combo-25000-pink-lemonade-grapefruit-5-nic","status":"publish","type":"product","link":"https:\/\/capovape.shop\/pl\/produkt\/elf-bar-combo-25000-pink-lemonade-grapefruit-5-nic\/","title":{"rendered":"Elf Bar COMBO 20000 - Pink Lemonade &amp; Grapefruit (5% nic)"},"content":{"rendered":"<p>Elf Bar COMBO 20000 - R\u00f3\u017cowa Lemoniada i Grejpfrut.<\/p>\n<p><strong>Kup Elf Baton COMBO 20000 R\u00f3\u017cowa Lemoniada &amp; Grejpfrut w Polsce<\/strong><\/p>\n<p>Elf Bar COMBO 20000 - Pink Lemonade &amp; Grapefruit to idealne po\u0142\u0105czenie nowoczesnego designu i zaawansowanej technologii w jednym kompaktowym i stylowym urz\u0105dzeniu. Dzi\u0119ki swojej wygodzie i lekko\u015bci mo\u017cesz cieszy\u0107 si\u0119 \u017cywymi smakami w dowolnym momencie bez k\u0142opot\u00f3w. Wbudowana bateria o du\u017cej mocy i wst\u0119pnie nape\u0142niony wk\u0142ad o pojemno\u015bci 17 ml zapewniaj\u0105 do 25 000 zaci\u0105gni\u0119\u0107. Co wi\u0119cej, podw\u00f3jna cewka zapewnia bogaty i czysty smak, a \u0142adowanie typu C sprawia, \u017ce urz\u0105dzenie jest zawsze gotowe do u\u017cycia.<\/p>\n<p>Ponadto model ten jest wyposa\u017cony w funkcj\u0119 <strong>prze\u0142\u0105czanie mi\u0119dzy dwoma smakami i mo\u017cliwo\u015b\u0107 \u0142\u0105czenia ich w jeden smak<\/strong>! Ponadto w naszym asortymencie znajduj\u0105 si\u0119 produkty Elf Bar, Vozol, Solana, kt\u00f3re mo\u017cna zam\u00f3wi\u0107 z dostaw\u0105 na terenie ca\u0142ej Polski i Europy. Elfbar COMBO 20000 mo\u017cna zam\u00f3wi\u0107 z <strong data-entity-type=\"MessageEntityBold\">darmowa dostawa od 200 z\u0142<\/strong>\u00a0do dowolnego miasta w Polsce.<\/p>\n<p><strong>ELF BAR COMBO 20000 SMAK\u00d3W:<\/strong><\/p>\n<p><strong>- Jab\u0142ko i soczysta brzoskwinia<\/strong> - Jab\u0142ko i brzoskwinia<\/p>\n<p><strong>- Czarna porzeczka, malina i winogrono<\/strong> - Czarna porzeczka, malina i winogrono<\/p>\n<p><strong>- Kwa\u015bna bor\u00f3wka, malina i wi\u015bnia<\/strong> - Kwa\u015bna bor\u00f3wka, malina i wi\u015bnia<\/p>\n<p><strong>- Grape &amp; Mary Power<\/strong> - Grape &amp; Energiser<\/p>\n<p><strong>- Green Grape &amp; Grape<\/strong> - Zielone winogrona i winogrona<\/p>\n<p><strong>- Limonka i ananas<\/strong> - Limonka i ananas<\/p>\n<p><strong>- Brzoskwinia, mango i arbuz<\/strong> - Brzoskwinia, mango i arbuz<\/p>\n<p><strong>- R\u00f3\u017cowa lemoniada i grejpfrut<\/strong> - R\u00f3\u017cowa lemoniada i grejpfrut<\/p>\n<p><strong>- Arbuz i truskawka<\/strong> - Arbuz i truskawka<\/p>\n<p><strong>- Shisha zielone jab\u0142ko i podw\u00f3jne jab\u0142ko<\/strong> - Szisza Green Apple i Double Apple.<\/p>\n<h2>DOSTAWA NA TERENIE POLSKI I EUROPY<\/h2>\n<p>Zakup Elfbar COMBO 20000 i <a href=\"https:\/\/capovape.shop\/pl\/product-category\/elf-bar\/\">inne podsystemy<\/a> mo\u017cna znale\u017a\u0107 w naszym sklepie internetowym. Ponadto wsp\u00f3\u0142pracujemy bezpo\u015brednio z producentem, co pozwala nam zagwarantowa\u0107 wysok\u0105 jako\u015b\u0107 i najbardziej przyst\u0119pne ceny. <strong>Dostawa jest dost\u0119pna na terenie ca\u0142ej Polski i Europy.<\/strong><\/p>\n<p>Szeroki wyb\u00f3r e-papieros\u00f3w, liquid\u00f3w i akcesori\u00f3w czeka na Ciebie w naszym sklepie internetowym! Jeste\u015bmy dumni z tego, \u017ce oferujemy najlepsze produkty na rynku. Zapewni\u0105 ci one wszystko, czego potrzebujesz do przyjemnego wapowania. Ponadto mamy ponad trzy dekady do\u015bwiadczenia i ponad 5000 zadowolonych klient\u00f3w. Stali\u015bmy si\u0119 jednym z lider\u00f3w na rynku e-papieros\u00f3w. Nasz sklep oferuje szerok\u0105 gam\u0119 jednorazowych produkt\u00f3w premium, w tym ponad 100 smak\u00f3w, jednak ich dost\u0119pno\u015b\u0107 jest stale aktualizowana, aby zadowoli\u0107 nawet najbardziej wyrafinowanych vaper\u00f3w.<\/p>\n<h4>Charakterystyka:<\/h4>\n<p><strong>Smak:<\/strong> Lekka s\u0142odycz r\u00f3\u017cowej lemoniady po\u0142\u0105czona z orze\u017awiaj\u0105cym grejpfrutem dla tych, kt\u00f3rzy szukaj\u0105 cytrusowego zastrzyku energii.<\/p>\n<p><strong>Zakres:<\/strong> 17 ml<\/p>\n<p><strong>Si\u0142a nikotyny:<\/strong>\u00a050 mg (5%)<\/p>\n<p><strong>Pojemno\u015b\u0107 akumulatora:<\/strong> 700 mAh<\/p>\n<p><strong>Op\u0142ata:<\/strong>\u00a0typ-C<\/p>","protected":false},"excerpt":{"rendered":"<p><strong>Elf Bar COMBO 20000<\/strong> - unikalne urz\u0105dzenie, kt\u00f3re pozwala <strong>prze\u0142\u0105czanie mi\u0119dzy smakami<\/strong> lub po\u0142\u0105czy\u0107 je, aby stworzy\u0107 unikaln\u0105 mieszank\u0119. Ciesz si\u0119 r\u00f3\u017cnorodno\u015bci\u0105 smak\u00f3w w jednym kompaktowym i stylowym gad\u017cecie, w kt\u00f3rym ka\u017cde zaci\u0105gni\u0119cie zapewnia \u017cywe i intensywne doznania.<\/p>","protected":false},"featured_media":21708,"template":"","meta":{"om_disable_all_campaigns":false,"_monsterinsights_skip_tracking":false,"_monsterinsights_sitenote_active":false,"_monsterinsights_sitenote_note":"","_monsterinsights_sitenote_category":0,"_uf_show_specific_survey":0,"_uf_disable_surveys":false},"product_brand":[],"product_cat":[129],"product_tag":[],"class_list":{"0":"post-21726","1":"product","2":"type-product","3":"status-publish","4":"has-post-thumbnail","6":"product_cat-elf-bar-combo-25000","8":"first","9":"outofstock","10":"shipping-taxable","11":"purchasable","12":"product-type-simple"},"aioseo_notices":[],"jetpack_sharing_enabled":true,"_links":{"self":[{"href":"https:\/\/capovape.shop\/pl\/wp-json\/wp\/v2\/product\/21726","targetHints":{"allow":["GET"]}}],"collection":[{"href":"https:\/\/capovape.shop\/pl\/wp-json\/wp\/v2\/product"}],"about":[{"href":"https:\/\/capovape.shop\/pl\/wp-json\/wp\/v2\/types\/product"}],"version-history":[{"count":4,"href":"https:\/\/capovape.shop\/pl\/wp-json\/wp\/v2\/product\/21726\/revisions"}],"predecessor-version":[{"id":22462,"href":"https:\/\/capovape.shop\/pl\/wp-json\/wp\/v2\/product\/21726\/revisions\/22462"}],"wp:featuredmedia":[{"embeddable":true,"href":"https:\/\/capovape.shop\/pl\/wp-json\/wp\/v2\/media\/21708"}],"wp:attachment":[{"href":"https:\/\/capovape.shop\/pl\/wp-json\/wp\/v2\/media?parent=21726"}],"wp:term":[{"taxonomy":"product_brand","embeddable":true,"href":"https:\/\/capovape.shop\/pl\/wp-json\/wp\/v2\/product_brand?post=21726"},{"taxonomy":"product_cat","embeddable":true,"href":"https:\/\/capovape.shop\/pl\/wp-json\/wp\/v2\/product_cat?post=21726"},{"taxonomy":"product_tag","embeddable":true,"href":"https:\/\/capovape.shop\/pl\/wp-json\/wp\/v2\/product_tag?post=21726"}],"curies":[{"name":"wp","href":"https:\/\/api.w.org\/{rel}","templated":true}]}}