{"id":20604,"date":"2024-06-12T14:42:54","date_gmt":"2024-06-12T12:42:54","guid":{"rendered":"https:\/\/capovape.shop\/?post_type=product&#038;p=20604"},"modified":"2024-12-07T01:42:51","modified_gmt":"2024-12-06T23:42:51","slug":"vozol-star-12000-pineapple-coconut-ice-5-nic","status":"publish","type":"product","link":"https:\/\/capovape.shop\/pl\/produkt\/vozol-star-12000-pineapple-coconut-ice-5-nic\/","title":{"rendered":"Vozol Star 12000 - Pineapple Coconut Ice (5% nic)"},"content":{"rendered":"<p>Vozol Star 12000 - Pineapple Coconut Ice.<\/p>\n<h2>KUP VOZOL STAR 12000 Pineapple Coconut Ice w Polsce<\/h2>\n<p><strong>Vozol Star 12000 - L\u00f3d ananasowo-kokosowy<\/strong>\u00a0to innowacyjny jednorazowy system waporyzacji stworzony z my\u015bl\u0105 o tych, kt\u00f3rzy ceni\u0105 sobie wygod\u0119 i jako\u015b\u0107. Jego stylowy i nowoczesny design przyci\u0105ga wzrok od pierwszego wejrzenia, a kompaktowy rozmiar czyni go idealnym towarzyszem do codziennego u\u017cytku w dowolnym miejscu. Ten ultraprzeno\u015bny waporyzator jest wyposa\u017cony w pot\u0119\u017cn\u0105 bateri\u0119 650 mAh, kt\u00f3ra zapewnia d\u0142ugi czas pracy bez konieczno\u015bci \u0142adowania.<\/p>\n<p>System waporyzacji Vozol Star 12000 zapewnia bogaty smak i g\u0119ste chmury pary, pozwalaj\u0105c cieszy\u0107 si\u0119 wysokiej jako\u015bci waporyzacj\u0105 przez ca\u0142y dzie\u0144. Urz\u0105dzenie to charakteryzuje si\u0119 r\u00f3wnie\u017c \u0142atwo\u015bci\u0105 obs\u0142ugi - wystarczy je rozpakowa\u0107 i cieszy\u0107 si\u0119 jego u\u017cytkowaniem. Dzi\u0119ki r\u00f3\u017cnorodnym opcjom smakowym i solidnej konstrukcji, Vozol Star 12000 b\u0119dzie idealnym wyborem zar\u00f3wno dla pocz\u0105tkuj\u0105cych, jak i do\u015bwiadczonych vaper\u00f3w, zapewniaj\u0105c satysfakcj\u0119 z ka\u017cdego zaci\u0105gni\u0119cia. Mo\u017cesz zam\u00f3wi\u0107 Vozol Star 12000 z\u00a0<strong data-entity-type=\"MessageEntityBold\">darmowa dostawa od 200 z\u0142<\/strong>\u00a0do dowolnego miasta w Polsce.<\/p>\n<h2>Vozol Star 12000 smak\u00f3w:<\/h2>\n<ul>\n<li><strong>Blue Razz Ice\u00a0<\/strong>- Jagody mieszane z lodem<\/li>\n<li><strong>Blueberry Storm<\/strong>\u00a0- Jagody<\/li>\n<li><strong>Cool Mint<\/strong>\u00a0- Ice Mint<\/li>\n<li><strong>L\u00f3d winogronowy<\/strong>\u00a0- Winogrona lodu<\/li>\n<li><strong>Jagody mieszane<\/strong>\u00a0- Mixed Berry<\/li>\n<li><strong>Brzoskwinia Mango Arbuz<\/strong>\u00a0- Brzoskwinia Mango Arbuz<\/li>\n<li><strong>R\u00f3\u017cowa Lemoniada<\/strong>\u00a0- R\u00f3\u017cowa Lemoniada<\/li>\n<li><strong>Arbuz malinowy<\/strong>\u00a0- Arbuz malinowy<\/li>\n<li><strong>L\u00f3d z kwa\u015bnego jab\u0142ka<\/strong>\u00a0- L\u00f3d z kwa\u015bnego jab\u0142ka<\/li>\n<li><strong>Truskawka Kiwi<\/strong>\u00a0- Truskawka Kiwi<\/li>\n<li><strong>Arbuzowa guma balonowa<\/strong>\u00a0- Guma arbuzowa<\/li>\n<li><strong>Arbuzowy l\u00f3d<\/strong>\u00a0- Arbuzowy l\u00f3d<\/li>\n<li><strong>Kiwi Passion Fruit Guava\u00a0<\/strong>- Kiwi, marakuja, guawa<\/li>\n<li><strong>Lody truskawkowe<\/strong> - Lody truskawkowe<\/li>\n<li><strong>Mi\u0119ta cytrynowa<\/strong> - Mi\u0119ta cytrynowa<\/li>\n<li><strong>L\u00f3d ananasowo-kokosowy<\/strong> - L\u00f3d ananasowo-kokosowy<\/li>\n<li><strong>Cherry Lime<\/strong> - Cherry Lime<\/li>\n<li><strong>Truskawka Malina Wi\u015bnia<\/strong> - Truskawka Malina Wi\u015bnia<\/li>\n<li><strong>Smoczy owoc Banan Wi\u015bnia<\/strong> - Pitahaya Banana Cherry<\/li>\n<li><strong>Cherry Cola<\/strong> - Cherry Cola<\/li>\n<li><strong>Lemon Lime<\/strong> - Lemon Lime<\/li>\n<\/ul>\n<h2>DOSTAWA NA TERENIE POLSKI I EUROPY<\/h2>\n<p>Zakup Vozol Star 12000 i\u00a0<a href=\"https:\/\/capovape.shop\/pl\/\">inne papierosy jednorazowe<\/a>\u00a0mo\u017cna znale\u017a\u0107 w naszym sklepie internetowym. Wsp\u00f3\u0142pracujemy bezpo\u015brednio z producentem, co pozwala nam zagwarantowa\u0107 wysok\u0105 jako\u015b\u0107 i najbardziej przyst\u0119pne ceny.\u00a0<strong>Dostawa jest dost\u0119pna na terenie ca\u0142ej Polski i Europy.<\/strong><\/p>\n<p>Szeroki wyb\u00f3r e-papieros\u00f3w, liquid\u00f3w i akcesori\u00f3w czeka na Ciebie w naszym sklepie internetowym! Jeste\u015bmy dumni z tego, \u017ce oferujemy najlepsze produkty na rynku. Zapewni\u0105 ci one wszystko, czego potrzebujesz do przyjemnego wapowania. Mamy ponad trzy dekady do\u015bwiadczenia i ponad 5000 zadowolonych klient\u00f3w. Stali\u015bmy si\u0119 jednym z lider\u00f3w na rynku e-papieros\u00f3w. Nasz sklep oferuje szerok\u0105 gam\u0119 jednorazowych produkt\u00f3w premium, w tym ponad 100 smak\u00f3w. Dost\u0119pno\u015b\u0107 jest stale aktualizowana, aby zadowoli\u0107 nawet najbardziej wyrafinowanych vaper\u00f3w.<\/p>\n<h4>Charakterystyka:<\/h4>\n<p><strong>Smak:<\/strong> Egzotyczne po\u0142\u0105czenie s\u0142odkiego ananasa i delikatnego kokosa z orze\u017awiaj\u0105cym lodem. Ka\u017cdy wdech przeniesie Ci\u0119 na tropikaln\u0105 wysp\u0119.<\/p>\n<p><strong>Zakres:<\/strong>\u00a020 ml<\/p>\n<p><strong>Si\u0142a nikotyny:<\/strong>\u00a050 mg (5%)<\/p>\n<p><strong>\u0415<\/strong><strong>pojemno\u015b\u0107 akumulatora:<\/strong>\u00a0650 mAh<\/p>\n<p><strong>Op\u0142ata:<\/strong>\u00a0Typ-C<\/p>","protected":false},"excerpt":{"rendered":"<p>Vozol Star 12000 to zaawansowany jednorazowy system waporyzacji zaprojektowany z my\u015bl\u0105 o maksymalnym komforcie i przyjemno\u015bci. Jego stylowa i ergonomiczna konstrukcja sprawia, \u017ce jest \u0142atwy w u\u017cyciu, a tak\u017ce przyci\u0105ga wzrok. Wydajna bateria o pojemno\u015bci 650 mAh zapewnia d\u0142ugie godziny u\u017cytkowania bez przerw na \u0142adowanie. Dzi\u0119ki innowacyjnemu systemowi waporyzacji Vozol Star 12000 gwarantuje bogaty smak i obfite chmury pary, dzi\u0119ki czemu ka\u017cde zaci\u0105gni\u0119cie si\u0119 jest przyjemnym i satysfakcjonuj\u0105cym do\u015bwiadczeniem. \u0141atwy w u\u017cyciu - wystarczy rozpakowa\u0107 i zacz\u0105\u0107 korzysta\u0107.<\/p>","protected":false},"featured_media":20601,"template":"","meta":{"om_disable_all_campaigns":false,"_monsterinsights_skip_tracking":false,"_monsterinsights_sitenote_active":false,"_monsterinsights_sitenote_note":"","_monsterinsights_sitenote_category":0,"_uf_show_specific_survey":0,"_uf_disable_surveys":false},"product_brand":[],"product_cat":[83],"product_tag":[],"class_list":{"0":"post-20604","1":"product","2":"type-product","3":"status-publish","4":"has-post-thumbnail","6":"product_cat-vozol-star-12000","8":"first","9":"outofstock","10":"sale","11":"shipping-taxable","12":"purchasable","13":"product-type-simple"},"aioseo_notices":[],"jetpack_sharing_enabled":true,"_links":{"self":[{"href":"https:\/\/capovape.shop\/pl\/wp-json\/wp\/v2\/product\/20604","targetHints":{"allow":["GET"]}}],"collection":[{"href":"https:\/\/capovape.shop\/pl\/wp-json\/wp\/v2\/product"}],"about":[{"href":"https:\/\/capovape.shop\/pl\/wp-json\/wp\/v2\/types\/product"}],"version-history":[{"count":1,"href":"https:\/\/capovape.shop\/pl\/wp-json\/wp\/v2\/product\/20604\/revisions"}],"predecessor-version":[{"id":20605,"href":"https:\/\/capovape.shop\/pl\/wp-json\/wp\/v2\/product\/20604\/revisions\/20605"}],"wp:featuredmedia":[{"embeddable":true,"href":"https:\/\/capovape.shop\/pl\/wp-json\/wp\/v2\/media\/20601"}],"wp:attachment":[{"href":"https:\/\/capovape.shop\/pl\/wp-json\/wp\/v2\/media?parent=20604"}],"wp:term":[{"taxonomy":"product_brand","embeddable":true,"href":"https:\/\/capovape.shop\/pl\/wp-json\/wp\/v2\/product_brand?post=20604"},{"taxonomy":"product_cat","embeddable":true,"href":"https:\/\/capovape.shop\/pl\/wp-json\/wp\/v2\/product_cat?post=20604"},{"taxonomy":"product_tag","embeddable":true,"href":"https:\/\/capovape.shop\/pl\/wp-json\/wp\/v2\/product_tag?post=20604"}],"curies":[{"name":"wp","href":"https:\/\/api.w.org\/{rel}","templated":true}]}}