{"id":20382,"date":"2024-06-06T16:57:53","date_gmt":"2024-06-06T14:57:53","guid":{"rendered":"https:\/\/capovape.shop\/?post_type=product&#038;p=20382"},"modified":"2026-04-20T10:30:19","modified_gmt":"2026-04-20T08:30:19","slug":"lost-mary-mo5000-lemon-sparkling-wine-5-nic","status":"publish","type":"product","link":"https:\/\/capovape.shop\/pl\/produkt\/lost-mary-mo5000-lemon-sparkling-wine-5-nic\/","title":{"rendered":"Lost Mary MO5000 - Cytrynowe wino musuj\u0105ce (5% nic)"},"content":{"rendered":"<p>Lost Mary MO5000 - Cytrynowe wino musuj\u0105ce.<\/p>\n<h2>Kup Lost Mary MO5000 Cytrynowe Wino Musuj\u0105ce w Polsce<\/h2>\n<div class=\"chatsonic with-pre-wrap\">\n<p><strong>Lost Mary MO5000 - Cytrynowe wino musuj\u0105ce <\/strong>- to imponuj\u0105ce jednorazowe urz\u0105dzenie vape, kt\u00f3re oferuje doskona\u0142e po\u0142\u0105czenie stylu, wydajno\u015bci i u\u017cyteczno\u015bci. Wyposa\u017cony w bateri\u0119 o pojemno\u015bci 500 mAh i 10 ml p\u0142ynu vape, MO5000 zapewnia do 5000 zaci\u0105gni\u0119\u0107 na jednym \u0142adowaniu. Dzi\u0119ki zaawansowanej technologii cewek siatkowych urz\u0105dzenie gwarantuje bogaty smak przy ka\u017cdym zaci\u0105gni\u0119ciu, a przezroczysta ko\u0144c\u00f3wka pozwala wygodnie monitorowa\u0107 poziom p\u0142ynu i stan baterii.<\/p>\n<p>Lost Mary MO5000 oferuje szerok\u0105 gam\u0119 smak\u00f3w, w tym \u015bwie\u017ce owoce, ch\u0142odn\u0105 mi\u0119t\u0119, klasyczny tyto\u0144 i inne opcje, aby zaspokoi\u0107 r\u00f3\u017cnorodne preferencje smakowe vaper\u00f3w. Stylowy, ultrakompaktowy i \u0142atwy w u\u017cyciu MO5000 zosta\u0142 zaprojektowany tak, aby zadowoli\u0107 zar\u00f3wno pocz\u0105tkuj\u0105cych, jak i zaawansowanych u\u017cytkownik\u00f3w, oferuj\u0105c bezkompromisow\u0105 jako\u015b\u0107 i przyjemno\u015b\u0107 z waporyzacji. Model Lost Mary MO5000 mo\u017cna zam\u00f3wi\u0107 na stronie <strong data-entity-type=\"MessageEntityBold\">darmowa dostawa od 200 z\u0142<\/strong>\u00a0do dowolnego miasta w Polsce.<\/p>\n<h2>Flavours Lost Mary MO5000:<\/h2>\n<ul>\n<li><strong>Berry Rose Duo Ice<\/strong> - R\u00f3\u017cane jagody lodowe<\/li>\n<li><strong>Piwo imbirowe<\/strong> - Piwo imbirowe<\/li>\n<li><strong>Ginger Brown<\/strong> - Br\u0105zowy imbir<\/li>\n<li><strong>Galaretka winogronowa<\/strong> - Grape Gilet<\/li>\n<li><strong>Guava Ice<\/strong> - Guava Ice<\/li>\n<li><strong>Lemon Holiday<\/strong> - Cytrynowa uczta<\/li>\n<li><strong>Cytrynowe wino musuj\u0105ce<\/strong> - Cytrynowe wino musuj\u0105ce<\/li>\n<li><strong>Marybull<\/strong> - Energiczny<\/li>\n<li><strong>Mi\u0119ta<\/strong> - Mi\u0119ta<\/li>\n<li><strong>Czysty<\/strong> - Czysto\u015b\u0107<\/li>\n<li><strong>Sour Gami Min.<\/strong>t - Kwa\u015bne \u017celki mi\u0119towe<\/li>\n<li><strong>Truskawkowy l\u00f3d arbuzowy<\/strong> - Truskawkowy l\u00f3d arbuzowy<\/li>\n<li><strong>Mniam<\/strong> - Jagody<\/li>\n<\/ul>\n<h2>DOSTAWA NA TERENIE POLSKI I EUROPY<\/h2>\n<p>Aby kupi\u0107 Lost Mary MO5000 i <a href=\"https:\/\/capovape.shop\/pl\/\">inne papierosy jednorazowe<\/a>\u00a0mo\u017cna znale\u017a\u0107 w naszym sklepie internetowym. Wsp\u00f3\u0142pracujemy bezpo\u015brednio z producentem, co pozwala nam zagwarantowa\u0107 wysok\u0105 jako\u015b\u0107 i najbardziej przyst\u0119pne ceny.\u00a0<strong>Dostawa jest dost\u0119pna na terenie ca\u0142ej Polski i Europy.<\/strong><\/p>\n<p>Szeroki wyb\u00f3r e-papieros\u00f3w, liquid\u00f3w i akcesori\u00f3w czeka na Ciebie w naszym sklepie internetowym! Jeste\u015bmy dumni z tego, \u017ce oferujemy najlepsze produkty na rynku. Zapewni\u0105 ci one wszystko, czego potrzebujesz do przyjemnego wapowania. Mamy ponad trzy dekady do\u015bwiadczenia i ponad 5000 zadowolonych klient\u00f3w. Stali\u015bmy si\u0119 jednym z lider\u00f3w na rynku papieros\u00f3w elektronicznych. Nasz sklep oferuje szerok\u0105 gam\u0119 jednorazowych produkt\u00f3w premium, w tym ponad 100 smak\u00f3w. Dost\u0119pno\u015b\u0107 jest stale aktualizowana, aby zadowoli\u0107 nawet najbardziej wyrafinowanych vaper\u00f3w.<\/p>\n<h4>Charakterystyka:<\/h4>\n<p><strong>Smak:\u00a0<\/strong>Eleganckie po\u0142\u0105czenie \u015bwie\u017cej cytryny i wina musuj\u0105cego. Wyrafinowanie i lekko\u015b\u0107 w jednej butelce.<\/p>\n<p><strong>Zakres:<\/strong> 10 ml<\/p>\n<p><strong>Si\u0142a nikotyny:<\/strong>\u00a050 mg (5%)<\/p>\n<p><strong>\u0415<\/strong><strong>pojemno\u015b\u0107 akumulatora:<\/strong> 500 mAh<\/p>\n<p><strong>Op\u0142ata:<\/strong>\u00a0Typ-C<\/p>\n<\/div>","protected":false},"excerpt":{"rendered":"<p>Lost Mary MO5000 to elegancki i \u0142atwy w u\u017cyciu elektroniczny papieros, kt\u00f3ry oferuje r\u00f3\u017cnorodne pyszne smaki. Urz\u0105dzenie zapewnia bogate i czyste smaki dzi\u0119ki innowacyjnemu systemowi podgrzewania. Kompaktowa konstrukcja u\u0142atwia przenoszenie, a mocna bateria zapewnia d\u0142ugotrwa\u0142e u\u017cytkowanie bez konieczno\u015bci \u0142adowania. Lost Mary MO5000 jest idealny zar\u00f3wno dla pocz\u0105tkuj\u0105cych, jak i zaawansowanych u\u017cytkownik\u00f3w, kt\u00f3rzy ceni\u0105 sobie jako\u015b\u0107 i r\u00f3\u017cnorodno\u015b\u0107. Skosztuj wyj\u0105tkowych kombinacji smakowych i ciesz si\u0119 ka\u017cdym zaci\u0105gni\u0119ciem!<\/p>","protected":false},"featured_media":20362,"template":"","meta":{"om_disable_all_campaigns":false,"_monsterinsights_skip_tracking":false,"_monsterinsights_sitenote_active":false,"_monsterinsights_sitenote_note":"","_monsterinsights_sitenote_category":0,"_uf_show_specific_survey":0,"_uf_disable_surveys":false},"product_brand":[],"product_cat":[103],"product_tag":[],"class_list":{"0":"post-20382","1":"product","2":"type-product","3":"status-publish","4":"has-post-thumbnail","6":"product_cat-lost-mary-mo5000","8":"first","9":"instock","10":"shipping-taxable","11":"purchasable","12":"product-type-simple"},"aioseo_notices":[],"jetpack_sharing_enabled":true,"_links":{"self":[{"href":"https:\/\/capovape.shop\/pl\/wp-json\/wp\/v2\/product\/20382","targetHints":{"allow":["GET"]}}],"collection":[{"href":"https:\/\/capovape.shop\/pl\/wp-json\/wp\/v2\/product"}],"about":[{"href":"https:\/\/capovape.shop\/pl\/wp-json\/wp\/v2\/types\/product"}],"version-history":[{"count":1,"href":"https:\/\/capovape.shop\/pl\/wp-json\/wp\/v2\/product\/20382\/revisions"}],"predecessor-version":[{"id":20383,"href":"https:\/\/capovape.shop\/pl\/wp-json\/wp\/v2\/product\/20382\/revisions\/20383"}],"wp:featuredmedia":[{"embeddable":true,"href":"https:\/\/capovape.shop\/pl\/wp-json\/wp\/v2\/media\/20362"}],"wp:attachment":[{"href":"https:\/\/capovape.shop\/pl\/wp-json\/wp\/v2\/media?parent=20382"}],"wp:term":[{"taxonomy":"product_brand","embeddable":true,"href":"https:\/\/capovape.shop\/pl\/wp-json\/wp\/v2\/product_brand?post=20382"},{"taxonomy":"product_cat","embeddable":true,"href":"https:\/\/capovape.shop\/pl\/wp-json\/wp\/v2\/product_cat?post=20382"},{"taxonomy":"product_tag","embeddable":true,"href":"https:\/\/capovape.shop\/pl\/wp-json\/wp\/v2\/product_tag?post=20382"}],"curies":[{"name":"wp","href":"https:\/\/api.w.org\/{rel}","templated":true}]}}