{"id":20214,"date":"2024-06-01T14:37:42","date_gmt":"2024-06-01T12:37:42","guid":{"rendered":"https:\/\/capovape.shop\/?post_type=product&#038;p=20214"},"modified":"2026-04-20T18:34:11","modified_gmt":"2026-04-20T16:34:11","slug":"elf-bar-gh23000-jasmine-raspberry-5-nic","status":"publish","type":"product","link":"https:\/\/capovape.shop\/pl\/produkt\/elf-bar-gh23000-jasmine-raspberry-5-nic\/","title":{"rendered":"Elf Bar GH23000 - Jasmine Raspberry (5% nic)"},"content":{"rendered":"<p>Elf Bar GH23000 - Jasmine Raspberry.<\/p>\n<h2>Kup Elf Bar GH23000 Jasmine Raspberry w Polsce<\/h2>\n<p><strong>Elf Bar GH23000 - Jasmine Raspberry <\/strong>- to innowacyjne jednorazowe urz\u0105dzenie vape, kt\u00f3re oferuje wyj\u0105tkowe wra\u017cenia z waporyzacji dzi\u0119ki imponuj\u0105cym 23 000 zaci\u0105gni\u0119\u0107. Urz\u0105dzenie posiada zintegrowany system kontroli przep\u0142ywu powietrza i ci\u015bnienia, a tak\u017ce du\u017cy cyfrowy wy\u015bwietlacz u\u0142atwiaj\u0105cy \u015bledzenie. Elf Bar GH23000 charakteryzuje si\u0119 stylowym wygl\u0105dem z monochromatycznym niebieskim pier\u015bcieniem \u015bwietlnym, wyznaczaj\u0105c nowe standardy w jednorazowych urz\u0105dzeniach vape.<\/p>\n<p>Urz\u0105dzenie posiada znaczn\u0105 pojemno\u015b\u0107 23 ml p\u0142ynu vape i potr\u00f3jny system waporyzatora siatkowego zapewniaj\u0105cy doskona\u0142y smak i produkcj\u0119 pary. Ponadto, jego bateria o pojemno\u015bci 850 mAh jest wyposa\u017cona w szybkie \u0142adowanie typu C. Elf Bar GH23000 oferuje wyb\u00f3r 15 ekskluzywnych smak\u00f3w, co czyni go idealnym wyborem dla koneser\u00f3w wysokiej jako\u015bci waporyzacji. Mo\u017cesz zam\u00f3wi\u0107 Elf Bar GH23000 z <strong data-entity-type=\"MessageEntityBold\">darmowa dostawa od 200 z\u0142<\/strong>\u00a0do dowolnego miasta w Polsce.<\/p>\n<h2>Flavours Elf Bar GH23000:<\/h2>\n<ul>\n<li><strong>L\u00f3d winogronowy<\/strong>\u00a0- Winogrona lodu<\/li>\n<li><strong>Polar Mint<\/strong> - Mi\u0119ta<\/li>\n<li><strong>Jab\u0142ko Gruszka<\/strong> - Jab\u0142ko Gruszka<\/li>\n<li><strong>Purple Min<\/strong>t - Purple Mint<\/li>\n<li><strong>Cherry Cola<\/strong> - Cherry Cola<\/li>\n<li><strong>Blue Razz Ice<\/strong>\u00a0- Jagody mieszane z lodem<\/li>\n<li><strong>Green Apple Ice<\/strong> - Green Apple Ice<\/li>\n<li><strong>Arbuzowy l\u00f3d<\/strong>\u00a0- Arbuzowy l\u00f3d<\/li>\n<li><strong>Jasmine Raspberry<\/strong> - Jasmine Raspberry<\/li>\n<li><strong>Banan truskawkowy<\/strong>\u00a0- Banan truskawkowy<\/li>\n<li><strong>Arbuz Wi\u015bnia<\/strong> - Arbuz Wi\u015bnia<\/li>\n<li><strong>Green Plum Sour Lime<\/strong> - Green Plum Sour Lime<\/li>\n<li><strong>Kwa\u015bne cukierki arbuzowe<\/strong> - Kwa\u015bna guma arbuzowa.<\/li>\n<li><strong>Malina Arbuz Cytryna<\/strong> - Malina Arbuz Cytryna<\/li>\n<li><strong>Guma balonowa truskawkowo-arbuzowa<\/strong>\u00a0 - Guma arbuzowa truskawkowa<\/li>\n<li><strong>Arbuz Cytryna<\/strong> - Arbuz Cytryna<\/li>\n<li><strong>Mango Brzoskwinia<\/strong> - Mango Brzoskwinia<\/li>\n<li><strong>Mango Brzoskwinia Arbuz<\/strong> - Mango Brzoskwinia Arbuz<\/li>\n<li><strong>Peach Berry<\/strong> - Jagody brzoskwiniowe<\/li>\n<li><strong>Kiwi Passion Fruit Guava<\/strong> - Kiwi, marakuja, guawa<\/li>\n<li><strong>Podw\u00f3jne mango<\/strong> - Podw\u00f3jne mango<\/li>\n<li><strong>L\u00f3d brzoskwiniowy<\/strong> - L\u00f3d brzoskwiniowy<\/li>\n<li><strong>Grape Cherry<\/strong> - Winogrona Wi\u015bnia<\/li>\n<li><strong>Podw\u00f3jne jab\u0142ko<\/strong> - Podw\u00f3jne jab\u0142ko<\/li>\n<li><strong>Kiwi Pineapple Ice<\/strong> - Kiwi Pineapple Ice<\/li>\n<li><strong>Bor\u00f3wka Malina<\/strong> - Bor\u00f3wka Malina<\/li>\n<li><strong>Winogrono truskawkowe<\/strong> - Truskawki Winogrona<\/li>\n<\/ul>\n<h2>DOSTAWA NA TERENIE POLSKI I EUROPY<\/h2>\n<p>Zakup Elf Bar GH23000 i <a href=\"https:\/\/capovape.shop\/pl\/\">inne papierosy jednorazowe<\/a>\u00a0mo\u017cna znale\u017a\u0107 w naszym sklepie internetowym. Wsp\u00f3\u0142pracujemy bezpo\u015brednio z producentem, co pozwala nam zagwarantowa\u0107 wysok\u0105 jako\u015b\u0107 i najbardziej przyst\u0119pne ceny.\u00a0<strong>Dostawa jest dost\u0119pna na terenie ca\u0142ej Polski i Europy.<\/strong><\/p>\n<p>Szeroki wyb\u00f3r e-papieros\u00f3w, liquid\u00f3w i akcesori\u00f3w czeka na Ciebie w naszym sklepie internetowym! Jeste\u015bmy dumni z tego, \u017ce oferujemy najlepsze produkty na rynku. Zapewni\u0105 ci one wszystko, czego potrzebujesz do przyjemnego wapowania. Mamy ponad trzy dekady do\u015bwiadczenia i ponad 5000 zadowolonych klient\u00f3w. Stali\u015bmy si\u0119 jednym z lider\u00f3w na rynku papieros\u00f3w elektronicznych. Nasz sklep oferuje szerok\u0105 gam\u0119 jednorazowych produkt\u00f3w premium, w tym ponad 100 smak\u00f3w. Dost\u0119pno\u015b\u0107 jest stale aktualizowana, aby zadowoli\u0107 nawet najbardziej wyrafinowanych vaper\u00f3w.<\/p>\n<h4>Charakterystyka:<\/h4>\n<p><strong>Smak:\u00a0<\/strong>Delikatny aromat ja\u015bminu po\u0142\u0105czony z soczystymi malinami tworzy wyrafinowany smak.<\/p>\n<p><strong>Zakres:<\/strong> 23 ml<\/p>\n<p><strong>Si\u0142a nikotyny:<\/strong>\u00a050 mg (5%)<\/p>\n<p><strong>\u0415<\/strong><strong>pojemno\u015b\u0107 akumulatora:<\/strong> 850 mAh<\/p>\n<p><strong>Op\u0142ata:<\/strong>\u00a0Typ-C<\/p>","protected":false},"excerpt":{"rendered":"<p>Elf Bar GH23000 to imponuj\u0105ce jednorazowe urz\u0105dzenie vape z unikalnym systemem kontroli przep\u0142ywu powietrza i 23-mililitrow\u0105 pojemno\u015bci\u0105 na p\u0142yn vape. Jego stylowy wygl\u0105d, du\u017cy cyfrowy wy\u015bwietlacz i 15 r\u00f3\u017cnych smak\u00f3w sprawiaj\u0105, \u017ce jest to idealny wyb\u00f3r dla koneser\u00f3w wysokiej jako\u015bci waporyzacji<\/p>","protected":false},"featured_media":20262,"template":"","meta":{"om_disable_all_campaigns":false,"_monsterinsights_skip_tracking":false,"_monsterinsights_sitenote_active":false,"_monsterinsights_sitenote_note":"","_monsterinsights_sitenote_category":0,"_uf_show_specific_survey":0,"_uf_disable_surveys":false},"product_brand":[],"product_cat":[101],"product_tag":[],"class_list":{"0":"post-20214","1":"product","2":"type-product","3":"status-publish","4":"has-post-thumbnail","6":"product_cat-elf-bar-gh23000","8":"first","9":"instock","10":"sale","11":"shipping-taxable","12":"purchasable","13":"product-type-simple"},"aioseo_notices":[],"jetpack_sharing_enabled":true,"_links":{"self":[{"href":"https:\/\/capovape.shop\/pl\/wp-json\/wp\/v2\/product\/20214","targetHints":{"allow":["GET"]}}],"collection":[{"href":"https:\/\/capovape.shop\/pl\/wp-json\/wp\/v2\/product"}],"about":[{"href":"https:\/\/capovape.shop\/pl\/wp-json\/wp\/v2\/types\/product"}],"version-history":[{"count":3,"href":"https:\/\/capovape.shop\/pl\/wp-json\/wp\/v2\/product\/20214\/revisions"}],"predecessor-version":[{"id":20811,"href":"https:\/\/capovape.shop\/pl\/wp-json\/wp\/v2\/product\/20214\/revisions\/20811"}],"wp:featuredmedia":[{"embeddable":true,"href":"https:\/\/capovape.shop\/pl\/wp-json\/wp\/v2\/media\/20262"}],"wp:attachment":[{"href":"https:\/\/capovape.shop\/pl\/wp-json\/wp\/v2\/media?parent=20214"}],"wp:term":[{"taxonomy":"product_brand","embeddable":true,"href":"https:\/\/capovape.shop\/pl\/wp-json\/wp\/v2\/product_brand?post=20214"},{"taxonomy":"product_cat","embeddable":true,"href":"https:\/\/capovape.shop\/pl\/wp-json\/wp\/v2\/product_cat?post=20214"},{"taxonomy":"product_tag","embeddable":true,"href":"https:\/\/capovape.shop\/pl\/wp-json\/wp\/v2\/product_tag?post=20214"}],"curies":[{"name":"wp","href":"https:\/\/api.w.org\/{rel}","templated":true}]}}