{"id":20133,"date":"2024-05-30T19:42:30","date_gmt":"2024-05-30T17:42:30","guid":{"rendered":"https:\/\/capovape.shop\/?post_type=product&#038;p=20133"},"modified":"2025-09-05T14:09:37","modified_gmt":"2025-09-05T12:09:37","slug":"elf-bar-fs18000-peach-berry-5-nic","status":"publish","type":"product","link":"https:\/\/capovape.shop\/pl\/produkt\/elf-bar-fs18000-peach-berry-5-nic\/","title":{"rendered":"Elf Bar FS18000 - Peach Berry (5% nic)"},"content":{"rendered":"<p>Elf Bar FS18000 - Peach Berry.<\/p>\n<h2>Kup Elf Bar FS18000 Peach Berry w Polsce<\/h2>\n<p><strong>Elf Bar FS18000 - Peach Berry<\/strong> - to innowacyjne urz\u0105dzenie do waporyzacji, kt\u00f3re oferuje niesamowite po\u0142\u0105czenie intensywnego smaku i d\u0142ugotrwa\u0142ego u\u017cytkowania. Dzi\u0119ki d\u0142ugiej \u017cywotno\u015bci 18000 zaci\u0105gni\u0119\u0107 i wbudowanej baterii 800 mAh, urz\u0105dzenie to zapewnia d\u0142ugotrwa\u0142\u0105 przyjemno\u015b\u0107 z waporyzacji bez konieczno\u015bci ci\u0105g\u0142ej wymiany lub \u0142adowania.<\/p>\n<p>Zalety Elf Bar FS18000:<\/p>\n<ul>\n<li><strong>D\u0142ugotrwa\u0142e u\u017cytkowanie:<\/strong>\u00a0Dzi\u0119ki wydajnej baterii i pojemnemu zbiornikowi na p\u0142yn, Elf Bar FS18000 pozwala cieszy\u0107 si\u0119 waporyzacj\u0105 przez d\u0142ugi czas, co czyni go idealnym wyborem dla zapracowanych os\u00f3b i podr\u00f3\u017cnik\u00f3w.<\/li>\n<li><strong>Bogaty wyb\u00f3r smak\u00f3w:<\/strong> Dzi\u0119ki 16 unikalnym smakom, w tym owocowym, deserowym i klasycznym, urz\u0105dzenie Elf Bar FS18000 zaspokoi najbardziej wyrafinowane preferencje vaper\u00f3w, pozwalaj\u0105c im cieszy\u0107 si\u0119 r\u00f3\u017cnorodnymi doznaniami z waporyzacji ka\u017cdego dnia.<\/li>\n<\/ul>\n<p>Elf Bar FS18000 to idealne rozwi\u0105zanie dla tych, kt\u00f3rzy ceni\u0105 sobie intensywny smak i d\u0142ugotrwa\u0142e u\u017cytkowanie bez konieczno\u015bci cz\u0119stej wymiany i uzupe\u0142niania. Elf Bar FS18000 mo\u017cna zam\u00f3wi\u0107 w zestawie z <strong data-entity-type=\"MessageEntityBold\">darmowa dostawa od 200 z\u0142<\/strong>\u00a0do dowolnego miasta w Polsce.<\/p>\n<h2>Elf Bar FS18000 smaki:<\/h2>\n<ul>\n<li><strong>L\u00f3d brzoskwiniowy<\/strong>\u00a0- L\u00f3d brzoskwiniowy<\/li>\n<li><strong>\u017burawina<\/strong> - \u017burawina<\/li>\n<li><strong>Mi\u0119ta cytrynowa<\/strong> - Mi\u0119ta cytrynowa<\/li>\n<li><strong>Peach Berry<\/strong> - Jagody brzoskwiniowe<\/li>\n<li><strong>Grape Cherry<\/strong> - Winogrona Wi\u015bnia<\/li>\n<li><strong>L\u00f3d jagodowy<\/strong> - L\u00f3d jagodowy<\/li>\n<li><strong>Podw\u00f3jne jab\u0142ko<\/strong> -Double Apple<\/li>\n<li><strong>Winogrono Malina<\/strong> - Winogrona malinowe<\/li>\n<li><strong>Winogrono truskawkowe<\/strong> - Truskawki Winogrona<\/li>\n<li><strong>Kiwi Pineapple Ice<\/strong> - Kiwi Pineapple Ice<\/li>\n<li><strong>Arbuz Cytryna<\/strong> -Melon Lemon<\/li>\n<li><strong>Pomara\u0144czowy arbuz<\/strong> - Pomara\u0144czowy arbuz<\/li>\n<li><strong>Blueberry Razz Lemon<\/strong> - Jagoda z cytryn\u0105<\/li>\n<li><strong>Kokos z granatem<\/strong> - Kokos z granatem<\/li>\n<li><strong>Lemoniada wi\u015bniowo-brzoskwiniowa<\/strong> - Lemoniada wi\u015bniowo-brzoskwiniowa<\/li>\n<li><strong>Arbuzowa guma balonowa<\/strong> - Guma arbuzowa<\/li>\n<\/ul>\n<h2>DOSTAWA NA TERENIE POLSKI I EUROPY<\/h2>\n<p>Zakup Elf Bar FS18000 i <a href=\"https:\/\/capovape.shop\/pl\/\">inne papierosy jednorazowe<\/a>\u00a0mo\u017cna znale\u017a\u0107 w naszym sklepie internetowym. Wsp\u00f3\u0142pracujemy bezpo\u015brednio z producentem, co pozwala nam zagwarantowa\u0107 wysok\u0105 jako\u015b\u0107 i najbardziej przyst\u0119pne ceny.\u00a0<strong>Dostawa jest dost\u0119pna na terenie ca\u0142ej Polski i Europy.<\/strong><\/p>\n<p>Szeroki wyb\u00f3r e-papieros\u00f3w, liquid\u00f3w i akcesori\u00f3w czeka na Ciebie w naszym sklepie internetowym! Jeste\u015bmy dumni z tego, \u017ce oferujemy najlepsze produkty na rynku. Zapewni\u0105 ci one wszystko, czego potrzebujesz do przyjemnego wapowania. Mamy ponad trzy dekady do\u015bwiadczenia i ponad 5000 zadowolonych klient\u00f3w. Stali\u015bmy si\u0119 jednym z lider\u00f3w na rynku papieros\u00f3w elektronicznych. Nasz sklep oferuje szerok\u0105 gam\u0119 jednorazowych produkt\u00f3w premium, w tym ponad 100 smak\u00f3w. Dost\u0119pno\u015b\u0107 jest stale aktualizowana, aby zadowoli\u0107 nawet najbardziej wyrafinowanych vaper\u00f3w.<\/p>\n<h4>Charakterystyka:<\/h4>\n<p><strong>Smak: <\/strong>Soczyste po\u0142\u0105czenie brzoskwini doskonale uzupe\u0142niaj\u0105 nuty jagodowe.<\/p>\n<p><strong>Zakres:<\/strong> 22 ml<\/p>\n<p><strong>Si\u0142a nikotyny:<\/strong>\u00a050 mg (5%)<\/p>\n<p><strong>\u0415<\/strong><strong>pojemno\u015b\u0107 akumulatora:<\/strong> 800 mAh<\/p>","protected":false},"excerpt":{"rendered":"<p>Elf Bar FS18000 to najnowocze\u015bniejsze urz\u0105dzenie do waporyzacji, kt\u00f3re oferuje ponad 15 r\u00f3\u017cnych smak\u00f3w i zapewnia d\u0142ugotrwa\u0142e u\u017cytkowanie dzi\u0119ki imponuj\u0105cym 18000 zaci\u0105gni\u0119\u0107 i pot\u0119\u017cnej wbudowanej baterii 800 mAh. Stylowy i wygodny, Elf Bar FS18000 jest idealny dla tych, kt\u00f3rzy ceni\u0105 sobie przyjemno\u015b\u0107 waporyzacji w dowolnym miejscu i czasie, co czyni go najlepszym wyborem dla entuzjast\u00f3w waporyzacji wysokiej jako\u015bci.<\/p>","protected":false},"featured_media":20829,"template":"","meta":{"om_disable_all_campaigns":false,"_monsterinsights_skip_tracking":false,"_monsterinsights_sitenote_active":false,"_monsterinsights_sitenote_note":"","_monsterinsights_sitenote_category":0,"_uf_show_specific_survey":0,"_uf_disable_surveys":false},"product_brand":[],"product_cat":[99],"product_tag":[],"class_list":{"0":"post-20133","1":"product","2":"type-product","3":"status-publish","4":"has-post-thumbnail","6":"product_cat-elf-bar-fs18000","8":"first","9":"outofstock","10":"sale","11":"shipping-taxable","12":"purchasable","13":"product-type-simple"},"aioseo_notices":[],"jetpack_sharing_enabled":true,"_links":{"self":[{"href":"https:\/\/capovape.shop\/pl\/wp-json\/wp\/v2\/product\/20133","targetHints":{"allow":["GET"]}}],"collection":[{"href":"https:\/\/capovape.shop\/pl\/wp-json\/wp\/v2\/product"}],"about":[{"href":"https:\/\/capovape.shop\/pl\/wp-json\/wp\/v2\/types\/product"}],"version-history":[{"count":2,"href":"https:\/\/capovape.shop\/pl\/wp-json\/wp\/v2\/product\/20133\/revisions"}],"predecessor-version":[{"id":22353,"href":"https:\/\/capovape.shop\/pl\/wp-json\/wp\/v2\/product\/20133\/revisions\/22353"}],"wp:featuredmedia":[{"embeddable":true,"href":"https:\/\/capovape.shop\/pl\/wp-json\/wp\/v2\/media\/20829"}],"wp:attachment":[{"href":"https:\/\/capovape.shop\/pl\/wp-json\/wp\/v2\/media?parent=20133"}],"wp:term":[{"taxonomy":"product_brand","embeddable":true,"href":"https:\/\/capovape.shop\/pl\/wp-json\/wp\/v2\/product_brand?post=20133"},{"taxonomy":"product_cat","embeddable":true,"href":"https:\/\/capovape.shop\/pl\/wp-json\/wp\/v2\/product_cat?post=20133"},{"taxonomy":"product_tag","embeddable":true,"href":"https:\/\/capovape.shop\/pl\/wp-json\/wp\/v2\/product_tag?post=20133"}],"curies":[{"name":"wp","href":"https:\/\/api.w.org\/{rel}","templated":true}]}}