{"id":20003,"date":"2024-05-21T22:00:24","date_gmt":"2024-05-21T20:00:24","guid":{"rendered":"https:\/\/capovape.shop\/?post_type=product&#038;p=20003"},"modified":"2025-02-06T13:05:23","modified_gmt":"2025-02-06T11:05:23","slug":"elf-bar-bc10000-ph-watermelon-5-nic","status":"publish","type":"product","link":"https:\/\/capovape.shop\/pl\/produkt\/elf-bar-bc10000-ph-watermelon-5-nic\/","title":{"rendered":"Elf Bar BC10000 PH - Arbuz (5% nic)"},"content":{"rendered":"<p>Elf Bar BC10000 PH - Arbuz.<\/p>\n<h2>Kup Elf Bar BC10000 PH Watermelon w Polsce<\/h2>\n<p><strong>Elf Bar BC10000 PH - Arbuz <\/strong>- to urz\u0105dzenie, kt\u00f3re zaskoczy Ci\u0119 jeszcze bogatszym smakiem i niesamowit\u0105 ilo\u015bci\u0105 p\u0142ynu. W przeciwie\u0144stwie do swojego poprzednika, to urz\u0105dzenie zawiera jeszcze wi\u0119cej p\u0142ynu, zapewniaj\u0105c d\u0142ugotrwa\u0142e u\u017cytkowanie bez konieczno\u015bci ci\u0105g\u0142ej wymiany.<\/p>\n<p><strong>Zalety Elf Bar BC10000 PH:<\/strong><\/p>\n<ul>\n<li><strong>Wyd\u0142u\u017cona \u017cywotno\u015b\u0107 p\u0142ynu:<\/strong> To urz\u0105dzenie mie\u015bci znacznie wi\u0119cej p\u0142ynu ni\u017c poprzedni model, zapewniaj\u0105c d\u0142u\u017csz\u0105 przyjemno\u015b\u0107 z waporyzacji bez konieczno\u015bci cz\u0119stego uzupe\u0142niania.<\/li>\n<li><strong>Ulepszony smak:<\/strong> Dzi\u0119ki starannie zaprojektowanemu systemowi waporyzacji, Elf Bar BC10000 PH zapewnia jeszcze bogatszy i czystszy smak ulubionego aromatu.<\/li>\n<li><strong>\u0141atwo\u015b\u0107 u\u017cytkowania:<\/strong> Kompaktowy rozmiar i wygodna konstrukcja sprawiaj\u0105, \u017ce idealnie nadaje si\u0119 zar\u00f3wno do codziennego u\u017cytku, jak i podr\u00f3\u017cy.<\/li>\n<\/ul>\n<p>Elf Bar BC10000 PH to idealny wyb\u00f3r dla tych, kt\u00f3rzy ceni\u0105 sobie bogaty smak i d\u0142ugotrwa\u0142e, bezproblemowe u\u017cytkowanie. Elf Bar BC10000 PH mo\u017cna zam\u00f3wi\u0107 na stronie <strong data-entity-type=\"MessageEntityBold\">darmowa dostawa od 200 z\u0142<\/strong>\u00a0do dowolnego miasta w Polsce.<\/p>\n<h2>SMAKI ELF BAR BC10000 PH:<\/h2>\n<ul>\n<li><strong>Arbuzowa guma balonowa<\/strong> - Guma arbuzowa<\/li>\n<li><strong>Kr\u0119gle<\/strong> - Cukierki Skittles<\/li>\n<li><strong>S\u00f3l morska Cytryna<\/strong> - S\u00f3l morska Cytryna<\/li>\n<li><strong>Latte<\/strong> - Latte<\/li>\n<li><strong>Sernik<\/strong> - Sernik<\/li>\n<li aria-level=\"1\"><strong>Lody truskawkowe<\/strong> - Lody truskawkowe<\/li>\n<li><strong>Liczi<\/strong> - Liczi<\/li>\n<li><strong>Czarna porzeczka<\/strong>\u00a0- Czarna porzeczka<\/li>\n<li><strong>Ice Menthol<\/strong> - Ice Menthol<\/li>\n<li><strong>Winogrono<\/strong>\u00a0- Winogrona<\/li>\n<li><strong>Arbuz<\/strong> - Arbuz<\/li>\n<li><strong>Yakult<\/strong> - Jogurt<\/li>\n<\/ul>\n<h2>DOSTAWA NA TERENIE POLSKI I EUROPY<\/h2>\n<p>Zakup Elf Bar BC10000 PH i <a href=\"https:\/\/capovape.shop\/pl\/\">inne papierosy jednorazowe<\/a> mo\u017cna znale\u017a\u0107 w naszym sklepie internetowym. Wsp\u00f3\u0142pracujemy bezpo\u015brednio z producentem, co pozwala nam zagwarantowa\u0107 wysok\u0105 jako\u015b\u0107 i najbardziej przyst\u0119pne ceny. <strong>Dostawa jest dost\u0119pna na terenie ca\u0142ej Polski i Europy.<\/strong><\/p>\n<p>Szeroki wyb\u00f3r e-papieros\u00f3w, liquid\u00f3w i akcesori\u00f3w czeka na Ciebie w naszym sklepie internetowym! Jeste\u015bmy dumni z tego, \u017ce oferujemy najlepsze produkty na rynku. Zapewni\u0105 ci one wszystko, czego potrzebujesz do przyjemnego wapowania. Mamy ponad trzy dekady do\u015bwiadczenia i ponad 5000 zadowolonych klient\u00f3w. Stali\u015bmy si\u0119 jednym z lider\u00f3w na rynku e-papieros\u00f3w. Nasz sklep oferuje szerok\u0105 gam\u0119 jednorazowych produkt\u00f3w premium, w tym ponad 100 smak\u00f3w. Dost\u0119pno\u015b\u0107 jest stale aktualizowana, aby zadowoli\u0107 nawet najbardziej wyrafinowanych vaper\u00f3w.<\/p>\n<h4>Charakterystyka:<\/h4>\n<p><strong>Op\u0142ata:<\/strong> typ-C<\/p>\n<p><strong>Smak:<\/strong>Soczysty i s\u0142odki smak arbuza przywodzi na my\u015bl letnie wakacje i s\u0142oneczne dni.<\/p>\n<p><strong>Zakres:<\/strong> 18 ml<\/p>\n<p><strong>Si\u0142a nikotyny:<\/strong> 50 mg (5%)<\/p>\n<p><strong>Pojemno\u015b\u0107 akumulatora:<\/strong> 620 mAh<\/p>","protected":false},"excerpt":{"rendered":"<p>Elf Bar BC10000 PH to innowacyjne urz\u0105dzenie do waporyzacji, kt\u00f3re zapewnia d\u0142ugotrwa\u0142\u0105 przyjemno\u015b\u0107 z imponuj\u0105cych 10 000 zaci\u0105gni\u0119\u0107. Wyposa\u017cony w pot\u0119\u017cn\u0105 bateri\u0119 620 mAh i du\u017c\u0105 ilo\u015b\u0107 18 ml p\u0142ynu, gwarantuje d\u0142ugotrwa\u0142e u\u017cytkowanie bez konieczno\u015bci \u0142adowania. Oferuje ponad 10 unikalnych smak\u00f3w, w tym arbuzow\u0105 gum\u0119 balonow\u0105, latte, s\u00f3l morsk\u0105 z cytryn\u0105 i wiele innych, zaspokajaj\u0105c najbardziej wyszukane preferencje vaper\u00f3w. Wyposa\u017cony w zaawansowany system zapobiegania nadmiernemu wysuszeniu, Elf Bar BC10000 PH zapewnia niezmiennie g\u0142adkie i bogate zaci\u0105gni\u0119cia, eliminuj\u0105c nieprzyjemny smak przegrzania cewki. Ten elegancko zaprojektowany jednorazowy waporyzator oferuje \u0142atwo\u015b\u0107 u\u017cytkowania bez po\u015bwi\u0119cania jako\u015bci i stylu, staj\u0105c si\u0119 idealnym wyborem dla entuzjast\u00f3w waporyzacji.<\/p>","protected":false},"featured_media":19982,"template":"","meta":{"om_disable_all_campaigns":false,"_monsterinsights_skip_tracking":false,"_monsterinsights_sitenote_active":false,"_monsterinsights_sitenote_note":"","_monsterinsights_sitenote_category":0,"_uf_show_specific_survey":0,"_uf_disable_surveys":false},"product_brand":[],"product_cat":[98],"product_tag":[],"class_list":{"0":"post-20003","1":"product","2":"type-product","3":"status-publish","4":"has-post-thumbnail","6":"product_cat-elf-bar-bc10000-ph","8":"first","9":"outofstock","10":"sale","11":"shipping-taxable","12":"purchasable","13":"product-type-simple"},"aioseo_notices":[],"jetpack_sharing_enabled":true,"_links":{"self":[{"href":"https:\/\/capovape.shop\/pl\/wp-json\/wp\/v2\/product\/20003","targetHints":{"allow":["GET"]}}],"collection":[{"href":"https:\/\/capovape.shop\/pl\/wp-json\/wp\/v2\/product"}],"about":[{"href":"https:\/\/capovape.shop\/pl\/wp-json\/wp\/v2\/types\/product"}],"version-history":[{"count":1,"href":"https:\/\/capovape.shop\/pl\/wp-json\/wp\/v2\/product\/20003\/revisions"}],"predecessor-version":[{"id":20004,"href":"https:\/\/capovape.shop\/pl\/wp-json\/wp\/v2\/product\/20003\/revisions\/20004"}],"wp:featuredmedia":[{"embeddable":true,"href":"https:\/\/capovape.shop\/pl\/wp-json\/wp\/v2\/media\/19982"}],"wp:attachment":[{"href":"https:\/\/capovape.shop\/pl\/wp-json\/wp\/v2\/media?parent=20003"}],"wp:term":[{"taxonomy":"product_brand","embeddable":true,"href":"https:\/\/capovape.shop\/pl\/wp-json\/wp\/v2\/product_brand?post=20003"},{"taxonomy":"product_cat","embeddable":true,"href":"https:\/\/capovape.shop\/pl\/wp-json\/wp\/v2\/product_cat?post=20003"},{"taxonomy":"product_tag","embeddable":true,"href":"https:\/\/capovape.shop\/pl\/wp-json\/wp\/v2\/product_tag?post=20003"}],"curies":[{"name":"wp","href":"https:\/\/api.w.org\/{rel}","templated":true}]}}