{"id":18960,"date":"2024-04-27T18:03:23","date_gmt":"2024-04-27T16:03:23","guid":{"rendered":"https:\/\/capovape.shop\/?post_type=product&#038;p=18960"},"modified":"2025-02-03T11:27:32","modified_gmt":"2025-02-03T09:27:32","slug":"elf-bar-bc10000-touch-cherry-lemon-5-nic","status":"publish","type":"product","link":"https:\/\/capovape.shop\/pl\/produkt\/elf-bar-bc10000-touch-cherry-lemon-5-nic\/","title":{"rendered":"Elf Bar BC10000 Touch - Cherry Lemon (5% nic)"},"content":{"rendered":"<p>Elf Bar BC10000 Touch - Cherry Lemon<\/p>\n<h2>KUP ELF BAR BC10000 Touch w POLSCE<\/h2>\n<p>Poznaj nowe mo\u017cliwo\u015bci w \u015bwiecie waporyzacji dzi\u0119ki wyj\u0105tkowemu systemowi jednorazowych kapsu\u0142ek Elf Bar BC10000 Touch! Jest to innowacyjne rozwi\u0105zanie dla tych, kt\u00f3rzy ceni\u0105 sobie \u0142atwo\u015b\u0107 u\u017cytkowania w po\u0142\u0105czeniu z wysok\u0105 jako\u015bci\u0105 waporyzacji.<\/p>\n<p><strong>Elf Bar BC10000 Touch<\/strong>\u00a0- to po\u0142\u0105czenie eleganckiego designu i zaawansowanej technologii w ma\u0142ym i wygodnym urz\u0105dzeniu. Dzi\u0119ki niewielkim rozmiarom i lekko\u015bci mo\u017cna bez wysi\u0142ku cieszy\u0107 si\u0119 ulubionymi smakami. Elf Bar BC10000 Touch - Cherry Lemon posiada wbudowan\u0105 bateri\u0119 620 mAh zapewniaj\u0105c\u0105 d\u0142ugotrwa\u0142e u\u017cytkowanie bez konieczno\u015bci \u0142adowania urz\u0105dzenia, wst\u0119pnie nape\u0142niony wk\u0142ad 14 ml oraz ekran do regulacji si\u0142y zaci\u0105gania.<\/p>\n<p>Dzi\u0119ki zaawansowanej technologii waporyzacji Elf Bar BC10000 Touch gwarantuje bogaty smak ulubionych p\u0142yn\u00f3w, a prosty system aktywacji nie wymaga dodatkowych umiej\u0119tno\u015bci. Wystarczy rozpakowa\u0107 urz\u0105dzenie i cieszy\u0107 si\u0119 smakiem. Elf Bar BC10000 Touch mo\u017cna zam\u00f3wi\u0107 na stronie\u00a0<strong>darmowa dostawa od 200z\u0142<\/strong>\u00a0do dowolnego miasta w Polsce.<\/p>\n<p>Szeroki wyb\u00f3r e-papieros\u00f3w, liquid\u00f3w i akcesori\u00f3w czeka na Ciebie w naszym sklepie internetowym! Jeste\u015bmy dumni z tego, \u017ce oferujemy najlepsze produkty na rynku. Zapewni\u0105 ci one wszystko, czego potrzebujesz do przyjemnego wapowania. Mamy ponad trzy dekady do\u015bwiadczenia i ponad 5000 zadowolonych klient\u00f3w. Stali\u015bmy si\u0119 jednym z lider\u00f3w na rynku e-papieros\u00f3w. Nasz sklep oferuje szerok\u0105 gam\u0119 jednorazowych produkt\u00f3w premium, w tym ponad 100 smak\u00f3w. Dost\u0119pno\u015b\u0107 jest stale aktualizowana, aby zadowoli\u0107 nawet najbardziej wyrafinowanych vaper\u00f3w. Dodaj produkt do koszyka ju\u017c teraz, aby zanurzy\u0107 si\u0119 w \u015bwiecie wy\u015bmienitych smak\u00f3w i wysokiej jako\u015bci urz\u0105dze\u0144! Zapraszamy do do\u0142\u0105czenia do naszej spo\u0142eczno\u015bci vape i korzystania z ekskluzywnych ofert ju\u017c dzi\u015b!<\/p>\n<h3>DOSTAWA NA TERENIE POLSKI I EUROPY<\/h3>\n<p>Jeste\u015bmy dumni z tego, \u017ce \u015bwiadczymy us\u0142ugi dostawy na terenie ca\u0142ej Polski i Europy. Bez wzgl\u0119du na to, gdzie si\u0119 znajdujesz, zapewnimy terminow\u0105 i niezawodn\u0105 dostaw\u0119 Twojego zam\u00f3wienia. Nasz zesp\u00f3\u0142 jest zawsze gotowy odpowiedzie\u0107 na wszystkie pytania. Udzielimy r\u00f3wnie\u017c dodatkowych informacji na temat naszych produkt\u00f3w i us\u0142ug. Cenimy ka\u017cdego klienta i staramy si\u0119 zapewni\u0107 satysfakcj\u0119 i pewno\u015b\u0107 zakupu. Zam\u00f3w u nas ju\u017c dzi\u015b i przekonaj si\u0119 o jako\u015bci naszych us\u0142ug!<\/p>\n<h4>Charakterystyka:<\/h4>\n<p><strong>Smak:<\/strong> s\u0142odkie wi\u015bnie ogrodowe harmonijnie uzupe\u0142nione lekk\u0105 kwaskowato\u015bci\u0105 cytryny.<\/p>\n<p><strong>Zakres:<\/strong>\u00a014 ml<\/p>\n<p><strong>Si\u0142a nikotyny:<\/strong>\u00a050 mg (5%)<\/p>\n<p><strong>Pojemno\u015b\u0107 akumulatora:<\/strong>\u00a0620 mAh<\/p>\n<p><strong>Op\u0142ata:<\/strong>\u00a0typ-C<\/p>","protected":false},"excerpt":{"rendered":"<p>Jednorazowy system kapsu\u0142ek Elf Bar BC10000 Touch ze smakiem <strong>cytryna wi\u015bniowa<\/strong>.<\/p>","protected":false},"featured_media":18947,"template":"","meta":{"om_disable_all_campaigns":false,"_monsterinsights_skip_tracking":false,"_monsterinsights_sitenote_active":false,"_monsterinsights_sitenote_note":"","_monsterinsights_sitenote_category":0,"_uf_show_specific_survey":0,"_uf_disable_surveys":false},"product_brand":[],"product_cat":[97],"product_tag":[],"class_list":{"0":"post-18960","1":"product","2":"type-product","3":"status-publish","4":"has-post-thumbnail","6":"product_cat-elf-bar-bc10000-touch","8":"first","9":"outofstock","10":"shipping-taxable","11":"purchasable","12":"product-type-simple"},"aioseo_notices":[],"jetpack_sharing_enabled":true,"_links":{"self":[{"href":"https:\/\/capovape.shop\/pl\/wp-json\/wp\/v2\/product\/18960","targetHints":{"allow":["GET"]}}],"collection":[{"href":"https:\/\/capovape.shop\/pl\/wp-json\/wp\/v2\/product"}],"about":[{"href":"https:\/\/capovape.shop\/pl\/wp-json\/wp\/v2\/types\/product"}],"version-history":[{"count":3,"href":"https:\/\/capovape.shop\/pl\/wp-json\/wp\/v2\/product\/18960\/revisions"}],"predecessor-version":[{"id":19075,"href":"https:\/\/capovape.shop\/pl\/wp-json\/wp\/v2\/product\/18960\/revisions\/19075"}],"wp:featuredmedia":[{"embeddable":true,"href":"https:\/\/capovape.shop\/pl\/wp-json\/wp\/v2\/media\/18947"}],"wp:attachment":[{"href":"https:\/\/capovape.shop\/pl\/wp-json\/wp\/v2\/media?parent=18960"}],"wp:term":[{"taxonomy":"product_brand","embeddable":true,"href":"https:\/\/capovape.shop\/pl\/wp-json\/wp\/v2\/product_brand?post=18960"},{"taxonomy":"product_cat","embeddable":true,"href":"https:\/\/capovape.shop\/pl\/wp-json\/wp\/v2\/product_cat?post=18960"},{"taxonomy":"product_tag","embeddable":true,"href":"https:\/\/capovape.shop\/pl\/wp-json\/wp\/v2\/product_tag?post=18960"}],"curies":[{"name":"wp","href":"https:\/\/api.w.org\/{rel}","templated":true}]}}