{"id":18887,"date":"2024-04-23T13:40:32","date_gmt":"2024-04-23T11:40:32","guid":{"rendered":"https:\/\/capovape.shop\/?post_type=product&#038;p=18887"},"modified":"2025-12-22T22:29:38","modified_gmt":"2025-12-22T20:29:38","slug":"elf-bar-bc18000-grapefruit-passion-fruit-5-nic","status":"publish","type":"product","link":"https:\/\/capovape.shop\/pl\/produkt\/elf-bar-bc18000-grapefruit-passion-fruit-5-nic\/","title":{"rendered":"Elf Bar BC18000 - Grapefruit Passion Fruit (5% nic)"},"content":{"rendered":"<p>Elf Bar BC18000 - Grapefruit Passion Fruit.<\/p>\n<h2>KUP BATON ELF BC18000 GREJPFRUT MARAKUJA W POLSCE<\/h2>\n<p><strong>Elf Bar BC18000 - Grejpfrutowy owoc m\u0119czennicy <\/strong>\u00a0to uosobienie nowoczesnego designu i zaawansowanej technologii w jednym ma\u0142ym i wygodnym urz\u0105dzeniu. Dzi\u0119ki kompaktowym rozmiarom i lekkiej konstrukcji mo\u017cesz bez wysi\u0142ku cieszy\u0107 si\u0119 ulubionymi smakami. Urz\u0105dzenie posiada wbudowan\u0105 bateri\u0119 o pojemno\u015bci 650 mAh, zapewniaj\u0105c\u0105 d\u0142ugotrwa\u0142e u\u017cytkowanie bez konieczno\u015bci \u0142adowania, a tak\u017ce wst\u0119pnie nape\u0142niony wk\u0142ad o pojemno\u015bci 25 ml i podw\u00f3jn\u0105 cewk\u0119 o niesamowitym smaku. Do \u0142adowania e-papierosa mo\u017cna u\u017cy\u0107 kabla USB typu C.<\/p>\n<p>Elfbar opracowa\u0142 naprawd\u0119 atrakcyjne urz\u0105dzenie jednorazowe, kt\u00f3re spe\u0142nia wszystkie niezb\u0119dne wymagania i jest \u0142adowalne. ELFBAR BC18000 to jeden z najlepszych produkt\u00f3w w naszej ofercie, kt\u00f3ry z pewno\u015bci\u0105 przypadnie do gustu mi\u0142o\u015bnikom niecodziennych smak\u00f3w. Jest pe\u0142en niesamowitych smak\u00f3w, kt\u00f3re tworz\u0105 niepowtarzalny bukiet smakowy. Elf Bar BC18000 mo\u017cna zam\u00f3wi\u0107 z <strong data-entity-type=\"MessageEntityBold\">darmowa dostawa od 200 z\u0142<\/strong>\u00a0do dowolnego miasta w Polsce.<\/p>\n<h2>SMAKI ELF BAR BC18000:<\/h2>\n<ul>\n<li><strong>Blackberry Cherry<\/strong> - Blackberry Cherry<\/li>\n<li><strong>Blue Razz Ice<\/strong> - Jagody mieszane z lodem<\/li>\n<li><strong>Cherry Lime<\/strong> - Cherry Lime<\/li>\n<li><strong>\u017burawina winogronowa<\/strong> - Winogrona \u017burawina<\/li>\n<li><strong>L\u00f3d winogronowy<\/strong> - Winogrona lodu<\/li>\n<li><strong>Grejpfrut Marakuja<\/strong> - Grejpfrut marakuja<\/li>\n<li><strong>Kiwi Passion Fruit Guava<\/strong> - Kiwi, marakuja, guawa<\/li>\n<li><strong>Kiwi Ananas Brzoskwinia<\/strong> - Kiwi Ananas Brzoskwinia<\/li>\n<li><strong>Brzoskwinia Mango Arbuz<\/strong> - Brzoskwinia Mango Arbuz<\/li>\n<li><strong>Mi\u0119ta pieprzowa<\/strong> - Mi\u0119ta<\/li>\n<li><strong>Ananas Smoczy owoc Grejpfrut<\/strong> - Ananas Pitahaya Grejpfrut<\/li>\n<li><strong>Kwa\u015bne jab\u0142ko<\/strong> - Kwa\u015bne jab\u0142ko<\/li>\n<li><strong>Banan truskawkowy<\/strong> - Banan truskawkowy<\/li>\n<li><strong>Truskawka Kiwi<\/strong> - Truskawka Kiwi<\/li>\n<li><strong>Arbuzowy l\u00f3d<\/strong> - Arbuzowy l\u00f3d<\/li>\n<\/ul>\n<h2>DOSTAWA NA TERENIE POLSKI I EUROPY<\/h2>\n<p>Zakup Elf Bar Bc18000 i <a href=\"https:\/\/capovape.shop\/pl\/\">inne papierosy jednorazowe<\/a> mo\u017cna znale\u017a\u0107 w naszym sklepie internetowym. Wsp\u00f3\u0142pracujemy bezpo\u015brednio z producentem, co pozwala nam zagwarantowa\u0107 wysok\u0105 jako\u015b\u0107 i najbardziej przyst\u0119pne ceny. <strong>Dostawa jest dost\u0119pna na terenie ca\u0142ej Polski i Europy.<\/strong><\/p>\n<p>Szeroki wyb\u00f3r e-papieros\u00f3w, liquid\u00f3w i akcesori\u00f3w czeka na Ciebie w naszym sklepie internetowym! Jeste\u015bmy dumni z tego, \u017ce oferujemy najlepsze produkty na rynku. Zapewni\u0105 ci one wszystko, czego potrzebujesz do przyjemnego wapowania. Mamy ponad trzy dekady do\u015bwiadczenia i ponad 5000 zadowolonych klient\u00f3w. Stali\u015bmy si\u0119 jednym z lider\u00f3w na rynku e-papieros\u00f3w. Nasz sklep oferuje szerok\u0105 gam\u0119 jednorazowych produkt\u00f3w premium, w tym ponad 100 smak\u00f3w. Dost\u0119pno\u015b\u0107 jest stale aktualizowana, aby zadowoli\u0107 nawet najbardziej wyrafinowanych vaper\u00f3w.<\/p>\n<h4>Charakterystyka:<\/h4>\n<p><strong>Smak:<\/strong>\u00a0Pikantna grejpfrutowa \u015bwie\u017co\u015b\u0107 w obj\u0119ciach nami\u0119tnego owocu m\u0119czennicy przynosi burz\u0119 wibruj\u0105cych smak\u00f3w.<\/p>\n<p><strong>Zakres:<\/strong> 25 ml<\/p>\n<p><strong>Si\u0142a nikotyny:<\/strong>\u00a050 mg (5%)<\/p>\n<p><strong>Pojemno\u015b\u0107 akumulatora:<\/strong> 650 mAh<\/p>\n<p><strong>Op\u0142ata:<\/strong>\u00a0typ-C<\/p>","protected":false},"excerpt":{"rendered":"<p>Przedstawiamy jednorazowego e-papierosa Elf Bar BC18000, kt\u00f3ry \u0142\u0105czy w sobie jaskrawe kolory i niesamowity smak. To kompaktowe urz\u0105dzenie w formie dzbanka zapewni wyj\u0105tkowe doznania. Elf Bar BC18000 to innowacyjne rozwi\u0105zanie dla tych, kt\u00f3rzy ceni\u0105 sobie prostot\u0119 i jako\u015b\u0107 vapingu. Wyposa\u017cony w bateri\u0119 o pojemno\u015bci 650 mAh oraz wk\u0142ad o pojemno\u015bci 25 ml gwarantuje d\u0142ugotrwa\u0142e u\u017cytkowanie bez konieczno\u015bci \u0142adowania. Urz\u0105dzenie to jest atrakcyjnym rozwi\u0105zaniem od Elfbar, kt\u00f3re zachwyci mi\u0142o\u015bnik\u00f3w egzotycznych smak\u00f3w.<\/p>","protected":false},"featured_media":18869,"template":"","meta":{"om_disable_all_campaigns":false,"_monsterinsights_skip_tracking":false,"_monsterinsights_sitenote_active":false,"_monsterinsights_sitenote_note":"","_monsterinsights_sitenote_category":0,"_uf_show_specific_survey":0,"_uf_disable_surveys":false},"product_brand":[],"product_cat":[96],"product_tag":[],"class_list":{"0":"post-18887","1":"product","2":"type-product","3":"status-publish","4":"has-post-thumbnail","6":"product_cat-elf-bar-bc18000","8":"first","9":"instock","10":"sale","11":"shipping-taxable","12":"purchasable","13":"product-type-simple"},"aioseo_notices":[],"jetpack_sharing_enabled":true,"_links":{"self":[{"href":"https:\/\/capovape.shop\/pl\/wp-json\/wp\/v2\/product\/18887","targetHints":{"allow":["GET"]}}],"collection":[{"href":"https:\/\/capovape.shop\/pl\/wp-json\/wp\/v2\/product"}],"about":[{"href":"https:\/\/capovape.shop\/pl\/wp-json\/wp\/v2\/types\/product"}],"version-history":[{"count":3,"href":"https:\/\/capovape.shop\/pl\/wp-json\/wp\/v2\/product\/18887\/revisions"}],"predecessor-version":[{"id":19612,"href":"https:\/\/capovape.shop\/pl\/wp-json\/wp\/v2\/product\/18887\/revisions\/19612"}],"wp:featuredmedia":[{"embeddable":true,"href":"https:\/\/capovape.shop\/pl\/wp-json\/wp\/v2\/media\/18869"}],"wp:attachment":[{"href":"https:\/\/capovape.shop\/pl\/wp-json\/wp\/v2\/media?parent=18887"}],"wp:term":[{"taxonomy":"product_brand","embeddable":true,"href":"https:\/\/capovape.shop\/pl\/wp-json\/wp\/v2\/product_brand?post=18887"},{"taxonomy":"product_cat","embeddable":true,"href":"https:\/\/capovape.shop\/pl\/wp-json\/wp\/v2\/product_cat?post=18887"},{"taxonomy":"product_tag","embeddable":true,"href":"https:\/\/capovape.shop\/pl\/wp-json\/wp\/v2\/product_tag?post=18887"}],"curies":[{"name":"wp","href":"https:\/\/api.w.org\/{rel}","templated":true}]}}