{"id":18677,"date":"2024-03-23T21:56:29","date_gmt":"2024-03-23T19:56:29","guid":{"rendered":"https:\/\/capovape.shop\/?post_type=product&#038;p=18677"},"modified":"2025-09-10T00:21:04","modified_gmt":"2025-09-09T22:21:04","slug":"elf-bar-te6000-autumn-5-nic","status":"publish","type":"product","link":"https:\/\/capovape.shop\/pl\/produkt\/elf-bar-te6000-autumn-5-nic\/","title":{"rendered":"Elf Bar TE6000 - Jesie\u0144 (5% nic)"},"content":{"rendered":"<p>Elf Bar TE6000 - Jesie\u0144 (Melon Mango Maracuja).<\/p>\n<h2>KUP ELF BAR TE6000 JESIE\u0143 W POLSCE<\/h2>\n<p><strong>Elf Bar TE6000 - Jesie\u0144<\/strong>\u00a0- to jednorazowy system POD zamkni\u0119ty w stylowej obudowie i wyposa\u017cony w wysokiej jako\u015bci komponenty, takie jak wk\u0142ad z sol\u0105 fizjologiczn\u0105, akumulator i innowacyjny waporyzator Quaq. Przezroczyste wk\u0142adki pozwalaj\u0105 na obserwacj\u0119 wn\u0119trza urz\u0105dzenia, a jego kompaktowy rozmiar sprawia, \u017ce mo\u017cna go wygodnie nosi\u0107 w torbie lub kieszeni. Jedn\u0105 z g\u0142\u00f3wnych zalet jest mo\u017cliwo\u015b\u0107 \u0142adowania baterii za po\u015brednictwem z\u0142\u0105cza Type-C, co zapobiega niepe\u0142nemu zu\u017cyciu rezerwy p\u0142ynu. Elf Bar TE6000 mo\u017cna zam\u00f3wi\u0107 w nast\u0119puj\u0105cych wersjach <strong data-entity-type=\"MessageEntityBold\">darmowa dostawa od 200 z\u0142<\/strong>\u00a0do dowolnego miasta w Polsce.<\/p>\n<h2>Dane techniczne Elf Bar TE6000:<\/h2>\n<ol>\n<li>Wk\u0142ad jest wype\u0142niony 10,3 ml p\u0142ynu. Ilo\u015b\u0107 ta wystarcza nawet na 6000 zaci\u0105gni\u0119\u0107, co w zale\u017cno\u015bci od intensywno\u015bci wapowania daje co najmniej 5 dni u\u017cytkowania.<\/li>\n<li>Ze wzgl\u0119du na moc p\u0142ynu 5%, nasycenie sol\u0105 nikotynow\u0105 jest szybkie.<\/li>\n<li>Pojemno\u015b\u0107 akumulatora 550 mAh. Gwarantuje d\u0142ugi czas pracy bez konieczno\u015bci \u0142adowania.<\/li>\n<li>Stosunek gliceryny do glikolu propylenowego 50\/50. Tworzy mi\u0119kki trothit dla wygodnego wapowania.<\/li>\n<li>Obudowa jest wykonana z odpornego na uderzenia tworzywa sztucznego, a wk\u0142adki s\u0105 przezroczyste. Umo\u017cliwia to wgl\u0105d do wn\u0119trza urz\u0105dzenia.<\/li>\n<\/ol>\n<h2>ELF BAR TE6000 SMAKI:<\/h2>\n<ul>\n<li><strong>Winogrono<\/strong> - Winogrona<\/li>\n<li><strong>Jab\u0142ko Brzoskwinia<\/strong> - Jab\u0142ko Brzoskwinia<\/li>\n<li><strong>Banan truskawkowy<\/strong> - Banan truskawkowy<\/li>\n<li><strong>Ananas Mango Pomara\u0144cza<\/strong> - Ananas Mango Pomara\u0144cza<\/li>\n<li><strong>Truskawka<\/strong> - Truskawki<\/li>\n<li><strong>Lody truskawkowe<\/strong> - Lody truskawkowe<\/li>\n<li><strong>Lemoniada Blue Razz<\/strong> - Lemoniada jagodowo-malinowa<\/li>\n<li><strong>Soczysta brzoskwinia<\/strong> - Soczysta brzoskwinia<\/li>\n<li><strong>Blue Razz<\/strong> - Mixed Berry<\/li>\n<li><strong>Elfbull<\/strong> - Energiczny<\/li>\n<li><strong>Jagoda<\/strong> - Jagody<\/li>\n<li><strong>Wata cukrowa <\/strong>- Sugar Wata<\/li>\n<li><strong>Lody waniliowe <\/strong>- Lody waniliowe<\/li>\n<li><strong>Arbuz <\/strong>- Arbuz<\/li>\n<li><strong>Jesie\u0144 <\/strong>- Mango Maracuja Melon<\/li>\n<li><strong>Wyczy\u015b\u0107 <\/strong>- L\u00f3d<\/li>\n<li><strong>L\u00f3d winogronowy <\/strong>- Winogrona lodu<\/li>\n<li><strong>Hawai Punch <\/strong>- Hawaiian Punch<\/li>\n<li><strong>Ice Mint <\/strong>- Ice Mint<\/li>\n<li><strong>Key West <\/strong>- Truskawka Ananas Pomara\u0144cza<\/li>\n<li><strong>Kiwi Passion Fruit Guava <\/strong>- Kiwi, marakuja, guawa<\/li>\n<li><strong>Lemon Drop <\/strong>- Lemon Lime<\/li>\n<li><strong>L\u00f3d truskawkowy <\/strong>- L\u00f3d truskawkowy<\/li>\n<\/ul>\n<h2>DOSTAWA NA TERENIE POLSKI I EUROPY<\/h2>\n<p>Zakup Elf Bar TE6000 i <a href=\"https:\/\/capovape.shop\/pl\/\">inne papierosy jednorazowe<\/a> mo\u017cna znale\u017a\u0107 w naszym sklepie internetowym. Wsp\u00f3\u0142pracujemy bezpo\u015brednio z producentem, co pozwala nam zagwarantowa\u0107 wysok\u0105 jako\u015b\u0107 i najbardziej przyst\u0119pne ceny. <strong>Dostawa jest dost\u0119pna na terenie ca\u0142ej Polski i Europy.<\/strong><\/p>\n<p>Szeroki wyb\u00f3r e-papieros\u00f3w, liquid\u00f3w i akcesori\u00f3w czeka na Ciebie w naszym sklepie internetowym! Jeste\u015bmy dumni z tego, \u017ce oferujemy najlepsze produkty na rynku. Zapewni\u0105 ci one wszystko, czego potrzebujesz do przyjemnego wapowania. Mamy ponad trzy dekady do\u015bwiadczenia i ponad 5000 zadowolonych klient\u00f3w. Stali\u015bmy si\u0119 jednym z lider\u00f3w na rynku e-papieros\u00f3w. Nasz sklep oferuje szerok\u0105 gam\u0119 jednorazowych produkt\u00f3w premium, w tym ponad 100 smak\u00f3w. Dost\u0119pno\u015b\u0107 jest stale aktualizowana, aby zadowoli\u0107 nawet najbardziej wyrafinowanych vaper\u00f3w.<\/p>\n<h4>Charakterystyka:<\/h4>\n<p><strong>Smak:<\/strong> Mi\u0119kki i przytulny smak jesiennej pory roku. Po\u0142\u0105czenie dojrza\u0142ych jab\u0142ek, cierpkich gruszek i delikatnych przypraw tworzy atmosfer\u0119 ciep\u0142a i przytulno\u015bci. Ka\u017cdy wdech wype\u0142niony jest aromatem \u015bwie\u017cych owoc\u00f3w i ciep\u0142ych przypraw, a wydech przynosi uczucie ch\u0142odnego wiatru jesiennego dnia.<\/p>\n<p><strong>Zakres:<\/strong>\u00a010,3 ml<\/p>\n<p><strong>Si\u0142a nikotyny:<\/strong>\u00a050 mg (5%)<\/p>\n<p><strong>Pojemno\u015b\u0107 akumulatora:<\/strong>\u00a0550 mAh<\/p>\n<p><strong>Op\u0142ata:<\/strong>\u00a0Typ-C<\/p>","protected":false},"excerpt":{"rendered":"<p>Nowoczesny system Pod od renomowanego producenta Elf Bar. Spe\u0142ni wszystkie Twoje oczekiwania. Ogromna paleta smak\u00f3w, przezroczysta obudowa, mocna bateria 550 mAh, kompaktowe rozmiary, \u0142adowanie przez port USB typu C - to wszystko zebrane w jednym elektronicznym urz\u0105dzeniu. Nie po\u017ca\u0142ujesz zakupu Elf Bar TE6000 w naszym sklepie.<\/p>","protected":false},"featured_media":18666,"template":"","meta":{"om_disable_all_campaigns":false,"_monsterinsights_skip_tracking":false,"_monsterinsights_sitenote_active":false,"_monsterinsights_sitenote_note":"","_monsterinsights_sitenote_category":0,"_uf_show_specific_survey":0,"_uf_disable_surveys":false},"product_brand":[],"product_cat":[75],"product_tag":[],"class_list":{"0":"post-18677","1":"product","2":"type-product","3":"status-publish","4":"has-post-thumbnail","6":"product_cat-elf-bar-te6000","8":"first","9":"outofstock","10":"sale","11":"shipping-taxable","12":"purchasable","13":"product-type-simple"},"aioseo_notices":[],"jetpack_sharing_enabled":true,"_links":{"self":[{"href":"https:\/\/capovape.shop\/pl\/wp-json\/wp\/v2\/product\/18677","targetHints":{"allow":["GET"]}}],"collection":[{"href":"https:\/\/capovape.shop\/pl\/wp-json\/wp\/v2\/product"}],"about":[{"href":"https:\/\/capovape.shop\/pl\/wp-json\/wp\/v2\/types\/product"}],"version-history":[{"count":4,"href":"https:\/\/capovape.shop\/pl\/wp-json\/wp\/v2\/product\/18677\/revisions"}],"predecessor-version":[{"id":23291,"href":"https:\/\/capovape.shop\/pl\/wp-json\/wp\/v2\/product\/18677\/revisions\/23291"}],"wp:featuredmedia":[{"embeddable":true,"href":"https:\/\/capovape.shop\/pl\/wp-json\/wp\/v2\/media\/18666"}],"wp:attachment":[{"href":"https:\/\/capovape.shop\/pl\/wp-json\/wp\/v2\/media?parent=18677"}],"wp:term":[{"taxonomy":"product_brand","embeddable":true,"href":"https:\/\/capovape.shop\/pl\/wp-json\/wp\/v2\/product_brand?post=18677"},{"taxonomy":"product_cat","embeddable":true,"href":"https:\/\/capovape.shop\/pl\/wp-json\/wp\/v2\/product_cat?post=18677"},{"taxonomy":"product_tag","embeddable":true,"href":"https:\/\/capovape.shop\/pl\/wp-json\/wp\/v2\/product_tag?post=18677"}],"curies":[{"name":"wp","href":"https:\/\/api.w.org\/{rel}","templated":true}]}}