{"id":18655,"date":"2024-03-23T13:34:57","date_gmt":"2024-03-23T11:34:57","guid":{"rendered":"https:\/\/capovape.shop\/?post_type=product&#038;p=18655"},"modified":"2025-03-19T19:07:53","modified_gmt":"2025-03-19T17:07:53","slug":"elf-bar-raya-d1-pineapple-ice-5-nic","status":"publish","type":"product","link":"https:\/\/capovape.shop\/pl\/produkt\/elf-bar-raya-d1-pineapple-ice-5-nic\/","title":{"rendered":"Elf Bar RAYA D1 - Pineapple Ice (5% nic)"},"content":{"rendered":"<p>Elf Bar RAYA D1 - L\u00f3d ananasowy.<\/p>\n<h2>KUP ELF BAR RAYA D1 ANANASOWY L\u00d3D W POLSCE<\/h2>\n<p><strong>Elf Bar RAYA D1 - L\u00f3d ananasowy<\/strong>\u00a0- to innowacyjny jednorazowy e-papieros, kt\u00f3ry \u0142\u0105czy w sobie stylowy wygl\u0105d i zaawansowan\u0105 technologi\u0119. Jego kompaktowa i ergonomiczna obudowa sprawia, \u017ce urz\u0105dzenie jest wygodne w u\u017cyciu w ka\u017cdej sytuacji. Wyposa\u017cony jest w pot\u0119\u017cn\u0105 bateri\u0119 o pojemno\u015bci 6200 mAh. RAYA D1 zapewnia d\u0142ugi czas pracy bez konieczno\u015bci wymiany lub \u0142adowania. Ka\u017cdemu zaci\u0105gni\u0119ciu towarzyszy bogaty smak i chmura aromatycznej pary, dzi\u0119ki zastosowaniu wysokiej jako\u015bci liquid\u00f3w i innowacyjnego systemu grzewczego.<\/p>\n<p>Doskona\u0142a alternatywa dla tradycyjnych papieros\u00f3w, Elf Bar RAYA D1 oferuje szerok\u0105 gam\u0119 smak\u00f3w, zaspokajaj\u0105c potrzeby najbardziej wymagaj\u0105cych u\u017cytkownik\u00f3w. Ka\u017cdy element urz\u0105dzenia zosta\u0142 zaprojektowany z my\u015bl\u0105 o estetyce i funkcjonalno\u015bci. Dzi\u0119ki temu RAYA D1 to nie tylko niezawodny kompan w codziennym \u017cyciu, ale tak\u017ce stylowy dodatek dla os\u00f3b ceni\u0105cych wygod\u0119 i jako\u015b\u0107. Elf Bar RAYA D1 mo\u017cna zam\u00f3wi\u0107 w zestawie z <strong data-entity-type=\"MessageEntityBold\">darmowa dostawa od 200 z\u0142<\/strong>\u00a0do dowolnego miasta w Polsce.<\/p>\n<h2><strong>Zalety urz\u0105dzenia jednorazowego u\u017cytku ELF BAR RAYA D1:<\/strong><\/h2>\n<ol>\n<li>Udany design i \u0142atwo\u015b\u0107 obs\u0142ugi. Biustonosz Elf Bra RAYA D1 \u0142\u0105czy w sobie nowoczesny styl z wysokim poziomem funkcjonalno\u015bci. Jego kompaktowe rozmiary i elegancki design sprawiaj\u0105, \u017ce idealnie nadaje si\u0119 do u\u017cytku w ka\u017cdym miejscu. Zastosowanie wysokiej jako\u015bci materia\u0142\u00f3w w konstrukcji ELF BAR RAYA D1 gwarantuje d\u0142ug\u0105 \u017cywotno\u015b\u0107 i niezawodno\u015b\u0107.<\/li>\n<li>Bogaty smak i obfite opary. Ten elf bar zapewnia bogaty smak i g\u0119ste chmury pary dzi\u0119ki swojej innowacyjnej konstrukcji. Urz\u0105dzenie jest wyposa\u017cone w pot\u0119\u017cn\u0105 bateri\u0119 620 mAh i wydajny system waporyzacji, aby zapewni\u0107 stabilne i przyjemne wra\u017cenia z waporyzacji. Bateria mo\u017ce wytrzyma\u0107 do 13000 zaci\u0105gni\u0119\u0107 na jednym \u0142adowaniu. Sprawia to, \u017ce ELF BAR RAYA D1 jest idealnym wyborem do d\u0142ugotrwa\u0142ego u\u017cytkowania bez konieczno\u015bci cz\u0119stego \u0142adowania.<\/li>\n<li>Bezpiecze\u0144stwo i \u0142atwo\u015b\u0107 u\u017cytkowania. RAYA D1 zosta\u0142 zaprojektowany z my\u015bl\u0105 o bezpiecze\u0144stwie i \u0142atwo\u015bci u\u017cytkowania. Jest wyposa\u017cony w ochron\u0119 przed zwarciem, przegrzaniem i prze\u0142adowaniem, zapewniaj\u0105c spok\u00f3j ducha podczas waporyzacji. Pod\u0142\u0105czenie do \u0142adowarki za pomoc\u0105 z\u0142\u0105cza typu C jest jeszcze \u0142atwiejsze i szybsze.<\/li>\n<\/ol>\n<h2>ELF BAR RAYA D1 SMAKI:<\/h2>\n<ul>\n<li><strong>L\u00f3d brzoskwiniowy<\/strong>\u00a0- L\u00f3d brzoskwiniowy<\/li>\n<li><strong>Americano Ice<\/strong> - Americano Ice<\/li>\n<li><strong>Banan truskawkowy<\/strong> - Banan truskawkowy<\/li>\n<li><strong>Je\u017cyna \u017burawina<\/strong> - Je\u017cyna \u017burawina<\/li>\n<li><strong>Blueberry Gami<\/strong> - Jagodowe \u017celki<\/li>\n<li><strong>Mi\u0119ta jagodowa<\/strong> - Mi\u0119ta jagodowa<\/li>\n<li><strong>Arbuz wi\u015bniowy<\/strong> - Arbuz wi\u015bniowy<\/li>\n<li><strong>Podw\u00f3jne mango<\/strong> - Podw\u00f3jne mango<\/li>\n<li><strong>Grape Cherry<\/strong> - Winogrona Wi\u015bnia<\/li>\n<li><strong>Lemon Lime<\/strong> - Lemon Lime<\/li>\n<li><strong>Miami Mint<\/strong> - Mi\u0119ta<\/li>\n<li><strong>Red Berry Cherry<\/strong> - Red Berry Cherry<\/li>\n<li><strong>L\u00f3d truskawkowy z kiwi<\/strong> - L\u00f3d truskawkowy z kiwi<\/li>\n<li><strong>Arbuzowy l\u00f3d<\/strong> - Arbuzowy l\u00f3d<\/li>\n<li><strong>Apple Ice<\/strong> - Apple Ice<\/li>\n<li><strong>Blue Razz Ice<\/strong> - Jagody mieszane z lodem<\/li>\n<li><strong>Blueberry Ice<\/strong> - L\u00f3d jagodowy<\/li>\n<li><strong>L\u00f3d winogronowy<\/strong> - Winogrona lodu<\/li>\n<li><strong>L\u00f3d ananasowy<\/strong> - L\u00f3d ananasowy<\/li>\n<li><strong>Ananas Truskawka Banan<\/strong> - Ananas Truskawka Banan<\/li>\n<li><strong>L\u00f3d truskawkowy<\/strong> - L\u00f3d truskawkowy<\/li>\n<li><strong>Tyto\u0144<\/strong> - Tyto\u0144<\/li>\n<li><strong>Brzoskwinia Mango<\/strong> - Brzoskwinia Mango<\/li>\n<\/ul>\n<h2>DOSTAWA NA TERENIE POLSKI I EUROPY<\/h2>\n<p>Zakup Elf Bar RAYA D1 i <a href=\"https:\/\/capovape.shop\/pl\/\">inne papierosy jednorazowe<\/a> mo\u017cna znale\u017a\u0107 w naszym sklepie internetowym. Wsp\u00f3\u0142pracujemy bezpo\u015brednio z producentem, co pozwala nam zagwarantowa\u0107 wysok\u0105 jako\u015b\u0107 i najbardziej przyst\u0119pne ceny. <strong>Dostawa jest dost\u0119pna na terenie ca\u0142ej Polski i Europy.<\/strong><\/p>\n<p>Szeroki wyb\u00f3r e-papieros\u00f3w, liquid\u00f3w i akcesori\u00f3w czeka na Ciebie w naszym sklepie internetowym! Jeste\u015bmy dumni z tego, \u017ce oferujemy najlepsze produkty na rynku. Zapewni\u0105 ci one wszystko, czego potrzebujesz do przyjemnego wapowania. Mamy ponad trzy dekady do\u015bwiadczenia i ponad 5000 zadowolonych klient\u00f3w. Stali\u015bmy si\u0119 jednym z lider\u00f3w na rynku e-papieros\u00f3w. Nasz sklep oferuje szerok\u0105 gam\u0119 jednorazowych produkt\u00f3w premium, w tym ponad 100 smak\u00f3w. Dost\u0119pno\u015b\u0107 jest stale aktualizowana, aby zadowoli\u0107 nawet najbardziej wyrafinowanych vaper\u00f3w.<\/p>\n<h4>Charakterystyka:<\/h4>\n<p><strong>Smak:<\/strong> \u00a0S\u0142odycz ananasa z mentolow\u0105 \u015bwie\u017co\u015bci\u0105. Smak tropikalnego letniego dnia.<\/p>\n<p><strong>Zakres:<\/strong>\u00a018 ml<\/p>\n<p><strong>Si\u0142a nikotyny:<\/strong>\u00a050 mg (5%)<\/p>\n<p><strong>Pojemno\u015b\u0107 akumulatora:<\/strong>\u00a0620 mAh<\/p>\n<p><strong>\u0141adowanie<\/strong>typ C<\/p>","protected":false},"excerpt":{"rendered":"<p>ELF BAR RAYA D1 to innowacyjne urz\u0105dzenie do waporyzacji, kt\u00f3re \u0142\u0105czy w sobie stylowy wygl\u0105d i wysok\u0105 funkcjonalno\u015b\u0107. Jego kompaktowy rozmiar i elegancki wygl\u0105d sprawiaj\u0105, \u017ce idealnie nadaje si\u0119 do u\u017cytku w ka\u017cdej sytuacji. Dzi\u0119ki wytrzyma\u0142ej baterii 620 mAh i wydajnemu systemowi waporyzacji, RAYA D1 zapewnia bogaty smak i obfite chmury pary. Bezpiecze\u0144stwo urz\u0105dzenia jest zapewnione dzi\u0119ki ochronie przed zwarciem, przegrzaniem i prze\u0142adowaniem, zapewniaj\u0105c bezpieczne i komfortowe wra\u017cenia z waporyzacji.<\/p>","protected":false},"featured_media":18650,"template":"","meta":{"om_disable_all_campaigns":false,"_monsterinsights_skip_tracking":false,"_monsterinsights_sitenote_active":false,"_monsterinsights_sitenote_note":"","_monsterinsights_sitenote_category":0,"_uf_show_specific_survey":0,"_uf_disable_surveys":false},"product_brand":[],"product_cat":[89],"product_tag":[],"class_list":{"0":"post-18655","1":"product","2":"type-product","3":"status-publish","4":"has-post-thumbnail","6":"product_cat-elf-bar-raya-d1","8":"first","9":"outofstock","10":"sale","11":"shipping-taxable","12":"purchasable","13":"product-type-simple"},"aioseo_notices":[],"jetpack_sharing_enabled":true,"_links":{"self":[{"href":"https:\/\/capovape.shop\/pl\/wp-json\/wp\/v2\/product\/18655","targetHints":{"allow":["GET"]}}],"collection":[{"href":"https:\/\/capovape.shop\/pl\/wp-json\/wp\/v2\/product"}],"about":[{"href":"https:\/\/capovape.shop\/pl\/wp-json\/wp\/v2\/types\/product"}],"version-history":[{"count":4,"href":"https:\/\/capovape.shop\/pl\/wp-json\/wp\/v2\/product\/18655\/revisions"}],"predecessor-version":[{"id":21392,"href":"https:\/\/capovape.shop\/pl\/wp-json\/wp\/v2\/product\/18655\/revisions\/21392"}],"wp:featuredmedia":[{"embeddable":true,"href":"https:\/\/capovape.shop\/pl\/wp-json\/wp\/v2\/media\/18650"}],"wp:attachment":[{"href":"https:\/\/capovape.shop\/pl\/wp-json\/wp\/v2\/media?parent=18655"}],"wp:term":[{"taxonomy":"product_brand","embeddable":true,"href":"https:\/\/capovape.shop\/pl\/wp-json\/wp\/v2\/product_brand?post=18655"},{"taxonomy":"product_cat","embeddable":true,"href":"https:\/\/capovape.shop\/pl\/wp-json\/wp\/v2\/product_cat?post=18655"},{"taxonomy":"product_tag","embeddable":true,"href":"https:\/\/capovape.shop\/pl\/wp-json\/wp\/v2\/product_tag?post=18655"}],"curies":[{"name":"wp","href":"https:\/\/api.w.org\/{rel}","templated":true}]}}