{"id":18545,"date":"2024-03-03T16:08:46","date_gmt":"2024-03-03T14:08:46","guid":{"rendered":"https:\/\/capovape.shop\/?post_type=product&#038;p=18545"},"modified":"2024-10-02T16:45:45","modified_gmt":"2024-10-02T14:45:45","slug":"cartridge-solana-puff-11","status":"publish","type":"product","link":"https:\/\/capovape.shop\/pl\/produkt\/cartridge-solana-puff-11\/","title":{"rendered":"Kartrid\u017c Solana Puff 1+1"},"content":{"rendered":"<h2>Kup wk\u0142ady Solana Puff 1+1 w Polsce<\/h2>\n<p>Nasz kartrid\u017c Solana Puff 1+1 zosta\u0142 specjalnie zaprojektowany, aby by\u0142 kompatybilny z sub-systemem Solana, kt\u00f3ry mo\u017cna r\u00f3wnie\u017c kupi\u0107 na naszej stronie internetowej. Kartrid\u017c mo\u017cna \u0142atwo i bezpiecznie przymocowa\u0107 do sub-systemu dzi\u0119ki magnetycznemu po\u0142\u0105czeniu.<\/p>\n<p>Co wyr\u00f3\u017cnia nasze kartrid\u017ce? Przede wszystkim zastosowanie najwy\u017cszej klasy materia\u0142\u00f3w i sprawdzonych technik produkcji, kt\u00f3re gwarantuj\u0105 d\u0142ugowieczno\u015b\u0107 produktu. Ponadto s\u0105 one \u0142atwe w u\u017cyciu i zachowuj\u0105 niezr\u00f3wnany smak ulubionych liquid\u00f3w. Cartridge Solana Puff 1+1 mo\u017cna zam\u00f3wi\u0107 w nast\u0119puj\u0105cych zestawach <strong data-entity-type=\"MessageEntityBold\">darmowa dostawa od 200 z\u0142<\/strong>\u00a0do dowolnego miasta w Polsce.<\/p>\n<h2>DOSTAWA NA TERENIE POLSKI I EUROPY<\/h2>\n<p>Zakup kartrid\u017ca Solana Puff 1+1 i <a href=\"https:\/\/capovape.shop\/pl\/product-category\/pod\/pod-solana\/\">inne akcesoria<\/a> lub <a href=\"https:\/\/capovape.shop\/pl\/product-category\/liquid\/solana\/\">p\u0142yny<\/a>\u00a0mo\u017cna znale\u017a\u0107 w naszym sklepie internetowym. Wsp\u00f3\u0142pracujemy bezpo\u015brednio z producentem, co pozwala nam zagwarantowa\u0107 wysok\u0105 jako\u015b\u0107 i najbardziej przyst\u0119pne ceny. <strong>Dostawa jest dost\u0119pna na terenie ca\u0142ej Polski i Europy.<\/strong><\/p>\n<p>Szeroki wyb\u00f3r e-papieros\u00f3w, liquid\u00f3w i akcesori\u00f3w czeka na Ciebie w naszym sklepie internetowym! Jeste\u015bmy dumni z tego, \u017ce oferujemy najlepsze produkty na rynku. Zapewni\u0105 ci one wszystko, czego potrzebujesz do przyjemnego wapowania. Mamy ponad trzy dekady do\u015bwiadczenia i ponad 5000 zadowolonych klient\u00f3w. Stali\u015bmy si\u0119 jednym z lider\u00f3w na rynku e-papieros\u00f3w. Nasz sklep oferuje szerok\u0105 gam\u0119 jednorazowych produkt\u00f3w premium, w tym ponad 100 smak\u00f3w. Dost\u0119pno\u015b\u0107 jest stale aktualizowana, aby zadowoli\u0107 nawet najbardziej wyrafinowanych vaper\u00f3w.<\/p>\n<h4>Charakterystyka:<\/h4>\n<p><strong>Obj\u0119to\u015b\u0107 cieczy:<\/strong>\u00a02 ml.<\/p>\n<p><strong>Odporno\u015b\u0107:<\/strong>\u00a00,8 oma.<\/p>\n<p><strong>W zestawie:<\/strong> dwa naboje.<\/p>","protected":false},"excerpt":{"rendered":"<p>Wk\u0142ady Solana Puff 1+1 to idealne rozwi\u0105zanie dla entuzjast\u00f3w waporyzacji, kt\u00f3rzy ceni\u0105 sobie prostot\u0119 i wygod\u0119. Oferuj\u0105 \u0142atwo\u015b\u0107 u\u017cytkowania dzi\u0119ki kompatybilno\u015bci z r\u00f3\u017cnymi urz\u0105dzeniami. Po\u0142\u0105czenie wysokiej jako\u015bci materia\u0142\u00f3w i zaawansowanej technologii zapewnia stabiln\u0105 waporyzacj\u0119 i intensywny smak. Ka\u017cdy wk\u0142ad zapewnia niezawodno\u015b\u0107 i trwa\u0142o\u015b\u0107, utrzymuj\u0105c wysok\u0105 jako\u015b\u0107 waporyzacji.<\/p>","protected":false},"featured_media":18537,"template":"","meta":{"om_disable_all_campaigns":false,"_monsterinsights_skip_tracking":false,"_monsterinsights_sitenote_active":false,"_monsterinsights_sitenote_note":"","_monsterinsights_sitenote_category":0,"_uf_show_specific_survey":0,"_uf_disable_surveys":false},"product_brand":[],"product_cat":[94],"product_tag":[],"class_list":{"0":"post-18545","1":"product","2":"type-product","3":"status-publish","4":"has-post-thumbnail","6":"product_cat-pod-solana","8":"first","9":"outofstock","10":"shipping-taxable","11":"purchasable","12":"product-type-simple"},"aioseo_notices":[],"jetpack_sharing_enabled":true,"_links":{"self":[{"href":"https:\/\/capovape.shop\/pl\/wp-json\/wp\/v2\/product\/18545","targetHints":{"allow":["GET"]}}],"collection":[{"href":"https:\/\/capovape.shop\/pl\/wp-json\/wp\/v2\/product"}],"about":[{"href":"https:\/\/capovape.shop\/pl\/wp-json\/wp\/v2\/types\/product"}],"version-history":[{"count":3,"href":"https:\/\/capovape.shop\/pl\/wp-json\/wp\/v2\/product\/18545\/revisions"}],"predecessor-version":[{"id":19820,"href":"https:\/\/capovape.shop\/pl\/wp-json\/wp\/v2\/product\/18545\/revisions\/19820"}],"wp:featuredmedia":[{"embeddable":true,"href":"https:\/\/capovape.shop\/pl\/wp-json\/wp\/v2\/media\/18537"}],"wp:attachment":[{"href":"https:\/\/capovape.shop\/pl\/wp-json\/wp\/v2\/media?parent=18545"}],"wp:term":[{"taxonomy":"product_brand","embeddable":true,"href":"https:\/\/capovape.shop\/pl\/wp-json\/wp\/v2\/product_brand?post=18545"},{"taxonomy":"product_cat","embeddable":true,"href":"https:\/\/capovape.shop\/pl\/wp-json\/wp\/v2\/product_cat?post=18545"},{"taxonomy":"product_tag","embeddable":true,"href":"https:\/\/capovape.shop\/pl\/wp-json\/wp\/v2\/product_tag?post=18545"}],"curies":[{"name":"wp","href":"https:\/\/api.w.org\/{rel}","templated":true}]}}