{"id":18543,"date":"2024-03-03T15:58:58","date_gmt":"2024-03-03T13:58:58","guid":{"rendered":"https:\/\/capovape.shop\/?post_type=product&#038;p=18543"},"modified":"2026-04-30T18:56:36","modified_gmt":"2026-04-30T16:56:36","slug":"pod-solana-puff-silver","status":"publish","type":"product","link":"https:\/\/capovape.shop\/pl\/produkt\/pod-solana-puff-silver\/","title":{"rendered":"Pufa Pod Solana - srebrna"},"content":{"rendered":"<p>Pufa Pod Solana - srebrna (szara).<\/p>\n<h2>Kup Pod Solana Puff w Polsce<\/h2>\n<p>Pod Solana Puff - Silver to kompaktowy system POD wyposa\u017cony w mocn\u0105 bateri\u0119 500 mAh, zaprojektowany tak, aby pasowa\u0142 do wymiennych waporyzator\u00f3w do waporyzacji solankowych p\u0142yn\u00f3w nikotynowych.  Urz\u0105dzenie aktywowane jest poprzez zaci\u0105gni\u0119cie si\u0119 (bez dodatkowych przycisk\u00f3w). Wymienny wk\u0142ad jest przeznaczony do u\u017cytku z <a href=\"https:\/\/capovape.shop\/pl\/product-category\/liquid\/solana\/\">Linia wymiennych waporyzator\u00f3w Solana<\/a>kt\u00f3ry mo\u017cna r\u00f3wnie\u017c zakupi\u0107 na naszej stronie internetowej. Wk\u0142ad mo\u017cna \u0142atwo i bezpiecznie przymocowa\u0107 do systemu kapsu\u0142ek dzi\u0119ki po\u0142\u0105czeniu magnetycznemu. Pod Solana mo\u017cna zam\u00f3wi\u0107 z <strong data-entity-type=\"MessageEntityBold\">darmowa dostawa od 200 z\u0142<\/strong>\u00a0do dowolnego miasta w Polsce.<\/p>\n<h2>DOSTAWA NA TERENIE POLSKI I EUROPY<\/h2>\n<p>Zakup Pod Solana Puff - Srebrny i <a href=\"https:\/\/capovape.shop\/pl\/produkt\/cartridge-solana-puff-11\/\">inne akcesoria<\/a> lub <a href=\"https:\/\/capovape.shop\/pl\/product-category\/liquid\/elfliq\/\">p\u0142yny<\/a>\u00a0mo\u017cna znale\u017a\u0107 w naszym sklepie internetowym. Wsp\u00f3\u0142pracujemy bezpo\u015brednio z producentem, co pozwala nam zagwarantowa\u0107 wysok\u0105 jako\u015b\u0107 i najbardziej przyst\u0119pne ceny. <strong>Dostawa jest dost\u0119pna na terenie ca\u0142ej Polski i Europy.<\/strong><\/p>\n<p>Szeroki wyb\u00f3r e-papieros\u00f3w, liquid\u00f3w i akcesori\u00f3w czeka na Ciebie w naszym sklepie internetowym! Jeste\u015bmy dumni z tego, \u017ce oferujemy najlepsze produkty na rynku. Zapewni\u0105 ci one wszystko, czego potrzebujesz do przyjemnego wapowania. Mamy ponad trzy dekady do\u015bwiadczenia i ponad 5000 zadowolonych klient\u00f3w. Stali\u015bmy si\u0119 jednym z lider\u00f3w na rynku e-papieros\u00f3w. Nasz sklep oferuje szerok\u0105 gam\u0119 jednorazowych produkt\u00f3w premium, w tym ponad 100 smak\u00f3w. Dost\u0119pno\u015b\u0107 jest stale aktualizowana, aby zadowoli\u0107 nawet najbardziej wyrafinowanych vaper\u00f3w.<\/p>\n<h4>Charakterystyka:<\/h4>\n<p><strong>Pojemno\u015b\u0107 akumulatora:<\/strong>\u00a0500mAh.<\/p>\n<p><strong>Op\u0142ata:<\/strong>\u00a0USB typu C.<\/p>\n<p><strong>Obj\u0119to\u015b\u0107 cieczy:<\/strong>\u00a02 ml.<\/p>\n<p><strong>Kolor:<\/strong> srebro.<\/p>\n<p><strong>Odporno\u015b\u0107:<\/strong>\u00a00,8 oma.<\/p>\n<p><strong>W zestawie:<\/strong>\u00a0podsystem z kartrid\u017cem, przew\u00f3d USB typu C.<\/p>","protected":false},"excerpt":{"rendered":"<p>Solana Pod to kompaktowe i wygodne urz\u0105dzenie do waporyzacji zaprojektowane dla tych, kt\u00f3rzy ceni\u0105 sobie prostot\u0119 i styl. Charakteryzuje si\u0119 stylowym wygl\u0105dem i lekk\u0105 obudow\u0105, dzi\u0119ki czemu idealnie nadaje si\u0119 do u\u017cytku w ka\u017cdej sytuacji. Jego kompatybilno\u015b\u0107 z wymiennymi kasetami sprawia, \u017ce jest wygodny i ekonomiczny w u\u017cyciu. Dzi\u0119ki zaawansowanej technologii i innowacyjnym funkcjom Solana Pod zapewnia bogaty smak i g\u0119ste chmury pary, zaspokajaj\u0105c potrzeby najbardziej wymagaj\u0105cych u\u017cytkownik\u00f3w.<\/p>","protected":false},"featured_media":18541,"template":"","meta":{"om_disable_all_campaigns":false,"_monsterinsights_skip_tracking":false,"_monsterinsights_sitenote_active":false,"_monsterinsights_sitenote_note":"","_monsterinsights_sitenote_category":0,"_uf_show_specific_survey":0,"_uf_disable_surveys":false},"product_brand":[],"product_cat":[94],"product_tag":[],"class_list":{"0":"post-18543","1":"product","2":"type-product","3":"status-publish","4":"has-post-thumbnail","6":"product_cat-pod-solana","8":"first","9":"instock","10":"shipping-taxable","11":"purchasable","12":"product-type-simple"},"aioseo_notices":[],"jetpack_sharing_enabled":true,"_links":{"self":[{"href":"https:\/\/capovape.shop\/pl\/wp-json\/wp\/v2\/product\/18543","targetHints":{"allow":["GET"]}}],"collection":[{"href":"https:\/\/capovape.shop\/pl\/wp-json\/wp\/v2\/product"}],"about":[{"href":"https:\/\/capovape.shop\/pl\/wp-json\/wp\/v2\/types\/product"}],"version-history":[{"count":3,"href":"https:\/\/capovape.shop\/pl\/wp-json\/wp\/v2\/product\/18543\/revisions"}],"predecessor-version":[{"id":19818,"href":"https:\/\/capovape.shop\/pl\/wp-json\/wp\/v2\/product\/18543\/revisions\/19818"}],"wp:featuredmedia":[{"embeddable":true,"href":"https:\/\/capovape.shop\/pl\/wp-json\/wp\/v2\/media\/18541"}],"wp:attachment":[{"href":"https:\/\/capovape.shop\/pl\/wp-json\/wp\/v2\/media?parent=18543"}],"wp:term":[{"taxonomy":"product_brand","embeddable":true,"href":"https:\/\/capovape.shop\/pl\/wp-json\/wp\/v2\/product_brand?post=18543"},{"taxonomy":"product_cat","embeddable":true,"href":"https:\/\/capovape.shop\/pl\/wp-json\/wp\/v2\/product_cat?post=18543"},{"taxonomy":"product_tag","embeddable":true,"href":"https:\/\/capovape.shop\/pl\/wp-json\/wp\/v2\/product_tag?post=18543"}],"curies":[{"name":"wp","href":"https:\/\/api.w.org\/{rel}","templated":true}]}}