{"id":18500,"date":"2024-03-02T22:52:13","date_gmt":"2024-03-02T20:52:13","guid":{"rendered":"https:\/\/capovape.shop\/?post_type=product&#038;p=18500"},"modified":"2026-01-31T18:54:20","modified_gmt":"2026-01-31T16:54:20","slug":"%d0%b6%d0%b8%d0%b4%d0%ba%d0%be%d1%81%d1%82%d1%8c-elfliq-rhubarb-snow-5-nic","status":"publish","type":"product","link":"https:\/\/capovape.shop\/pl\/produkt\/\u0436\u0438\u0434\u043a\u043e\u0441\u0442\u044c-elfliq-rhubarb-snow-5-nic\/","title":{"rendered":"ELFLIQ Liquid - Rhubarb Snow (5% nic)"},"content":{"rendered":"<p>ELFLIQ Liquid - Rhubarb Snow (rabarbarowy l\u00f3d).<\/p>\n<h2>Kup p\u0142yn ELFLIQ - Rhubarb Snow w Polsce<\/h2>\n<p><strong>ELFLIQ Liquid - Rhubarb Snow<\/strong>\u00a0- to najwy\u017cszej jako\u015bci p\u0142yn do e-papieros\u00f3w zaprojektowany z my\u015bl\u0105 o spe\u0142nieniu najwy\u017cszych standard\u00f3w jako\u015bci i bezpiecze\u0144stwa. Posiada szerok\u0105 gam\u0119 smak\u00f3w, od klasycznych smak\u00f3w tytoniowych i mieszanek owocowych po wyrafinowane smaki deserowe. Ka\u017cdy e-liquid ELFLIQ jest starannie wywa\u017cony, aby zapewni\u0107 bogaty smak i przyjemne doznania podczas waporyzacji.<\/p>\n<p>Dodatkowo, ELFLIQ wykonany jest z wysokiej jako\u015bci sk\u0142adnik\u00f3w, kt\u00f3re s\u0105 bezpieczne dla zdrowia, co potwierdzaj\u0105 stosowne certyfikaty. Idealnie nadaje si\u0119 do wszystkich typ\u00f3w urz\u0105dze\u0144, zapewniaj\u0105c stabiln\u0105 wydajno\u015b\u0107 waporyzacji i r\u00f3wnomierne rozprowadzanie aromat\u00f3w. Niezale\u017cnie od preferencji smakowych, ELFLIQ oferuje niezr\u00f3wnan\u0105 jako\u015b\u0107 i przyjemno\u015b\u0107 waporyzacji. E-liquid ELFLIQ mo\u017cna zam\u00f3wi\u0107 w nast\u0119puj\u0105cych sklepach <strong data-entity-type=\"MessageEntityBold\">darmowa dostawa od 200 z\u0142<\/strong>\u00a0do dowolnego miasta w Polsce.<\/p>\n<h2>ELFLIQ TASTES:<\/h2>\n<ul>\n<li><strong>Jab\u0142ko Brzoskwinia<\/strong> - Jab\u0142ko Brzoskwinia<\/li>\n<li><strong>B&amp;P Cloud<\/strong> - Marshmallow<\/li>\n<li><strong>Blackberry Lemon<\/strong> - Blackberry Lemon<\/li>\n<li><strong>Any\u017c z czarnej porzeczki<\/strong> - Any\u017c z czarn\u0105 porzeczk\u0105<\/li>\n<li><strong>Lemoniada Blue Razz<\/strong> - Lemoniada jagodowo-malinowa<\/li>\n<li><strong>Jagoda<\/strong> - Jagody<\/li>\n<li><strong>Kwa\u015bna malina z jagodami<\/strong> - Kwa\u015bna malina z jagodami<\/li>\n<li><strong>Cherry Cola<\/strong> - Cherry Cola<\/li>\n<li><strong>Cola<\/strong> - Cola<\/li>\n<li><strong>Elf Jack<\/strong> - Mixed Berry<\/li>\n<li><strong>Winogrono<\/strong> - Winogrona<\/li>\n<li><strong>Kiwi Passion Fruit Guava<\/strong> - Kiwi, marakuja, guawa<\/li>\n<li><strong>L\u00f3d brzoskwiniowy<\/strong> - L\u00f3d brzoskwiniowy<\/li>\n<li><strong>R\u00f3\u017cowy grejpfrut<\/strong> - R\u00f3\u017cowy grejpfrut<\/li>\n<li><strong>Rabarbarowy \u015bnieg<\/strong> - L\u00f3d rabarbarowy<\/li>\n<li><strong>Truskawka Kiwi<\/strong> - Truskawka Kiwi<\/li>\n<li><strong>Strawberry Snoow<\/strong> - Lody truskawkowe<\/li>\n<li><strong>Wi\u015bnia<\/strong> - Wi\u015bnia<\/li>\n<li><strong>Elfbull Ice<\/strong> - Energetyczny l\u00f3d<\/li>\n<li><strong>Pina Colada<\/strong> - Pina Colada<\/li>\n<li><strong>R\u00f3\u017cowa Lemoniada<\/strong> - R\u00f3\u017cowa Lemoniada<\/li>\n<li><strong>Mi\u0119ta<\/strong> - Mi\u0119ta<\/li>\n<li><strong>L\u00f3d truskawkowy<\/strong> - L\u00f3d truskawkowy<\/li>\n<li><strong>Arbuz<\/strong> - Arbuz<\/li>\n<\/ul>\n<h2>DOSTAWA NA TERENIE POLSKI I EUROPY<\/h2>\n<p>Zakup ELFLIQ i <a href=\"https:\/\/capovape.shop\/pl\/product-category\/liquid\/solana\/\">inne p\u0142yny<\/a> mo\u017cna znale\u017a\u0107 w naszym sklepie internetowym. Wsp\u00f3\u0142pracujemy bezpo\u015brednio z producentem, co pozwala nam zagwarantowa\u0107 wysok\u0105 jako\u015b\u0107 i najbardziej przyst\u0119pne ceny. <strong>Dostawa jest dost\u0119pna na terenie ca\u0142ej Polski i Europy.<\/strong><\/p>\n<p>Szeroki wyb\u00f3r e-papieros\u00f3w, liquid\u00f3w i akcesori\u00f3w czeka na Ciebie w naszym sklepie internetowym! Jeste\u015bmy dumni z tego, \u017ce oferujemy najlepsze produkty na rynku. Zapewni\u0105 ci one wszystko, czego potrzebujesz do przyjemnego wapowania. Mamy ponad trzy dekady do\u015bwiadczenia i ponad 5000 zadowolonych klient\u00f3w. Stali\u015bmy si\u0119 jednym z lider\u00f3w na rynku e-papieros\u00f3w. Nasz sklep oferuje szerok\u0105 gam\u0119 jednorazowych produkt\u00f3w premium, w tym ponad 100 smak\u00f3w. Dost\u0119pno\u015b\u0107 jest stale aktualizowana, aby zadowoli\u0107 nawet najbardziej wyrafinowanych vaper\u00f3w.<\/p>\n<h4>Charakterystyka:<\/h4>\n<p><strong>Smak:<\/strong> Zimowy bukiet soczystego rabarbaru i mro\u017anego, \u015bwie\u017cego smaku, kt\u00f3ry przypomina pierwsze p\u0142atki \u015bniegu zimowego poranka.<\/p>\n<p><strong>Zakres:<\/strong> 30 ml<\/p>\n<p><strong>Rodzaj nikotyny:<\/strong> s\u00f3l fizjologiczna<\/p>\n<p><strong>Si\u0142a nikotyny:<\/strong> 50 mg (5%)<\/p>","protected":false},"excerpt":{"rendered":"<p>ELFLIQ to kolekcja p\u0142yn\u00f3w do waporyzacji oferuj\u0105ca r\u00f3\u017cnorodne smaki i aromaty, od klasycznego tytoniu po smaki owocowe i deserowe. Ka\u017cdy e-liquid ELFLIQ zosta\u0142 opracowany z naciskiem na jako\u015b\u0107, przy u\u017cyciu wy\u0142\u0105cznie najwy\u017cszej jako\u015bci sk\u0142adnik\u00f3w. Zapewnia g\u0119ste chmury pary i intensywny smak dzi\u0119ki starannemu wywa\u017ceniu. Niezale\u017cnie od gustu, ELFLIQ gwarantuje przyjemne i intensywne doznania podczas waporyzacji, podkre\u015blaj\u0105c indywidualne preferencje ka\u017cdego wapera.<\/p>","protected":false},"featured_media":20029,"template":"","meta":{"om_disable_all_campaigns":false,"_monsterinsights_skip_tracking":false,"_monsterinsights_sitenote_active":false,"_monsterinsights_sitenote_note":"","_monsterinsights_sitenote_category":0,"_uf_show_specific_survey":0,"_uf_disable_surveys":false},"product_brand":[],"product_cat":[93],"product_tag":[],"class_list":{"0":"post-18500","1":"product","2":"type-product","3":"status-publish","4":"has-post-thumbnail","6":"product_cat-elfliq","8":"first","9":"instock","10":"shipping-taxable","11":"purchasable","12":"product-type-simple"},"aioseo_notices":[],"jetpack_sharing_enabled":true,"_links":{"self":[{"href":"https:\/\/capovape.shop\/pl\/wp-json\/wp\/v2\/product\/18500","targetHints":{"allow":["GET"]}}],"collection":[{"href":"https:\/\/capovape.shop\/pl\/wp-json\/wp\/v2\/product"}],"about":[{"href":"https:\/\/capovape.shop\/pl\/wp-json\/wp\/v2\/types\/product"}],"version-history":[{"count":3,"href":"https:\/\/capovape.shop\/pl\/wp-json\/wp\/v2\/product\/18500\/revisions"}],"predecessor-version":[{"id":19736,"href":"https:\/\/capovape.shop\/pl\/wp-json\/wp\/v2\/product\/18500\/revisions\/19736"}],"wp:featuredmedia":[{"embeddable":true,"href":"https:\/\/capovape.shop\/pl\/wp-json\/wp\/v2\/media\/20029"}],"wp:attachment":[{"href":"https:\/\/capovape.shop\/pl\/wp-json\/wp\/v2\/media?parent=18500"}],"wp:term":[{"taxonomy":"product_brand","embeddable":true,"href":"https:\/\/capovape.shop\/pl\/wp-json\/wp\/v2\/product_brand?post=18500"},{"taxonomy":"product_cat","embeddable":true,"href":"https:\/\/capovape.shop\/pl\/wp-json\/wp\/v2\/product_cat?post=18500"},{"taxonomy":"product_tag","embeddable":true,"href":"https:\/\/capovape.shop\/pl\/wp-json\/wp\/v2\/product_tag?post=18500"}],"curies":[{"name":"wp","href":"https:\/\/api.w.org\/{rel}","templated":true}]}}