{"id":18441,"date":"2024-03-02T20:24:59","date_gmt":"2024-03-02T18:24:59","guid":{"rendered":"https:\/\/capovape.shop\/?post_type=product&#038;p=18441"},"modified":"2026-05-04T18:18:27","modified_gmt":"2026-05-04T16:18:27","slug":"elf-bar-bc15000-grape-cranberry-5-nic","status":"publish","type":"product","link":"https:\/\/capovape.shop\/pl\/produkt\/elf-bar-bc15000-grape-cranberry-5-nic\/","title":{"rendered":"Elf Bar BC15000 - Grape Cranberry (5% nic)"},"content":{"rendered":"<p>Elf Bar BC15000 - Grape Cranberry.<\/p>\n<h2>KUPI\u0106 ELF BAR BC15000 GRAPE CRANBERRY W POLSKA<\/h2>\n<p><strong>Elf Bar BC15000 - Winogronowo-\u017curawinowy<\/strong>\u00a0\u0142\u0105czy w sobie jasne kolory i ekscytuj\u0105ce smaki. To kompaktowe urz\u0105dzenie w kszta\u0142cie dzbanka zapewni niezapomniane wra\u017cenia. Jest to innowacyjne rozwi\u0105zanie dla tych, kt\u00f3rzy ceni\u0105 sobie prostot\u0119 po\u0142\u0105czon\u0105 z wysok\u0105 jako\u015bci\u0105 waporyzacji.<\/p>\n<p>Elf Bar BC15000 prezentuje nowoczesny design i zaawansowan\u0105 technologi\u0119 w wygodnym systemie. Dzi\u0119ki niewielkim rozmiarom i lekko\u015bci mo\u017cesz bez wysi\u0142ku cieszy\u0107 si\u0119 ulubionymi smakami. Urz\u0105dzenie jest wyposa\u017cone we wbudowan\u0105 bateri\u0119 o pojemno\u015bci 650 mAh. Zapewnia to d\u0142ugotrwa\u0142e u\u017cytkowanie bez konieczno\u015bci \u0142adowania. Kapsu\u0142ka o pojemno\u015bci 18 ml i podw\u00f3jna cewka dodaj\u0105 wyj\u0105tkowego smaku. Do \u0142adowania papierosa nale\u017cy u\u017cy\u0107 kabla USB typu C.<\/p>\n<p>Elfbar stworzy\u0142 naprawd\u0119 atrakcyjne urz\u0105dzenie jednorazowego u\u017cytku, kt\u00f3re mo\u017cna \u0142adowa\u0107. ELFBAR BC15000 to jedno z najlepszych urz\u0105dze\u0144, kt\u00f3re przypadnie do gustu mi\u0142o\u015bnikom egzotycznych upodoba\u0144. Jego aromaty tworz\u0105 niepowtarzalny bukiet smakowy. Elf Bar BC15000 mo\u017cna zam\u00f3wi\u0107 z <strong data-entity-type=\"MessageEntityBold\">darmowa dostawa od 200 z\u0142<\/strong>\u00a0do dowolnego miasta w Polsce.<\/p>\n<h2><strong>Zalety urz\u0105dzenia jednorazowego u\u017cytku ELF BAR BC15000:<\/strong><\/h2>\n<ol>\n<li>Doskona\u0142e wzornictwo. ELF BAR BC15000 to stylowe i estetyczne urz\u0105dzenie o atrakcyjnym wygl\u0105dzie.<\/li>\n<li>\u0141atwo\u015b\u0107 u\u017cytkowania. Kompaktowy rozmiar i \u0142atwo\u015b\u0107 obs\u0142ugi sprawiaj\u0105, \u017ce ten jednorazowy papieros jest idealnym wyborem zar\u00f3wno dla pocz\u0105tkuj\u0105cych, jak i do\u015bwiadczonych vaper\u00f3w.<\/li>\n<li>D\u0142ugi czas u\u017cytkowania. Wbudowana bateria o pojemno\u015bci 650 mAh zapewnia d\u0142ugi czas pracy bez konieczno\u015bci cz\u0119stego \u0142adowania.<\/li>\n<li>Intensywny smak i chmury pary. Dzi\u0119ki innowacyjnej konstrukcji i podw\u00f3jnej cewce, ELF BAR BC15000 zapewnia intensywny smak i g\u0119ste chmury pary.<\/li>\n<li>Bezpiecze\u0144stwo. Urz\u0105dzenie jest wyposa\u017cone w zabezpieczenie przed zwarciem, przegrzaniem i prze\u0142adowaniem, zapewniaj\u0105c bezpiecze\u0144stwo podczas u\u017cytkowania.<\/li>\n<li>Op\u0142acalno\u015b\u0107. ELFBAR BC15000 to ekonomiczne rozwi\u0105zanie dla vaper\u00f3w, kt\u00f3rzy ceni\u0105 sobie trwa\u0142o\u015b\u0107 i jako\u015b\u0107 wapowania.<\/li>\n<\/ol>\n<h2>SMAKI ELF BAR BC15000:<\/h2>\n<ul>\n<li><strong>Blackberry Cherry<\/strong> - Blackberry Cherry<\/li>\n<li><strong>Blue Razz Ice<\/strong> - Jagody mieszane z lodem<\/li>\n<li><strong>Cherry Lime<\/strong> - Cherry Lime<\/li>\n<li><strong>\u017burawina winogronowa<\/strong> - Winogrona \u017burawina<\/li>\n<li><strong>L\u00f3d winogronowy<\/strong> - Winogrona lodu<\/li>\n<li><strong>Grejpfrut Marakuja<\/strong> - Grejpfrut marakuja<\/li>\n<li><strong>Kiwi Passion Fruit Guava<\/strong> - Kiwi, marakuja, guawa<\/li>\n<li><strong>Kiwi Ananas Brzoskwinia<\/strong> - Kiwi Ananas Brzoskwinia<\/li>\n<li><strong>Ananas Smoczy owoc Grejpfrut<\/strong> - Ananas Pitahaya Grejpfrut<\/li>\n<li><strong>Kwa\u015bne jab\u0142ko<\/strong> - Kwa\u015bne jab\u0142ko<\/li>\n<li><strong>Truskawka Kiwi<\/strong> - Truskawka Kiwi<\/li>\n<li><strong>Arbuzowy l\u00f3d<\/strong> - Arbuzowy l\u00f3d<\/li>\n<\/ul>\n<h2>DOSTAWA NA TERENIE POLSKI I EUROPY<\/h2>\n<p>Zakup Elf Bar Bc15000 i <a href=\"https:\/\/capovape.shop\/pl\/\">inne papierosy jednorazowe<\/a> mo\u017cna znale\u017a\u0107 w naszym sklepie internetowym. Wsp\u00f3\u0142pracujemy bezpo\u015brednio z producentem, co pozwala nam zagwarantowa\u0107 wysok\u0105 jako\u015b\u0107 i najbardziej przyst\u0119pne ceny. <strong>Dostawa jest dost\u0119pna na terenie ca\u0142ej Polski i Europy.<\/strong><\/p>\n<p>Szeroki wyb\u00f3r e-papieros\u00f3w, liquid\u00f3w i akcesori\u00f3w czeka na Ciebie w naszym sklepie internetowym! Jeste\u015bmy dumni z tego, \u017ce oferujemy najlepsze produkty na rynku. Zapewni\u0105 ci one wszystko, czego potrzebujesz do przyjemnego wapowania. Mamy ponad trzy dekady do\u015bwiadczenia i ponad 5000 zadowolonych klient\u00f3w. Stali\u015bmy si\u0119 jednym z lider\u00f3w na rynku e-papieros\u00f3w. Nasz sklep oferuje szerok\u0105 gam\u0119 jednorazowych produkt\u00f3w premium, w tym ponad 100 smak\u00f3w. Dost\u0119pno\u015b\u0107 jest stale aktualizowana, aby zadowoli\u0107 nawet najbardziej wyrafinowanych vaper\u00f3w.<\/p>\n<h4>Charakterystyka:<\/h4>\n<p><strong>Smak:<\/strong> Soczysto\u015b\u0107 winogron uzupe\u0142niona s\u0142odko-kwa\u015bn\u0105 \u017curawin\u0105.<\/p>\n<p><strong>Zakres:<\/strong> 22 ml<\/p>\n<p><strong>Si\u0142a nikotyny:<\/strong> 50 mg (5%)<\/p>\n<p><strong>Pojemno\u015b\u0107 akumulatora:<\/strong> 650 mAh<\/p>\n<p><strong>Op\u0142ata:<\/strong> typ-C<\/p>","protected":false},"excerpt":{"rendered":"<p>Elf Bar BC15000 to stylowe i innowacyjne urz\u0105dzenie do waporyzacji o doskona\u0142ym designie i funkcjonalno\u015bci. Jego kompaktowy rozmiar i niewielka waga sprawiaj\u0105, \u017ce idealnie nadaje si\u0119 do u\u017cytku w ka\u017cdej sytuacji. Wbudowana bateria o pojemno\u015bci 650 mAh i wk\u0142ad o pojemno\u015bci 22 ml zapewniaj\u0105 wiele godzin przyjemno\u015bci z waporyzacji. Dzi\u0119ki innowacyjnej technologii waporyzacji i podw\u00f3jnej cewce, Elf Bar BC15000 zapewnia intensywny smak i chmury g\u0119stej pary. To urz\u0105dzenie jest idealnym po\u0142\u0105czeniem wygody, stylu i jako\u015bci dla wszystkich entuzjast\u00f3w waporyzacji.<\/p>","protected":false},"featured_media":20038,"template":"","meta":{"om_disable_all_campaigns":false,"_monsterinsights_skip_tracking":false,"_monsterinsights_sitenote_active":false,"_monsterinsights_sitenote_note":"","_monsterinsights_sitenote_category":0,"_uf_show_specific_survey":0,"_uf_disable_surveys":false},"product_brand":[],"product_cat":[91],"product_tag":[],"class_list":{"0":"post-18441","1":"product","2":"type-product","3":"status-publish","4":"has-post-thumbnail","6":"product_cat-elf-bar-15000","8":"first","9":"instock","10":"sale","11":"shipping-taxable","12":"purchasable","13":"product-type-simple"},"aioseo_notices":[],"jetpack_sharing_enabled":true,"_links":{"self":[{"href":"https:\/\/capovape.shop\/pl\/wp-json\/wp\/v2\/product\/18441","targetHints":{"allow":["GET"]}}],"collection":[{"href":"https:\/\/capovape.shop\/pl\/wp-json\/wp\/v2\/product"}],"about":[{"href":"https:\/\/capovape.shop\/pl\/wp-json\/wp\/v2\/types\/product"}],"version-history":[{"count":4,"href":"https:\/\/capovape.shop\/pl\/wp-json\/wp\/v2\/product\/18441\/revisions"}],"predecessor-version":[{"id":25486,"href":"https:\/\/capovape.shop\/pl\/wp-json\/wp\/v2\/product\/18441\/revisions\/25486"}],"wp:featuredmedia":[{"embeddable":true,"href":"https:\/\/capovape.shop\/pl\/wp-json\/wp\/v2\/media\/20038"}],"wp:attachment":[{"href":"https:\/\/capovape.shop\/pl\/wp-json\/wp\/v2\/media?parent=18441"}],"wp:term":[{"taxonomy":"product_brand","embeddable":true,"href":"https:\/\/capovape.shop\/pl\/wp-json\/wp\/v2\/product_brand?post=18441"},{"taxonomy":"product_cat","embeddable":true,"href":"https:\/\/capovape.shop\/pl\/wp-json\/wp\/v2\/product_cat?post=18441"},{"taxonomy":"product_tag","embeddable":true,"href":"https:\/\/capovape.shop\/pl\/wp-json\/wp\/v2\/product_tag?post=18441"}],"curies":[{"name":"wp","href":"https:\/\/api.w.org\/{rel}","templated":true}]}}