{"id":18316,"date":"2024-02-11T00:51:11","date_gmt":"2024-02-10T22:51:11","guid":{"rendered":"https:\/\/capovape.shop\/?post_type=product&#038;p=18316"},"modified":"2024-11-14T14:39:21","modified_gmt":"2024-11-14T12:39:21","slug":"%d0%b6%d0%b8%d0%b4%d0%ba%d0%be%d1%81%d1%82%d1%8c-solana-blue-raspberry-lemon-5-nic","status":"publish","type":"product","link":"https:\/\/capovape.shop\/pl\/produkt\/\u0436\u0438\u0434\u043a\u043e\u0441\u0442\u044c-solana-blue-raspberry-lemon-5-nic\/","title":{"rendered":"Solana Liquid - Blue Raspberry Lemon (5% nic)"},"content":{"rendered":"<p>Solana Liquid - Blue Raspberry Lemon.<\/p>\n<h2>Kup p\u0142yn Solana - Blue Raspberry Lemon w Polsce<\/h2>\n<p><strong>Solana Liquid - Blue Raspberry Lemon<\/strong>\u00a0- to wyj\u0105tkowe po\u0142\u0105czenie wysokiej jako\u015bci sk\u0142adnik\u00f3w i innowacyjnych smak\u00f3w. Ka\u017cdy smak w kolekcji Solana zosta\u0142 starannie zaprojektowany, aby zapewni\u0107 wyj\u0105tkowe i charakterystyczne doznania podczas waporyzacji. Od \u015bwie\u017cych mieszanek owocowych po s\u0142odkie nuty deserowe, Solana zaspokoi najbardziej wyrafinowane preferencje smakowe u\u017cytkownik\u00f3w.<\/p>\n<p>Ponadto liquid Solana jest produkowany z naciskiem na jako\u015b\u0107 i bezpiecze\u0144stwo, przy u\u017cyciu wy\u0142\u0105cznie certyfikowanych sk\u0142adnik\u00f3w. Zapewnia to nie tylko bogaty i intensywny smak, ale tak\u017ce g\u0119ste chmury pary, dzi\u0119ki czemu waporyzacja z p\u0142ynem Solana to przyjemno\u015b\u0107 dla wszystkich zmys\u0142\u00f3w. P\u0142yn Solana mo\u017cna zam\u00f3wi\u0107 z <strong data-entity-type=\"MessageEntityBold\">darmowa dostawa od 200 z\u0142<\/strong>\u00a0do dowolnego miasta w Polsce.<\/p>\n<h2>GUSTA SOLANY:<\/h2>\n<ul>\n<li><strong>Jab\u0142ko Brzoskwinia<\/strong> - Jab\u0142ko Brzoskwinia<\/li>\n<li><strong>Blackberry Lemon<\/strong> - Blackberry Lemon<\/li>\n<li><strong>Blue Raspberry Lemon<\/strong> - Blue Raspberry Lemon<\/li>\n<li><strong>Jagodowa guma balonowa<\/strong> - Guma jagodowa<\/li>\n<li><strong>Jagoda Winogrono<\/strong> - Jagody Winogrona<\/li>\n<li><strong>Cactus Lemonad<\/strong> - Lemoniada kaktusowa<\/li>\n<li><strong>Cherry Cola<\/strong> - Cherry Cola<\/li>\n<li><strong>Winogrono<\/strong> - Winogrona<\/li>\n<li><strong>Gumisie<\/strong> - \u017belkowe misie<\/li>\n<li><strong>L\u00f3d brzoskwiniowy<\/strong> - L\u00f3d brzoskwiniowy<\/li>\n<li><strong>Ananas Kokos<\/strong> - Ananas Kokos<\/li>\n<li><strong>Mentol malinowy<\/strong> - Mentol malinowy<\/li>\n<li><strong>Arbuz malinowy<\/strong> - Arbuz malinowy<\/li>\n<li><strong>Kwa\u015bne jab\u0142ko<\/strong> - Kwa\u015bne jab\u0142ko<\/li>\n<li><strong>Mi\u0119ta<\/strong> - Mi\u0119ta<\/li>\n<li><strong>Smoczy owoc truskawkowy<\/strong> - Pitahaya truskawkowa<\/li>\n<li><strong>Truskawka Brzoskwinia Cytryna<\/strong> - Truskawka Brzoskwinia Cytryna<\/li>\n<li><strong>L\u00f3d truskawkowo-malinowo-wi\u015bniowy<\/strong> - L\u00f3d truskawkowo-malinowo-wi\u015bniowy<\/li>\n<li><strong>Arbuz<\/strong> - Arbuz<\/li>\n<li><strong>Arbuz Cytryna<\/strong> - Arbuz Cytryna<\/li>\n<\/ul>\n<h2>DOSTAWA NA TERENIE POLSKI I EUROPY<\/h2>\n<p>Zakup p\u0142ynu Solana i <a href=\"https:\/\/capovape.shop\/pl\/product-category\/liquid\/solana\/\">inne p\u0142yny<\/a> mo\u017cna znale\u017a\u0107 w naszym sklepie internetowym. Wsp\u00f3\u0142pracujemy bezpo\u015brednio z producentem, co pozwala nam zagwarantowa\u0107 wysok\u0105 jako\u015b\u0107 i najbardziej przyst\u0119pne ceny. <strong>Dostawa jest dost\u0119pna na terenie ca\u0142ej Polski i Europy.<\/strong><\/p>\n<p>Szeroki wyb\u00f3r e-papieros\u00f3w, liquid\u00f3w i akcesori\u00f3w czeka na Ciebie w naszym sklepie internetowym! Jeste\u015bmy dumni z tego, \u017ce oferujemy najlepsze produkty na rynku. Zapewni\u0105 ci one wszystko, czego potrzebujesz do przyjemnego wapowania. Mamy ponad trzy dekady do\u015bwiadczenia i ponad 5000 zadowolonych klient\u00f3w. Stali\u015bmy si\u0119 jednym z lider\u00f3w na rynku e-papieros\u00f3w. Nasz sklep oferuje szerok\u0105 gam\u0119 jednorazowych produkt\u00f3w premium, w tym ponad 100 smak\u00f3w. Dost\u0119pno\u015b\u0107 jest stale aktualizowana, aby zadowoli\u0107 nawet najbardziej wyrafinowanych vaper\u00f3w.<\/p>\n<h4>Charakterystyka:<\/h4>\n<p><strong>Rodzaj nikotyny:<\/strong> s\u00f3l fizjologiczna<\/p>\n<p><strong>Smak:<\/strong> Ciesz si\u0119 orze\u017awiaj\u0105cym po\u0142\u0105czeniem cytryny i niebieskich malin.<\/p>\n<p><strong>Zakres:<\/strong> 30 ml<\/p>\n<p><strong>Si\u0142a nikotyny:<\/strong> 50 mg (5%)<\/p>","protected":false},"excerpt":{"rendered":"<p>P\u0142yn Solana to kolekcja wysokiej jako\u015bci aromat\u00f3w do waporyzacji zaprojektowanych z my\u015bl\u0105 o najbardziej wyrafinowanych preferencjach smakowych. Ka\u017cdy smak w gamie Solana oferuje unikaln\u0105 kombinacj\u0119 sk\u0142adnik\u00f3w, aby zadowoli\u0107 nawet najbardziej wymagaj\u0105cych waper\u00f3w. Dzi\u0119ki mistrzowskiemu po\u0142\u0105czeniu nut \u015bwie\u017cych owoc\u00f3w i s\u0142odkich deser\u00f3w, p\u0142yn Solana zapewnia wyj\u0105tkowe doznania podczas waporyzacji. Do jego produkcji wykorzystywane s\u0105 wy\u0142\u0105cznie certyfikowane sk\u0142adniki, zapewniaj\u0105ce wysok\u0105 jako\u015b\u0107 i bezpiecze\u0144stwo dla u\u017cytkownik\u00f3w. W rezultacie liquid Solana jest nie tylko bogaty i pe\u0142en smaku, ale tak\u017ce zapewnia g\u0119ste chmury pary, dzi\u0119ki czemu waporyzacja jest przyjemno\u015bci\u0105 dla wszystkich zmys\u0142\u00f3w.<\/p>","protected":false},"featured_media":18317,"template":"","meta":{"om_disable_all_campaigns":false,"_monsterinsights_skip_tracking":false,"_monsterinsights_sitenote_active":false,"_monsterinsights_sitenote_note":"","_monsterinsights_sitenote_category":0,"_uf_show_specific_survey":0,"_uf_disable_surveys":false},"product_brand":[],"product_cat":[88],"product_tag":[],"class_list":{"0":"post-18316","1":"product","2":"type-product","3":"status-publish","4":"has-post-thumbnail","6":"product_cat-solana","8":"first","9":"outofstock","10":"shipping-taxable","11":"purchasable","12":"product-type-simple"},"aioseo_notices":[],"jetpack_sharing_enabled":true,"_links":{"self":[{"href":"https:\/\/capovape.shop\/pl\/wp-json\/wp\/v2\/product\/18316","targetHints":{"allow":["GET"]}}],"collection":[{"href":"https:\/\/capovape.shop\/pl\/wp-json\/wp\/v2\/product"}],"about":[{"href":"https:\/\/capovape.shop\/pl\/wp-json\/wp\/v2\/types\/product"}],"version-history":[{"count":4,"href":"https:\/\/capovape.shop\/pl\/wp-json\/wp\/v2\/product\/18316\/revisions"}],"predecessor-version":[{"id":21996,"href":"https:\/\/capovape.shop\/pl\/wp-json\/wp\/v2\/product\/18316\/revisions\/21996"}],"wp:featuredmedia":[{"embeddable":true,"href":"https:\/\/capovape.shop\/pl\/wp-json\/wp\/v2\/media\/18317"}],"wp:attachment":[{"href":"https:\/\/capovape.shop\/pl\/wp-json\/wp\/v2\/media?parent=18316"}],"wp:term":[{"taxonomy":"product_brand","embeddable":true,"href":"https:\/\/capovape.shop\/pl\/wp-json\/wp\/v2\/product_brand?post=18316"},{"taxonomy":"product_cat","embeddable":true,"href":"https:\/\/capovape.shop\/pl\/wp-json\/wp\/v2\/product_cat?post=18316"},{"taxonomy":"product_tag","embeddable":true,"href":"https:\/\/capovape.shop\/pl\/wp-json\/wp\/v2\/product_tag?post=18316"}],"curies":[{"name":"wp","href":"https:\/\/api.w.org\/{rel}","templated":true}]}}