{"id":18254,"date":"2024-02-10T16:27:26","date_gmt":"2024-02-10T14:27:26","guid":{"rendered":"https:\/\/capovape.shop\/?post_type=product&#038;p=18254"},"modified":"2025-04-10T08:45:39","modified_gmt":"2025-04-10T06:45:39","slug":"elf-bar-ep8000-watermelon-ice-5-nic","status":"publish","type":"product","link":"https:\/\/capovape.shop\/pl\/produkt\/elf-bar-ep8000-watermelon-ice-5-nic\/","title":{"rendered":"Elf Bar EP8000 - Watermelon Ice (5% nic)"},"content":{"rendered":"<p>Elf Bar EP8000 - Watermelon Ice.<\/p>\n<h2>Kup Elf Bar EP8000 Watermelon Ice w Polsce<\/h2>\n<p><strong>Elf Bar EP8000 - L\u00f3d arbuzowy<\/strong> - to wysokowydajne jednorazowe urz\u0105dzenie do waporyzacji zaprojektowane dla tych, kt\u00f3rzy ceni\u0105 sobie d\u0142ugotrwa\u0142e u\u017cytkowanie wysokiej jako\u015bci. Dzi\u0119ki baterii o pojemno\u015bci 1500 mAh i 13 ml p\u0142ynu, EP8000 zapewnia do 8000 zaci\u0105gni\u0119\u0107. Urz\u0105dzenie charakteryzuje si\u0119 nowoczesn\u0105 i ergonomiczn\u0105 konstrukcj\u0105 wykonan\u0105 z trwa\u0142ych i przyjemnych w dotyku materia\u0142\u00f3w zapewniaj\u0105cych komfortowe u\u017cytkowanie. Ten podsystem nie posiada opcji \u0142adowania!<\/p>\n<p>Ponadto Elf Bar EP8000 posiada zaawansowany system dostarczania nikotyny, zapewniaj\u0105cy bogaty i g\u0142adki smak przy ka\u017cdym zaci\u0105gni\u0119ciu. Urz\u0105dzenie aktywuje si\u0119 podczas wdechu, dzi\u0119ki czemu waporyzacja jest tak \u0142atwa i intuicyjna, jak to tylko mo\u017cliwe. Dzi\u0119ki du\u017cej pojemno\u015bci i \u0142atwo\u015bci obs\u0142ugi, EP8000 jest odpowiedni zar\u00f3wno dla pocz\u0105tkuj\u0105cych, jak i do\u015bwiadczonych waper\u00f3w, oferuj\u0105c niezawodne i trwa\u0142e rozwi\u0105zanie do codziennego u\u017cytku. Kompaktowy rozmiar i lekko\u015b\u0107 urz\u0105dzenia sprawiaj\u0105, \u017ce jest to idealny wyb\u00f3r dla os\u00f3b aktywnych, pozwalaj\u0105c zawsze mie\u0107 pod r\u0119k\u0105 wysokiej jako\u015bci doznania z waporyzacji bez konieczno\u015bci cz\u0119stej wymiany urz\u0105dzenia. Mo\u017cesz zam\u00f3wi\u0107 Elf Bar EP800 z <strong data-entity-type=\"MessageEntityBold\">darmowa dostawa od 200 z\u0142<\/strong>\u00a0do dowolnego miasta w Polsce.<\/p>\n<h2>ELF BAR EP8000 SMAKI:<\/h2>\n<ul>\n<li><strong>L\u00f3d bananowy<\/strong> - L\u00f3d bananowy<\/li>\n<li><strong>Kawa kolumbijska z lodem<\/strong> - Kolumbijska kawa mro\u017cona<\/li>\n<li><strong>Je\u017cyna Wi\u015bnia Cytryna<\/strong> - Je\u017cyna Wi\u015bnia Cytryna<\/li>\n<li><strong>Blue Razz Ice<\/strong> - Jagody mieszane z lodem<\/li>\n<li><strong>Niebieska kwa\u015bna malina<\/strong> - Niebieska kwa\u015bna malina<\/li>\n<li><strong>Wi\u015bniowo-brzoskwiniowa colada<\/strong> - Wi\u015bniowo-brzoskwiniowa colada<\/li>\n<li aria-level=\"1\"><strong>Lemon Lime<\/strong> - Lemon Lime<\/li>\n<li aria-level=\"1\"><strong>L\u00f3d ananasowy<\/strong> - L\u00f3d ananasowy<\/li>\n<li><strong>Lemoniada truskawkowo-ananasowa<\/strong> - Lemoniada truskawkowo-ananasowa<\/li>\n<li><strong>Arbuzowy l\u00f3d<\/strong> - Arbuzowy l\u00f3d<\/li>\n<li><strong>Bia\u0142y l\u00f3d truskawkowy<\/strong> - Bia\u0142y l\u00f3d truskawkowy<\/li>\n<\/ul>\n<h2>DOSTAWA NA TERENIE POLSKI I EUROPY<\/h2>\n<p>Zakup Elf Bar EP8000 i <a href=\"https:\/\/capovape.shop\/pl\/\">inne papierosy jednorazowe<\/a> mo\u017cna znale\u017a\u0107 w naszym sklepie internetowym. Wsp\u00f3\u0142pracujemy bezpo\u015brednio z producentem, co pozwala nam zagwarantowa\u0107 wysok\u0105 jako\u015b\u0107 i najbardziej przyst\u0119pne ceny. <strong>Dostawa jest dost\u0119pna na terenie ca\u0142ej Polski i Europy.<\/strong><\/p>\n<p>Szeroki wyb\u00f3r e-papieros\u00f3w, liquid\u00f3w i akcesori\u00f3w czeka na Ciebie w naszym sklepie internetowym! Jeste\u015bmy dumni z tego, \u017ce oferujemy najlepsze produkty na rynku. Zapewni\u0105 ci one wszystko, czego potrzebujesz do przyjemnego wapowania. Mamy ponad trzy dekady do\u015bwiadczenia i ponad 5000 zadowolonych klient\u00f3w. Stali\u015bmy si\u0119 jednym z lider\u00f3w na rynku e-papieros\u00f3w. Nasz sklep oferuje szerok\u0105 gam\u0119 jednorazowych produkt\u00f3w premium, w tym ponad 100 smak\u00f3w. Dost\u0119pno\u015b\u0107 jest stale aktualizowana, aby zadowoli\u0107 nawet najbardziej wyrafinowanych vaper\u00f3w.<\/p>\n<h4>Charakterystyka:<\/h4>\n<p><strong>Op\u0142ata:<\/strong> BEZ \u0142adowania<\/p>\n<p><strong>Smak:<\/strong> Naturalna s\u0142odycz dojrza\u0142ego arbuza z przyjemnym ch\u0142odem. Orze\u017awiaj\u0105cy wyb\u00f3r na gor\u0105cy dzie\u0144.<\/p>\n<p><strong>Zakres:<\/strong> 13 ml<\/p>\n<p><strong>Si\u0142a nikotyny:<\/strong> 50 mg (5%)<\/p>\n<p><strong>Pojemno\u015b\u0107 akumulatora:<\/strong> 1500 mAh<\/p>","protected":false},"excerpt":{"rendered":"<p>Elf Bar EP8000 to jednorazowe urz\u0105dzenie do waporyzacji o pojemno\u015bci 8000 zaci\u0105gni\u0119\u0107. Posiada bateri\u0119 1500 mAh i mie\u015bci 13 ml p\u0142ynu, zapewniaj\u0105c d\u0142ugotrwa\u0142e u\u017cytkowanie. Urz\u0105dzenie aktywuje si\u0119 podczas wdechu, oferuj\u0105c proste i wygodne do\u015bwiadczenie waporyzacji. EP8000 jest dost\u0119pny w r\u00f3\u017cnych smakach, od owocowych po mi\u0119towe. Jego stylowa i ergonomiczna konstrukcja sprawia, \u017ce jest to idealny wyb\u00f3r dla u\u017cytkownik\u00f3w ceni\u0105cych jako\u015b\u0107 i trwa\u0142o\u015b\u0107.<\/p>","protected":false},"featured_media":18245,"template":"","meta":{"om_disable_all_campaigns":false,"_monsterinsights_skip_tracking":false,"_monsterinsights_sitenote_active":false,"_monsterinsights_sitenote_note":"","_monsterinsights_sitenote_category":0,"_uf_show_specific_survey":0,"_uf_disable_surveys":false},"product_brand":[],"product_cat":[87],"product_tag":[],"class_list":{"0":"post-18254","1":"product","2":"type-product","3":"status-publish","4":"has-post-thumbnail","6":"product_cat-elf-bar-ep-8000","8":"first","9":"outofstock","10":"shipping-taxable","11":"purchasable","12":"product-type-simple"},"aioseo_notices":[],"jetpack_sharing_enabled":true,"_links":{"self":[{"href":"https:\/\/capovape.shop\/pl\/wp-json\/wp\/v2\/product\/18254","targetHints":{"allow":["GET"]}}],"collection":[{"href":"https:\/\/capovape.shop\/pl\/wp-json\/wp\/v2\/product"}],"about":[{"href":"https:\/\/capovape.shop\/pl\/wp-json\/wp\/v2\/types\/product"}],"version-history":[{"count":3,"href":"https:\/\/capovape.shop\/pl\/wp-json\/wp\/v2\/product\/18254\/revisions"}],"predecessor-version":[{"id":19931,"href":"https:\/\/capovape.shop\/pl\/wp-json\/wp\/v2\/product\/18254\/revisions\/19931"}],"wp:featuredmedia":[{"embeddable":true,"href":"https:\/\/capovape.shop\/pl\/wp-json\/wp\/v2\/media\/18245"}],"wp:attachment":[{"href":"https:\/\/capovape.shop\/pl\/wp-json\/wp\/v2\/media?parent=18254"}],"wp:term":[{"taxonomy":"product_brand","embeddable":true,"href":"https:\/\/capovape.shop\/pl\/wp-json\/wp\/v2\/product_brand?post=18254"},{"taxonomy":"product_cat","embeddable":true,"href":"https:\/\/capovape.shop\/pl\/wp-json\/wp\/v2\/product_cat?post=18254"},{"taxonomy":"product_tag","embeddable":true,"href":"https:\/\/capovape.shop\/pl\/wp-json\/wp\/v2\/product_tag?post=18254"}],"curies":[{"name":"wp","href":"https:\/\/api.w.org\/{rel}","templated":true}]}}