{"id":18230,"date":"2024-02-09T23:45:51","date_gmt":"2024-02-09T21:45:51","guid":{"rendered":"https:\/\/capovape.shop\/?post_type=product&#038;p=18230"},"modified":"2025-11-19T12:39:58","modified_gmt":"2025-11-19T10:39:58","slug":"elf-bar-ri3000-watermelon-ice-5-nic","status":"publish","type":"product","link":"https:\/\/capovape.shop\/pl\/produkt\/elf-bar-ri3000-watermelon-ice-5-nic\/","title":{"rendered":"Elf Bar Ri3000 - Watermelon Ice (5% nic)"},"content":{"rendered":"<p>Elf Bar Ri3000 - Watermelon Ice.<\/p>\n<h2>KUP ELF BAR Ri3000 WATERMELON ICE W POLSCE<\/h2>\n<p>Z przyjemno\u015bci\u0105 przedstawiamy nasz nowy jednorazowy system POD, Elf Bar Ri3000. Jest to idealny wyb\u00f3r dla os\u00f3b poszukuj\u0105cych bezpiecznej i wygodnej alternatywy dla tradycyjnych papieros\u00f3w tytoniowych. <strong>Elf Bar Ri3000 - L\u00f3d arbuzowy<\/strong>\u00a0zosta\u0142 zaprojektowany, aby zapewni\u0107 bogaty i satysfakcjonuj\u0105cy smak bez pozostawiania niedosytu. Zawiera 50 mg soli nikotyny i 6 ml p\u0142ynu. Ka\u017cdy Elf Bar Ri3000 zapewnia do 3000 zaci\u0105gni\u0119\u0107. Dzi\u0119ki temu mo\u017cesz cieszy\u0107 si\u0119 par\u0105 przez d\u0142ugi czas.<\/p>\n<p>Jeste\u015bmy dumni z r\u00f3\u017cnorodno\u015bci oferowanych przez nas smak\u00f3w. Od klasycznych smak\u00f3w owocowych po egzotyczne mieszanki - mamy co\u015b dla ka\u017cdego podniebienia. A wszystko to dost\u0119pne jest w naszym sklepie internetowym w przyst\u0119pnych cenach. Mo\u017cesz zam\u00f3wi\u0107 Elf Bar 2000 z <strong data-entity-type=\"MessageEntityBold\">darmowa dostawa od 200z\u0142<\/strong>\u00a0do dowolnego miasta w Polsce ju\u017c teraz. Jedn\u0105 z zalet Elf Bar Ri3000 jest \u0142atwo\u015b\u0107 obs\u0142ugi. Nie trzeba go \u0142adowa\u0107 - wystarczy otworzy\u0107 opakowanie i zacz\u0105\u0107 korzysta\u0107. A jego kompaktowa konstrukcja sprawia, \u017ce idealnie nadaje si\u0119 do noszenia w ka\u017cdej kieszeni lub torbie.<\/p>\n<h2>Smaki ELF BAR Ri3000<\/h2>\n<ul>\n<li><b>Blackberry Grape Ice <\/b>- je\u017cynowy l\u00f3d winogronowy.<\/li>\n<li><strong>Zielone jab\u0142ko z jagodami <\/strong>- zielone jab\u0142ko z jagodami.<\/li>\n<li><strong>Blueberry Orange <\/strong>- jagoda z pomara\u0144cz\u0105.<\/li>\n<li><strong>Jagoda Malina Cytryna <\/strong>- jagoda malina cytryna.<\/li>\n<li><strong>L\u00f3d winogronowy <\/strong>- l\u00f3d winogronowy.<\/li>\n<li><strong>Mi\u0119ta Cytryna <\/strong>- mi\u0119ta cytryna.<\/li>\n<li><strong>L\u00f3d z kwiat\u00f3w brzoskwini i wi\u015bni <\/strong>- brzoskwiniowy l\u00f3d z kwiat\u00f3w wi\u015bni.<\/li>\n<li><strong>Banan truskawkowy <\/strong>- truskawka banan.<\/li>\n<li><strong>L\u00f3d truskawkowy <\/strong>- l\u00f3d truskawkowy.<\/li>\n<li><strong>Woda arbuzowo-kokosowa <\/strong>- woda arbuzowo-kokosowa.<\/li>\n<li><strong>Arbuzowy l\u00f3d <\/strong>- arbuzowy l\u00f3d.<\/li>\n<li><strong>Arbuz Kiwi Berry Ice <\/strong>- arbuz jagody kiwi l\u00f3d.<\/li>\n<\/ul>\n<h2>DOSTAWA NA TERENIE POLSKI I EUROPY<\/h2>\n<p>Elf Bar Ri3000 i inne papierosy jednorazowe mo\u017cna kupi\u0107 w naszym sklepie internetowym. Wsp\u00f3\u0142pracujemy bezpo\u015brednio z producentem, co pozwala nam zagwarantowa\u0107 wysok\u0105 jako\u015b\u0107 i najbardziej przyst\u0119pne ceny. <strong>Dostawa jest dost\u0119pna na terenie ca\u0142ej Polski i Europy.<\/strong><\/p>\n<p>Szeroki wyb\u00f3r e-papieros\u00f3w, liquid\u00f3w i akcesori\u00f3w czeka na Ciebie w naszym sklepie internetowym! Jeste\u015bmy dumni z tego, \u017ce oferujemy najlepsze produkty na rynku. Zapewni\u0105 ci one wszystko, czego potrzebujesz do przyjemnego wapowania. Mamy ponad trzy dekady do\u015bwiadczenia i ponad 5000 zadowolonych klient\u00f3w. Stali\u015bmy si\u0119 jednym z lider\u00f3w na rynku e-papieros\u00f3w. Nasz sklep oferuje szerok\u0105 gam\u0119 jednorazowych produkt\u00f3w premium, w tym ponad 100 smak\u00f3w. Dost\u0119pno\u015b\u0107 jest stale aktualizowana, aby zadowoli\u0107 nawet najbardziej wyrafinowanych vaper\u00f3w.<\/p>\n<h4>Charakterystyka:<\/h4>\n<p><strong>Smak:<\/strong> Naturalna s\u0142odycz dojrza\u0142ego arbuza z przyjemnym ch\u0142odem. Orze\u017awiaj\u0105cy wyb\u00f3r na gor\u0105cy dzie\u0144.<\/p>\n<p><strong>Zakres:<\/strong> 6 ml<\/p>\n<p><strong>Si\u0142a nikotyny:<\/strong> 50 mg (5%)<\/p>\n<p><strong>Pojemno\u015b\u0107 akumulatora:<\/strong> 1000 mAh<\/p>","protected":false},"excerpt":{"rendered":"<p>Elfbar Ri3000 to ultranowoczesny jednorazowy e-papieros zaprojektowany dla tych, kt\u00f3rzy ceni\u0105 sobie komfort i jako\u015b\u0107 wapowania. Zawieraj\u0105cy 50 mg soli nikotyny, ka\u017cdy Elfbar Ri3000 zapewnia do 3000 zaci\u0105gni\u0119\u0107, daj\u0105c bogaty smak i g\u0119st\u0105 par\u0119. Dzi\u0119ki stylowemu wzornictwu i \u0142atwo\u015bci u\u017cytkowania, Elfbar Ri3000 stanie si\u0119 niezb\u0119dnym towarzyszem w codziennej rutynie waporyzacji. Dzi\u0119ki kompaktowym rozmiarom wygodnie mie\u015bci si\u0119 w kieszeni lub torbie, zawsze gotowy do u\u017cycia. Odkryj \u015bwiat intensywnych smak\u00f3w i natychmiastowej satysfakcji dzi\u0119ki Elfbar Ri3000.<\/p>","protected":false},"featured_media":18224,"template":"","meta":{"om_disable_all_campaigns":false,"_monsterinsights_skip_tracking":false,"_monsterinsights_sitenote_active":false,"_monsterinsights_sitenote_note":"","_monsterinsights_sitenote_category":0,"_uf_show_specific_survey":0,"_uf_disable_surveys":false},"product_brand":[],"product_cat":[86],"product_tag":[],"class_list":{"0":"post-18230","1":"product","2":"type-product","3":"status-publish","4":"has-post-thumbnail","6":"product_cat-elf-bar-ri3000","8":"first","9":"instock","10":"shipping-taxable","11":"purchasable","12":"product-type-simple"},"aioseo_notices":[],"jetpack_sharing_enabled":true,"_links":{"self":[{"href":"https:\/\/capovape.shop\/pl\/wp-json\/wp\/v2\/product\/18230","targetHints":{"allow":["GET"]}}],"collection":[{"href":"https:\/\/capovape.shop\/pl\/wp-json\/wp\/v2\/product"}],"about":[{"href":"https:\/\/capovape.shop\/pl\/wp-json\/wp\/v2\/types\/product"}],"version-history":[{"count":4,"href":"https:\/\/capovape.shop\/pl\/wp-json\/wp\/v2\/product\/18230\/revisions"}],"predecessor-version":[{"id":19276,"href":"https:\/\/capovape.shop\/pl\/wp-json\/wp\/v2\/product\/18230\/revisions\/19276"}],"wp:featuredmedia":[{"embeddable":true,"href":"https:\/\/capovape.shop\/pl\/wp-json\/wp\/v2\/media\/18224"}],"wp:attachment":[{"href":"https:\/\/capovape.shop\/pl\/wp-json\/wp\/v2\/media?parent=18230"}],"wp:term":[{"taxonomy":"product_brand","embeddable":true,"href":"https:\/\/capovape.shop\/pl\/wp-json\/wp\/v2\/product_brand?post=18230"},{"taxonomy":"product_cat","embeddable":true,"href":"https:\/\/capovape.shop\/pl\/wp-json\/wp\/v2\/product_cat?post=18230"},{"taxonomy":"product_tag","embeddable":true,"href":"https:\/\/capovape.shop\/pl\/wp-json\/wp\/v2\/product_tag?post=18230"}],"curies":[{"name":"wp","href":"https:\/\/api.w.org\/{rel}","templated":true}]}}