{"id":17235,"date":"2023-12-14T21:18:39","date_gmt":"2023-12-14T19:18:39","guid":{"rendered":"https:\/\/capovape.shop\/?post_type=product&#038;p=17235"},"modified":"2024-05-12T17:05:39","modified_gmt":"2024-05-12T15:05:39","slug":"vozol-gear-10000-strawberry-kiwi-5-nic","status":"publish","type":"product","link":"https:\/\/capovape.shop\/pl\/produkt\/vozol-gear-10000-strawberry-kiwi-5-nic\/","title":{"rendered":"Vozol Gear 10000 - Strawberry Kiwi (5% nic)"},"content":{"rendered":"<p>Vozol Gear 10000 - Strawberry Kiwi.<\/p>\n<h2>KUP VOZOL GEAR 10000 Strawberry Kiwi w Polsce<\/h2>\n<p><strong>Vozol Gear 10000 - Strawberry Kiwi.<\/strong>\u00a0- to innowacyjne rozwi\u0105zanie dla entuzjast\u00f3w waporyzacji, kt\u00f3re \u0142\u0105czy w sobie zaawansowan\u0105 technologi\u0119 i stylowy wygl\u0105d. To kompaktowe i lekkie urz\u0105dzenie zapewnia \u0142atwo\u015b\u0107 u\u017cytkowania w ka\u017cdej sytuacji. Wyposa\u017cony w pot\u0119\u017cn\u0105 bateri\u0119 500 mAh, Vozol Gear 10000 gwarantuje d\u0142ug\u0105 \u017cywotno\u015b\u0107 baterii, pozwalaj\u0105c cieszy\u0107 si\u0119 wapowaniem bez przerwy.<\/p>\n<p>System tankowania Vozol Gear 10000 zapewnia \u0142atw\u0105 konserwacj\u0119. Ergonomiczna konstrukcja sprawia, \u017ce korzystanie z niego to czysta przyjemno\u015b\u0107. Dzi\u0119ki wysokiej jako\u015bci materia\u0142om i innowacyjnej konstrukcji, urz\u0105dzenie to stanie si\u0119 niezawodnym towarzyszem w Twojej waperskiej podr\u00f3\u017cy. Bogate smaki i chmury pary tworzone przez Vozol Gear 10000 zapewni\u0105 ci przyjemno\u015b\u0107 z ka\u017cdym zaci\u0105gni\u0119ciem, czyni\u0105c twoje doznania z waporyzacji wyj\u0105tkowymi i satysfakcjonuj\u0105cymi. Mo\u017cesz zam\u00f3wi\u0107 Vozol Gear 10000 z <strong data-entity-type=\"MessageEntityBold\">darmowa dostawa od 200 z\u0142<\/strong>\u00a0do dowolnego miasta w Polsce.<\/p>\n<h2><strong>Korzy\u015bci z jednorazowego u\u017cytku Vozol Gear 10000:<\/strong><\/h2>\n<ol>\n<li>Wydajna bateria. Wyposa\u017cone w akumulator o pojemno\u015bci 500 mAh urz\u0105dzenie gwarantuje d\u0142ugi czas pracy bez konieczno\u015bci cz\u0119stego \u0142adowania.<\/li>\n<li>\u0141atwo\u015b\u0107 u\u017cytkowania. Vozol Gear 10000 zosta\u0142 zaprojektowany z naciskiem na wygod\u0119. Prosty system \u0142adowania i ergonomiczna konstrukcja sprawiaj\u0105, \u017ce jest to idealny wyb\u00f3r zar\u00f3wno dla pocz\u0105tkuj\u0105cych, jak i do\u015bwiadczonych vaper\u00f3w.<\/li>\n<li>Kompaktowy i przeno\u015bny. Kompaktowy rozmiar i niewielka waga sprawiaj\u0105, \u017ce jest to idealny towarzysz do u\u017cytku w dowolnym miejscu i czasie.<\/li>\n<li>Bogate smaki. System waporyzacji Vozol Gear 10000 zapewnia wysokiej jako\u015bci smaki i g\u0119ste chmury pary, dzi\u0119ki czemu ka\u017cde zaci\u0105gni\u0119cie jest wyj\u0105tkowym i satysfakcjonuj\u0105cym do\u015bwiadczeniem.<\/li>\n<li>Niezawodno\u015b\u0107 i trwa\u0142o\u015b\u0107. Wykonany z wysokiej jako\u015bci materia\u0142\u00f3w i charakteryzuj\u0105cy si\u0119 innowacyjn\u0105 konstrukcj\u0105, Vozol Gear 10000 zapewnia stabiln\u0105 i d\u0142ugotrwa\u0142\u0105 wydajno\u015b\u0107, dzi\u0119ki czemu jest niezawodnym towarzyszem waporyzacji.<\/li>\n<li>Szeroki wyb\u00f3r smak\u00f3w. Vozol Gear 10000 oferuje r\u00f3\u017cnorodne opcje smakowe (30 smak\u00f3w), dzi\u0119ki czemu ka\u017cdy vaper mo\u017ce znale\u017a\u0107 co\u015b dla siebie.<\/li>\n<\/ol>\n<h2>Vozol Gear 10000 smak\u00f3w:<\/h2>\n<ul>\n<li><strong>Blue Razz Lemon<\/strong> - Jagoda z cytryn\u0105<\/li>\n<li><strong>Jagody cedrowe<\/strong> - Jagody cedrowe<\/li>\n<li><strong>Kremowy tyto\u0144<\/strong> - Kremowy tyto\u0144<\/li>\n<li><strong>Forest Berry Storm<\/strong> - Mieszanka dzikich jag\u00f3d<\/li>\n<li><strong>Green Blast<\/strong> - Zielone Jab\u0142ko Kiwi<\/li>\n<li><strong>Passion Fruit Malina Mandarynka<\/strong> - Maracuja Malina Mandarynka<\/li>\n<li><strong>Smoothie brzoskwinia-mango<\/strong> - Koktajl z brzoskwini i mango<\/li>\n<li><strong>Brzoskwinia Mango Arbuz<\/strong> - Brzoskwinia Mango Arbuz<\/li>\n<li><strong>Kwa\u015bne jab\u0142ko<\/strong> - Kwa\u015bne jab\u0142ko<\/li>\n<li><strong>Lody truskawkowe<\/strong> - Lody truskawkowe<\/li>\n<li><strong>Arbuzowa guma balonowa<\/strong> - Guma arbuzowa<\/li>\n<li><strong>Arbuzowy l\u00f3d<\/strong> - Arbuzowy l\u00f3d<\/li>\n<li><strong>Blue Razz Ice <\/strong>- Jagody mieszane z lodem<\/li>\n<li><strong>Wata cukrowa<\/strong> - Sugar Wata<\/li>\n<li><strong>Podw\u00f3jne jab\u0142ko<\/strong> - Podw\u00f3jne jab\u0142ko<\/li>\n<li><strong>Krem z zielonej czekolady<\/strong> - Deser czekoladowy Zielona herbata<\/li>\n<li><strong>Kiwi Passion Fruit Guava <\/strong>- Kiwi, marakuja, guawa<\/li>\n<li><strong>Krem czekoladowy matcha<\/strong> - Deser czekoladowy z match\u0105<\/li>\n<li><strong>R\u00f3\u017cowa Lemoniada<\/strong> - R\u00f3\u017cowa Lemoniada<\/li>\n<li><strong>Malinowa mandarynka<\/strong> - Malinowa mandarynka<\/li>\n<li><strong>Arbuz malinowy<\/strong> - Arbuz malinowy<\/li>\n<li><strong>Smoothie truskawkowe<\/strong> - Smoothie truskawkowe<\/li>\n<li><strong>Mandarynka Mango Guawa<\/strong> - Mandarynka Mango Guawa<\/li>\n<li><strong>Smoczy owoc Banan Wi\u015bnia<\/strong> - Pitahaya Banana Cherry<\/li>\n<li><strong>L\u00f3d winogronowy<\/strong> - Winogrona lodu<\/li>\n<li><strong>L\u00f3d brzoskwiniowy<\/strong> - L\u00f3d brzoskwiniowy<\/li>\n<li><strong>Czerwone Mojito<\/strong> - Czerwone Mojito<\/li>\n<li><strong>Truskawka Kiwi<\/strong> - Truskawka Kiwi<\/li>\n<li><strong>Truskawka Malina<\/strong> - Truskawka Malina<\/li>\n<li><strong>Jagody mieszane<\/strong> - Mixed Berry<\/li>\n<\/ul>\n<h2>DOSTAWA NA TERENIE POLSKI I EUROPY<\/h2>\n<p>Aby kupi\u0107 Vozol Gear 10000 i <a href=\"https:\/\/capovape.shop\/pl\/\">inne papierosy jednorazowe<\/a> mo\u017cna znale\u017a\u0107 w naszym sklepie internetowym. Wsp\u00f3\u0142pracujemy bezpo\u015brednio z producentem, co pozwala nam zagwarantowa\u0107 wysok\u0105 jako\u015b\u0107 i najbardziej przyst\u0119pne ceny. <strong>Dostawa jest dost\u0119pna na terenie ca\u0142ej Polski i Europy.<\/strong><\/p>\n<p>Szeroki wyb\u00f3r e-papieros\u00f3w, liquid\u00f3w i akcesori\u00f3w czeka na Ciebie w naszym sklepie internetowym! Jeste\u015bmy dumni z tego, \u017ce oferujemy najlepsze produkty na rynku. Zapewni\u0105 ci one wszystko, czego potrzebujesz do przyjemnego wapowania. Mamy ponad trzy dekady do\u015bwiadczenia i ponad 5000 zadowolonych klient\u00f3w. Stali\u015bmy si\u0119 jednym z lider\u00f3w na rynku e-papieros\u00f3w. Nasz sklep oferuje szerok\u0105 gam\u0119 jednorazowych produkt\u00f3w premium, w tym ponad 100 smak\u00f3w. Dost\u0119pno\u015b\u0107 jest stale aktualizowana, aby zadowoli\u0107 nawet najbardziej wyrafinowanych vaper\u00f3w.<\/p>\n<h4>Charakterystyka:<\/h4>\n<p><strong>Smak: <\/strong>S\u0142odkie truskawki i kwa\u015bne kiwi tworz\u0105 \u015bwie\u017cy i owocowy smak, kt\u00f3ry jest radosny i orze\u017awiaj\u0105cy.<\/p>\n<p><strong>Zakres:<\/strong> 20 ml<\/p>\n<p><strong>Si\u0142a nikotyny:<\/strong> 50 mg (5%)<\/p>\n<p><strong>Pojemno\u015b\u0107 akumulatora:<\/strong> 500 mAh<\/p>\n<p><strong>Op\u0142ata:<\/strong> Typ-C<\/p>","protected":false},"excerpt":{"rendered":"<p>Vozol Gear 10000 to zaawansowany jednorazowy system waporyzacji, kt\u00f3ry oferuje pot\u0119\u017cn\u0105 bateri\u0119 500 mAh do ci\u0105g\u0142ego u\u017cytkowania. Jego kompaktowa i ergonomiczna konstrukcja sprawia, \u017ce idealnie nadaje si\u0119 do codziennego u\u017cytku w dowolnym miejscu. System waporyzacji zapewnia bogaty smak i g\u0119ste chmury pary, zapewniaj\u0105c satysfakcjonuj\u0105ce wra\u017cenia z waporyzacji. Vozol Gear 10000 charakteryzuje si\u0119 r\u00f3wnie\u017c \u0142atwo\u015bci\u0105 u\u017cytkowania - wystarczy rozpakowa\u0107 i cieszy\u0107 si\u0119. Dzi\u0119ki r\u00f3\u017cnorodnym opcjom smakowym zaspokoi potrzeby ka\u017cdego wapera.<\/p>","protected":false},"featured_media":17604,"template":"","meta":{"om_disable_all_campaigns":false,"_monsterinsights_skip_tracking":false,"_monsterinsights_sitenote_active":false,"_monsterinsights_sitenote_note":"","_monsterinsights_sitenote_category":0,"_uf_show_specific_survey":0,"_uf_disable_surveys":false},"product_brand":[],"product_cat":[79],"product_tag":[],"class_list":{"0":"post-17235","1":"product","2":"type-product","3":"status-publish","4":"has-post-thumbnail","6":"product_cat-vozol-gear-10000","8":"first","9":"outofstock","10":"shipping-taxable","11":"purchasable","12":"product-type-simple"},"aioseo_notices":[],"jetpack_sharing_enabled":true,"_links":{"self":[{"href":"https:\/\/capovape.shop\/pl\/wp-json\/wp\/v2\/product\/17235","targetHints":{"allow":["GET"]}}],"collection":[{"href":"https:\/\/capovape.shop\/pl\/wp-json\/wp\/v2\/product"}],"about":[{"href":"https:\/\/capovape.shop\/pl\/wp-json\/wp\/v2\/types\/product"}],"version-history":[{"count":4,"href":"https:\/\/capovape.shop\/pl\/wp-json\/wp\/v2\/product\/17235\/revisions"}],"predecessor-version":[{"id":19684,"href":"https:\/\/capovape.shop\/pl\/wp-json\/wp\/v2\/product\/17235\/revisions\/19684"}],"wp:featuredmedia":[{"embeddable":true,"href":"https:\/\/capovape.shop\/pl\/wp-json\/wp\/v2\/media\/17604"}],"wp:attachment":[{"href":"https:\/\/capovape.shop\/pl\/wp-json\/wp\/v2\/media?parent=17235"}],"wp:term":[{"taxonomy":"product_brand","embeddable":true,"href":"https:\/\/capovape.shop\/pl\/wp-json\/wp\/v2\/product_brand?post=17235"},{"taxonomy":"product_cat","embeddable":true,"href":"https:\/\/capovape.shop\/pl\/wp-json\/wp\/v2\/product_cat?post=17235"},{"taxonomy":"product_tag","embeddable":true,"href":"https:\/\/capovape.shop\/pl\/wp-json\/wp\/v2\/product_tag?post=17235"}],"curies":[{"name":"wp","href":"https:\/\/api.w.org\/{rel}","templated":true}]}}