{"id":17217,"date":"2023-12-14T21:20:06","date_gmt":"2023-12-14T19:20:06","guid":{"rendered":"https:\/\/capovape.shop\/?post_type=product&#038;p=17217"},"modified":"2024-05-10T21:33:05","modified_gmt":"2024-05-10T19:33:05","slug":"elf-bar-bc10000-red-berry-cherry-5-nic","status":"publish","type":"product","link":"https:\/\/capovape.shop\/pl\/produkt\/elf-bar-bc10000-red-berry-cherry-5-nic\/","title":{"rendered":"Elf Bar BC10000 - Red Berry Cherry (5% nic)"},"content":{"rendered":"<p>Elf Bar BC10000 - Red Berry Cherry.<\/p>\n<h2>KUP ELF BAR BC10000 RED BERRY CHERRY W POLSCE<\/h2>\n<p>Elf Bar BC10000 - <strong>Red Berry Cherry<\/strong>\u00a0reprezentuje nowoczesny design i zaawansowan\u0105 technologi\u0119 w wygodnym i kompaktowym systemie. Dzi\u0119ki niewielkim rozmiarom i lekko\u015bci mo\u017cesz cieszy\u0107 si\u0119 ulubionym smakiem bez dodatkowego wysi\u0142ku. Urz\u0105dzenie posiada wbudowan\u0105 bateri\u0119 620 mAh zapewniaj\u0105c\u0105 d\u0142ugotrwa\u0142e u\u017cytkowanie. Ponadto wk\u0142ad jest wst\u0119pnie nape\u0142niony 20 ml p\u0142ynu, a tak\u017ce podw\u00f3jn\u0105 cewk\u0105 o niesamowitym smaku.<\/p>\n<p>Dzi\u0119ki zaawansowanej technologii waporyzacji Elf Bar BC10000 oferuje bogaty smak ulubionych p\u0142yn\u00f3w. Ponadto wygodny system uruchamiania nie wymaga \u017cadnych dodatkowych umiej\u0119tno\u015bci. Wystarczy wyj\u0105\u0107 urz\u0105dzenie z opakowania i cieszy\u0107 si\u0119 smakiem. Elf Bar BC10000 mo\u017cna zam\u00f3wi\u0107 na stronie <strong data-entity-type=\"MessageEntityBold\">darmowa dostawa od 200 z\u0142<\/strong>\u00a0do dowolnego miasta w Polsce.<\/p>\n<h2><strong>Zalety urz\u0105dzenia jednorazowego u\u017cytku ELF BAR BC10000:<\/strong><\/h2>\n<ol>\n<li>Niezawodny i bezawaryjny. Obudowa urz\u0105dzenia wykonana jest z wytrzyma\u0142ego tworzywa sztucznego, co eliminuje nieszczelno\u015bci.<\/li>\n<li>Mo\u017cliwo\u015b\u0107 \u0142adowania baterii, co pozwala na korzystanie z urz\u0105dzenia do ko\u0144ca rezerwy p\u0142ynu.<\/li>\n<li>\u0141atwy w u\u017cyciu i nie wymaga regulacji. Urz\u0105dzenie musi zosta\u0107 usuni\u0119te po zako\u0144czeniu dostarczania p\u0142ynu.<\/li>\n<li>Op\u0142acalno\u015b\u0107. P\u0142yn fizjologiczny we wk\u0142adzie nasyca cia\u0142o wapera po 3-4 zaci\u0105gni\u0119ciach, minimalizuj\u0105c wp\u0142yw na uk\u0142ad oddechowy.<\/li>\n<li>Przyst\u0119pno\u015b\u0107 cenowa. Elf Bar BC10000 oferuje cen\u0119 na poziomie 10 000 zaci\u0105gni\u0119\u0107, co czyni go op\u0142acalnym wyborem.<\/li>\n<li>Wy\u015bwietlacz do \u015bledzenia ilo\u015bci \u0142adunku i p\u0142ynu<\/li>\n<\/ol>\n<h2>ELF BAR BC10000 SMAKI:<\/h2>\n<ul>\n<li aria-level=\"1\"><strong>L\u00f3d brzoskwiniowy<\/strong>\u00a0- L\u00f3d brzoskwiniowy<\/li>\n<li aria-level=\"1\"><strong>Americano Ice<\/strong> - Americano Ice<\/li>\n<li aria-level=\"1\"><strong>Banan truskawkowy<\/strong> - Banan truskawkowy<\/li>\n<li aria-level=\"1\"><strong>Je\u017cyna \u017burawina<\/strong> - Je\u017cyna \u017burawina<\/li>\n<li aria-level=\"1\"><strong>Blueberry Gami<\/strong> - Jagodowe \u017celki<\/li>\n<li aria-level=\"1\"><strong>Mi\u0119ta jagodowa<\/strong> - Mi\u0119ta jagodowa<\/li>\n<li aria-level=\"1\"><strong>Arbuz wi\u015bniowy<\/strong> - Arbuz wi\u015bniowy<\/li>\n<li aria-level=\"1\"><strong>Podw\u00f3jne mango<\/strong> - Podw\u00f3jne mango<\/li>\n<li aria-level=\"1\"><strong>Grape Cherry<\/strong> - Winogrona Wi\u015bnia<\/li>\n<li aria-level=\"1\"><strong>Lemon Lime<\/strong> - Lemon Lime<\/li>\n<li aria-level=\"1\"><strong>Miami Mint<\/strong> - Mi\u0119ta<\/li>\n<li aria-level=\"1\"><strong>Red Berry Cherry<\/strong> - Red Berry Cherry<\/li>\n<li aria-level=\"1\"><strong>L\u00f3d truskawkowy z kiwi<\/strong> - L\u00f3d truskawkowy z kiwi<\/li>\n<li aria-level=\"1\"><strong>Arbuzowy l\u00f3d<\/strong> - Arbuzowy l\u00f3d<\/li>\n<\/ul>\n<h2>DOSTAWA NA TERENIE POLSKI I EUROPY<\/h2>\n<p>Zakup Elf Bar BC10000 i <a href=\"https:\/\/capovape.shop\/pl\/\">inne papierosy jednorazowe<\/a> mo\u017cna znale\u017a\u0107 w naszym sklepie internetowym. Wsp\u00f3\u0142pracujemy bezpo\u015brednio z producentem, co pozwala nam zagwarantowa\u0107 wysok\u0105 jako\u015b\u0107 i najbardziej przyst\u0119pne ceny. <strong>Dostawa jest dost\u0119pna na terenie ca\u0142ej Polski i Europy.<\/strong><\/p>\n<p>Szeroki wyb\u00f3r e-papieros\u00f3w, liquid\u00f3w i akcesori\u00f3w czeka na Ciebie w naszym sklepie internetowym! Jeste\u015bmy dumni z tego, \u017ce oferujemy najlepsze produkty na rynku. Zapewni\u0105 ci one wszystko, czego potrzebujesz do przyjemnego wapowania. Mamy ponad trzy dekady do\u015bwiadczenia i ponad 5000 zadowolonych klient\u00f3w. Stali\u015bmy si\u0119 jednym z lider\u00f3w na rynku e-papieros\u00f3w. Nasz sklep oferuje szerok\u0105 gam\u0119 jednorazowych produkt\u00f3w premium, w tym ponad 100 smak\u00f3w. Dost\u0119pno\u015b\u0107 jest stale aktualizowana, aby zadowoli\u0107 nawet najbardziej wyrafinowanych vaper\u00f3w.<\/p>\n<h4>Charakterystyka:<\/h4>\n<p><b>Op\u0142ata:<\/b>\u00a0typ-C<\/p>\n<p><strong>Smak:<\/strong> S\u0142odkie czerwone jagody i soczyste wi\u015bnie tworz\u0105 jasny i aromatyczny smak.<\/p>\n<p><strong>Zakres:<\/strong>\u00a013 ml<\/p>\n<p><strong>Si\u0142a nikotyny:<\/strong> 50 mg (5%)<\/p>\n<p><strong>Pojemno\u015b\u0107 akumulatora:<\/strong> 620 mAh<\/p>","protected":false},"excerpt":{"rendered":"<p>Rozpocznij nowy etap w korzystaniu z elektronicznych urz\u0105dze\u0144 waporyzuj\u0105cych z jednorazowym systemem Elf Bar BC10000! To innowacyjne rozwi\u0105zanie dla tych, kt\u00f3rzy ceni\u0105 sobie prostot\u0119 po\u0142\u0105czon\u0105 z wysok\u0105 jako\u015bci\u0105 waporyzacji. Specjalnie dla os\u00f3b preferuj\u0105cych aktywny i wygodny vaping chi\u0144ski producent przygotowa\u0142 system jednorazowy Elf Bar BC10000 ze zintegrowan\u0105 bateri\u0105. Jego stylowy i elegancki design przyci\u0105ga uwag\u0119 od pierwszego wejrzenia. Okr\u0105g\u0142y kszta\u0142t bez ostrych rog\u00f3w jest wygodny do trzymania, a ustnik ma ergonomiczny kszta\u0142t.<\/p>","protected":false},"featured_media":17586,"template":"","meta":{"om_disable_all_campaigns":false,"_monsterinsights_skip_tracking":false,"_monsterinsights_sitenote_active":false,"_monsterinsights_sitenote_note":"","_monsterinsights_sitenote_category":0,"_uf_show_specific_survey":0,"_uf_disable_surveys":false},"product_brand":[],"product_cat":[78],"product_tag":[],"class_list":{"0":"post-17217","1":"product","2":"type-product","3":"status-publish","4":"has-post-thumbnail","6":"product_cat-elf-bar-bc10000","8":"first","9":"outofstock","10":"shipping-taxable","11":"purchasable","12":"product-type-simple"},"aioseo_notices":[],"jetpack_sharing_enabled":true,"_links":{"self":[{"href":"https:\/\/capovape.shop\/pl\/wp-json\/wp\/v2\/product\/17217","targetHints":{"allow":["GET"]}}],"collection":[{"href":"https:\/\/capovape.shop\/pl\/wp-json\/wp\/v2\/product"}],"about":[{"href":"https:\/\/capovape.shop\/pl\/wp-json\/wp\/v2\/types\/product"}],"version-history":[{"count":4,"href":"https:\/\/capovape.shop\/pl\/wp-json\/wp\/v2\/product\/17217\/revisions"}],"predecessor-version":[{"id":19507,"href":"https:\/\/capovape.shop\/pl\/wp-json\/wp\/v2\/product\/17217\/revisions\/19507"}],"wp:featuredmedia":[{"embeddable":true,"href":"https:\/\/capovape.shop\/pl\/wp-json\/wp\/v2\/media\/17586"}],"wp:attachment":[{"href":"https:\/\/capovape.shop\/pl\/wp-json\/wp\/v2\/media?parent=17217"}],"wp:term":[{"taxonomy":"product_brand","embeddable":true,"href":"https:\/\/capovape.shop\/pl\/wp-json\/wp\/v2\/product_brand?post=17217"},{"taxonomy":"product_cat","embeddable":true,"href":"https:\/\/capovape.shop\/pl\/wp-json\/wp\/v2\/product_cat?post=17217"},{"taxonomy":"product_tag","embeddable":true,"href":"https:\/\/capovape.shop\/pl\/wp-json\/wp\/v2\/product_tag?post=17217"}],"curies":[{"name":"wp","href":"https:\/\/api.w.org\/{rel}","templated":true}]}}