{"id":17177,"date":"2023-12-14T21:19:23","date_gmt":"2023-12-14T19:19:23","guid":{"rendered":"https:\/\/capovape.shop\/?post_type=product&#038;p=17177"},"modified":"2025-07-30T05:57:16","modified_gmt":"2025-07-30T03:57:16","slug":"elf-bar-pi9000-elfbull-ice-5-nic","status":"publish","type":"product","link":"https:\/\/capovape.shop\/pl\/produkt\/elf-bar-pi9000-elfbull-ice-5-nic\/","title":{"rendered":"Elf Bar Pi9000 - Elfbull Ice (5% nic)"},"content":{"rendered":"<p>Elf Bar Pi9000 - Elfbull Ice (L\u00f3d energetyczny).<\/p>\n<h2>KUP ELF BAR Pi9000 ELFBULL ICE W POLSCE<\/h2>\n<p><strong>Elf Bar Pi9000 - Elfbull Ice<\/strong>\u00a0- Innowacja w \u015bwiecie vapingu - nowy jednorazowy e-papieros od znanego producenta Elf Bar! To urz\u0105dzenie jest przeznaczone dla tych, kt\u00f3rzy przede wszystkim chc\u0105 cieszy\u0107 si\u0119 doskona\u0142ym smakiem i przyjemno\u015bci\u0105 wapowania. Nie trzeba martwi\u0107 si\u0119 o wymian\u0119 wk\u0142ad\u00f3w. Elf Bar Pi9000 \u0142\u0105czy w sobie wygod\u0119 i jako\u015b\u0107, oferuj\u0105c niezr\u00f3wnane wra\u017cenia z waporyzacji.<\/p>\n<p>Po pierwsze, ten papieros jest wyposa\u017cony w automatyczny mechanizm aktywacji, kt\u00f3ry pozwala rozpocz\u0105\u0107 waporyzacj\u0119 natychmiast po inhalacji. \u0141adowanie odbywa si\u0119 za po\u015brednictwem z\u0142\u0105cza typu C, dzi\u0119ki czemu mo\u017cna szybko i wygodnie na\u0142adowa\u0107 urz\u0105dzenie w dowolnym miejscu. Ponadto obj\u0119to\u015b\u0107 p\u0142ynu wynosi 19 ml, a zawarto\u015b\u0107 nikotyny 5%, co zadowoli wi\u0119kszo\u015b\u0107 waper\u00f3w.<\/p>\n<p>Ponadto wygl\u0105d urz\u0105dzenia wyr\u00f3\u017cnia si\u0119 oryginalno\u015bci\u0105. Teksturowana powierzchnia kompaktowego kwadratu z zaokr\u0105glonymi kraw\u0119dziami wizualnie przypomina miniaturow\u0105 poduszk\u0119. Co wi\u0119cej, na monochromatycznym korpusie e-papierosa znajduj\u0105 si\u0119 dwa wska\u017aniki LED. Informuj\u0105 one o poziomie na\u0142adowania baterii oraz poziomie liquidu we wk\u0142adzie. Mo\u017cesz zam\u00f3wi\u0107 Elf Bar Pi9000 z <strong data-entity-type=\"MessageEntityBold\">darmowa dostawa od 200 z\u0142<\/strong>\u00a0do dowolnego miasta w Polsce.<\/p>\n<h2><strong>Zalety urz\u0105dzenia jednorazowego u\u017cytku ELF BAR Pi9000:<\/strong><\/h2>\n<ol>\n<li>Zapewnia pe\u0142ne i bogate uwalnianie zapachu.<\/li>\n<li>\u00a0Zaktualizowana i przyjazna dla u\u017cytkownika konstrukcja.<\/li>\n<li>Ulepszone wewn\u0119trzne wype\u0142nienie zapewnia d\u0142u\u017csze u\u017cytkowanie.<\/li>\n<li>Szeroki wyb\u00f3r kombinacji smakowych, w tym owocowych, jagodowych i deserowych.<\/li>\n<li>Wykonane z wysokiej jako\u015bci materia\u0142\u00f3w zapewniaj\u0105cych niezawodno\u015b\u0107 i trwa\u0142o\u015b\u0107.<\/li>\n<li>Zawiera p\u0142yn na bazie naturalnych sk\u0142adnik\u00f3w.<\/li>\n<li>\u0141atwy w u\u017cyciu, bez skomplikowanych ustawie\u0144 i przycisk\u00f3w.<\/li>\n<li>Trwa\u0142y i ekonomiczny w u\u017cyciu.<\/li>\n<\/ol>\n<h2>Smaki ELF BAR Pi9000:<\/h2>\n<ul>\n<li><strong>Berry Raspberry<\/strong> - Maliny Maliny<\/li>\n<li><strong>Cola Ice<\/strong> - Cola Ice<\/li>\n<li><strong>Podw\u00f3jne jab\u0142ko<\/strong> - Podw\u00f3jne jab\u0142ko<\/li>\n<li><strong>Elfbull Ice<\/strong> - Energetyczny l\u00f3d<\/li>\n<li><strong>L\u00f3d winogronowy<\/strong> - Winogrona lodu<\/li>\n<li><strong>Winogrono Malina<\/strong> - Winogrona malinowe<\/li>\n<li><strong>Zielone jab\u0142ko<\/strong> - Zielone jab\u0142ko<\/li>\n<li><strong>L\u00f3d brzoskwiniowy<\/strong> - L\u00f3d brzoskwiniowy<\/li>\n<li><strong>R\u00f3\u017cowa cytryna<\/strong> - R\u00f3\u017cowa cytryna<\/li>\n<li><strong>Jagoda granatu<\/strong> - Jagody granatu<\/li>\n<li><strong>Malinowy Elfbull<\/strong> - Malina Energetic<\/li>\n<li><strong>Lody truskawkowe<\/strong> - Lody truskawkowe<\/li>\n<li><strong>Blue Razz Ice<\/strong> - Jagody mieszane z lodem<\/li>\n<li><strong>L\u00f3d jagodowy<\/strong> - L\u00f3d jagodowy<\/li>\n<li><strong>Kremowy tyto\u0144<\/strong> - Kremowy tyto\u0144<\/li>\n<li><strong>Mi\u0119ta cytrynowa<\/strong> - Mi\u0119ta cytrynowa<\/li>\n<li><strong>Mango<\/strong> - Mango<\/li>\n<li><strong>Malina M\u0119czennica Pomara\u0144cza<\/strong> - Malina Marakuja Pomara\u0144cza<\/li>\n<li><strong>L\u00f3d truskawkowy<\/strong> - L\u00f3d truskawkowy<\/li>\n<li><strong>Arbuzowy l\u00f3d<\/strong> - Arbuzowy l\u00f3d<\/li>\n<\/ul>\n<h2>DOSTAWA NA TERENIE POLSKI I EUROPY<\/h2>\n<p>Aby kupi\u0107 Elf Bar Pi9000 i <a href=\"https:\/\/capovape.shop\/pl\/\">inne papierosy jednorazowe<\/a> mo\u017cna znale\u017a\u0107 w naszym sklepie internetowym. Wsp\u00f3\u0142pracujemy bezpo\u015brednio z producentem, co pozwala nam zagwarantowa\u0107 wysok\u0105 jako\u015b\u0107 i najbardziej przyst\u0119pne ceny. <strong>Dostawa jest dost\u0119pna na terenie ca\u0142ej Polski i Europy.<\/strong><\/p>\n<p>Szeroki wyb\u00f3r e-papieros\u00f3w, liquid\u00f3w i akcesori\u00f3w czeka na Ciebie w naszym sklepie internetowym! Jeste\u015bmy dumni z tego, \u017ce oferujemy najlepsze produkty na rynku. Zapewni\u0105 ci one wszystko, czego potrzebujesz do przyjemnego wapowania. Mamy ponad trzy dekady do\u015bwiadczenia i ponad 5000 zadowolonych klient\u00f3w. Stali\u015bmy si\u0119 jednym z lider\u00f3w na rynku e-papieros\u00f3w. Nasz sklep oferuje szerok\u0105 gam\u0119 jednorazowych produkt\u00f3w premium, w tym ponad 100 smak\u00f3w. Dost\u0119pno\u015b\u0107 jest stale aktualizowana, aby zadowoli\u0107 nawet najbardziej wyrafinowanych vaper\u00f3w.<\/p>\n<h4>Charakterystyka:<\/h4>\n<p><b>Op\u0142ata:<\/b>\u00a0typ-C<\/p>\n<p><strong>Smak:<\/strong> Nap\u00f3j energetyczny Elfbull o smaku zimnego napoju z lodem.<\/p>\n<p><strong>Zakres:<\/strong> 19 ml<\/p>\n<p><strong>Si\u0142a nikotyny:<\/strong> 50 mg (5%)<\/p>\n<p><strong>Pojemno\u015b\u0107 akumulatora:<\/strong>\u00a0500 mAh<\/p>","protected":false},"excerpt":{"rendered":"<p>Innowacyjny styl, du\u017ca pojemno\u015b\u0107 baterii i pojemny zbiornik to cechy, kt\u00f3re czyni\u0105 nowy produkt od Vape Only atrakcyjnym. Jednorazowy papieros ELF BAR 9000 zapewnia spor\u0105 liczb\u0119 zaci\u0105gni\u0119\u0107, co pozwala cieszy\u0107 si\u0119 vapingiem przez d\u0142ugi czas. Dodatkowo, specjalny waporyzator siatkowy, opracowany z wykorzystaniem autorskiej technologii, sprawia, \u017ce doznania s\u0105 jeszcze bardziej intensywne.<\/p>","protected":false},"featured_media":17176,"template":"","meta":{"om_disable_all_campaigns":false,"_monsterinsights_skip_tracking":false,"_monsterinsights_sitenote_active":false,"_monsterinsights_sitenote_note":"","_monsterinsights_sitenote_category":0,"_uf_show_specific_survey":0,"_uf_disable_surveys":false},"product_brand":[],"product_cat":[77],"product_tag":[],"class_list":{"0":"post-17177","1":"product","2":"type-product","3":"status-publish","4":"has-post-thumbnail","6":"product_cat-elf-bar-pi9000","8":"first","9":"outofstock","10":"shipping-taxable","11":"purchasable","12":"product-type-simple"},"aioseo_notices":[],"jetpack_sharing_enabled":true,"_links":{"self":[{"href":"https:\/\/capovape.shop\/pl\/wp-json\/wp\/v2\/product\/17177","targetHints":{"allow":["GET"]}}],"collection":[{"href":"https:\/\/capovape.shop\/pl\/wp-json\/wp\/v2\/product"}],"about":[{"href":"https:\/\/capovape.shop\/pl\/wp-json\/wp\/v2\/types\/product"}],"version-history":[{"count":4,"href":"https:\/\/capovape.shop\/pl\/wp-json\/wp\/v2\/product\/17177\/revisions"}],"predecessor-version":[{"id":19446,"href":"https:\/\/capovape.shop\/pl\/wp-json\/wp\/v2\/product\/17177\/revisions\/19446"}],"wp:featuredmedia":[{"embeddable":true,"href":"https:\/\/capovape.shop\/pl\/wp-json\/wp\/v2\/media\/17176"}],"wp:attachment":[{"href":"https:\/\/capovape.shop\/pl\/wp-json\/wp\/v2\/media?parent=17177"}],"wp:term":[{"taxonomy":"product_brand","embeddable":true,"href":"https:\/\/capovape.shop\/pl\/wp-json\/wp\/v2\/product_brand?post=17177"},{"taxonomy":"product_cat","embeddable":true,"href":"https:\/\/capovape.shop\/pl\/wp-json\/wp\/v2\/product_cat?post=17177"},{"taxonomy":"product_tag","embeddable":true,"href":"https:\/\/capovape.shop\/pl\/wp-json\/wp\/v2\/product_tag?post=17177"}],"curies":[{"name":"wp","href":"https:\/\/api.w.org\/{rel}","templated":true}]}}