{"id":17145,"date":"2023-12-14T21:15:31","date_gmt":"2023-12-14T19:15:31","guid":{"rendered":"https:\/\/capovape.shop\/?post_type=product&#038;p=17145"},"modified":"2024-05-17T22:46:03","modified_gmt":"2024-05-17T20:46:03","slug":"elf-bar-pi7000-double-apple-5-nic","status":"publish","type":"product","link":"https:\/\/capovape.shop\/pl\/produkt\/elf-bar-pi7000-double-apple-5-nic\/","title":{"rendered":"Elf Bar Pi7000 - Double Apple (5% nic)"},"content":{"rendered":"<p>Elf Bar Pi7000 - Podw\u00f3jne jab\u0142ko.<\/p>\n<h2>Kup Elf Bar Pi7000 Double Apple w Polsce<\/h2>\n<p><strong>Elf Bar Pi7000 - Podw\u00f3jne jab\u0142ko<\/strong> - to nowoczesne i wydajne jednorazowe urz\u0105dzenie do waporyzacji zaprojektowane dla tych, kt\u00f3rzy ceni\u0105 sobie jako\u015b\u0107 i trwa\u0142o\u015b\u0107. Dzi\u0119ki baterii o pojemno\u015bci 500 mAh i pojemno\u015bci 13 ml p\u0142ynu, Pi7000 zapewnia do 7000 zaci\u0105gni\u0119\u0107, co czyni go jednym z najd\u0142u\u017cej dzia\u0142aj\u0105cych jednorazowych waporyzator\u00f3w na rynku. Jego stylowy i ergonomiczny design wygodnie le\u017cy w d\u0142oni, a wytrzyma\u0142a obudowa wykonana z wysokiej jako\u015bci materia\u0142\u00f3w zapewnia d\u0142ugowieczno\u015b\u0107 i niezawodno\u015b\u0107 urz\u0105dzenia. Pi7000 oferuje szerok\u0105 gam\u0119 smak\u00f3w, od soczystych owocowych po orze\u017awiaj\u0105c\u0105 mi\u0119t\u0119, zaspokajaj\u0105c r\u00f3\u017cnorodne preferencje u\u017cytkownik\u00f3w.<\/p>\n<p>Ponadto Elf Bar Pi7000 posiada innowacyjny system dostarczania nikotyny, kt\u00f3ry zapewnia g\u0142adki i bogaty smak przy ka\u017cdym zaci\u0105gni\u0119ciu. Urz\u0105dzenie aktywuje si\u0119 podczas wdechu, eliminuj\u0105c potrzeb\u0119 u\u017cywania przycisk\u00f3w i sprawiaj\u0105c, \u017ce wapowanie jest tak proste i intuicyjne, jak to tylko mo\u017cliwe. Dzi\u0119ki du\u017cej pojemno\u015bci i \u0142atwo\u015bci obs\u0142ugi, Pi7000 jest odpowiedni zar\u00f3wno dla pocz\u0105tkuj\u0105cych, jak i zaawansowanych u\u017cytkownik\u00f3w poszukuj\u0105cych wygodnego i trwa\u0142ego rozwi\u0105zania do codziennego wapowania. Jego kompaktowo\u015b\u0107 i przeno\u015bno\u015b\u0107 sprawiaj\u0105, \u017ce jest idealnym towarzyszem aktywnego stylu \u017cycia, \u0142atwo mieszcz\u0105c si\u0119 w kieszeni lub torbie. Elf Bar Pi7000 mo\u017cna zam\u00f3wi\u0107 na stronie <strong data-entity-type=\"MessageEntityBold\">darmowa dostawa od 200 z\u0142<\/strong>\u00a0do dowolnego miasta w Polsce.<\/p>\n<h2>Smaki ELF BAR Pi7000:<\/h2>\n<ul>\n<li><strong>Sok z czarnej porzeczki<\/strong> - Sok porzeczkowy<\/li>\n<li><strong>Blue Razz Ice<\/strong> - Jagody mieszane z lodem<\/li>\n<li><strong>Lody truskawkowe z szampanem<\/strong> - Lody truskawkowe z szampanem<\/li>\n<li><strong>Lemoniada wi\u015bniowo-brzoskwiniowa<\/strong> - Lemoniada wi\u015bniowo-brzoskwiniowa<\/li>\n<li><strong>Podw\u00f3jne jab\u0142ko<\/strong> - Podw\u00f3jne jab\u0142ko<\/li>\n<li><strong>Francuski poca\u0142unek<\/strong> - Lody wi\u015bniowe<\/li>\n<li><strong>Sorbet ze \u015bwie\u017cych jag\u00f3d<\/strong> - Sorbet jagodowy<\/li>\n<li><strong>Grape Energy<\/strong> - Winogrona energii<\/li>\n<li><strong>Lemon Lime<\/strong> - Lemon Lime<\/li>\n<li><strong>Rum cytrynowy<\/strong> - Rum cytrynowy<\/li>\n<li><strong>Mango Brzoskwinia Arbuz<\/strong> - Mango Brzoskwinia Arbuz<\/li>\n<li><strong>Mi\u0119ta ananasowa<\/strong> - Mi\u0119ta ananasowa<\/li>\n<li><strong>Rainbow Cloudz<\/strong> - Cukierki Skittles<\/li>\n<li><strong>Super Berry<\/strong> - Mixed Berry<\/li>\n<li><strong>Arbuzowy l\u00f3d<\/strong> - Arbuzowy l\u00f3d<\/li>\n<\/ul>\n<h2>DOSTAWA NA TERENIE POLSKI I EUROPY<\/h2>\n<p>Zakup Elf Bar Pi7000 i <a href=\"https:\/\/capovape.shop\/pl\/\">inne papierosy jednorazowe<\/a> mo\u017cna znale\u017a\u0107 w naszym sklepie internetowym. Wsp\u00f3\u0142pracujemy bezpo\u015brednio z producentem, co pozwala nam zagwarantowa\u0107 wysok\u0105 jako\u015b\u0107 i najbardziej przyst\u0119pne ceny. <strong>Dostawa jest dost\u0119pna na terenie ca\u0142ej Polski i Europy.<\/strong><\/p>\n<p>Szeroki wyb\u00f3r e-papieros\u00f3w, liquid\u00f3w i akcesori\u00f3w czeka na Ciebie w naszym sklepie internetowym! Jeste\u015bmy dumni z tego, \u017ce oferujemy najlepsze produkty na rynku. Zapewni\u0105 ci one wszystko, czego potrzebujesz do przyjemnego wapowania. Mamy ponad trzy dekady do\u015bwiadczenia i ponad 5000 zadowolonych klient\u00f3w. Stali\u015bmy si\u0119 jednym z lider\u00f3w na rynku e-papieros\u00f3w. Nasz sklep oferuje szerok\u0105 gam\u0119 jednorazowych produkt\u00f3w premium, w tym ponad 100 smak\u00f3w. Dost\u0119pno\u015b\u0107 jest stale aktualizowana, aby zadowoli\u0107 nawet najbardziej wyrafinowanych vaper\u00f3w.<\/p>\n<h4>Charakterystyka:<\/h4>\n<p><strong>Op\u0142ata:<\/strong>\u00a0typ-C<\/p>\n<p><strong>Smak: <\/strong>ulubiona mieszanka kilku rodzaj\u00f3w jab\u0142ek.<\/p>\n<p><strong>Zakres:<\/strong> 13 ml<\/p>\n<p><strong>Si\u0142a nikotyny:<\/strong> 50 mg (5%)<\/p>\n<p><strong>Pojemno\u015b\u0107 akumulatora:<\/strong> 500 mAh<\/p>","protected":false},"excerpt":{"rendered":"<p>Elf Bar Pi7000 to jednorazowe urz\u0105dzenie waporyzuj\u0105ce o pojemno\u015bci 7000 zaci\u0105gni\u0119\u0107. Posiada bateri\u0119 500 mAh i mie\u015bci 13 ml p\u0142ynu, zapewniaj\u0105c d\u0142ugotrwa\u0142e u\u017cytkowanie bez konieczno\u015bci \u0142adowania lub uzupe\u0142niania. Urz\u0105dzenie aktywuje si\u0119 podczas wdechu, oferuj\u0105c prost\u0105 i wygodn\u0105 waporyzacj\u0119. Pi7000 jest dost\u0119pny w r\u00f3\u017cnych smakach, od owocowych po mi\u0119towe. Jego stylowa i ergonomiczna konstrukcja sprawia, \u017ce jest to idealny wyb\u00f3r dla u\u017cytkownik\u00f3w ceni\u0105cych trwa\u0142o\u015b\u0107 i jako\u015b\u0107.<\/p>","protected":false},"featured_media":17144,"template":"","meta":{"om_disable_all_campaigns":false,"_monsterinsights_skip_tracking":false,"_monsterinsights_sitenote_active":false,"_monsterinsights_sitenote_note":"","_monsterinsights_sitenote_category":0,"_uf_show_specific_survey":0,"_uf_disable_surveys":false},"product_brand":[],"product_cat":[76],"product_tag":[],"class_list":{"0":"post-17145","1":"product","2":"type-product","3":"status-publish","4":"has-post-thumbnail","6":"product_cat-elf-bar-pi7000","8":"first","9":"outofstock","10":"shipping-taxable","11":"purchasable","12":"product-type-simple"},"aioseo_notices":[],"jetpack_sharing_enabled":true,"_links":{"self":[{"href":"https:\/\/capovape.shop\/pl\/wp-json\/wp\/v2\/product\/17145","targetHints":{"allow":["GET"]}}],"collection":[{"href":"https:\/\/capovape.shop\/pl\/wp-json\/wp\/v2\/product"}],"about":[{"href":"https:\/\/capovape.shop\/pl\/wp-json\/wp\/v2\/types\/product"}],"version-history":[{"count":5,"href":"https:\/\/capovape.shop\/pl\/wp-json\/wp\/v2\/product\/17145\/revisions"}],"predecessor-version":[{"id":19895,"href":"https:\/\/capovape.shop\/pl\/wp-json\/wp\/v2\/product\/17145\/revisions\/19895"}],"wp:featuredmedia":[{"embeddable":true,"href":"https:\/\/capovape.shop\/pl\/wp-json\/wp\/v2\/media\/17144"}],"wp:attachment":[{"href":"https:\/\/capovape.shop\/pl\/wp-json\/wp\/v2\/media?parent=17145"}],"wp:term":[{"taxonomy":"product_brand","embeddable":true,"href":"https:\/\/capovape.shop\/pl\/wp-json\/wp\/v2\/product_brand?post=17145"},{"taxonomy":"product_cat","embeddable":true,"href":"https:\/\/capovape.shop\/pl\/wp-json\/wp\/v2\/product_cat?post=17145"},{"taxonomy":"product_tag","embeddable":true,"href":"https:\/\/capovape.shop\/pl\/wp-json\/wp\/v2\/product_tag?post=17145"}],"curies":[{"name":"wp","href":"https:\/\/api.w.org\/{rel}","templated":true}]}}