{"id":17109,"date":"2023-12-14T21:18:15","date_gmt":"2023-12-14T19:18:15","guid":{"rendered":"https:\/\/capovape.shop\/?post_type=product&#038;p=17109"},"modified":"2024-05-07T17:21:55","modified_gmt":"2024-05-07T15:21:55","slug":"elf-bar-bc4000-mango-peach-5-nic","status":"publish","type":"product","link":"https:\/\/capovape.shop\/pl\/produkt\/elf-bar-bc4000-mango-peach-5-nic\/","title":{"rendered":"Elf Bar BC4000 - Mango Peach (5% nic)"},"content":{"rendered":"<p>&nbsp;<\/p>\n<p>Elf Bar BC4000 - Mango Peach.<\/p>\n<h2>KUP BATON ELF BC4000 MANGO BRZOSKWINIA W POLSCE<\/h2>\n<p><strong>Elf Bar BC4000 - Mango Peach<\/strong>\u00a0- to wyj\u0105tkowy jednorazowy e-papieros zapakowany w kompaktowe i modne etui. Wewn\u0105trz znajduje si\u0119 akumulator oraz wk\u0142ad z aromatyzowanym liquidem. Urz\u0105dzenie jest wyposa\u017cone w akumulator litowo-jonowy o pojemno\u015bci 650 mAh. Mo\u017cna go \u0142adowa\u0107 w razie potrzeby za pomoc\u0105 z\u0142\u0105cza typu C w dolnej cz\u0119\u015bci obudowy.<\/p>\n<p>Elf Bar 4000 ma pojemny zbiornik 11,5 ml, kt\u00f3ry pozwala na wykonanie oko\u0142o 4000 zaci\u0105gni\u0119\u0107. Pojemno\u015b\u0107 ta wynika z obecno\u015bci akumulatora. Do wytwarzania pary wykorzystywany jest p\u0142yn na bazie nikotyny solnej i naturalnych dodatk\u00f3w do \u017cywno\u015bci. Dzi\u0119ki temu proces wapowania jest bezpieczny i aromatyczny. Urz\u0105dzenie ma kszta\u0142t miniaturowego dzbanka o przyjemnym gradientowym kolorze. Nadaje mu to stylowy i atrakcyjny wygl\u0105d, wnosz\u0105c odrobin\u0119 estetyki do wra\u017ce\u0144 z waporyzacji. Mo\u017cesz zam\u00f3wi\u0107 Elf Bar 2000 z <strong data-entity-type=\"MessageEntityBold\">darmowa dostawa od 200z\u0142<\/strong>\u00a0do dowolnego miasta w Polsce ju\u017c teraz<\/p>\n<h2>SMAKI ELF BAR BC4000<\/h2>\n<ul>\n<li><strong>Kiwi Passion Fruit Guava<\/strong> - Soczysta mieszanka kiwi, marakui i guawy.<\/li>\n<li><strong>Czerwone Mojito<\/strong> - \"Mojito\" ze s\u0142odycz\u0105 truskawek.<\/li>\n<li><strong>\u017burawina Winogrono<\/strong> - kolorowy duet \u017curawiny i winogron.<\/li>\n<li><strong>Energia<\/strong> - smak klasycznego napoju energetycznego Red Bull.<\/li>\n<li><strong>Mi\u0119ta cytrynowa<\/strong> - Ch\u0142odna s\u0142odycz mi\u0119ty uzupe\u0142niona cytrusow\u0105 kwasowo\u015bci\u0105.<\/li>\n<li><strong>Mango Brzoskwinia<\/strong> - Smakowity koktajl z mango i brzoskwini.<\/li>\n<li><strong>Brzoskwinia Mango Arbuz<\/strong> - Orze\u017awiaj\u0105cy koktajl z arbuza, mango i brzoskwini.<\/li>\n<li><strong>Sakura Grape<\/strong> - niezwyk\u0142e po\u0142\u0105czenie sakury i winogron.<\/li>\n<li><strong>Truskawka Kiwi<\/strong> - o smaku truskawek i kiwi.<\/li>\n<li><strong>Mango truskawkowe<\/strong> - duet egzotycznego mango i letniej truskawki.<\/li>\n<li><strong>Arbuzowy l\u00f3d<\/strong> - Cukrowy mi\u0105\u017csz arbuza z mro\u017anym ch\u0142odem.<\/li>\n<li><strong>Blue Razz Ice <\/strong>- niebieska malina z lodem.<\/li>\n<li><strong>L\u00f3d jagodowy <\/strong>- Lodowate jagody z kwaskowato\u015bci\u0105.<\/li>\n<li><strong>Krem z awokado <\/strong>- dojrza\u0142e awokado z delikatnym kremem ma\u015blanym.<\/li>\n<li><strong>Cola <\/strong>- s\u0142odki nap\u00f3j typu cola.<\/li>\n<li><strong>Zielone jab\u0142ko <\/strong>- dojrza\u0142e zielone jab\u0142ko z pikantn\u0105 kwaskowato\u015bci\u0105.<\/li>\n<li><strong>Passionfruit Orange Guava <\/strong>- Duet egzotycznych marakui, pomara\u0144czy i guawy.<\/li>\n<li><strong>Triple Berry Ice <\/strong>- Lodowata mieszanka jag\u00f3d, malin i soczystych truskawek.<\/li>\n<\/ul>\n<h2>DOSTAWA NA TERENIE POLSKI I EUROPY<\/h2>\n<p>Zakup Elf Bar BC4000 i <a href=\"https:\/\/capovape.shop\/pl\/\">inne papierosy jednorazowe<\/a> mo\u017cna znale\u017a\u0107 w naszym sklepie internetowym. Wsp\u00f3\u0142pracujemy bezpo\u015brednio z producentem, co pozwala nam zagwarantowa\u0107 wysok\u0105 jako\u015b\u0107 i najbardziej przyst\u0119pne ceny. <strong>Dostawa jest dost\u0119pna na terenie ca\u0142ej Polski i Europy.<\/strong><\/p>\n<p>Szeroki wyb\u00f3r e-papieros\u00f3w, liquid\u00f3w i akcesori\u00f3w czeka na Ciebie w naszym sklepie internetowym! Jeste\u015bmy dumni z tego, \u017ce oferujemy najlepsze produkty na rynku. Zapewni\u0105 ci one wszystko, czego potrzebujesz do przyjemnego wapowania. Mamy ponad trzy dekady do\u015bwiadczenia i ponad 5000 zadowolonych klient\u00f3w. Stali\u015bmy si\u0119 jednym z lider\u00f3w na rynku e-papieros\u00f3w. Nasz sklep oferuje szerok\u0105 gam\u0119 jednorazowych produkt\u00f3w premium, w tym ponad 100 smak\u00f3w. Dost\u0119pno\u015b\u0107 jest stale aktualizowana, aby zadowoli\u0107 nawet najbardziej wyrafinowanych vaper\u00f3w.<\/p>\n<h4>Charakterystyka:<\/h4>\n<p><b>Op\u0142ata:<\/b>\u00a0typ-C<\/p>\n<p><strong>Smak:<\/strong> Delikatne po\u0142\u0105czenie dojrza\u0142ego mango i s\u0142odkiej brzoskwini. Pyszna harmonia owoc\u00f3w.<\/p>\n<p><strong>Zakres:<\/strong> 11,5 ml.<\/p>\n<p><strong>Si\u0142a nikotyny:<\/strong> 50 mg (5%)<\/p>\n<p><strong>Pojemno\u015b\u0107 akumulatora:<\/strong> 650 mAh<\/p>","protected":false},"excerpt":{"rendered":"<p>Papierosy elektroniczne zrewolucjonizowa\u0142y nawyk palenia. Obecnie rynek jednorazowych urz\u0105dze\u0144 POD jest zr\u00f3\u017cnicowany i oferuje wiele modeli umo\u017cliwiaj\u0105cych szybkie i przyjemne wapowanie. Jednym z lider\u00f3w w tej dziedzinie jest marka Vape Only (<a href=\"https:\/\/capovape.shop\/pl\/product-category\/elf-bar\/\">Elf Bar<\/a>), kt\u00f3ra niedawno zaktualizowa\u0142a swoj\u0105 lini\u0119 produkt\u00f3w. W\u015br\u00f3d nowych produkt\u00f3w producenta znajduje si\u0119 jednorazowy system POD Elf Bar 4000 BC.<\/p>","protected":false},"featured_media":17570,"template":"","meta":{"om_disable_all_campaigns":false,"_monsterinsights_skip_tracking":false,"_monsterinsights_sitenote_active":false,"_monsterinsights_sitenote_note":"","_monsterinsights_sitenote_category":0,"_uf_show_specific_survey":0,"_uf_disable_surveys":false},"product_brand":[],"product_cat":[28],"product_tag":[],"class_list":{"0":"post-17109","1":"product","2":"type-product","3":"status-publish","4":"has-post-thumbnail","6":"product_cat-elf-bar-bc4000","8":"first","9":"outofstock","10":"shipping-taxable","11":"purchasable","12":"product-type-simple"},"aioseo_notices":[],"jetpack_sharing_enabled":true,"_links":{"self":[{"href":"https:\/\/capovape.shop\/pl\/wp-json\/wp\/v2\/product\/17109","targetHints":{"allow":["GET"]}}],"collection":[{"href":"https:\/\/capovape.shop\/pl\/wp-json\/wp\/v2\/product"}],"about":[{"href":"https:\/\/capovape.shop\/pl\/wp-json\/wp\/v2\/types\/product"}],"version-history":[{"count":5,"href":"https:\/\/capovape.shop\/pl\/wp-json\/wp\/v2\/product\/17109\/revisions"}],"predecessor-version":[{"id":19252,"href":"https:\/\/capovape.shop\/pl\/wp-json\/wp\/v2\/product\/17109\/revisions\/19252"}],"wp:featuredmedia":[{"embeddable":true,"href":"https:\/\/capovape.shop\/pl\/wp-json\/wp\/v2\/media\/17570"}],"wp:attachment":[{"href":"https:\/\/capovape.shop\/pl\/wp-json\/wp\/v2\/media?parent=17109"}],"wp:term":[{"taxonomy":"product_brand","embeddable":true,"href":"https:\/\/capovape.shop\/pl\/wp-json\/wp\/v2\/product_brand?post=17109"},{"taxonomy":"product_cat","embeddable":true,"href":"https:\/\/capovape.shop\/pl\/wp-json\/wp\/v2\/product_cat?post=17109"},{"taxonomy":"product_tag","embeddable":true,"href":"https:\/\/capovape.shop\/pl\/wp-json\/wp\/v2\/product_tag?post=17109"}],"curies":[{"name":"wp","href":"https:\/\/api.w.org\/{rel}","templated":true}]}}