{"id":17060,"date":"2023-12-14T21:19:41","date_gmt":"2023-12-14T19:19:41","guid":{"rendered":"https:\/\/capovape.shop\/?post_type=product&#038;p=17060"},"modified":"2025-12-29T15:31:41","modified_gmt":"2025-12-29T13:31:41","slug":"elf-bar-cr5000-kiwi-passion-fruit-guava-5-nic","status":"publish","type":"product","link":"https:\/\/capovape.shop\/pl\/produkt\/elf-bar-cr5000-kiwi-passion-fruit-guava-5-nic\/","title":{"rendered":"Elf Bar CR5000 - Kiwi Passion Fruit Guava (5% nic)"},"content":{"rendered":"<p>Elf Bar CR5000 - Kiwi Passion Fruit Guava.<\/p>\n<h2>KUP BATON ELF CR5000 KIWI PASSION FRUIT GUAVA W POLSCE<\/h2>\n<p><strong>Elf Bar CR5000 <\/strong>\u00a0wyr\u00f3\u017cnia si\u0119 kompaktow\u0105 i ergonomiczn\u0105 konstrukcj\u0105. Szczeg\u00f3ln\u0105 cech\u0105 tego urz\u0105dzenia jest zastosowanie przezroczystej obudowy zewn\u0119trznej o \u017cebrowanej fakturze, kt\u00f3ra nie tylko s\u0142u\u017cy jako element dekoracyjny, ale tak\u017ce chroni urz\u0105dzenie przed uszkodzeniem. Mo\u017cesz zam\u00f3wi\u0107 Elf Bar CR5000 z <strong data-entity-type=\"MessageEntityBold\">darmowa dostawa od 200z\u0142<\/strong>\u00a0do dowolnego miasta w Polsce.<\/p>\n<h2>Szczeg\u00f3\u0142y dotycz\u0105ce innowacji w Elf Bar CR5000 <strong>Kiwi Passion Fruit Guava<\/strong>:<\/h2>\n<ol>\n<li>Urz\u0105dzenie jest wyposa\u017cone w ulepszon\u0105 bateri\u0119 650 mAh zapewniaj\u0105c\u0105 d\u0142ugi czas pracy. Pe\u0142ne na\u0142adowanie urz\u0105dzenia przez port USB typu C znajduj\u0105cy si\u0119 na spodzie papierosa zajmuje oko\u0142o godziny.<\/li>\n<li>Wbudowany wk\u0142ad Elf Bar CR5000 ma pojemno\u015b\u0107 13,5 ml i zawiera 50 mg p\u0142ynu nikotynowego (5%).<\/li>\n<li>Pojedynczy waporyzator siatkowy zosta\u0142 zaktualizowany. Zwi\u0119kszy\u0142o to przeno\u015bno\u015b\u0107 i wydajno\u015b\u0107 urz\u0105dzenia, zapewniaj\u0105c bardziej intensywny i szczeg\u00f3\u0142owy smak.<\/li>\n<li>Otwory wlotu powietrza znajduj\u0105 si\u0119 w dolnej cz\u0119\u015bci urz\u0105dzenia, aby poprawi\u0107 wra\u017cenia z waporyzacji.<\/li>\n<li>Ponadto specjalna konstrukcja i zastosowanie wysokiej jako\u015bci materia\u0142\u00f3w przyczyniaj\u0105 si\u0119 do poprawy izolacji akustycznej urz\u0105dzenia. Dzi\u0119ki temu Elf Bar CR5000 jest niemal bezg\u0142o\u015bny podczas u\u017cytkowania.<\/li>\n<\/ol>\n<h2>ELF BAR CR5000 SMAKI:<\/h2>\n<ul>\n<li aria-level=\"1\"><strong>Lemoniada Blue Razz<\/strong> - Lemoniada jagodowo-malinowa<\/li>\n<li aria-level=\"1\"><strong>Lody truskawkowe<\/strong> - Lody truskawkowe<\/li>\n<li aria-level=\"1\"><strong>Cherry Lemon<\/strong> - Cherry Lemon<\/li>\n<li aria-level=\"1\"><strong>\u017burawina Winogrono<\/strong> - Winogrona \u017curawinowe<\/li>\n<li aria-level=\"1\"><strong>L\u00f3d brzoskwiniowy<\/strong> - L\u00f3d brzoskwiniowy<\/li>\n<li aria-level=\"1\"><strong>Arbuz malinowy<\/strong> - Arbuz malinowy<\/li>\n<li aria-level=\"1\"><strong>Kiwi Passion Fruit Guava<\/strong> - Kiwi, marakuja, guawa<\/li>\n<li aria-level=\"1\"><strong>Mango truskawkowe<\/strong> - Mango truskawkowe<\/li>\n<li aria-level=\"1\"><strong>Arbuz<\/strong> - Arbuz<\/li>\n<li aria-level=\"1\"><strong>Mango Ice<\/strong> - Mango Ice<\/li>\n<li aria-level=\"1\"><strong>Jagoda Malina Granat<\/strong> - Jagoda Malina Granat<\/li>\n<li aria-level=\"1\"><strong>Brzoskwinia Truskawka Arbuz<\/strong> - Brzoskwinia Truskawka Arbuz<\/li>\n<\/ul>\n<h2>DOSTAWA NA TERENIE POLSKI I EUROPY<\/h2>\n<p>Zakup Elf Bar CR5000 i <a href=\"https:\/\/capovape.shop\/pl\/\">inne papierosy jednorazowe<\/a> mo\u017cna znale\u017a\u0107 w naszym sklepie internetowym. Wsp\u00f3\u0142pracujemy bezpo\u015brednio z producentem, co pozwala nam zagwarantowa\u0107 wysok\u0105 jako\u015b\u0107 i najbardziej przyst\u0119pne ceny. <strong>Dostawa jest dost\u0119pna na terenie ca\u0142ej Polski i Europy.<\/strong><\/p>\n<p>Szeroki wyb\u00f3r e-papieros\u00f3w, liquid\u00f3w i akcesori\u00f3w czeka na Ciebie w naszym sklepie internetowym! Jeste\u015bmy dumni z tego, \u017ce oferujemy najlepsze produkty na rynku. Zapewni\u0105 ci one wszystko, czego potrzebujesz do przyjemnego wapowania. Mamy ponad trzy dekady do\u015bwiadczenia i ponad 5000 zadowolonych klient\u00f3w. Stali\u015bmy si\u0119 jednym z lider\u00f3w na rynku e-papieros\u00f3w. Nasz sklep oferuje szerok\u0105 gam\u0119 jednorazowych produkt\u00f3w premium, w tym ponad 100 smak\u00f3w. Dost\u0119pno\u015b\u0107 jest stale aktualizowana, aby zadowoli\u0107 nawet najbardziej wyrafinowanych vaper\u00f3w.<\/p>\n<h4>Charakterystyka:<\/h4>\n<p><b>Op\u0142ata:<\/b>\u00a0typ-C<\/p>\n<p><strong>Smak:<\/strong> egzotyczne po\u0142\u0105czenie kiwi, marakui i pachn\u0105cej guawy.<\/p>\n<p><strong>Zakres:<\/strong> 13,5 ml.<\/p>\n<p><strong>Si\u0142a nikotyny:<\/strong> 50 mg (5%)<\/p>\n<p><strong>Pojemno\u015b\u0107 akumulatora:<\/strong> 650 mAh<\/p>","protected":false},"excerpt":{"rendered":"<p>Najnowsze dzie\u0142o renomowanego producenta, system Elf Bar CR5000 POD, to nie tylko e-papieros, ale prawdziwy kryszta\u0142owy akcent, kt\u00f3ry b\u0119dzie si\u0119 wyr\u00f3\u017cnia\u0142. Urz\u0105dzenie charakteryzuje si\u0119 du\u017c\u0105 rezerw\u0105 mocy, pojemnym wk\u0142adem i ulepszon\u0105 jako\u015bci\u0105 p\u0142yn\u00f3w smakowych, ale to tylko cz\u0119\u015b\u0107 ulepsze\u0144, kt\u00f3re otrzyma\u0142 Elf bar CR500.<\/p>","protected":false},"featured_media":17555,"template":"","meta":{"om_disable_all_campaigns":false,"_monsterinsights_skip_tracking":false,"_monsterinsights_sitenote_active":false,"_monsterinsights_sitenote_note":"","_monsterinsights_sitenote_category":0,"_uf_show_specific_survey":0,"_uf_disable_surveys":false},"product_brand":[],"product_cat":[74],"product_tag":[],"class_list":{"0":"post-17060","1":"product","2":"type-product","3":"status-publish","4":"has-post-thumbnail","6":"product_cat-elf-bar-cr5000","8":"first","9":"outofstock","10":"shipping-taxable","11":"purchasable","12":"product-type-simple"},"aioseo_notices":[],"jetpack_sharing_enabled":true,"_links":{"self":[{"href":"https:\/\/capovape.shop\/pl\/wp-json\/wp\/v2\/product\/17060","targetHints":{"allow":["GET"]}}],"collection":[{"href":"https:\/\/capovape.shop\/pl\/wp-json\/wp\/v2\/product"}],"about":[{"href":"https:\/\/capovape.shop\/pl\/wp-json\/wp\/v2\/types\/product"}],"version-history":[{"count":6,"href":"https:\/\/capovape.shop\/pl\/wp-json\/wp\/v2\/product\/17060\/revisions"}],"predecessor-version":[{"id":19354,"href":"https:\/\/capovape.shop\/pl\/wp-json\/wp\/v2\/product\/17060\/revisions\/19354"}],"wp:featuredmedia":[{"embeddable":true,"href":"https:\/\/capovape.shop\/pl\/wp-json\/wp\/v2\/media\/17555"}],"wp:attachment":[{"href":"https:\/\/capovape.shop\/pl\/wp-json\/wp\/v2\/media?parent=17060"}],"wp:term":[{"taxonomy":"product_brand","embeddable":true,"href":"https:\/\/capovape.shop\/pl\/wp-json\/wp\/v2\/product_brand?post=17060"},{"taxonomy":"product_cat","embeddable":true,"href":"https:\/\/capovape.shop\/pl\/wp-json\/wp\/v2\/product_cat?post=17060"},{"taxonomy":"product_tag","embeddable":true,"href":"https:\/\/capovape.shop\/pl\/wp-json\/wp\/v2\/product_tag?post=17060"}],"curies":[{"name":"wp","href":"https:\/\/api.w.org\/{rel}","templated":true}]}}