{"id":17041,"date":"2023-12-14T21:19:23","date_gmt":"2023-12-14T19:19:23","guid":{"rendered":"https:\/\/capovape.shop\/?post_type=product&#038;p=17041"},"modified":"2024-06-24T21:05:29","modified_gmt":"2024-06-24T19:05:29","slug":"elf-bar-te5000-cotton-candy-5-nic","status":"publish","type":"product","link":"https:\/\/capovape.shop\/pl\/produkt\/elf-bar-te5000-cotton-candy-5-nic\/","title":{"rendered":"Elf Bar TE5000 - Wata cukrowa (5% nic)"},"content":{"rendered":"<p>Elf Bar TE5000 - Wata cukrowa.<\/p>\n<h2>KUP ELF BAR TE5000 WATA CUKROWA W POLSCE<\/h2>\n<p><strong>Elf Bar TE5000 - Wata cukrowa<\/strong>\u00a0- to nowa propozycja na rynku e-papieros\u00f3w, prezentowana w stylowej, ergonomicznej i wygodnej obudowie. Nowy model zapewnia wygod\u0119 wapowania w dowolnym momencie. Wystarczy wyj\u0105\u0107 go z kieszeni i cieszy\u0107 si\u0119 wspania\u0142ym smakiem. Elf Bar TE5000 mo\u017cna zam\u00f3wi\u0107 w zestawie z <strong data-entity-type=\"MessageEntityBold\">darmowa dostawa od 200z\u0142<\/strong>\u00a0do dowolnego miasta w Polsce.<\/p>\n<h2>Zalety Elf Bar TE5000 <strong>Wata cukrowa<\/strong>:<\/h2>\n<ol>\n<li>Ergonomiczna konstrukcja - kompaktowa prostok\u0105tna obudowa wykonana z metalowego tworzywa sztucznego z matowym wyko\u0144czeniem. Nadaje to urz\u0105dzeniu stylowy wygl\u0105d i \u0142atwo\u015b\u0107 u\u017cytkowania. Samo urz\u0105dzenie jest przezroczyste, co pozwala na cz\u0119\u015bciowy podgl\u0105d wype\u0142nienia.<\/li>\n<li>Zwi\u0119kszona pojemno\u015b\u0107 wk\u0142adu i akumulatora. Pojemny wk\u0142ad 13,5 ml i ulepszona bateria 550 mAh pozwalaj\u0105 na wykonanie do 5000 zaci\u0105gni\u0119\u0107. \u0141adowanie odbywa si\u0119 przez USB Type-C. Przew\u00f3d nie jest do\u0142\u0105czony.<\/li>\n<li>Automatyczna aktywacja. Urz\u0105dzenie aktywuje si\u0119 automatycznie po zaci\u0105gni\u0119ciu si\u0119, eliminuj\u0105c przypadkow\u0105 aktywacj\u0119 i wyciek p\u0142ynu.<\/li>\n<li>Bogaty smak i bezpiecze\u0144stwo. Zaawansowany system grzewczy zapewnia bogatszy smak pary bez przegrzewania p\u0142ynu. Dzi\u0119ki temu waporyzacja jest przyjemniejsza i bezpieczniejsza.<\/li>\n<\/ol>\n<h2>ELF BAR TE5000 SMAKI:<\/h2>\n<ul>\n<li><strong>Winogrono<\/strong> - Winogrona.<\/li>\n<li><strong>L\u00f3d jagodowy<\/strong> - Jagody z lodem.<\/li>\n<li><strong>Wata cukrowa<\/strong> - Wata cukrowa.<\/li>\n<li><strong>Lemoniada Blue Razz<\/strong> - Lemoniada jagodowo-malinowa.<\/li>\n<li><strong>Kiwi Passion Fruit Guava<\/strong> - Kiwi, marakuja, guawa.<\/li>\n<li><strong>Energia<\/strong> - Energizer.<\/li>\n<li><strong>Ananas Mango Pomara\u0144cza<\/strong> - Ananas Mango Pomara\u0144cza.<\/li>\n<li><strong>Lody truskawkowe<\/strong> - Lody truskawkowe.<\/li>\n<li><strong>Arbuzowy l\u00f3d<\/strong> - Arbuz z lodem.<\/li>\n<li><strong>Soczysta brzoskwinia<\/strong> - Soczysta brzoskwinia.<\/li>\n<li><strong>Blue Razz Ice<\/strong> - Niebieskie maliny z lodem.<\/li>\n<li><strong>Lody waniliowe<\/strong> - Lody waniliowe.<\/li>\n<li><strong>L\u00f3d truskawkowy<\/strong> - L\u00f3d truskawkowy.<\/li>\n<\/ul>\n<h2>DOSTAWA NA TERENIE POLSKI I EUROPY<\/h2>\n<p>Zakup Elf Bar TE5000 i <a href=\"https:\/\/capovape.shop\/pl\/\">inne papierosy jednorazowe<\/a> mo\u017cna znale\u017a\u0107 w naszym sklepie internetowym. Wsp\u00f3\u0142pracujemy bezpo\u015brednio z producentem, co pozwala nam zagwarantowa\u0107 wysok\u0105 jako\u015b\u0107 i najbardziej przyst\u0119pne ceny. <strong>Dostawa jest dost\u0119pna na terenie ca\u0142ej Polski i Europy.<\/strong><\/p>\n<p>Szeroki wyb\u00f3r e-papieros\u00f3w, liquid\u00f3w i akcesori\u00f3w czeka na Ciebie w naszym sklepie internetowym! Jeste\u015bmy dumni z tego, \u017ce oferujemy najlepsze produkty na rynku. Zapewni\u0105 ci one wszystko, czego potrzebujesz do przyjemnego wapowania. Mamy ponad trzy dekady do\u015bwiadczenia i ponad 5000 zadowolonych klient\u00f3w. Stali\u015bmy si\u0119 jednym z lider\u00f3w na rynku e-papieros\u00f3w. Nasz sklep oferuje szerok\u0105 gam\u0119 jednorazowych produkt\u00f3w premium, w tym ponad 100 smak\u00f3w. Dost\u0119pno\u015b\u0107 jest stale aktualizowana, aby zadowoli\u0107 nawet najbardziej wyrafinowanych vaper\u00f3w.<\/p>\n<h4>Charakterystyka:<\/h4>\n<p><b>Op\u0142ata:<\/b>\u00a0typ-C<\/p>\n<p><strong>Smak:<\/strong> Wata cukrowa jak na jarmarku. Smak dzieci\u0144stwa i zabawy.<\/p>\n<p><strong>Zakres:<\/strong> 13,5 ml.<\/p>\n<p><strong>Si\u0142a nikotyny:<\/strong> 50 mg (5%)<\/p>\n<p><strong>Pojemno\u015b\u0107 akumulatora: <\/strong>550 mAh<\/p>","protected":false},"excerpt":{"rendered":"<p>Elf Bar TE5000 to nowa propozycja na rynku jednorazowych e-papieros\u00f3w z funkcj\u0105 wielokrotnego nape\u0142niania. Urz\u0105dzenie ma zaktualizowany design, wi\u0119ksz\u0105 pojemno\u015b\u0107 wk\u0142adu i szerok\u0105 gam\u0119 oryginalnych smak\u00f3w. Zaleca si\u0119 wypr\u00f3bowanie Elf Bar TE5000 wszystkim entuzjastom waporyzacji.<\/p>","protected":false},"featured_media":17040,"template":"","meta":{"om_disable_all_campaigns":false,"_monsterinsights_skip_tracking":false,"_monsterinsights_sitenote_active":false,"_monsterinsights_sitenote_note":"","_monsterinsights_sitenote_category":0,"_uf_show_specific_survey":0,"_uf_disable_surveys":false},"product_brand":[],"product_cat":[29],"product_tag":[],"class_list":{"0":"post-17041","1":"product","2":"type-product","3":"status-publish","4":"has-post-thumbnail","6":"product_cat-elf-bar-te5000","8":"first","9":"outofstock","10":"shipping-taxable","11":"purchasable","12":"product-type-simple"},"aioseo_notices":[],"jetpack_sharing_enabled":true,"_links":{"self":[{"href":"https:\/\/capovape.shop\/pl\/wp-json\/wp\/v2\/product\/17041","targetHints":{"allow":["GET"]}}],"collection":[{"href":"https:\/\/capovape.shop\/pl\/wp-json\/wp\/v2\/product"}],"about":[{"href":"https:\/\/capovape.shop\/pl\/wp-json\/wp\/v2\/types\/product"}],"version-history":[{"count":4,"href":"https:\/\/capovape.shop\/pl\/wp-json\/wp\/v2\/product\/17041\/revisions"}],"predecessor-version":[{"id":19294,"href":"https:\/\/capovape.shop\/pl\/wp-json\/wp\/v2\/product\/17041\/revisions\/19294"}],"wp:featuredmedia":[{"embeddable":true,"href":"https:\/\/capovape.shop\/pl\/wp-json\/wp\/v2\/media\/17040"}],"wp:attachment":[{"href":"https:\/\/capovape.shop\/pl\/wp-json\/wp\/v2\/media?parent=17041"}],"wp:term":[{"taxonomy":"product_brand","embeddable":true,"href":"https:\/\/capovape.shop\/pl\/wp-json\/wp\/v2\/product_brand?post=17041"},{"taxonomy":"product_cat","embeddable":true,"href":"https:\/\/capovape.shop\/pl\/wp-json\/wp\/v2\/product_cat?post=17041"},{"taxonomy":"product_tag","embeddable":true,"href":"https:\/\/capovape.shop\/pl\/wp-json\/wp\/v2\/product_tag?post=17041"}],"curies":[{"name":"wp","href":"https:\/\/api.w.org\/{rel}","templated":true}]}}