{"id":17021,"date":"2023-12-14T21:19:42","date_gmt":"2023-12-14T19:19:42","guid":{"rendered":"https:\/\/capovape.shop\/?post_type=product&#038;p=17021"},"modified":"2024-05-08T19:05:34","modified_gmt":"2024-05-08T17:05:34","slug":"elf-bar-bc5000-ultra-watermelon-ice-5-nic","status":"publish","type":"product","link":"https:\/\/capovape.shop\/pl\/produkt\/elf-bar-bc5000-ultra-watermelon-ice-5-nic\/","title":{"rendered":"Elf Bar BC5000 ULTRA - Watermelon Ice (5% nic)"},"content":{"rendered":"<p>Elf Bar BC5000 ULTRA - Watermelon Ice.<\/p>\n<h2>KUP ELF BAR BC5000 ULTRA WATERMELON ICE W POLSKA<\/h2>\n<p><strong>Elf Bar BC5000 ULTRA - L\u00f3d arbuzowy<\/strong>\u00a0- stylowe i ekonomiczne rozwi\u0105zanie dla entuzjast\u00f3w waporyzacji. To urz\u0105dzenie ma wszystkie zalety nowoczesnej technologii, gwarantuj\u0105c jasne smaki i d\u0142ugotrwa\u0142e u\u017cytkowanie. Mo\u017cesz zam\u00f3wi\u0107 Elf Bar BC5000 Ultra z <strong data-entity-type=\"MessageEntityBold\">darmowa dostawa od 200z\u0142<\/strong>\u00a0do dowolnego miasta w Polsce.<\/p>\n<h2>Zalety Elf Bar BC5000 Ultra:<\/h2>\n<ol>\n<li>1. Nowa konstrukcja Elf Bar BC5000 ULTRA nadaje urz\u0105dzeniu kompaktowy rozmiar (79*41*19 mm). Dzi\u0119ki temu mo\u017cna go wygodnie nosi\u0107 w ka\u017cdej torbie lub kieszeni.<\/li>\n<li>Zaktualizowana pow\u0142oka. Korpus urz\u0105dzenia ma teraz b\u0142yszcz\u0105c\u0105 pow\u0142ok\u0119, nadaj\u0105c\u0105 mu bardziej wyrafinowany wygl\u0105d. Metaliczne odcienie gradientu podkre\u015blaj\u0105 smak nape\u0142nionego p\u0142ynu.<\/li>\n<li>Urz\u0105dzenie aktywuje si\u0119 automatycznie po naduszeniu, bez konieczno\u015bci naciskania przycisku. Z\u0142\u0105cze USB typu C znajduje si\u0119 w dolnej cz\u0119\u015bci urz\u0105dzenia, co zapewnia wygodne \u0142adowanie.<\/li>\n<li>Najwy\u017csza jako\u015b\u0107. Urz\u0105dzenie posiada ulepszon\u0105 cewk\u0119 siatkow\u0105 wykorzystuj\u0105c\u0105 technologi\u0119 Quaq Tech. Zapewnia ona bardziej wyraziste smaki i d\u0142ugotrwa\u0142\u0105 przyjemno\u015b\u0107 z waporyzacji.<\/li>\n<li>Elf Bar BC5000 ULTRA oferuje szerok\u0105 gam\u0119 smak\u00f3w. Zbiornik na p\u0142yn o pojemno\u015bci 13 ml gwarantuje d\u0142ugotrwa\u0142e u\u017cytkowanie bez konieczno\u015bci \u0142adowania.<\/li>\n<\/ol>\n<h2>ELF BAR TE5000 SMAKI:<\/h2>\n<ul>\n<li><strong>Niebieska wata cukrowa<\/strong> - wata cukrowa<\/li>\n<li><strong>Dragon Fruit Banana Berry<\/strong> - jagody pitahaya banana<\/li>\n<li><strong>Blue Razz Ice<\/strong> - niebieska malina z lodem<\/li>\n<li><strong>Mi\u0119ta<\/strong> - mi\u0119ta<\/li>\n<li><strong>Kiwi Passion Fruit Guava<\/strong> - kiwi marakuja guawa<\/li>\n<li><strong>Soda pomara\u0144czowa<\/strong> - soda pomara\u0144czowa<\/li>\n<li><strong>Truskawkowy arbuz BubbleGum<\/strong> - Guma truskawkowa i arbuzowa<\/li>\n<li><strong>Tyto\u0144<\/strong> - tyto\u0144<\/li>\n<li><strong>Truskawka Arbuz Brzoskwinia<\/strong> - truskawka arbuz brzoskwinia<\/li>\n<li><strong>Grape Honeydew<\/strong> - mi\u00f3d melon winogrono<\/li>\n<li><strong>Arbuz malinowy<\/strong> - arbuz malinowy<\/li>\n<li><strong>Tropical Rainbow Blast<\/strong> - mieszanka owoc\u00f3w tropikalnych<\/li>\n<li><strong>Kiwi Dragon Fruit Berry<\/strong> - jagody ekiwi pitahaya<\/li>\n<li><strong>Mango truskawkowe<\/strong> - mango truskawka<\/li>\n<li><strong>Arbuzowy l\u00f3d<\/strong> - l\u00f3d arbuzowy<\/li>\n<\/ul>\n<h2>DOSTAWA NA TERENIE POLSKI I EUROPY<\/h2>\n<p>Zakup Elf Bar BC5000 Ultra i <a href=\"https:\/\/capovape.shop\/pl\/\">inne papierosy jednorazowe<\/a> mo\u017cna znale\u017a\u0107 w naszym sklepie internetowym. Wsp\u00f3\u0142pracujemy bezpo\u015brednio z producentem, co pozwala nam zagwarantowa\u0107 wysok\u0105 jako\u015b\u0107 i najbardziej przyst\u0119pne ceny. <strong>Dostawa jest dost\u0119pna na terenie ca\u0142ej Polski i Europy.<\/strong><\/p>\n<p>Szeroki wyb\u00f3r e-papieros\u00f3w, liquid\u00f3w i akcesori\u00f3w czeka na Ciebie w naszym sklepie internetowym! Jeste\u015bmy dumni z tego, \u017ce oferujemy najlepsze produkty na rynku. Zapewni\u0105 ci one wszystko, czego potrzebujesz do przyjemnego wapowania. Mamy ponad trzy dekady do\u015bwiadczenia i ponad 5000 zadowolonych klient\u00f3w. Stali\u015bmy si\u0119 jednym z lider\u00f3w na rynku e-papieros\u00f3w. Nasz sklep oferuje szerok\u0105 gam\u0119 jednorazowych produkt\u00f3w premium, w tym ponad 100 smak\u00f3w. Dost\u0119pno\u015b\u0107 jest stale aktualizowana, aby zadowoli\u0107 nawet najbardziej wyrafinowanych vaper\u00f3w.<\/p>\n<h4>Charakterystyka:<\/h4>\n<p><b>Op\u0142ata:<\/b>\u00a0typ-C<\/p>\n<p><strong>Smak:<\/strong> S\u0142odka arbuzowa s\u0142odycz z ch\u0142odnym lodem. Letni, ch\u0142odz\u0105cy smak.<\/p>\n<p><strong>Zakres:<\/strong> 13 ml<\/p>\n<p><strong>Si\u0142a nikotyny:<\/strong> 50 mg (5%)<\/p>\n<p><strong>Pojemno\u015b\u0107 akumulatora:<\/strong> 650 mAh<\/p>","protected":false},"excerpt":{"rendered":"<p>Elf Bar BC5000 ULTRA od Vape Only to nie tylko kolejny produkt na rynku waporyzacji. To uosobienie wysokiej jako\u015bci, innowacyjnego designu i zaawansowanej technologii. Ten vape zadowoli zar\u00f3wno pocz\u0105tkuj\u0105cych, jak i zaawansowanych u\u017cytkownik\u00f3w swoim stylowym wygl\u0105dem i imponuj\u0105cymi funkcjami. Dzi\u0119ki doskona\u0142ym parametrom technicznym Elf Bar BC5000 ULTRA zapewnia najbardziej intensywny transfer smaku, dzi\u0119ki czemu waporyzacja jest jeszcze przyjemniejsza i bardziej satysfakcjonuj\u0105ca. Ka\u017cde zaci\u0105gni\u0119cie si\u0119 jest prawdziw\u0105 przyjemno\u015bci\u0105, a \u0142atwo\u015b\u0107 obs\u0142ugi sprawia, \u017ce waporyzator ten jest idealnym towarzyszem na ka\u017cdy dzie\u0144.<\/p>","protected":false},"featured_media":17020,"template":"","meta":{"om_disable_all_campaigns":false,"_monsterinsights_skip_tracking":false,"_monsterinsights_sitenote_active":false,"_monsterinsights_sitenote_note":"","_monsterinsights_sitenote_category":0,"_uf_show_specific_survey":0,"_uf_disable_surveys":false},"product_brand":[],"product_cat":[32],"product_tag":[],"class_list":{"0":"post-17021","1":"product","2":"type-product","3":"status-publish","4":"has-post-thumbnail","6":"product_cat-elf-bar-bc5000-ultra","8":"first","9":"outofstock","10":"shipping-taxable","11":"purchasable","12":"product-type-simple"},"aioseo_notices":[],"jetpack_sharing_enabled":true,"_links":{"self":[{"href":"https:\/\/capovape.shop\/pl\/wp-json\/wp\/v2\/product\/17021","targetHints":{"allow":["GET"]}}],"collection":[{"href":"https:\/\/capovape.shop\/pl\/wp-json\/wp\/v2\/product"}],"about":[{"href":"https:\/\/capovape.shop\/pl\/wp-json\/wp\/v2\/types\/product"}],"version-history":[{"count":4,"href":"https:\/\/capovape.shop\/pl\/wp-json\/wp\/v2\/product\/17021\/revisions"}],"predecessor-version":[{"id":19344,"href":"https:\/\/capovape.shop\/pl\/wp-json\/wp\/v2\/product\/17021\/revisions\/19344"}],"wp:featuredmedia":[{"embeddable":true,"href":"https:\/\/capovape.shop\/pl\/wp-json\/wp\/v2\/media\/17020"}],"wp:attachment":[{"href":"https:\/\/capovape.shop\/pl\/wp-json\/wp\/v2\/media?parent=17021"}],"wp:term":[{"taxonomy":"product_brand","embeddable":true,"href":"https:\/\/capovape.shop\/pl\/wp-json\/wp\/v2\/product_brand?post=17021"},{"taxonomy":"product_cat","embeddable":true,"href":"https:\/\/capovape.shop\/pl\/wp-json\/wp\/v2\/product_cat?post=17021"},{"taxonomy":"product_tag","embeddable":true,"href":"https:\/\/capovape.shop\/pl\/wp-json\/wp\/v2\/product_tag?post=17021"}],"curies":[{"name":"wp","href":"https:\/\/api.w.org\/{rel}","templated":true}]}}