{"id":16992,"date":"2023-12-14T21:20:45","date_gmt":"2023-12-14T19:20:45","guid":{"rendered":"https:\/\/capovape.shop\/?post_type=product&#038;p=16992"},"modified":"2024-05-17T21:23:08","modified_gmt":"2024-05-17T19:23:08","slug":"elf-bar-bc3000-pineapple-ice-5-nic","status":"publish","type":"product","link":"https:\/\/capovape.shop\/pl\/produkt\/elf-bar-bc3000-pineapple-ice-5-nic\/","title":{"rendered":"Elf Bar BC3000 - Pineapple Ice (5% nic)"},"content":{"rendered":"<p>Elf Bar BC3000 - L\u00f3d ananasowy.<\/p>\n<h2>Kup Elf Bar BC3000 Pineapple Ice w Polsce<\/h2>\n<p><strong>Elf Bar BC3000 - L\u00f3d ananasowy<\/strong>\u00a0- to stylowe i kompaktowe jednorazowe urz\u0105dzenie do waporyzacji, kt\u00f3re \u0142\u0105czy w sobie wygod\u0119 i wysok\u0105 jako\u015b\u0107. Dzi\u0119ki baterii o pojemno\u015bci 650 mAh i pojemno\u015bci 10 ml p\u0142ynu, ten vape zosta\u0142 zaprojektowany tak, aby wytrzyma\u0107 do 3000 zaci\u0105gni\u0119\u0107, zapewniaj\u0105c d\u0142ugotrwa\u0142e u\u017cytkowanie bez konieczno\u015bci \u0142adowania. Korpus urz\u0105dzenia wykonany jest z wysokiej jako\u015bci materia\u0142u i ma ergonomiczny kszta\u0142t, dzi\u0119ki czemu jest wygodny w codziennym u\u017cytkowaniu. Elf Bar BC3000 jest dost\u0119pny w r\u00f3\u017cnych smakach, dzi\u0119ki czemu ka\u017cdy u\u017cytkownik mo\u017ce znale\u017a\u0107 opcj\u0119 odpowiadaj\u0105c\u0105 jego gustowi, czy to owocow\u0105, deserow\u0105 czy mi\u0119tow\u0105.<\/p>\n<p>Ponadto Elf Bar BC3000 posiada zaawansowan\u0105 technologi\u0119 dostarczania nikotyny, zapewniaj\u0105c g\u0142adki i bogaty smak przy ka\u017cdym wdechu. Urz\u0105dzenie aktywuje si\u0119 po zaci\u0105gni\u0119ciu, eliminuj\u0105c potrzeb\u0119 naciskania przycisk\u00f3w, dzi\u0119ki czemu waporyzacja jest tak prosta i intuicyjna, jak to tylko mo\u017cliwe. Dzi\u0119ki kompaktowej i lekkiej konstrukcji Elf Bar BC3000 z \u0142atwo\u015bci\u0105 mie\u015bci si\u0119 w kieszeni lub torbie, dzi\u0119ki czemu jest idealnym towarzyszem dla os\u00f3b aktywnych, kt\u00f3re s\u0105 zawsze w ruchu. Ten jednorazowy waporyzator jest doskona\u0142ym wyborem zar\u00f3wno dla pocz\u0105tkuj\u0105cych, jak i zaawansowanych u\u017cytkownik\u00f3w poszukuj\u0105cych wygody i jako\u015bci w ka\u017cdym zaci\u0105gni\u0119ciu. Mo\u017cesz zam\u00f3wi\u0107 Elf Bar BC3000 z <strong data-entity-type=\"MessageEntityBold\">darmowa dostawa od 200 z\u0142<\/strong>\u00a0do dowolnego miasta w Polsce.<\/p>\n<h2>ELF BAR BC3000 SMAKI:<\/h2>\n<ul>\n<li aria-level=\"1\"><strong>Energia<\/strong> - Energiczny<\/li>\n<li aria-level=\"1\"><strong>\u017burawina Winogrono<\/strong> - Winogrona \u017curawinowe<\/li>\n<li aria-level=\"1\"><strong>Kiwi Passion Fruit Guava<\/strong> - Kiwi, marakuja, guawa<\/li>\n<li><strong>Mi\u0119ta cytrynowa<\/strong> - Mi\u0119ta cytrynowa<\/li>\n<li><strong>Mango Morela Brzoskwinia<\/strong> - Mango Morela Brzoskwinia<\/li>\n<li><strong>Mango Brzoskwinia<\/strong> - Mango Brzoskwinia<\/li>\n<li><strong>Brzoskwinia Mango Arbuz<\/strong> - Brzoskwinia Mango Arbuz<\/li>\n<li aria-level=\"1\"><strong>L\u00f3d ananasowy<\/strong> - L\u00f3d ananasowy<\/li>\n<li><strong>Czerwone Mojito<\/strong> - Czerwone Mojito<\/li>\n<li><strong>Sakura Grape<\/strong> - Sakura Grape<\/li>\n<li><strong>L\u00f3d truskawkowy<\/strong> - L\u00f3d truskawkowy<\/li>\n<li><strong>Truskawka Kiwi<\/strong> - Truskawka Kiwi<\/li>\n<li><strong>Mango truskawkowe<\/strong> - Mango truskawkowe<\/li>\n<li><strong>Truskawka Ananas Kokos<\/strong> - Truskawka Ananas Kokos<\/li>\n<li><strong>Potr\u00f3jny melon<\/strong> - Potr\u00f3jny melon<\/li>\n<li><strong>Arbuzowy l\u00f3d<\/strong> - Arbuzowy l\u00f3d<\/li>\n<\/ul>\n<h2>DOSTAWA NA TERENIE POLSKI I EUROPY<\/h2>\n<p>Zakup Elf Bar Bc3000 i <a href=\"https:\/\/capovape.shop\/pl\/\">inne papierosy jednorazowe<\/a> mo\u017cna znale\u017a\u0107 w naszym sklepie internetowym. Wsp\u00f3\u0142pracujemy bezpo\u015brednio z producentem, co pozwala nam zagwarantowa\u0107 wysok\u0105 jako\u015b\u0107 i najbardziej przyst\u0119pne ceny. <strong>Dostawa jest dost\u0119pna na terenie ca\u0142ej Polski i Europy.<\/strong><\/p>\n<p>Szeroki wyb\u00f3r e-papieros\u00f3w, liquid\u00f3w i akcesori\u00f3w czeka na Ciebie w naszym sklepie internetowym! Jeste\u015bmy dumni z tego, \u017ce oferujemy najlepsze produkty na rynku. Zapewni\u0105 ci one wszystko, czego potrzebujesz do przyjemnego wapowania. Mamy ponad trzy dekady do\u015bwiadczenia i ponad 5000 zadowolonych klient\u00f3w. Stali\u015bmy si\u0119 jednym z lider\u00f3w na rynku e-papieros\u00f3w. Nasz sklep oferuje szerok\u0105 gam\u0119 jednorazowych produkt\u00f3w premium, w tym ponad 100 smak\u00f3w. Dost\u0119pno\u015b\u0107 jest stale aktualizowana, aby zadowoli\u0107 nawet najbardziej wyrafinowanych vaper\u00f3w.<\/p>\n<h4>Charakterystyka:<\/h4>\n<p><strong>Op\u0142ata:<\/strong>\u00a0typ-C<\/p>\n<p><strong>Smak:<\/strong> S\u0142odycz ananasa z mentolow\u0105 \u015bwie\u017co\u015bci\u0105. Smak tropikalnego letniego dnia.<\/p>\n<p><strong>Zakres:<\/strong> 10 ml<\/p>\n<p><strong>Si\u0142a nikotyny:<\/strong> 50 mg (5%)<\/p>\n<p><strong>Pojemno\u015b\u0107 akumulatora:<\/strong> 650 mAh<\/p>","protected":false},"excerpt":{"rendered":"<p>Elf Bar BC3000 to kompaktowe i stylowe jednorazowe urz\u0105dzenie do waporyzacji o pojemno\u015bci 3000 zaci\u0105gni\u0119\u0107. Posiada bateri\u0119 650 mAh i mie\u015bci 10 ml p\u0142ynu, zapewniaj\u0105c d\u0142ugotrwa\u0142e u\u017cytkowanie bez konieczno\u015bci \u0142adowania lub uzupe\u0142niania. Urz\u0105dzenie aktywuje si\u0119 po zaci\u0105gni\u0119ciu si\u0119, oferuj\u0105c prost\u0105 i wygodn\u0105 waporyzacj\u0119. Elf Bar BC3000 jest dost\u0119pny w r\u00f3\u017cnych smakach, od owocowych po mi\u0119towe. Ergonomiczna konstrukcja i lekko\u015b\u0107 sprawiaj\u0105, \u017ce jest to idealny wyb\u00f3r dla u\u017cytkownik\u00f3w ceni\u0105cych wygod\u0119 i jako\u015b\u0107.<\/p>","protected":false},"featured_media":16991,"template":"","meta":{"om_disable_all_campaigns":false,"_monsterinsights_skip_tracking":false,"_monsterinsights_sitenote_active":false,"_monsterinsights_sitenote_note":"","_monsterinsights_sitenote_category":0,"_uf_show_specific_survey":0,"_uf_disable_surveys":false},"product_brand":[],"product_cat":[29],"product_tag":[],"class_list":{"0":"post-16992","1":"product","2":"type-product","3":"status-publish","4":"has-post-thumbnail","6":"product_cat-elf-bar-te5000","8":"first","9":"outofstock","10":"shipping-taxable","11":"purchasable","12":"product-type-simple"},"aioseo_notices":[],"jetpack_sharing_enabled":true,"_links":{"self":[{"href":"https:\/\/capovape.shop\/pl\/wp-json\/wp\/v2\/product\/16992","targetHints":{"allow":["GET"]}}],"collection":[{"href":"https:\/\/capovape.shop\/pl\/wp-json\/wp\/v2\/product"}],"about":[{"href":"https:\/\/capovape.shop\/pl\/wp-json\/wp\/v2\/types\/product"}],"version-history":[{"count":4,"href":"https:\/\/capovape.shop\/pl\/wp-json\/wp\/v2\/product\/16992\/revisions"}],"predecessor-version":[{"id":19866,"href":"https:\/\/capovape.shop\/pl\/wp-json\/wp\/v2\/product\/16992\/revisions\/19866"}],"wp:featuredmedia":[{"embeddable":true,"href":"https:\/\/capovape.shop\/pl\/wp-json\/wp\/v2\/media\/16991"}],"wp:attachment":[{"href":"https:\/\/capovape.shop\/pl\/wp-json\/wp\/v2\/media?parent=16992"}],"wp:term":[{"taxonomy":"product_brand","embeddable":true,"href":"https:\/\/capovape.shop\/pl\/wp-json\/wp\/v2\/product_brand?post=16992"},{"taxonomy":"product_cat","embeddable":true,"href":"https:\/\/capovape.shop\/pl\/wp-json\/wp\/v2\/product_cat?post=16992"},{"taxonomy":"product_tag","embeddable":true,"href":"https:\/\/capovape.shop\/pl\/wp-json\/wp\/v2\/product_tag?post=16992"}],"curies":[{"name":"wp","href":"https:\/\/api.w.org\/{rel}","templated":true}]}}