{"id":16973,"date":"2023-12-14T21:20:45","date_gmt":"2023-12-14T19:20:45","guid":{"rendered":"https:\/\/capovape.shop\/?post_type=product&#038;p=16973"},"modified":"2026-04-28T16:49:23","modified_gmt":"2026-04-28T14:49:23","slug":"elf-bar-2000-red-mojito-5-nic","status":"publish","type":"product","link":"https:\/\/capovape.shop\/pl\/produkt\/elf-bar-2000-red-mojito-5-nic\/","title":{"rendered":"Elf Bar 2000 - Red Mojito (5% nic)"},"content":{"rendered":"<p>Elf Bar 2000 - Czerwone Mojito.<\/p>\n<h2>KUP ELF BAR 2000 RED MOJITO W POLSCE<\/h2>\n<p>Elf Bar 2000 to ma\u0142y e-papieros z pojemn\u0105 bateri\u0105 i waporyzatorem. Jest przeznaczony do jednorazowego u\u017cytku: nie mo\u017cna go \u0142adowa\u0107 ani tankowa\u0107. Elf bar 2000 jest kompaktowy i lekki, dzi\u0119ki czemu jest \u0142atwy w u\u017cyciu. Wygodnie le\u017cy w d\u0142oni i mie\u015bci si\u0119 w kieszeni lub torebce.<br \/>\nWbudowana bateria 1200 mAh zapewnia do 2000 zaci\u0105gni\u0119\u0107. Czyni go to jednym z najd\u0142u\u017cej dzia\u0142aj\u0105cych urz\u0105dze\u0144 jednorazowych.<\/p>\n<p>Kad\u0142ub <strong>Elf Bar 2000 - Czerwone Mojito<\/strong>\u00a0jest wykonany z wytrzyma\u0142ego tworzywa sztucznego o oryginalnym gradientowym wzorze. Kszta\u0142t jest tradycyjny dla tej linii produkt\u00f3w - cylindryczna rurka z ergonomicznym ustnikiem na g\u00f3rze i czujnikiem na dole. Na korpusie nie ma \u017cadnych przycisk\u00f3w, aby unikn\u0105\u0107 przypadkowej aktywacji. Elf Bar 2000 mo\u017cna zam\u00f3wi\u0107 z <strong data-entity-type=\"MessageEntityBold\">darmowa dostawa od 200z\u0142<\/strong>\u00a0do dowolnego miasta w Polsce.<\/p>\n<h2>ELF BAR 2000 SMAK\u00d3W<\/h2>\n<ul>\n<li><strong>Mleko bananowe<\/strong> - mleko z mi\u0105\u017cszem bananowym.<\/li>\n<li><strong>Kawa Tyto\u0144<\/strong> - Tradycyjny duet li\u015bci tytoniu i aromatycznej kawy.<\/li>\n<li><strong>Soczysta brzoskwinia<\/strong> - delikatny sok brzoskwiniowy.<\/li>\n<li><strong>Mango Brzoskwinia Arbuz<\/strong> - Koktajl z mango, brzoskwini i arbuza z cukrem.<\/li>\n<li><strong>L\u00f3d ananasowy<\/strong> - sok ananasowy z kostkami lodu.<\/li>\n<li><strong>Kwa\u015bne jab\u0142ko<\/strong> - dojrza\u0142e zielone jab\u0142ko z pikantn\u0105 kwaskowato\u015bci\u0105.<\/li>\n<li><strong>Arbuz Cytryna<\/strong> - s\u0142odycz arbuza z nutami cytrusowymi.<\/li>\n<li><strong>Winogrono truskawkowe<\/strong> - duet s\u0142odkich truskawek i dojrza\u0142ych winogron.<\/li>\n<li><strong>Grape Energy<\/strong> - nap\u00f3j energetyczny o smaku winogronowym.<\/li>\n<li><strong>Jab\u0142ko Brzoskwinia<\/strong> - S\u0142odko-kwa\u015bne po\u0142\u0105czenie jab\u0142ka i brzoskwini.<\/li>\n<li><strong>Cola<\/strong> - nap\u00f3j typu cola.<\/li>\n<li><strong>L\u00f3d winogronowy<\/strong>\u00a0- winogrona z ch\u0142odem.<\/li>\n<li><strong>Jagoda kiwi<\/strong> - s\u0142odki koktajl z kiwi i jag\u00f3d.<\/li>\n<li><strong>Kiwi Passion Fruit Guava<\/strong> - egzotyczne po\u0142\u0105czenie kiwi, marakui i guawy.<\/li>\n<li><strong>Ananas Mango Pomara\u0144cza<\/strong> - Koktajl z ananasa, mango i pomara\u0144czy.<\/li>\n<li><strong>Czerwone Mojito<\/strong> - czerwone mojito z orze\u017awiaj\u0105c\u0105 mi\u0119t\u0105.<\/li>\n<li><strong>Arbuz truskawkowy<\/strong> - duet s\u0142odkiej truskawki i dojrza\u0142ego arbuza.<\/li>\n<li><strong>Energy Ice<\/strong> - nap\u00f3j energetyczny.<\/li>\n<li><strong>Niebieski l\u00f3d razz<\/strong> - niebieska malina z lodem.<\/li>\n<\/ul>\n<h2>DOSTAWA NA TERENIE POLSKI I EUROPY<\/h2>\n<p>Elf Bar 2000 i inne papierosy jednorazowe mo\u017cna kupi\u0107 w naszym sklepie internetowym. Wsp\u00f3\u0142pracujemy bezpo\u015brednio z producentem, co pozwala nam zagwarantowa\u0107 wysok\u0105 jako\u015b\u0107 i najbardziej przyst\u0119pne ceny. <strong>Dostawa jest dost\u0119pna na terenie ca\u0142ej Polski i Europy.<\/strong><\/p>\n<p>Szeroki wyb\u00f3r e-papieros\u00f3w, liquid\u00f3w i akcesori\u00f3w czeka na Ciebie w naszym sklepie internetowym! Jeste\u015bmy dumni z tego, \u017ce oferujemy najlepsze produkty na rynku. Zapewni\u0105 ci one wszystko, czego potrzebujesz do przyjemnego wapowania. Mamy ponad trzy dekady do\u015bwiadczenia i ponad 5000 zadowolonych klient\u00f3w. Stali\u015bmy si\u0119 jednym z lider\u00f3w na rynku e-papieros\u00f3w. Nasz sklep oferuje szerok\u0105 gam\u0119 jednorazowych produkt\u00f3w premium, w tym ponad 100 smak\u00f3w. Dost\u0119pno\u015b\u0107 jest stale aktualizowana, aby zadowoli\u0107 nawet najbardziej wyrafinowanych vaper\u00f3w.<\/p>\n<h4>Charakterystyka:<\/h4>\n<p><strong>Smak:<\/strong> Smak popularnego karaibskiego koktajlu z rumem i mi\u0119t\u0105.<\/p>\n<p><strong>Zakres:<\/strong> 6,5 ml<\/p>\n<p><strong>Si\u0142a nikotyny:<\/strong> 50 mg (5%)<\/p>\n<p><strong>Pojemno\u015b\u0107 akumulatora:<\/strong> 1200 mAh<\/p>","protected":false},"excerpt":{"rendered":"<p>Elf Bar 2000 to najnowszy jednorazowy e-papieros od renomowanego producenta urz\u0105dze\u0144 do wapowania. Urz\u0105dzenie charakteryzuje si\u0119 doskona\u0142ymi parametrami technicznymi, d\u0142ug\u0105 \u017cywotno\u015bci\u0105 baterii i r\u00f3\u017cnorodno\u015bci\u0105 smak\u00f3w zapewniaj\u0105cych bogate wra\u017cenia z waporyzacji.<\/p>","protected":false},"featured_media":16972,"template":"","meta":{"om_disable_all_campaigns":false,"_monsterinsights_skip_tracking":false,"_monsterinsights_sitenote_active":false,"_monsterinsights_sitenote_note":"","_monsterinsights_sitenote_category":0,"_uf_show_specific_survey":0,"_uf_disable_surveys":false},"product_brand":[],"product_cat":[42],"product_tag":[],"class_list":{"0":"post-16973","1":"product","2":"type-product","3":"status-publish","4":"has-post-thumbnail","6":"product_cat-elf-bar-2000","8":"first","9":"instock","10":"shipping-taxable","11":"purchasable","12":"product-type-simple"},"aioseo_notices":[],"jetpack_sharing_enabled":true,"_links":{"self":[{"href":"https:\/\/capovape.shop\/pl\/wp-json\/wp\/v2\/product\/16973","targetHints":{"allow":["GET"]}}],"collection":[{"href":"https:\/\/capovape.shop\/pl\/wp-json\/wp\/v2\/product"}],"about":[{"href":"https:\/\/capovape.shop\/pl\/wp-json\/wp\/v2\/types\/product"}],"version-history":[{"count":5,"href":"https:\/\/capovape.shop\/pl\/wp-json\/wp\/v2\/product\/16973\/revisions"}],"predecessor-version":[{"id":19266,"href":"https:\/\/capovape.shop\/pl\/wp-json\/wp\/v2\/product\/16973\/revisions\/19266"}],"wp:featuredmedia":[{"embeddable":true,"href":"https:\/\/capovape.shop\/pl\/wp-json\/wp\/v2\/media\/16972"}],"wp:attachment":[{"href":"https:\/\/capovape.shop\/pl\/wp-json\/wp\/v2\/media?parent=16973"}],"wp:term":[{"taxonomy":"product_brand","embeddable":true,"href":"https:\/\/capovape.shop\/pl\/wp-json\/wp\/v2\/product_brand?post=16973"},{"taxonomy":"product_cat","embeddable":true,"href":"https:\/\/capovape.shop\/pl\/wp-json\/wp\/v2\/product_cat?post=16973"},{"taxonomy":"product_tag","embeddable":true,"href":"https:\/\/capovape.shop\/pl\/wp-json\/wp\/v2\/product_tag?post=16973"}],"curies":[{"name":"wp","href":"https:\/\/api.w.org\/{rel}","templated":true}]}}